{"id":1579,"date":"2022-08-24T00:25:20","date_gmt":"2022-08-23T16:25:20","guid":{"rendered":"http:\/\/www.garden-kit.com\/product\/perfect-slice-gift-kit\/"},"modified":"2023-03-31T16:34:21","modified_gmt":"2023-03-31T08:34:21","slug":"seed-ball-kit","status":"publish","type":"product","link":"https:\/\/www.garden-kit.com\/it\/product\/seed-ball-kit\/","title":{"rendered":"Kit palline di semi"},"content":{"rendered":"<p><span style=\"font-family: arial, helvetica, sans-serif\">Coltiviamo verdure sul balcone, a volte a causa della luce insufficiente, della scarsa ventilazione e di altri motivi, le verdure sono pi\u00f9 soggette ai vermi. Le erbe e le verdure sono piante simbiotiche molto buone. Piantare verdure con loro non solo pu\u00f2 respingere gli insetti ma anche crescere meglio~<\/span><span style=\"font-family: arial, helvetica, sans-serif\"><\/span><\/p>\n<h3 style=\"line-height: 1.5;font-size: 19px\"><span style=\"font-family: arial, helvetica, sans-serif;font-size: 18px\">Panoramica<\/span><\/h3>\n<table width=\"100%\">\n<tbody>\n<tr>\n<td width=\"299\">\n<pre><span style=\"font-family: arial, helvetica, sans-serif;font-size: 16px\">Istruzioni per la cura del prodotto<\/span><\/pre>\n<\/td>\n<td width=\"299\">\n<pre><span style=\"font-family: arial, helvetica, sans-serif;font-size: 16px\">Disponibile<\/span><\/pre>\n<\/td>\n<\/tr>\n<tr>\n<td width=\"299\">\n<pre><span style=\"font-family: arial, helvetica, sans-serif;font-size: 16px\">Tipo di prodotto vegetale<\/span><\/pre>\n<\/td>\n<td width=\"299\">\n<pre><span style=\"font-family: arial, helvetica, sans-serif;font-size: 16px\">Pomodoro ed erbe aromatiche<\/span><\/pre>\n<\/td>\n<\/tr>\n<tr>\n<td width=\"299\">\n<pre><span style=\"font-family: arial, helvetica, sans-serif;font-size: 16px\">Caratteristica speciale<\/span><\/pre>\n<\/td>\n<td width=\"299\">\n<pre><span style=\"font-family: arial, helvetica, sans-serif;font-size: 16px\">Coltivazione indoor-outdoor<\/span><\/pre>\n<\/td>\n<\/tr>\n<tr>\n<td width=\"299\">\n<pre><span style=\"font-family: arial, helvetica, sans-serif;font-size: 16px\">Marca<\/span><\/pre>\n<\/td>\n<td width=\"299\">\n<pre><span style=\"font-family: arial, helvetica, sans-serif;font-size: 16px\">Kit da giardino<\/span><\/pre>\n<\/td>\n<\/tr>\n<tr>\n<td width=\"299\">\n<pre><span style=\"font-family: arial, helvetica, sans-serif;font-size: 16px\">Luogo d&#039;origine<\/span><\/pre>\n<\/td>\n<td width=\"299\">\n<pre><span style=\"font-family: arial, helvetica, sans-serif;font-size: 16px\">Fujian, Cina<\/span><\/pre>\n<\/td>\n<\/tr>\n<tr>\n<td width=\"299\">\n<pre><span style=\"font-family: arial, helvetica, sans-serif;font-size: 16px\">ODM\/OEM<\/span><\/pre>\n<\/td>\n<td width=\"299\">\n<pre><span style=\"font-family: arial, helvetica, sans-serif;font-size: 16px\">Disponibile<\/span><\/pre>\n<\/td>\n<\/tr>\n<tr>\n<td width=\"299\">\n<pre><span style=\"font-family: arial, helvetica, sans-serif;font-size: 16px\">MOQ per ordine personalizzato<\/span><\/pre>\n<\/td>\n<td width=\"299\">\n<pre><span style=\"font-family: arial, helvetica, sans-serif;font-size: 16px\">3000 pezzi<\/span><\/pre>\n<\/td>\n<\/tr>\n<tr>\n<td width=\"299\">\n<pre><span style=\"font-family: arial, helvetica, sans-serif;font-size: 16px\">Costo del campione<\/span><\/pre>\n<\/td>\n<td width=\"299\">\n<pre><span style=\"font-family: arial, helvetica, sans-serif;font-size: 16px\">US$400\/Campione, restituzione completa dopo l&#039;ordine da parte nostra<\/span><\/pre>\n<\/td>\n<\/tr>\n<\/tbody>\n<\/table>\n<p style=\"font-size: 16px\"><span style=\"font-family: arial, helvetica, sans-serif;font-size: 16px\">Kit di palline di semi per il giardino della pizza: gli elementi essenziali di cui hai bisogno per realizzare 20 palline di semi ricche di nutrienti, oltre alle istruzioni per piantare per avviare un bellissimo giardino. Include basilico biologico, rucola, pomodorini e semi di origano. Tagliapizza: utensile da cucina ergonomico con impugnatura facile da usare per tagliare facilmente pizza e focacce. <\/span><\/p>\n<p style=\"font-size: 16px\"><span style=\"font-family: arial, helvetica, sans-serif;font-size: 16px\">Segnalini da giardino: Quattro segnapiante in bamb\u00f9 per il tuo giardino all&#039;italiana. <\/span><\/p>\n<p style=\"font-size: 16px\"><span style=\"font-family: arial, helvetica, sans-serif;font-size: 16px\">Kit scatola: 12,125&quot; L x 9,25&quot; A x 6&quot; P <\/span><\/p>\n<p style=\"font-size: 16px\"><span style=\"font-family: arial, helvetica, sans-serif;font-size: 16px\">Kit palline di semi per pizza da giardino: 6 &quot;L x 4&quot; A x 8 &quot;P <\/span><\/p>\n<p style=\"font-size: 16px\"><span style=\"font-family: arial, helvetica, sans-serif;font-size: 16px\">Tagliapizza: 4\u2033 x 3,7\u2033 <\/span><\/p>\n<p style=\"font-size: 16px\"><span style=\"font-family: arial, helvetica, sans-serif;font-size: 16px\">Segnaposto da giardino: 2,3 &quot;x 4&quot;<\/span><\/p>\n<p><span style=\"font-family: arial, helvetica, sans-serif;font-size: 16px\">Il pomodoro \u00e8 una pianta erbacea annuale appartenente al genere Pomodoro della famiglia delle Solanacee. Ha forte adattabilit\u00e0, buona resistenza, ama i fertilizzanti potassici e la luce e richiede pi\u00f9 acqua. Pu\u00f2 essere coltivato tutto l&#039;anno.<\/span><br \/><span style=\"font-family: arial, helvetica, sans-serif;font-size: 16px\">Il pomodoro piccolo ama il calore ed \u00e8 resistente al calore. La temperatura ottimale per la crescita \u00e8 di 20-30\u00b0C, e pu\u00f2 ancora fiorire e fruttificare normalmente a 35-36\u00b0C.<\/span><br \/><span style=\"font-family: arial, helvetica, sans-serif;font-size: 16px\">In estate, se lo riparate dal sole caldo sul balcone, pu\u00f2 ancora fiorire e dare i suoi frutti.<\/span><br \/><span style=\"font-family: arial, helvetica, sans-serif;font-size: 16px\">\u3010illuminazione\u3011<\/span><br \/><span style=\"font-family: arial, helvetica, sans-serif;font-size: 16px\">Il pomodoro piccolo ama la luce, quindi deve essere piantato sul balcone con sufficiente luce solare, che favorisce maggiormente la sua crescita e lo sviluppo.<\/span><br \/><span style=\"font-family: arial, helvetica, sans-serif;font-size: 16px\">\u3010Tempo di coltivazione\u3011<\/span><br \/><span style=\"font-family: arial, helvetica, sans-serif;font-size: 16px\">Nonostante sia una pianta che pu\u00f2 essere coltivata in tutte le stagioni, \u00e8 meglio scegliere di coltivarla in primavera e in autunno.<\/span><br \/><span style=\"font-family: arial, helvetica, sans-serif;font-size: 16px\">\u3010Ciclo di raccolta\u3011<\/span><br \/><span style=\"font-family: arial, helvetica, sans-serif;font-size: 16px\">due mesi.<br \/><\/span><span style=\"font-family: arial, helvetica, sans-serif\"><\/span><\/p>\n<p style=\"font-size: 16px\"><span style=\"font-family: arial, helvetica, sans-serif;font-size: 16px\">maneggio<br \/>Durante la crescita dei pomodori, particolare attenzione dovrebbe essere prestata all&#039;uso dei fertilizzanti. I fertilizzanti azotati non dovrebbero essere usati alla cieca, perch\u00e9 causerebbero facilmente una crescita eccessiva senza fruttificare. Circa 10 giorni dopo la semina, le piantine di pomodoro devono essere potate e incorniciate e devono essere costruiti rami laterali per favorire la crescita dei rami principali.<br \/>parassiti<br \/>Parassiti e malattie comuni dei pomodori includono muffe fogliari, malattie virali e mosche bianche. Afidi, ecc., queste malattie e insetti nocivi influenzeranno la crescita delle piantine di pomodoro e causeranno anche una riduzione della resa. Quando i semi sviluppano le radici, \u00e8 possibile aggiungere in modo appropriato alcuni prodotti per la radicazione, come i prodotti Genduowang, che possono rendere le radici pi\u00f9 forti. Quando si espande il frutto, utilizzare una quantit\u00e0 adeguata di peptidasi di pesce per rendere il frutto di dimensioni uniformi, di bel colore, aumentare il contenuto di zucchero del frutto e rapidamente Buon colore e lucentezza, migliorare la qualit\u00e0 del frutto.<\/span><\/p>\n<p style=\"font-size: 16px\"><span style=\"font-family: arial, helvetica, sans-serif;font-size: 16px\"><\/span><\/p>\n<p style=\"font-size: 16px\"><span style=\"font-family: arial, helvetica, sans-serif;font-size: 16px\">Quando diversi tipi di piante vengono piantati insieme, avranno una buona influenza l&#039;uno sull&#039;altro. Chiamiamo questa combinazione di piante pianta compagna. Attraverso l\u2019interazione tra i partner si raggiunge lo scopo di promuovere la crescita delle piante e prevenire parassiti e malattie.<\/span><\/p>\n<p style=\"font-size: 16px\"><span style=\"font-family: arial, helvetica, sans-serif;font-size: 16px\">Le erbe possono essere utilizzate non solo come verdura, ma come compagna di altre piante, poich\u00e9 il potente profumo dell&#039;olio essenziale che producono fa miracoli nel respingere i parassiti indesiderati del giardino; le erbe aiutano anche a migliorare la salute di molte delle tue piante preferite in giardino. Resa e Sapore; Le erbe aromatiche sono anche pi\u00f9 gustose quando si cucinano i cibi.<\/span><\/p>\n<p style=\"font-size: 16px\"><span style=\"font-family: arial, helvetica, sans-serif;font-size: 18px\">Pomodorini + Basilico<\/span><br \/><span style=\"font-family: arial, helvetica, sans-serif\">Non sono solo buoni compagni di cucina, ma anche un buon partner simbiotico. Piantare alcuni alberi di basilico vicino ai pomodorini non solo pu\u00f2 aumentare il gusto reciproco, ma anche respingere gli insetti. L&#039;odore del basilico pu\u00f2 respingere alcuni parassiti e pu\u00f2 anche rendere il sapore del pomodoro pi\u00f9 delizioso. Le foglie del pomodoro rilasceranno l&#039;odore sgradevole della cavolaia e del bruco del cavolo, e possono anche aiutare il basilico a respingere gli insetti.<\/span><span style=\"font-family: arial, helvetica, sans-serif\"><\/span><\/p>\n<h3 style=\"font-size: 19px\"><span style=\"font-family: arial, helvetica, sans-serif;font-size: 18px\">Condizioni necessarie per la combinazione di verdure:<\/span><\/h3>\n<p><span style=\"font-family: arial, helvetica, sans-serif\">Condizione uno:<\/span><br \/><span style=\"font-family: arial, helvetica, sans-serif\">I due tipi di piante possono convivere sullo stesso pezzo di terreno e non formeranno una relazione competitiva e causeranno effetti negativi.<\/span><\/p>\n<p><span style=\"font-family: arial, helvetica, sans-serif\">Condizione due:<\/span><br \/><span style=\"font-family: arial, helvetica, sans-serif\">Le condizioni di crescita richieste dalle due piante sono le stesse, cio\u00e8 i loro requisiti per la qualit\u00e0 del suolo e l&#039;approvvigionamento idrico sono gli stessi.<\/span><\/p>\n<p><span style=\"font-family: arial, helvetica, sans-serif\">Ad esempio, i pomodori e il basilico, che necessitano entrambi di abbondanti sostanze nutritive e di acqua adeguata.<\/span><\/p>\n<p><span style=\"font-family: arial, helvetica, sans-serif\">Condizione tre:<\/span><br \/><span style=\"font-family: arial, helvetica, sans-serif\">Piantare 2 tipi di piante insieme pu\u00f2 sfruttare meglio lo spazio di semina.<\/span><br \/><span style=\"font-family: arial, helvetica, sans-serif\">Alcune piante pi\u00f9 alte, come le verdure a foglia verde (spinaci, lattuga...) e le piante che crescono verso il basso, come gli ortaggi a radice (carote, ravanelli bianchi, ravanelli rossi...) possono essere piantate in modo incrociato per ridurre l&#039;area di semina. Oppure \u00e8 possibile piantare pi\u00f9 verdure coltivato per unit\u00e0 di superficie.<\/span><\/p><\/p>","protected":false},"excerpt":{"rendered":"<p><span style=\"font-family: arial, helvetica, sans-serif\">Perfect Slice \u2013 Kit regalo: \u00e8 facile: eliminiamo le congetture dalla coltivazione di semi di pomodori ed erbe aromatiche, guidandoti in ogni fase del percorso. Tutto ci\u00f2 di cui hai bisogno per portare la gioia di Pomodoro ed erbe aromatiche nella vita tua o della persona amata in una bellissima confezione regalo. Piantala! I seguenti articoli sono inclusi nel k<\/span><\/p>","protected":false},"featured_media":13089,"comment_status":"open","ping_status":"closed","template":"","meta":[],"product_cat":[67],"product_tag":[592,590,589,591,588,511,512],"acf":[],"_links":{"self":[{"href":"https:\/\/www.garden-kit.com\/it\/wp-json\/wp\/v2\/product\/1579"}],"collection":[{"href":"https:\/\/www.garden-kit.com\/it\/wp-json\/wp\/v2\/product"}],"about":[{"href":"https:\/\/www.garden-kit.com\/it\/wp-json\/wp\/v2\/types\/product"}],"replies":[{"embeddable":true,"href":"https:\/\/www.garden-kit.com\/it\/wp-json\/wp\/v2\/comments?post=1579"}],"wp:featuredmedia":[{"embeddable":true,"href":"https:\/\/www.garden-kit.com\/it\/wp-json\/wp\/v2\/media\/13089"}],"wp:attachment":[{"href":"https:\/\/www.garden-kit.com\/it\/wp-json\/wp\/v2\/media?parent=1579"}],"wp:term":[{"taxonomy":"product_cat","embeddable":true,"href":"https:\/\/www.garden-kit.com\/it\/wp-json\/wp\/v2\/product_cat?post=1579"},{"taxonomy":"product_tag","embeddable":true,"href":"https:\/\/www.garden-kit.com\/it\/wp-json\/wp\/v2\/product_tag?post=1579"}],"curies":[{"name":"wp","href":"https:\/\/api.w.org\/{rel}","templated":true}]}}