{"id":1640,"date":"2022-08-24T00:31:07","date_gmt":"2022-08-23T16:31:07","guid":{"rendered":"http:\/\/www.garden-kit.com\/product\/plantable-seed-paper-notebook\/"},"modified":"2024-02-04T16:30:07","modified_gmt":"2024-02-04T08:30:07","slug":"seed-paper-notebook","status":"publish","type":"product","link":"https:\/\/www.garden-kit.com\/it\/product\/seed-paper-notebook\/","title":{"rendered":"Taccuino di carta per semi A4"},"content":{"rendered":"<h3 style=\"font-size: 19px\">Mini quaderno in carta da seme Plantable:<\/h3>\n<p style=\"font-size: 16px;line-height: 1.5\"><span style=\"font-family: 'PingFang SC', 'Microsoft YaHei', sans-serif;font-size: 16px\">\u00c8 facile: noi eliminiamo le congetture sulla coltivazione dei semi di fiori selvatici e di platano, guidandovi in ogni fase del processo. Tutto ci\u00f2 che serve per portare la gioia dei fiori selvatici e del platano nella vostra vita o in quella di una persona cara \u00e8 contenuto in una bellissima confezione regalo in legno. Pianta!<\/span><\/p>\n<p style=\"font-size: 16px;line-height: 1.5\"><span style=\"font-family: 'PingFang SC', 'Microsoft YaHei', sans-serif;font-size: 16px\"><\/span><\/p>\n<h3 style=\"font-size: 19px\">Panoramica<\/h3>\n<table style=\"border-collapse: collapse;width: 100%;height: 284px\">\n<tbody>\n<tr style=\"height: 35.5px\">\n<td width=\"298\" style=\"height: 35.5px\">\n<p style=\"font-size: 16px\"><span style=\"font-family: 'PingFang SC', 'Microsoft YaHei', sans-serif;font-size: 16px\">Istruzioni per la cura del prodotto<\/span><\/p>\n<\/td>\n<td width=\"298\" style=\"height: 35.5px\">\n<p style=\"font-size: 16px\"><span style=\"font-family: 'PingFang SC', 'Microsoft YaHei', sans-serif;font-size: 16px\">Disponibile<\/span><\/p>\n<\/td>\n<\/tr>\n<tr style=\"height: 35.5px\">\n<td width=\"298\" style=\"height: 35.5px\">\n<p style=\"font-size: 16px\"><span style=\"font-family: 'PingFang SC', 'Microsoft YaHei', sans-serif;font-size: 16px\">Tipo di prodotto vegetale<\/span><\/p>\n<\/td>\n<td width=\"298\" style=\"height: 35.5px\">\n<p style=\"font-size: 16px\"><span style=\"font-family: 'PingFang SC', 'Microsoft YaHei', sans-serif;font-size: 16px\">fiori di campo e sicomoro<\/span><\/p>\n<\/td>\n<\/tr>\n<tr style=\"height: 35.5px\">\n<td width=\"298\" style=\"height: 35.5px\">\n<p style=\"font-size: 16px\"><span style=\"font-family: 'PingFang SC', 'Microsoft YaHei', sans-serif;font-size: 16px\">Caratteristica speciale<\/span><\/p>\n<\/td>\n<td width=\"298\" style=\"height: 35.5px\">\n<p style=\"font-size: 16px\"><span style=\"font-family: 'PingFang SC', 'Microsoft YaHei', sans-serif;font-size: 16px\">Coltivazione indoor-outdoor<\/span><\/p>\n<\/td>\n<\/tr>\n<tr style=\"height: 35.5px\">\n<td width=\"298\" style=\"height: 35.5px\">\n<p style=\"font-size: 16px\"><span style=\"font-family: 'PingFang SC', 'Microsoft YaHei', sans-serif;font-size: 16px\">Marca<\/span><\/p>\n<\/td>\n<td width=\"298\" style=\"height: 35.5px\">\n<p style=\"font-size: 16px\"><span style=\"font-family: 'PingFang SC', 'Microsoft YaHei', sans-serif;font-size: 16px\">Kit da giardino<\/span><\/p>\n<\/td>\n<\/tr>\n<tr style=\"height: 35.5px\">\n<td width=\"298\" style=\"height: 35.5px\">\n<p style=\"font-size: 16px\"><span style=\"font-family: 'PingFang SC', 'Microsoft YaHei', sans-serif;font-size: 16px\">Luogo d&#039;origine<\/span><\/p>\n<\/td>\n<td width=\"298\" style=\"height: 35.5px\">\n<p style=\"font-size: 16px\"><span style=\"font-family: 'PingFang SC', 'Microsoft YaHei', sans-serif;font-size: 16px\">Fujian, Cina<\/span><\/p>\n<\/td>\n<\/tr>\n<tr style=\"height: 35.5px\">\n<td width=\"298\" style=\"height: 35.5px\">\n<p style=\"font-size: 16px\"><span style=\"font-family: 'PingFang SC', 'Microsoft YaHei', sans-serif;font-size: 16px\">ODM\/OEM<\/span><\/p>\n<\/td>\n<td width=\"298\" style=\"height: 35.5px\">\n<p style=\"font-size: 16px\"><span style=\"font-family: 'PingFang SC', 'Microsoft YaHei', sans-serif;font-size: 16px\">Disponibile<\/span><\/p>\n<\/td>\n<\/tr>\n<tr style=\"height: 35.5px\">\n<td width=\"298\" style=\"height: 35.5px\">\n<p style=\"font-size: 16px\"><span style=\"font-family: 'PingFang SC', 'Microsoft YaHei', sans-serif;font-size: 16px\">MOQ per ordine personalizzato<\/span><\/p>\n<\/td>\n<td width=\"298\" style=\"height: 35.5px\">\n<p style=\"font-size: 16px\"><span style=\"font-family: 'PingFang SC', 'Microsoft YaHei', sans-serif;font-size: 16px\">3000 pezzi<\/span><\/p>\n<\/td>\n<\/tr>\n<tr style=\"height: 35.5px\">\n<td width=\"298\" style=\"height: 35.5px\">\n<p style=\"font-size: 16px\"><span style=\"font-family: 'PingFang SC', 'Microsoft YaHei', sans-serif;font-size: 16px\">Costo del campione<\/span><\/p>\n<\/td>\n<td width=\"298\" style=\"height: 35.5px\">\n<p style=\"font-size: 16px\"><span style=\"font-family: 'PingFang SC', 'Microsoft YaHei', sans-serif;font-size: 16px\">US$400\/Campione, reso completo dopo un nostro ordine<\/span><\/p>\n<\/td>\n<\/tr>\n<\/tbody>\n<\/table>\n<p style=\"font-size: 16px;line-height: 1.5\">\n<p style=\"text-align: center;line-height: 1.5\"><span style=\"font-size: 16px;font-family: 'PingFang SC', 'Microsoft YaHei', sans-serif\"><img decoding=\"async\" src=\"https:\/\/data.adwebcloud.com\/public\/material\/2206293ihquj\/product\/aqraujzv39_1661253406817.jpg\" alt=\"esempio\" width=\"50%\" title=\"\"><img decoding=\"async\" src=\"https:\/\/data.adwebcloud.com\/public\/material\/2206293ihquj\/product\/ulill9rqog_1661253337582.jpg\" alt=\"esempio\" width=\"50%\" title=\"\"> &nbsp;<\/span><\/p>\n<h3 style=\"font-size: 19px\">Il kit del quaderno di carta da seme comprende i seguenti articoli:<\/h3>\n<p style=\"line-height: 1.5\"><span style=\"font-family: 'PingFang SC', 'Microsoft YaHei', sans-serif;font-size: 16px\">1 quaderno con copertina in carta da semina piantabile<\/span><\/p>\n<p style=\"line-height: 1.5\"><span style=\"font-family: 'PingFang SC', 'Microsoft YaHei', sans-serif;font-size: 16px\">1 Guida passo passo alla semina<\/span><\/p>\n<p style=\"line-height: 1.5\"><span style=\"font-family: 'PingFang SC', 'Microsoft YaHei', sans-serif;font-size: 16px\">1 scatola artigianale personalizzata<\/span><\/p>\n<p style=\"line-height: 1.5\"><span style=\"font-family: 'PingFang SC', 'Microsoft YaHei', sans-serif;font-size: 16px\">Microquaderni in carta da seme piantabile<\/span><\/p>\n<p style=\"line-height: 1.5\"><span style=\"font-family: 'PingFang SC', 'Microsoft YaHei', sans-serif;font-size: 16px\">Mini quaderni piantabili realizzati con carta da seme!<\/span><\/p>\n<p style=\"line-height: 1.5\"><span style=\"font-family: 'PingFang SC', 'Microsoft YaHei', sans-serif;font-size: 16px\">100% carta ecologica realizzata a mano, riciclabile e biodegradabile con semi di fiori di campo e sicomoro.<\/span><\/p>\n<p style=\"line-height: 1.5\"><span style=\"font-family: 'PingFang SC', 'Microsoft YaHei', sans-serif;font-size: 16px\">Questo taccuino piantabile \u00e8 100% realizzato con carta di recupero e una miscela di semi di platano e di fiori selvatici.<\/span><\/p>\n<p style=\"line-height: 1.5\"><span style=\"font-family: 'PingFang SC', 'Microsoft YaHei', sans-serif;font-size: 16px\">\u2013 Immergere la carta da semi in acqua per una notte.<\/span><\/p>\n<p style=\"line-height: 1.5\"><span style=\"font-family: 'PingFang SC', 'Microsoft YaHei', sans-serif;font-size: 16px\">\u2013 Piantare la carta da semi bagnata nel terreno preparato ad una profondit\u00e0 di circa 1\/4 di pollice.<\/span><\/p>\n<p style=\"line-height: 1.5\"><span style=\"font-family: 'PingFang SC', 'Microsoft YaHei', sans-serif;font-size: 16px\">- Innaffiate il pozzo, soprattutto per le prime quattro-sei settimane.<\/span><\/p>\n<p style=\"line-height: 1.5\"><span style=\"font-family: 'PingFang SC', 'Microsoft YaHei', sans-serif;font-size: 16px\">Pianta la carta all&#039;aperto nei mesi freddi fino all&#039;inizio della primavera. La semina autunnale trarr\u00e0 vantaggio dalle piogge invernali per portare fioriture all&#039;inizio della primavera. Pianta in casa in qualsiasi momento, quindi trapianta in un luogo pi\u00f9 permanente all&#039;inizio della primavera.<\/span><\/p>\n<p style=\"line-height: 1.5\"><span style=\"font-family: 'PingFang SC', 'Microsoft YaHei', sans-serif;font-size: 16px\">4,72 x 3,15 pollici (8\u00d712 cm)<\/span><\/p>\n<p style=\"line-height: 1.5\"><span style=\"font-family: 'PingFang SC', 'Microsoft YaHei', sans-serif;font-size: 16px\">8\/16 di carta da seme, compresa la copertina<\/span><\/p>\n<p style=\"line-height: 1.5\"><span style=\"font-family: 'PingFang SC', 'Microsoft YaHei', sans-serif;font-size: 16px\">\u00c8 facile scrivere con qualsiasi penna.<\/span><\/p>\n<p style=\"line-height: 1.5\"><span style=\"font-family: 'PingFang SC', 'Microsoft YaHei', sans-serif;font-size: 16px\">Sul retro sono riportate le istruzioni per la coltivazione.<\/span><\/p>\n<p style=\"font-size: 16px;line-height: 1.5\">\n<h3 style=\"font-size: 19px\">Taccuino in carta da seme Caratteristiche:<\/h3>\n<p style=\"line-height: 1.5\"><span style=\"font-family: 'PingFang SC', 'Microsoft YaHei', sans-serif;font-size: 16px\">La carta da seme pu\u00f2 anche essere chiamata carta da vita. Nel processo di produzione della carta, i semi delle piante vengono aggiunti alla pasta di legno, che viene poi ventilata e asciugata.<\/span><br \/><span style=\"font-family: 'PingFang SC', 'Microsoft YaHei', sans-serif;font-size: 16px\">In questo modo, i semi vigorosi contenuti nella carta possono germogliare e dare vita a una nuova vita alla giusta temperatura e umidit\u00e0.<\/span><br \/><span style=\"font-family: 'PingFang SC', 'Microsoft YaHei', sans-serif;font-size: 16px\">Grazie alla creativit\u00e0 unica e alla protezione ambientale della carta di semi, combinata con la stampa tipografica, \u00e8 possibile realizzare cartoline, biglietti d'auguri, etichette da appendere, buste, ecc. con una consistenza e un tocco unici.<\/span><\/p>\n<p style=\"line-height: 1.5\"><span style=\"font-family: 'PingFang SC', 'Microsoft YaHei', sans-serif;font-size: 16px\">Usate una partecipazione di nozze fatta di semi di tarassaco per invitare parenti e amici a condividere la gioia e a seppellire la speranza; usate un paio di semi di girasole albicocca per immergervi nel mondo del ritmo; e ci\u00f2 che viene lasciato non \u00e8 spazzatura. \u00c8 un seme pieno di vitalit\u00e0; una cartolina fatta con un seme di girasole giallo serve per scrivere un messaggio e piantare un desiderio.<\/span><\/p>\n<p style=\"line-height: 1.5\"><span style=\"font-family: 'PingFang SC', 'Microsoft YaHei', sans-serif;font-size: 18px\"><\/span><\/p>\n<h3 style=\"font-size: 19px\">Esortazione intima<\/h3>\n<ol>\n<li style=\"line-height: 1.5\"><span style=\"font-family: 'PingFang SC', 'Microsoft YaHei', sans-serif;font-size: 16px\">Dopo aver piantato la carta da seme, non esporla direttamente alla luce solare.<\/span><\/li>\n<li style=\"line-height: 1.5\"><span style=\"font-family: 'PingFang SC', 'Microsoft YaHei', sans-serif;font-size: 16px\">Il clima \u00e8 caldo e l'acqua evapora troppo velocemente. Ricordate di aggiungere acqua ai vasi di carta da semina, di mantenerli umidi e di collocarli in un luogo ventilato per evitare che siano troppo umidi ed ermetici.<\/span><\/li>\n<li style=\"line-height: 1.5\"><span style=\"font-family: 'PingFang SC', 'Microsoft YaHei', sans-serif;font-size: 16px\">Quando piove, le aree interne ed esterne potrebbero essere troppo umide. Ricordate di non esagerare con l'acqua e di posizionarlo in un luogo ventilato.<\/span><\/li>\n<li style=\"line-height: 1.5\"><span style=\"font-family: 'PingFang SC', 'Microsoft YaHei', sans-serif;font-size: 16px\">A causa dei diversi metodi di impianto o delle differenze nelle condizioni ambientali (temperatura del suolo, luce e umidit\u00e0), anche la velocit\u00e0 e i risultati della germinazione e della crescita saranno diversi. La coltivazione delle piante richiede tempo, cura e attesa.<\/span><\/li>\n<li style=\"line-height: 1.5\"><span style=\"font-family: 'PingFang SC', 'Microsoft YaHei', sans-serif;font-size: 16px\">Se i semi non germinano, la ragione pi\u00f9 probabile \u00e8 che non c'\u00e8 abbastanza acqua o che l'acqua \u00e8 stata tagliata. In genere, i semi delle piante si risvegliano e avviano il meccanismo di germinazione dopo aver assorbito abbastanza acqua!<\/span><\/li>\n<\/ol>\n<h3 style=\"font-size: 19px\"><strong>Che cos'\u00e8 la carta da semina A4?<\/strong><\/h3>\n<p>La carta da semi A4 \u00e8 un tipo di carta fatta a mano con piccoli semi. \u00c8 un'alternativa ecologica e sostenibile alla carta convenzionale, che spesso \u00e8 prodotta con alberi e contribuisce alla deforestazione. I semi incorporati nella carta da semi provengono in genere da fiori, erbe o verdure, a seconda del prodotto specifico. Una volta utilizzata la carta da semina A4 per scrivere o stampare, \u00e8 possibile piantarla nel terreno e, con le giuste cure, germogliare e crescere in bellissime piante. Seed Paper combina efficacemente l'arte della scrittura con la gioia di nutrire la vita, trasformando la cancelleria in un mezzo di impatto ambientale positivo.<\/p>\n<h3 style=\"font-size: 19px\"><strong>Come si produce la carta da semina A4?<\/strong><\/h3>\n<p>Il processo di creazione della carta da semi \u00e8 una testimonianza dell'ingegno umano e dell'impegno per una vita sostenibile. Ecco le fasi principali della produzione di carta da semi A4:<\/p>\n<ul>\n<li>\n<p><strong>Raccolta di carta riciclata:<\/strong> La produzione di carta da seme inizia con la raccolta di carta riciclata. Questa carta pu\u00f2 provenire da diverse fonti, come giornali scartati, vecchi documenti d'ufficio o imballaggi di cartone usati. L'uso di carta riciclata \u00e8 una parte essenziale dell'aspetto della sostenibilit\u00e0 della carta da semina.<\/p>\n<\/li>\n<li>\n<p><strong>Pulpatura e triturazione:<\/strong> La carta riciclata raccolta viene poi impastata e sminuzzata in una pasta fine. L'obiettivo \u00e8 scomporre la carta in piccole fibre che possono essere riformate in nuovi fogli.<\/p>\n<\/li>\n<li>\n<p><strong>Aggiunta di semi:<\/strong> Una volta che la pasta di carta \u00e8 pronta, vi si aggiungono i semi. La scelta dei semi pu\u00f2 variare, ma le opzioni pi\u00f9 diffuse includono fiori di campo, erbe aromatiche come il basilico o il timo e persino verdure come carote o lattuga. I semi vengono mescolati uniformemente alla polpa.<\/p>\n<\/li>\n<li>\n<p><strong>Formazione del foglio:<\/strong> La pasta di semi viene versata in grandi stampi piatti, dove viene distribuita uniformemente per formare sottili fogli di carta di semi A4. Questi fogli vengono lasciati asciugare naturalmente.<\/p>\n<\/li>\n<li>\n<p><strong>Taglio e confezionamento:<\/strong> Una volta che i fogli di carta da semina sono completamente asciutti, vengono tagliati nel consueto formato A4. Vengono poi confezionati e resi pronti per l'uso.<\/p>\n<\/li>\n<\/ul>\n<h3 style=\"font-size: 19px\"><strong>I vantaggi ambientali della carta da semina A4<\/strong><\/h3>\n<p>L'uso della carta da semina offre una moltitudine di vantaggi ambientali, rendendola una scelta interessante per chi vuole ridurre la propria impronta ecologica:<\/p>\n<ul>\n<li>\n<p><strong>Riduce la deforestazione:<\/strong> La carta sementiera \u00e8 un'alternativa sostenibile alla carta tradizionale, che si basa sugli alberi come materia prima. Scegliendo la carta sementiera A4, contribuite alla conservazione delle foreste e alla protezione dei polmoni verdi del nostro pianeta.<\/p>\n<\/li>\n<li>\n<p><strong>Rifiuti zero:<\/strong> L'uso di carta riciclata nella produzione di carta da semina contribuisce a ridurre gli sprechi e a sostenere le iniziative di riciclaggio. Questo approccio a zero rifiuti riduce al minimo l'impatto ambientale del processo di produzione della carta.<\/p>\n<\/li>\n<li>\n<p><strong>Promuove la biodiversit\u00e0:<\/strong> Piantare carta da semina non solo previene i rifiuti, ma favorisce anche la biodiversit\u00e0. I semi incorporati crescono in una variet\u00e0 di piante, attirando gli impollinatori e arricchendo gli ecosistemi.<\/p>\n<\/li>\n<li>\n<p><strong>Riduzione dell'impronta di carbonio:<\/strong> La coltivazione di piante con carta da semina A4 pu\u00f2 assorbire l'anidride carbonica dall'atmosfera, contribuendo a combattere il cambiamento climatico. L'impronta di carbonio associata alla produzione e all'uso della carta da semina \u00e8 significativamente inferiore a quella della carta convenzionale.<\/p>\n<\/li>\n<li>\n<p><strong>Valore educativo:<\/strong> La carta da seme ha l'ulteriore vantaggio di sensibilizzare l'opinione pubblica sulle questioni ambientali. Offre un modo tangibile per far capire ai singoli l'importanza della sostenibilit\u00e0 e il ruolo che possono svolgere nel preservare il nostro pianeta.<\/p>\n<\/li>\n<\/ul>\n<p><strong>Applicazioni della carta sementiera A4<\/strong><\/p>\n<p>La carta da semina \u00e8 incredibilmente versatile e pu\u00f2 essere utilizzata in vari modi. Ecco alcune delle sue applicazioni pi\u00f9 diffuse:<\/p>\n<ul>\n<li>\n<p><strong>Biglietti d'auguri:<\/strong> La carta da seme \u00e8 comunemente utilizzata per creare biglietti d'auguri. Per compleanni, matrimoni o altre occasioni speciali, questi biglietti possono essere piantati dal destinatario, aggiungendo un tocco unico e sostenibile ai vostri auguri.<\/p>\n<\/li>\n<li>\n<p><strong>Inviti:<\/strong> Le partecipazioni di nozze, gli inviti a feste e gli annunci di eventi su carta da semina A4 non solo sono belli da vedere, ma offrono ai destinatari l'opportunit\u00e0 di coltivare fiori o erbe come ricordo duraturo dell'evento.<\/p>\n<\/li>\n<li>\n<p><strong>Biglietti da visita:<\/strong> Le aziende attente all'ambiente utilizzano spesso carta da seme per i loro biglietti da visita. Questo non solo dimostra il loro impegno per la sostenibilit\u00e0, ma lascia anche un'impressione duratura su clienti e partner.<\/p>\n<\/li>\n<li>\n<p><strong>Materiale promozionale:<\/strong> Molte aziende utilizzano la carta da semina per materiali promozionali come brochure, volantini e cataloghi. I destinatari possono piantare questi materiali, creando un legame tangibile tra il marchio e la coscienza ambientale.<\/p>\n<\/li>\n<li>\n<p><strong>Cancelleria:<\/strong> La carta sementiera A4 pu\u00f2 essere utilizzata per scrivere lettere, creare diari e persino stampare documenti. La sua consistenza unica e il suo fascino ecologico aggiungono una dimensione in pi\u00f9 all'atto della scrittura.<\/p>\n<\/li>\n<li>\n<p><strong>Arte e artigianato:<\/strong> Anche gli artisti e gli artigiani trovano che la carta da semi sia un mezzo versatile per creare opere d'arte e progetti artigianali unici. I semi incorporati aggiungono un elemento di sorpresa e creativit\u00e0 ai loro lavori.<\/p>\n<\/li>\n<li>\n<p><strong>Strumenti didattici:<\/strong> La carta da semina pu\u00f2 essere utilizzata in contesti educativi per insegnare agli studenti l'ambiente e la sostenibilit\u00e0. Permette un apprendimento pratico: gli studenti piantano e curano la carta per vederla crescere.<\/p>\n<\/li>\n<\/ul>\n<p><strong>Come piantare la carta da semina A4<\/strong><\/p>\n<p>Piantare carta da seme \u00e8 un processo semplice che chiunque pu\u00f2 intraprendere. Ecco come fare:<\/p>\n<ul>\n<li>\n<p><strong>Preparate un vaso o un letto da giardino:<\/strong> Scegliete un vaso o un letto da giardino adatto al tipo di semi incorporati nella carta. Assicuratevi che riceva luce solare e acqua adeguate.<\/p>\n<\/li>\n<li>\n<p><strong>Mettere a bagno la carta:<\/strong> Prima di piantare, immergere la carta da semina A4 in acqua per qualche ora o per tutta la notte. Questo aiuta ad ammorbidire la carta e ad attivare i semi.<\/p>\n<\/li>\n<li>\n<p><strong>Piantare la carta:<\/strong> Una volta che la carta \u00e8 sufficientemente imbevuta, posizionatela sul terreno del vaso o dell'aiuola. Copritela con un sottile strato di terriccio o compost e innaffiatela delicatamente.<\/p>\n<\/li>\n<li>\n<p><strong>Fornire assistenza:<\/strong> Innaffiate regolarmente la pianta per mantenere il terreno umido, ma non zuppo d'acqua. Assicuratevi che riceva anche una luce solare adeguata.<\/p>\n<\/li>\n<li>\n<p><strong>Guardate come cresce:<\/strong> Con il tempo, vedrete la carta rompersi e i semi germogliare. Con le dovute cure, i semi incorporati germoglieranno e cresceranno in piante vivaci.<\/p>\n<\/li>\n<\/ul>\n<h3 style=\"font-size: 19px\"><strong>Scegliere la giusta carta da semina A4<\/strong><\/h3>\n<p>Quando si sceglie una carta da semina A4, \u00e8 importante considerare il tipo di semi incorporati nella carta. Sono disponibili diverse carte da semina con varie opzioni di semi, come fiori selvatici, erbe e verdure. La scelta deve essere in linea con l'uso che se ne intende fare e con le piante che si desidera coltivare.<\/p>\n<p>Inoltre, considerate lo spessore e la consistenza della carta, che possono influire sulla qualit\u00e0 di stampa e sull'aspetto generale del vostro progetto. La carta da semina A4 \u00e8 disponibile in vari spessori, da quelli pi\u00f9 sottili e delicati a quelli pi\u00f9 robusti e strutturati, che consentono di trovare la soluzione perfetta per le proprie esigenze.<\/p>\n<p>La carta da seme \u00e8 molto pi\u00f9 di un semplice prodotto di cancelleria: \u00e8 un potente simbolo del nostro impegno per la conservazione dell'ambiente. \u00c8 un ponte tra la parola scritta e il mondo naturale, che offre un modo tangibile per contribuire positivamente al pianeta. Scegliendo la carta da semina A4 per le vostre esigenze personali o di lavoro, prendete una decisione consapevole per ridurre gli sprechi, promuovere la sostenibilit\u00e0 e avere un impatto duraturo.<\/p>","protected":false},"excerpt":{"rendered":"<p>Mini taccuino in carta da semina Plantable: \u00c8 facile: noi eliminiamo le congetture sulla coltivazione dei semi di fiori selvatici e di platano, guidandovi in ogni fase del processo. Tutto ci\u00f2 di cui avete bisogno per portare la gioia dei fiori selvatici e del platano nella vostra vita o in quella di una persona cara, in una splendida confezione regalo in legno. Pianta!<\/p><\/p>","protected":false},"featured_media":17743,"comment_status":"closed","ping_status":"closed","template":"","meta":[],"product_cat":[67],"product_tag":[663,668,665,610,454,456,582,82,609,667],"acf":[],"_links":{"self":[{"href":"https:\/\/www.garden-kit.com\/it\/wp-json\/wp\/v2\/product\/1640"}],"collection":[{"href":"https:\/\/www.garden-kit.com\/it\/wp-json\/wp\/v2\/product"}],"about":[{"href":"https:\/\/www.garden-kit.com\/it\/wp-json\/wp\/v2\/types\/product"}],"replies":[{"embeddable":true,"href":"https:\/\/www.garden-kit.com\/it\/wp-json\/wp\/v2\/comments?post=1640"}],"wp:featuredmedia":[{"embeddable":true,"href":"https:\/\/www.garden-kit.com\/it\/wp-json\/wp\/v2\/media\/17743"}],"wp:attachment":[{"href":"https:\/\/www.garden-kit.com\/it\/wp-json\/wp\/v2\/media?parent=1640"}],"wp:term":[{"taxonomy":"product_cat","embeddable":true,"href":"https:\/\/www.garden-kit.com\/it\/wp-json\/wp\/v2\/product_cat?post=1640"},{"taxonomy":"product_tag","embeddable":true,"href":"https:\/\/www.garden-kit.com\/it\/wp-json\/wp\/v2\/product_tag?post=1640"}],"curies":[{"name":"wp","href":"https:\/\/api.w.org\/{rel}","templated":true}]}}