{"id":1663,"date":"2022-08-24T00:32:59","date_gmt":"2022-08-23T16:32:59","guid":{"rendered":"http:\/\/www.garden-kit.com\/product\/at-home-date-night-box\/"},"modified":"2023-03-31T15:01:01","modified_gmt":"2023-03-31T07:01:01","slug":"at-home-date-night-box","status":"publish","type":"product","link":"https:\/\/www.garden-kit.com\/it\/product\/at-home-date-night-box\/","title":{"rendered":"Scatola per l&#039;appuntamento notturno a casa"},"content":{"rendered":"<h3 style=\"line-height: 1.5;font-size: 19px\"><span style=\"font-family: arial, helvetica, sans-serif;font-size: 16px\">Panoramica<\/span><\/h3>\n<table style=\"border-collapse: collapse;width: 100%;height: 225.812px\" width=\"100%\">\n<tbody>\n<tr style=\"height: 27.625px\">\n<td style=\"height: 27.625px\" width=\"299\"><span style=\"font-family: arial, helvetica, sans-serif;font-size: 16px\">Istruzioni per la cura del prodotto<\/span><\/td>\n<td style=\"height: 27.625px\" width=\"299\"><span style=\"font-family: arial, helvetica, sans-serif;font-size: 16px\">Disponibile<\/span><\/td>\n<\/tr>\n<tr style=\"height: 27.625px\">\n<td style=\"height: 27.625px\" width=\"299\"><span style=\"font-family: arial, helvetica, sans-serif;font-size: 16px\">Tipologia di prodotto<\/span><\/td>\n<td style=\"height: 27.625px\" width=\"299\"><span style=\"font-family: arial, helvetica, sans-serif;font-size: 16px\">KIT PER LA PRODUZIONE DEL GIN<\/span><\/td>\n<\/tr>\n<tr style=\"height: 29.5px\">\n<td style=\"height: 29.5px\" width=\"299\"><span style=\"font-family: arial, helvetica, sans-serif;font-size: 16px\">Caratteristica speciale<\/span><\/td>\n<td style=\"height: 29.5px\" width=\"299\"><span style=\"font-family: arial, helvetica, sans-serif;font-size: 16px\">Godetevi la serata perfetta con questo delizioso kit per la serata galante.<\/span><\/td>\n<\/tr>\n<tr style=\"height: 27.625px\">\n<td style=\"height: 27.625px\" width=\"299\"><span style=\"font-family: arial, helvetica, sans-serif;font-size: 16px\">Marca<\/span><\/td>\n<td style=\"height: 27.625px\" width=\"299\"><span style=\"font-family: arial, helvetica, sans-serif;font-size: 16px\">Kit da giardino<\/span><\/td>\n<\/tr>\n<tr style=\"height: 27.625px\">\n<td style=\"height: 27.625px\" width=\"299\"><span style=\"font-family: arial, helvetica, sans-serif;font-size: 16px\">Luogo d&#039;origine<\/span><\/td>\n<td style=\"height: 27.625px\" width=\"299\"><span style=\"font-family: arial, helvetica, sans-serif;font-size: 16px\">Fujian, Cina<\/span><\/td>\n<\/tr>\n<tr style=\"height: 27.625px\">\n<td style=\"height: 27.625px\" width=\"299\"><span style=\"font-family: arial, helvetica, sans-serif;font-size: 16px\">ODM\/OEM<\/span><\/td>\n<td style=\"height: 27.625px\" width=\"299\"><span style=\"font-family: arial, helvetica, sans-serif;font-size: 16px\">Disponibile<\/span><\/td>\n<\/tr>\n<tr style=\"height: 27.625px\">\n<td style=\"height: 27.625px\" width=\"299\"><span style=\"font-family: arial, helvetica, sans-serif;font-size: 16px\">MOQ per ordine personalizzato<\/span><\/td>\n<td style=\"height: 27.625px\" width=\"299\"><span style=\"font-family: arial, helvetica, sans-serif;font-size: 16px\">3000 pezzi<\/span><\/td>\n<\/tr>\n<tr style=\"height: 30.5625px\">\n<td style=\"height: 30.5625px\" width=\"299\"><span style=\"font-family: arial, helvetica, sans-serif;font-size: 16px\">Costo del campione<\/span><\/td>\n<td style=\"height: 30.5625px\" width=\"299\"><span style=\"font-family: arial, helvetica, sans-serif;font-size: 16px\">US$400\/Campione, reso completo dopo un nostro ordine<\/span><\/td>\n<\/tr>\n<\/tbody>\n<\/table>\n<p style=\"line-height: 1.5\">&nbsp;<\/p>\n<p style=\"line-height: 1.5\"><span style=\"font-family: arial, helvetica, sans-serif;font-size: 16px\">Mantenete vivo il romanticismo e create la serata perfetta in famiglia con la confezione regalo Nelson and Pops. Con i nostri cofanetti regalo per la serata, potrete godervi la reciproca compagnia gustando deliziosi marshmallow tostati e un bicchiere di prosecco. Per aggiungere un po' di romanticismo, abbiamo un set di biglietti da visita Garden Kit che includono 15 domande diverse da indovinare per il vostro partner. Una serata perfetta con questo delizioso kit di appuntamenti.<\/span><\/p>\n<p style=\"line-height: 1.5\"><span style=\"font-family: arial, helvetica, sans-serif;font-size: 16px\">Nel kit sono inclusi i seguenti articoli.<\/span><\/p>\n<ul>\n<li style=\"line-height: 1.5\"><span style=\"font-family: arial, helvetica, sans-serif;font-size: 16px\">Tostapane di marshmallow (brucia fino a tre ore)<\/span><\/li>\n<li style=\"line-height: 1.5\"><span style=\"font-family: arial, helvetica, sans-serif;font-size: 16px\">Marshmallow golosi al gusto di lampone e cioccolato bianco<\/span><\/li>\n<li style=\"line-height: 1.5\"><span style=\"font-family: arial, helvetica, sans-serif;font-size: 16px\">Spiedini di bamb\u00f9<\/span><\/li>\n<li style=\"line-height: 1.5\"><span style=\"font-family: arial, helvetica, sans-serif;font-size: 16px\">Bottiglia di prosecco<\/span><\/li>\n<li style=\"line-height: 1.5\"><span style=\"font-family: arial, helvetica, sans-serif;font-size: 16px\">Schede per la serata con 15 domande diverse da porsi a vicenda<\/span><\/li>\n<\/ul>\n<p>Non \u00e8 un segreto che uscire regolarmente con il partner possa rafforzare la relazione, ma non tutti gli appuntamenti sono uguali. Anche se non c'\u00e8 niente di male in una cena e un film, le ricerche dimostrano che, a lungo andare, partecipare a nuove ed eccitanti attivit\u00e0 con il vostro partner pu\u00f2 avvicinarvi di pi\u00f9. Naturalmente, trovare sempre nuove idee per appuntamenti romantici \u00e8 pi\u00f9 facile a dirsi che a farsi, soprattutto se si sta cercando di risparmiare (una tipica serata negli Stati Uniti costa in media pi\u00f9 di $116).<\/p>\n<p>Ecco allora la Date Night Box, che pu\u00f2 offrire a voi e al vostro partner nuovi modi per trascorrere del tempo insieme senza dover nemmeno uscire di casa: un'opzione particolarmente valida se il tempo vi fa venire voglia di rannicchiarvi o se non volete prendere una babysitter per i bambini. Dopo alcune ricerche, abbiamo stilato un elenco dei migliori cofanetti per le serate insieme per tutti i tipi di coppie. Qui troverete opzioni per le coppie che amano cucinare o fare lavoretti insieme, oltre a giochi e attivit\u00e0 divertenti pensate per farvi parlare, ridere e magari anche imparare qualcosa di nuovo l'uno sull'altro.<\/p>\n<p>Mentre alcuni dei nostri suggerimenti sono scatole di abbonamento per la serata, il che significa che riceverete ogni mese una nuova consegna per la serata (ottimo se vi piace impostare e dimenticare!), altri sono kit una tantum che non richiedono un impegno di abbonamento. Ma tutti promuovono un livello di intimit\u00e0 e connessione che durer\u00e0 a lungo durante la grande serata. Quindi, quando l'idea di scorrere la coda di Netflix e ordinare cibo da asporto inizia a sembrare un po' stantia, ordinate uno o pi\u00f9 di questi cofanetti e kit per la serata al chiuso per una serata perfetta.<\/p><\/p>","protected":false},"excerpt":{"rendered":"<p>Scegliete la data pi\u00f9 adatta a voi o fatevela consegnare mensilmente. Godetevelo in pigiama, non lo diremo a nessuno!<\/p>","protected":false},"featured_media":12426,"comment_status":"open","ping_status":"closed","template":"","meta":[],"product_cat":[86],"product_tag":[87,518,519,521,520],"acf":[],"_links":{"self":[{"href":"https:\/\/www.garden-kit.com\/it\/wp-json\/wp\/v2\/product\/1663"}],"collection":[{"href":"https:\/\/www.garden-kit.com\/it\/wp-json\/wp\/v2\/product"}],"about":[{"href":"https:\/\/www.garden-kit.com\/it\/wp-json\/wp\/v2\/types\/product"}],"replies":[{"embeddable":true,"href":"https:\/\/www.garden-kit.com\/it\/wp-json\/wp\/v2\/comments?post=1663"}],"wp:featuredmedia":[{"embeddable":true,"href":"https:\/\/www.garden-kit.com\/it\/wp-json\/wp\/v2\/media\/12426"}],"wp:attachment":[{"href":"https:\/\/www.garden-kit.com\/it\/wp-json\/wp\/v2\/media?parent=1663"}],"wp:term":[{"taxonomy":"product_cat","embeddable":true,"href":"https:\/\/www.garden-kit.com\/it\/wp-json\/wp\/v2\/product_cat?post=1663"},{"taxonomy":"product_tag","embeddable":true,"href":"https:\/\/www.garden-kit.com\/it\/wp-json\/wp\/v2\/product_tag?post=1663"}],"curies":[{"name":"wp","href":"https:\/\/api.w.org\/{rel}","templated":true}]}}