{"id":1668,"date":"2022-08-24T00:33:23","date_gmt":"2022-08-23T16:33:23","guid":{"rendered":"http:\/\/www.garden-kit.com\/product\/organic-compressed-potting-soil\/"},"modified":"2023-04-03T11:23:37","modified_gmt":"2023-04-03T03:23:37","slug":"organic-compressed-potting-soil","status":"publish","type":"product","link":"https:\/\/www.garden-kit.com\/it\/product\/organic-compressed-potting-soil\/","title":{"rendered":"Terriccio organico compresso"},"content":{"rendered":"<p><span style=\"font-family: 'PingFang SC', 'Microsoft YaHei', sans-serif\">Come definisce Organic Plant Magic \u201cbiologico\u201d? Per noi, biologico significa che utilizziamo zero sostanze chimiche, zero ingredienti tossici e zero ingredienti sintetici e non facciamo alcun danno a tutto e a tutti! Per noi biologico significa il pi\u00f9 vicino possibile alla natura!<\/span><br \/><span style=\"font-family: 'PingFang SC', 'Microsoft YaHei', sans-serif\">Il sacchetto piccolo, leggero e conveniente di Organic Plant aumenta miracolosamente le particelle di terreno fino a 4 volte se mescolato con acqua. Per garantire che tutte le tue piante raggiungano subito il loro pieno potenziale, questo terriccio per vasi e coltivazione di altissima qualit\u00e0 viene fornito precaricato con nutrimento vegetale biologico, vermicomposti e altri ingredienti. Sia gli adulti che i bambini possono essere autosufficienti. Tutto perch\u00e9 utilizziamo materiali pi\u00f9 sicuri e rispettosi dell&#039;ambiente.<\/span><\/p>\n<table width=\"597\" style=\"font-family: sans-serif\">\n<tbody>\n<tr>\n<td width=\"299\">\n<pre><span style=\"font-family: 'PingFang SC', 'Microsoft YaHei', sans-serif\"><strong>Istruzioni per la cura del prodotto<\/strong><\/span><\/pre>\n<\/td>\n<td width=\"299\">\n<pre><span style=\"font-family: 'PingFang SC', 'Microsoft YaHei', sans-serif\">Disponibile<\/span><\/pre>\n<\/td>\n<\/tr>\n<tr>\n<td width=\"299\">\n<pre><span style=\"font-family: 'PingFang SC', 'Microsoft YaHei', sans-serif\"><strong>Tipologia di prodotto<\/strong><\/span><\/pre>\n<\/td>\n<td width=\"299\">\n<pre><span style=\"font-family: 'PingFang SC', 'Microsoft YaHei', sans-serif\">Terriccio organico compresso (si espande fino a 5 galloni)\n\n\n<\/span><\/pre>\n<\/td>\n<\/tr>\n<tr>\n<td width=\"299\">\n<pre><span style=\"font-family: 'PingFang SC', 'Microsoft YaHei', sans-serif\"><strong>Caratteristica speciale<\/strong><\/span><\/pre>\n<\/td>\n<td width=\"299\">\n<pre><span style=\"font-family: 'PingFang SC', 'Microsoft YaHei', sans-serif\">Coltivazione indoor-outdoor<\/span><\/pre>\n<\/td>\n<\/tr>\n<tr>\n<td width=\"299\">\n<pre><span style=\"font-family: 'PingFang SC', 'Microsoft YaHei', sans-serif\"><strong>Marca<\/strong><\/span><\/pre>\n<\/td>\n<td width=\"299\">\n<pre><span style=\"font-family: 'PingFang SC', 'Microsoft YaHei', sans-serif\">Kit da giardino<\/span><\/pre>\n<\/td>\n<\/tr>\n<tr>\n<td width=\"299\">\n<pre><span style=\"font-family: 'PingFang SC', 'Microsoft YaHei', sans-serif\"><strong>Luogo d&#039;origine<\/strong><\/span><\/pre>\n<\/td>\n<td width=\"299\">\n<pre><span style=\"font-family: 'PingFang SC', 'Microsoft YaHei', sans-serif\">Fujian, Cina<\/span><\/pre>\n<\/td>\n<\/tr>\n<tr>\n<td width=\"299\">\n<pre><span style=\"font-family: 'PingFang SC', 'Microsoft YaHei', sans-serif\"><strong>ODM\/OEM<\/strong><\/span><\/pre>\n<\/td>\n<td width=\"299\">\n<pre><span style=\"font-family: 'PingFang SC', 'Microsoft YaHei', sans-serif\">Disponibile<\/span><\/pre>\n<\/td>\n<\/tr>\n<tr>\n<td width=\"299\">\n<pre><span style=\"font-family: 'PingFang SC', 'Microsoft YaHei', sans-serif\"><strong>MOQ per ordine personalizzato<\/strong><\/span><\/pre>\n<\/td>\n<td width=\"299\">\n<pre><span style=\"font-family: 'PingFang SC', 'Microsoft YaHei', sans-serif\">3000 pezzi<\/span><\/pre>\n<\/td>\n<\/tr>\n<tr>\n<td width=\"299\">\n<pre><span style=\"font-family: 'PingFang SC', 'Microsoft YaHei', sans-serif\"><strong>Costo del campione<\/strong><\/span><\/pre>\n<\/td>\n<td width=\"299\">\n<pre><span style=\"font-family: 'PingFang SC', 'Microsoft YaHei', sans-serif\">US$400\/Campione, restituzione completa dopo l&#039;ordine da parte nostra<\/span><\/pre>\n<\/td>\n<\/tr>\n<\/tbody>\n<\/table>\n<pre><span style=\"font-family: 'PingFang SC', 'Microsoft YaHei', sans-serif\"><strong>Descrizione<\/strong><\/span><\/pre>\n<p><span style=\"font-family: 'PingFang SC', 'Microsoft YaHei', sans-serif\">Kit da giardino per invasatura compressa. Il terreno \u00e8 disidratato e compresso per un facile trasporto e stoccaggio. Ottimo per piante d&#039;appartamento, aiuole, antipasti di semi e antipasti di piante! Kit da giardino per invasatura compressa. Il terreno \u00e8 disidratato e compresso per un facile trasporto e stoccaggio.<\/span><\/p>\n<h3 style=\"font-size: 19px\"><span style=\"font-family: 'PingFang SC', 'Microsoft YaHei', sans-serif\"><strong>Panoramica<\/strong><\/span><\/h3>\n<p><span style=\"font-family: 'PingFang SC', 'Microsoft YaHei', sans-serif\">I nostri terricci per vasi e piante sono compattati, non tossici e adattabili. Puoi coltivare cose incredibili con sicurezza sapendo che \u00e8 sicuro per i bambini, gli animali domestici e l&#039;ambiente. I nostri prodotti di Organic Plant sono progettati per dare alle vostre piante il miglior inizio possibile di vita.<\/span><\/p>\n<p><span style=\"font-family: 'PingFang SC', 'Microsoft YaHei', sans-serif\">Ottimo per piante d&#039;appartamento, aiuole, antipasti di semi e antipasti di piante.&nbsp;<\/span><\/p>\n<h3 style=\"font-size: 19px\"><span style=\"font-family: 'PingFang SC', 'Microsoft YaHei', sans-serif\"><strong>Come usare<\/strong><\/span><\/h3>\n<p><span style=\"font-family: 'PingFang SC', 'Microsoft YaHei', sans-serif\">Naturalmente, aggiungere terriccio compresso al terreno del giardino pu\u00f2 cambiare le regole del giardinaggio. Se aggiunto al terreno esistente del giardino, il terriccio compresso aumenta la materia organica, aiuta a mantenere livelli di umidit\u00e0 adeguati nella zona delle radici, aiuta a trattenere i nutrienti che potrebbero altrimenti andare persi e in generale aiuta a migliorare la struttura del terreno.<\/span><\/p>\n<p><span style=\"font-family: 'PingFang SC', 'Microsoft YaHei', sans-serif\">Se il terreno \u00e8 pesante e soggetto a inondazioni, l&#039;aggiunta di un buon terreno compresso a base di fibra di cocco pu\u00f2 aiutare a migliorare la struttura del terreno e ad aumentare l&#039;aerazione del terreno. D&#039;altra parte, l&#039;aggiunta di bucce di cocco a un terreno sabbioso che non contiene acqua aiuter\u00e0 a mantenere un&#039;adeguata ritenzione idrica e agir\u00e0 come una spugna per trattenere l&#039;acqua alle radici, dando alle piante molta acqua.<\/span><\/p>\n<p><span style=\"font-family: 'PingFang SC', 'Microsoft YaHei', sans-serif\">Puoi mescolare il terriccio compresso con il terreno del giardino...<\/span><\/p>\n<p><span style=\"font-family: 'PingFang SC', 'Microsoft YaHei', sans-serif\">Mescola una piccola quantit\u00e0 di terreno compresso asciutto o acquoso nella buca di semina.<\/span><br \/><span style=\"font-family: 'PingFang SC', 'Microsoft YaHei', sans-serif\">Scava una fessura per piantare nel tuo giardino, riempila con terreno acquoso compresso e pianta direttamente nel terreno fresco compresso.<\/span><br \/><span style=\"font-family: 'PingFang SC', 'Microsoft YaHei', sans-serif\">Ricoprire le piante esistenti con diverse manciate di terreno compresso asciutto o acquoso per contribuire a migliorare la struttura del terreno.<\/span><br \/><span style=\"font-family: 'PingFang SC', 'Microsoft YaHei', sans-serif\">Infatti, abbiamo sempre offerto una soluzione totale, il nostro terriccio compresso ha coperto il mondo, sia nelle zone a clima rigido che in quelle piovose. Dopo il mercato e il feedback dei clienti, la qualit\u00e0 del prodotto \u00e8 stata continuamente aggiornata. Quindi merita il favore!<\/span><\/p>\n<p><span style=\"font-family: 'PingFang SC', 'Microsoft YaHei', sans-serif\">Per le tue colture, puoi sicuramente utilizzare terriccio compattato! In realt\u00e0, \u00e8 l\u2019approccio pi\u00f9 efficace per seminare semi e trapiantare frutta, verdura, fiori ed erbe aromatiche. Per quasi tutte le verdure, un terriccio compattato di alta qualit\u00e0 \u00e8 l&#039;ideale dalla semina al raccolto.<\/span><\/p>\n<p><span style=\"font-family: 'PingFang SC', 'Microsoft YaHei', sans-serif\">L&#039;avvio dei semi nel terriccio compattato consente un&#039;adeguata crescita delle radici, con conseguente trapianto pi\u00f9 efficace e risultati complessivi fantastici.<\/span><\/p>\n<p><span style=\"font-family: 'PingFang SC', 'Microsoft YaHei', sans-serif\">Anche i semi pi\u00f9 piccoli possono crescere con successo nel terriccio compresso grazie alla sua consistenza e porosit\u00e0 ideali. Per garantire che le tue piantine ricevano i nutrienti di cui hanno bisogno quando sono necessari, il terriccio compresso aiuta a mantenere i corretti livelli di umidit\u00e0 attorno alle radici e mantiene il rivestimento del seme bagnato e protetto finch\u00e9 non \u00e8 pronto a germogliare.<\/span><\/p>\n<p><span style=\"font-family: 'PingFang SC', 'Microsoft YaHei', sans-serif\"><img decoding=\"async\" src=\"https:\/\/data.adwebcloud.com\/public\/material\/2206293ihquj\/product\/imageFile_1666536123164.jpg\" alt=\"1 16\" title=\"\"><\/span><br \/><span style=\"font-family: 'PingFang SC', 'Microsoft YaHei', sans-serif\"><img decoding=\"async\" src=\"https:\/\/data.adwebcloud.com\/public\/material\/2206293ihquj\/product\/imageFile_1666536126130.jpg\" alt=\"HoldingLgBox 2048x 1\" title=\"\"><\/span><br \/><span style=\"font-family: 'PingFang SC', 'Microsoft YaHei', sans-serif\"><img decoding=\"async\" src=\"https:\/\/data.adwebcloud.com\/public\/material\/2206293ihquj\/product\/imageFile_1666536130569.jpg\" alt=\"LgBoxInterior 2048x 1\" title=\"\"><\/span><br \/><span style=\"font-family: 'PingFang SC', 'Microsoft YaHei', sans-serif\"><img decoding=\"async\" src=\"https:\/\/data.adwebcloud.com\/public\/material\/2206293ihquj\/product\/imageFile_1666536134879.jpg\" alt=\"LgSoilMainListing 2048x 1\" title=\"\"><\/span><\/p>\n<p><span style=\"font-family: 'PingFang SC', 'Microsoft YaHei', sans-serif\">Con il nostro terriccio organico compresso, puoi ottenere molto di pi\u00f9! Questo ricco terriccio contiene una base di torba morbida e leggera, ricca di fitonutrienti organici essenziali per mantenere le tue piante vive, sane e attive. Perfetto per l&#039;utilizzo all&#039;interno o all&#039;esterno. Eccellente per aiuole, piantine e piante d&#039;appartamento!<\/span><\/p>\n<p><span style=\"font-family: 'PingFang SC', 'Microsoft YaHei', sans-serif\">molti microrganismi benefici<\/span><br \/><span style=\"font-family: 'PingFang SC', 'Microsoft YaHei', sans-serif\">I nostri apprezzati fertilizzanti organici sono realizzati per funzionare con funghi benefici, batteri e materia organica per migliorare il terreno. La miscela di terreno fornir\u00e0 nutrimento alle piante, incoragger\u00e0 la crescita e aumenter\u00e0 la fertilit\u00e0 del suolo. Il terreno pi\u00f9 adatto alla crescita delle piante.<\/span><\/p>\n<pre><\/pre>","protected":false},"excerpt":{"rendered":"<p>Kit da giardino per invasatura compressa. Il suolo \u00e8 ricco di nutrienti vegetali organici essenziali per portare vitalit\u00e0, salute e vitalit\u00e0 alle piante. Il terreno compresso viene disidratato e compresso per un facile trasporto e stoccaggio. I fertilizzanti organici includono farina di erba medica, farina di lische di pesce, gusci di ostriche, basalto, farina di piume e acido umico estratto dalla magnesite. Pennsylvania Certified Organic \u00e8 la certificazione biologica certificata USDA.<\/p>\n<p>Il terriccio compresso Comp \u00e8 ricco di fitonutrienti organici vitali per piante da interno, aiuole, piantine e piante giovani. La miscela di terreno fornir\u00e0 nutrimento alle piante, favorir\u00e0 la crescita e aumenter\u00e0 la fertilit\u00e0 del suolo.<\/p>","protected":false},"featured_media":13274,"comment_status":"open","ping_status":"closed","template":"","meta":[],"product_cat":[63],"product_tag":[88],"acf":[],"_links":{"self":[{"href":"https:\/\/www.garden-kit.com\/it\/wp-json\/wp\/v2\/product\/1668"}],"collection":[{"href":"https:\/\/www.garden-kit.com\/it\/wp-json\/wp\/v2\/product"}],"about":[{"href":"https:\/\/www.garden-kit.com\/it\/wp-json\/wp\/v2\/types\/product"}],"replies":[{"embeddable":true,"href":"https:\/\/www.garden-kit.com\/it\/wp-json\/wp\/v2\/comments?post=1668"}],"wp:featuredmedia":[{"embeddable":true,"href":"https:\/\/www.garden-kit.com\/it\/wp-json\/wp\/v2\/media\/13274"}],"wp:attachment":[{"href":"https:\/\/www.garden-kit.com\/it\/wp-json\/wp\/v2\/media?parent=1668"}],"wp:term":[{"taxonomy":"product_cat","embeddable":true,"href":"https:\/\/www.garden-kit.com\/it\/wp-json\/wp\/v2\/product_cat?post=1668"},{"taxonomy":"product_tag","embeddable":true,"href":"https:\/\/www.garden-kit.com\/it\/wp-json\/wp\/v2\/product_tag?post=1668"}],"curies":[{"name":"wp","href":"https:\/\/api.w.org\/{rel}","templated":true}]}}