{"id":1711,"date":"2022-08-24T00:37:38","date_gmt":"2022-08-23T16:37:38","guid":{"rendered":"http:\/\/www.garden-kit.com\/product\/seed-paper-plantable-mini-calendar-2023\/"},"modified":"2023-08-14T18:54:17","modified_gmt":"2023-08-14T10:54:17","slug":"seed-paper-plantable","status":"publish","type":"product","link":"https:\/\/www.garden-kit.com\/it\/product\/seed-paper-plantable\/","title":{"rendered":"Calendario Piantabile 2023"},"content":{"rendered":"<p><span style=\"font-family: 'PingFang SC', 'Microsoft YaHei', sans-serif\">Mini calendario 2023 Plantable Seed Paper \u00e8 un'alternativa sostenibile ed ecologica ai tradizionali prodotti cartacei...<\/span><br \/><span style=\"font-family: 'PingFang SC', 'Microsoft YaHei', sans-serif\">La carta da seme piantabile, nota anche come carta ecologica biodegradabile, proviene solitamente da materiali riciclati o riciclati in cui i semi vengono messi a bagno durante il processo di fabbricazione della carta. Ha bisogno di terra, acqua, calore e luce solare, proprio come i semi tipici. Quando viene piantata, la carta si decompone nel terreno e i semi iniziano a germogliare. <\/span><\/p>\n<h3 style=\"font-size: 19px\"><span style=\"font-family: 'PingFang SC', 'Microsoft YaHei', sans-serif;font-size: 18px\">Panoramica<\/span><\/h3>\n<table>\n<tbody>\n<tr>\n<td width=\"224\">\n<p><span style=\"font-family: 'PingFang SC', 'Microsoft YaHei', sans-serif\">Istruzioni per la cura del prodotto<\/span><\/p>\n<\/td>\n<td width=\"224\">\n<p><span style=\"font-family: 'PingFang SC', 'Microsoft YaHei', sans-serif\">Disponibile<\/span><\/p>\n<\/td>\n<\/tr>\n<tr>\n<td width=\"224\">\n<p><span style=\"font-family: 'PingFang SC', 'Microsoft YaHei', sans-serif\">Tipo di prodotto vegetale<\/span><\/p>\n<\/td>\n<td width=\"224\">\n<p><span style=\"font-family: 'PingFang SC', 'Microsoft YaHei', sans-serif\">fiori di campo e sicomoro<\/span><\/p>\n<\/td>\n<\/tr>\n<tr>\n<td width=\"224\">\n<p><span style=\"font-family: 'PingFang SC', 'Microsoft YaHei', sans-serif\">Caratteristica speciale<\/span><\/p>\n<\/td>\n<td width=\"224\">\n<p><span style=\"font-family: 'PingFang SC', 'Microsoft YaHei', sans-serif\">Coltivazione indoor-outdoor<\/span><\/p>\n<\/td>\n<\/tr>\n<tr>\n<td width=\"224\">\n<p><span style=\"font-family: 'PingFang SC', 'Microsoft YaHei', sans-serif\">Marca<\/span><\/p>\n<\/td>\n<td width=\"224\">\n<p><span style=\"font-family: 'PingFang SC', 'Microsoft YaHei', sans-serif\">Kit da giardino<\/span><\/p>\n<\/td>\n<\/tr>\n<tr>\n<td width=\"224\">\n<p><span style=\"font-family: 'PingFang SC', 'Microsoft YaHei', sans-serif\">Luogo d&#039;origine<\/span><\/p>\n<\/td>\n<td width=\"224\">\n<p><span style=\"font-family: 'PingFang SC', 'Microsoft YaHei', sans-serif\">Fujian, Cina<\/span><\/p>\n<\/td>\n<\/tr>\n<tr>\n<td width=\"224\">\n<p><span style=\"font-family: 'PingFang SC', 'Microsoft YaHei', sans-serif\">ODM\/OEM<\/span><\/p>\n<\/td>\n<td width=\"224\">\n<p><span style=\"font-family: 'PingFang SC', 'Microsoft YaHei', sans-serif\">Disponibile<\/span><\/p>\n<\/td>\n<\/tr>\n<tr>\n<td width=\"224\">\n<p><span style=\"font-family: 'PingFang SC', 'Microsoft YaHei', sans-serif\">MOQ per ordine personalizzato<\/span><\/p>\n<\/td>\n<td width=\"224\">\n<p><span style=\"font-family: 'PingFang SC', 'Microsoft YaHei', sans-serif\">3000 pezzi<\/span><\/p>\n<\/td>\n<\/tr>\n<tr>\n<td width=\"224\">\n<p><span style=\"font-family: 'PingFang SC', 'Microsoft YaHei', sans-serif\">Costo del campione<\/span><\/p>\n<\/td>\n<td width=\"224\">\n<p><span style=\"font-family: 'PingFang SC', 'Microsoft YaHei', sans-serif\">US$400\/Campione, restituzione completa dopo l&#039;ordine da parte nostra<\/span><\/p>\n<\/td>\n<\/tr>\n<\/tbody>\n<\/table>\n<h2 style=\"font-size: 20px\">Pianta la speranza, raccogli il futuro: calendario ecologico 2023 in carta da semina personalizzabile e piantabile<\/h2>\n<p>In quest'epoca di speranza e responsabilit\u00e0, con una profonda preoccupazione per la Terra, siamo orgogliosi di presentare un nuovo capolavoro creativo per il 2023: il calendario ecologico in carta da seme personalizzabile e piantabile. Questo calendario unico non solo permette di percepire il flusso del tempo, ma offre anche un modo meraviglioso per partecipare allo sviluppo sostenibile.<\/p>\n<h2 style=\"font-size: 20px\">Piantare la speranza, un calendario, un pezzo di verde!<\/h2>\n<p>Il calendario di carta da seme \u00e8 pi\u00f9 di un semplice calendario, \u00e8 un pezzo di speranza verde. Utilizziamo carta piantabile realizzata con cura e arricchita con semi di diverse piante, come fiori, ortaggi ed erbe. Alla fine di ogni mese, \u00e8 possibile strappare una pagina del calendario del mese precedente e seppellirla nel terreno, innaffiarla delicatamente e attendere che i semi germoglino e crescano. Ogni pagina lasciata \u00e8 l'inizio di una nuova vita, un dono alla natura.<\/p>\n<h2 style=\"font-size: 20px\">Scelte multiple, produzione personalizzata, semi di vostra scelta<\/h2>\n<p>Ci rendiamo conto che le preferenze e le preoccupazioni di ognuno sono uniche. Ecco perch\u00e9 offriamo un'ampia scelta di semi, in modo che possiate personalizzare il vostro calendario di carta da seme in base alle vostre preferenze ed esigenze. Potete scegliere di piantare tutti i tipi di bellissimi fiori, come rose e girasoli, per riempire ogni mese di colori e profumi. Oppure potete scegliere di coltivare verdure fresche e partecipare a uno stile di vita sano con le vostre mani, dal seme alla tavola. Inoltre, i semi di erbe aromatiche sono un'ottima opzione per ottenere una fragranza pura e naturale da gustare in qualsiasi momento. Qualunque sia la vostra scelta, troverete il vostro segno unico in ogni pagina del calendario.<\/p>\n<h2 style=\"font-size: 20px\">Servizio personalizzato OEM, creare insieme un futuro migliore<\/h2>\n<p>Offriamo servizi di personalizzazione OEM per aziende, gruppi e singoli individui, in modo che possiate lasciare il vostro segno unico sul calendario in carta semi. Che si tratti di uno slogan aziendale, delle informazioni sull'evento di un gruppo o di una parola di benedizione personale, tutti possono essere presentati sul calendario attraverso un design personalizzato, rendendo ogni calendario un regalo unico e prezioso.<\/p>\n<\/p>\n<p>Il 2023 \u00e8 l'anno in cui diventeremo pi\u00f9 connessi alla natura e contribuiremo alla protezione dell'ambiente e allo sviluppo sostenibile. Piantando la speranza, possiamo creare insieme un futuro pi\u00f9 verde e pi\u00f9 bello. Scegliete il calendario in carta da seme ecologica e personalizzabile per lasciare che il tempo fiorisca nelle vostre mani e che la speranza metta radici nel vostro cuore. Agite per un domani migliore!<\/p>","protected":false},"excerpt":{"rendered":"<p>Carta ecologica fatta a mano, riciclata e biodegradabile con semi - Idea regalo di Natale Carta da semina mini calendario 2023<\/p>\n<p>La carta da semina \u00e8 un tipo di carta ecologica che contiene semi incorporati al suo interno. Possono essere piantati nel terreno per farli crescere in fiori, erbe o ortaggi. La carta da semina pu\u00f2 essere acquistata online da vari rivenditori ed \u00e8 disponibile in diverse forme e dimensioni, tra cui biglietti, segnalibri e etichette regalo. Se volete acquistare carta da seme online, non esitate a contattarci.<\/p><\/p>","protected":false},"featured_media":15997,"comment_status":"closed","ping_status":"closed","template":"","meta":[],"product_cat":[67],"product_tag":[761,583,611,581,613,853,759,765,99,614],"acf":[],"_links":{"self":[{"href":"https:\/\/www.garden-kit.com\/it\/wp-json\/wp\/v2\/product\/1711"}],"collection":[{"href":"https:\/\/www.garden-kit.com\/it\/wp-json\/wp\/v2\/product"}],"about":[{"href":"https:\/\/www.garden-kit.com\/it\/wp-json\/wp\/v2\/types\/product"}],"replies":[{"embeddable":true,"href":"https:\/\/www.garden-kit.com\/it\/wp-json\/wp\/v2\/comments?post=1711"}],"wp:featuredmedia":[{"embeddable":true,"href":"https:\/\/www.garden-kit.com\/it\/wp-json\/wp\/v2\/media\/15997"}],"wp:attachment":[{"href":"https:\/\/www.garden-kit.com\/it\/wp-json\/wp\/v2\/media?parent=1711"}],"wp:term":[{"taxonomy":"product_cat","embeddable":true,"href":"https:\/\/www.garden-kit.com\/it\/wp-json\/wp\/v2\/product_cat?post=1711"},{"taxonomy":"product_tag","embeddable":true,"href":"https:\/\/www.garden-kit.com\/it\/wp-json\/wp\/v2\/product_tag?post=1711"}],"curies":[{"name":"wp","href":"https:\/\/api.w.org\/{rel}","templated":true}]}}