{"id":1718,"date":"2022-08-24T00:38:09","date_gmt":"2022-08-23T16:38:09","guid":{"rendered":"http:\/\/www.garden-kit.com\/product\/do-your-tonic\/"},"modified":"2023-04-03T11:22:14","modified_gmt":"2023-04-03T03:22:14","slug":"do-your-tonic","status":"publish","type":"product","link":"https:\/\/www.garden-kit.com\/it\/product\/do-your-tonic\/","title":{"rendered":"Fai il tuo tonico"},"content":{"rendered":"<h3 style=\"font-size: 19px\"><span style=\"font-family: arial, helvetica, sans-serif;font-size: 16px\">Panoramica<\/span><\/h3>\n<table style=\"border-collapse: collapse;width: 100%;height: 300px\" width=\"100%\">\n<tbody>\n<tr>\n<td width=\"299\"><span style=\"font-family: arial, helvetica, sans-serif;font-size: 16px\">Istruzioni per la cura del prodotto<\/span><\/td>\n<td width=\"299\"><span style=\"font-family: arial, helvetica, sans-serif;font-size: 16px\">Disponibile<\/span><\/td>\n<\/tr>\n<tr>\n<td width=\"299\"><span style=\"font-family: arial, helvetica, sans-serif;font-size: 16px\">Tipologia di prodotto<\/span><\/td>\n<td width=\"299\"><span style=\"font-family: arial, helvetica, sans-serif;font-size: 16px\">FAI IL TUO TONICO<\/span><\/td>\n<\/tr>\n<tr>\n<td width=\"299\"><span style=\"font-family: arial, helvetica, sans-serif;font-size: 16px\">Caratteristica speciale<\/span><\/td>\n<td width=\"299\"><span style=\"font-family: arial, helvetica, sans-serif;font-size: 16px\">Preparate la vostra acqua tonica con le sostanze botaniche<\/span><\/td>\n<\/tr>\n<tr>\n<td width=\"299\"><span style=\"font-family: arial, helvetica, sans-serif;font-size: 16px\">Marca<\/span><\/td>\n<td width=\"299\"><span style=\"font-family: arial, helvetica, sans-serif;font-size: 16px\">Kit da giardino<\/span><\/td>\n<\/tr>\n<tr>\n<td width=\"299\"><span style=\"font-family: arial, helvetica, sans-serif;font-size: 16px\">Luogo d&#039;origine<\/span><\/td>\n<td width=\"299\"><span style=\"font-family: arial, helvetica, sans-serif;font-size: 16px\">Fujian, Cina<\/span><\/td>\n<\/tr>\n<tr>\n<td width=\"299\"><span style=\"font-family: arial, helvetica, sans-serif;font-size: 16px\">ODM\/OEM<\/span><\/td>\n<td width=\"299\"><span style=\"font-family: arial, helvetica, sans-serif;font-size: 16px\">Disponibile<\/span><\/td>\n<\/tr>\n<tr>\n<td width=\"299\"><span style=\"font-family: arial, helvetica, sans-serif;font-size: 16px\">MOQ per ordine personalizzato<\/span><\/td>\n<td width=\"299\"><span style=\"font-family: arial, helvetica, sans-serif;font-size: 16px\">3000 pezzi<\/span><\/td>\n<\/tr>\n<tr>\n<td width=\"299\"><span style=\"font-family: arial, helvetica, sans-serif;font-size: 16px\">Costo del campione<\/span><\/td>\n<td width=\"299\"><span style=\"font-family: arial, helvetica, sans-serif;font-size: 16px\">US$400\/Campione, restituzione completa dopo l&#039;ordine da parte nostra<\/span><\/td>\n<\/tr>\n<\/tbody>\n<\/table>\n<pre>&nbsp;<\/pre>\n<p style=\"line-height: 1.5\"><span style=\"font-family: arial, helvetica, sans-serif;font-size: 16px\">Preparate la vostra tonica - Preparate il vostro sciroppo tonico con il nostro kit. Date al vostro gin preferito un tocco personale con la vostra acqua tonica!<\/span><\/p>\n<pre><span style=\"font-family: arial, helvetica, sans-serif;font-size: 16px\"><br \/>Nel kit sono inclusi i seguenti articoli.<\/span><\/pre>\n<p style=\"line-height: 1.5\"><span style=\"font-family: arial, helvetica, sans-serif;font-size: 16px\">12 bicchieri di Botanicals :<\/span><\/p>\n<p style=\"line-height: 1.5\"><span style=\"font-family: arial, helvetica, sans-serif;font-size: 16px\">Corteccia di Cinchona<\/span><\/p>\n<p style=\"line-height: 1.5\"><span style=\"font-family: arial, helvetica, sans-serif;font-size: 16px\">Acido citrico<\/span><\/p>\n<p style=\"line-height: 1.5\"><span style=\"font-family: arial, helvetica, sans-serif;font-size: 16px\">Cardamomo verde<\/span><\/p>\n<p style=\"line-height: 1.5\"><span style=\"font-family: arial, helvetica, sans-serif;font-size: 16px\">Citronella<\/span><\/p>\n<p style=\"line-height: 1.5\"><span style=\"font-family: arial, helvetica, sans-serif;font-size: 16px\">T\u00e8 Oolong<\/span><\/p>\n<p style=\"line-height: 1.5\"><span style=\"font-family: arial, helvetica, sans-serif;font-size: 16px\">Petali di rosa<\/span><\/p>\n<p style=\"line-height: 1.5\"><span style=\"font-family: arial, helvetica, sans-serif;font-size: 16px\">Rosmarino<\/span><\/p>\n<p style=\"line-height: 1.5\"><span style=\"font-family: arial, helvetica, sans-serif;font-size: 16px\">Timo<\/span><\/p>\n<p style=\"line-height: 1.5\"><span style=\"font-family: arial, helvetica, sans-serif;font-size: 16px\">1 colino di rame e misuratore di bevande abbinato<\/span><\/p>\n<p style=\"line-height: 1.5\"><span style=\"font-family: arial, helvetica, sans-serif;font-size: 16px\">1 Scheda con istruzioni dettagliate<\/span><\/p>\n<p style=\"line-height: 1.5\"><span style=\"font-family: arial, helvetica, sans-serif;font-size: 16px\">1 scatola artigianale personalizzata<\/span><\/p>\n<p style=\"line-height: 1.5\"><span style=\"font-family: arial, helvetica, sans-serif;font-size: 16px\">Siate creativi in natura - giocate con le piante senza esitazioni. Questo \u00e8 il vostro integratore. Siete voi a decidere! Se vi piace il Mediterraneo, aggiungete il rosmarino. Preferite i fiori? - Aggiungete pure dei petali di rosa. Non ci sono limiti alla vostra creativit\u00e0!<\/span><\/p>\n<p style=\"line-height: 1.5\">&nbsp;<\/p>\n<p><span style=\"font-family: arial, helvetica, sans-serif\">Il rosmarino \u00e8 una preziosa pianta aromatica naturale. Durante la stagione di crescita emette un profumo che ha l'effetto di rinfrescare il cuore. Gli steli, le foglie e i fiori hanno un profumo gradevole. L'olio aromatico estratto dai fiori e dai rametti pu\u00f2 essere utilizzato per preparare detergenti per l'aria, profumi, saponi e altre materie prime cosmetiche. La lozione pi\u00f9 famosa \u00e8 quella a base di rosmarino. Si usa nelle bevande, negli oli per la cura della pelle, nei tonici per capelli e nei detersivi per il bucato.<\/span><\/p>\n<p><span style=\"font-family: arial, helvetica, sans-serif\"><\/span><\/p>\n<p><span style=\"font-family: arial, helvetica, sans-serif\">Il rosmarino ha effetti calmanti, rinfrescanti e dissetanti, e ha un certo effetto sull'indigestione e sul mal di stomaco. Dopo averlo schiacciato, immergerlo in acqua bollente e berlo, 2-3 volte al giorno, pu\u00f2 svolgere un ruolo di sedazione e diuresi. Pu\u00f2 essere utilizzato anche per trattare insonnia, palpitazioni, mal di testa, indigestione e altre malattie. L'uso esterno pu\u00f2 trattare traumi e artrite. Ha anche l'effetto di rafforzare il cuore, promuovere il metabolismo e favorire la circolazione sanguigna dei vasi periferici.<\/span><\/p>\n<\/p>\n<p style=\"line-height: 1.5\"><span style=\"font-family: arial, helvetica, sans-serif;font-size: 16px\">Coccolate gli occhi e il palato - Oltre agli ingredienti di prima qualit\u00e0, il nostro kit contiene due bellissime bottiglie di vetro italiano per la preparazione e uno shaker da bar di prima qualit\u00e0 in acciaio inossidabile. Personalizzate la vostra creazione con l'etichetta inclusa: questo sar\u00e0 il vostro rum d'autore!<\/span><\/p>\n<p style=\"line-height: 1.5\"><span style=\"font-family: arial, helvetica, sans-serif;font-size: 16px\">Diventa un professionista del bar: un'istruzione chiara, tre ricette fantastiche e un glossario ordinato ti daranno tutte le informazioni per entusiasmare tutti!<\/span><\/p>\n<p style=\"line-height: 1.5\">&nbsp;<\/p>\n<p style=\"line-height: 1.5\"><span style=\"font-family: arial, helvetica, sans-serif;font-size: 16px\">Un regalo di puro godimento: il nostro set \u00e8 sicuramente il regalo ideale per tutti coloro che vogliono bere un bicchiere di gin. Ad una festa di compleanno, sotto l'albero di Natale o ad un matrimonio. cosa state aspettando? Fate quello che volete - fate il vostro TONIC!<\/span><\/p><\/p>","protected":false},"excerpt":{"rendered":"<p>FAI LA TUA TONICA - Set completo di acqua tonica - Prepara la tua acqua tonica con prodotti botanici - Regalo perfetto per uomini e donne<\/p>","protected":false},"featured_media":13268,"comment_status":"open","ping_status":"closed","template":"","meta":[],"product_cat":[86],"product_tag":[100,541,538,542,539,540],"acf":[],"_links":{"self":[{"href":"https:\/\/www.garden-kit.com\/it\/wp-json\/wp\/v2\/product\/1718"}],"collection":[{"href":"https:\/\/www.garden-kit.com\/it\/wp-json\/wp\/v2\/product"}],"about":[{"href":"https:\/\/www.garden-kit.com\/it\/wp-json\/wp\/v2\/types\/product"}],"replies":[{"embeddable":true,"href":"https:\/\/www.garden-kit.com\/it\/wp-json\/wp\/v2\/comments?post=1718"}],"wp:featuredmedia":[{"embeddable":true,"href":"https:\/\/www.garden-kit.com\/it\/wp-json\/wp\/v2\/media\/13268"}],"wp:attachment":[{"href":"https:\/\/www.garden-kit.com\/it\/wp-json\/wp\/v2\/media?parent=1718"}],"wp:term":[{"taxonomy":"product_cat","embeddable":true,"href":"https:\/\/www.garden-kit.com\/it\/wp-json\/wp\/v2\/product_cat?post=1718"},{"taxonomy":"product_tag","embeddable":true,"href":"https:\/\/www.garden-kit.com\/it\/wp-json\/wp\/v2\/product_tag?post=1718"}],"curies":[{"name":"wp","href":"https:\/\/api.w.org\/{rel}","templated":true}]}}