{"id":1797,"date":"2022-08-24T09:09:06","date_gmt":"2022-08-24T01:09:06","guid":{"rendered":"http:\/\/www.garden-kit.com\/product\/seed-ball-kits\/"},"modified":"2023-04-03T11:25:54","modified_gmt":"2023-04-03T03:25:54","slug":"seed-ball-kits","status":"publish","type":"product","link":"https:\/\/www.garden-kit.com\/it\/product\/seed-ball-kits\/","title":{"rendered":"Kit di palline di semi"},"content":{"rendered":"<h3 style=\"font-size: 19px\"><strong><span style=\"font-family: arial, helvetica, sans-serif;font-size: 18px\">Panoramica<\/span><\/strong><\/h3>\n<table width=\"597\" style=\"height: 278px\">\n<tbody>\n<tr style=\"height: 32px\">\n<td width=\"299\" style=\"width: 299px;border-color: #169179;border-style: hidden;height: 32px\">\n<p style=\"font-size: 16px\"><span style=\"font-family: arial, helvetica, sans-serif;font-size: 16px\">Istruzioni per la cura del prodotto<\/span><\/p>\n<\/td>\n<td width=\"299\" style=\"height: 32px\">\n<p style=\"font-size: 16px\"><span style=\"font-family: arial, helvetica, sans-serif;font-size: 16px\">Disponibile<\/span><\/p>\n<\/td>\n<\/tr>\n<tr style=\"height: 32px\">\n<td width=\"299\" style=\"height: 32px\">\n<p style=\"font-size: 16px\"><span style=\"font-family: arial, helvetica, sans-serif;font-size: 16px\">Tipo di prodotto vegetale<\/span><\/p>\n<\/td>\n<td width=\"299\" style=\"height: 32px\">\n<p style=\"font-size: 16px\"><span style=\"font-family: arial, helvetica, sans-serif;font-size: 16px\">Pomodoro ed erbe aromatiche<\/span><\/p>\n<\/td>\n<\/tr>\n<tr style=\"height: 32px\">\n<td width=\"299\" style=\"height: 32px\">\n<p style=\"font-size: 16px\"><span style=\"font-family: arial, helvetica, sans-serif;font-size: 16px\">Caratteristica speciale<\/span><\/p>\n<\/td>\n<td width=\"299\" style=\"height: 32px\">\n<p style=\"font-size: 16px\"><span style=\"font-family: arial, helvetica, sans-serif;font-size: 16px\">Coltivazione indoor-outdoor<\/span><\/p>\n<\/td>\n<\/tr>\n<tr style=\"height: 32px\">\n<td width=\"299\" style=\"height: 32px\">\n<p style=\"font-size: 16px\"><span style=\"font-family: arial, helvetica, sans-serif;font-size: 16px\">Marca<\/span><\/p>\n<\/td>\n<td width=\"299\" style=\"height: 32px\">\n<p style=\"font-size: 16px\"><span style=\"font-family: arial, helvetica, sans-serif;font-size: 16px\">Kit da giardino<\/span><\/p>\n<\/td>\n<\/tr>\n<tr style=\"height: 32px\">\n<td width=\"299\" style=\"height: 32px\">\n<p style=\"font-size: 16px\"><span style=\"font-family: arial, helvetica, sans-serif;font-size: 16px\">Luogo d&#039;origine<\/span><\/p>\n<\/td>\n<td width=\"299\" style=\"height: 32px\">\n<p style=\"font-size: 16px\"><span style=\"font-family: arial, helvetica, sans-serif;font-size: 16px\">Fujian, Cina<\/span><\/p>\n<\/td>\n<\/tr>\n<tr style=\"height: 32px\">\n<td width=\"299\" style=\"height: 32px\">\n<p style=\"font-size: 16px\"><span style=\"font-family: arial, helvetica, sans-serif;font-size: 16px\">ODM\/OEM<\/span><\/p>\n<\/td>\n<td width=\"299\" style=\"height: 32px\">\n<p style=\"font-size: 16px\"><span style=\"font-family: arial, helvetica, sans-serif;font-size: 16px\">Disponibile<\/span><\/p>\n<\/td>\n<\/tr>\n<tr style=\"height: 32px\">\n<td width=\"299\" style=\"height: 32px\">\n<p style=\"font-size: 16px\"><span style=\"font-family: arial, helvetica, sans-serif;font-size: 16px\">MOQ per ordine personalizzato<\/span><\/p>\n<\/td>\n<td width=\"299\" style=\"height: 32px\">\n<p style=\"font-size: 16px\"><span style=\"font-family: arial, helvetica, sans-serif;font-size: 16px\">3000 pezzi<\/span><\/p>\n<\/td>\n<\/tr>\n<tr style=\"height: 54px\">\n<td width=\"299\" style=\"height: 54px\">\n<p style=\"font-size: 16px\"><span style=\"font-family: arial, helvetica, sans-serif;font-size: 16px\">Costo del campione<\/span><\/p>\n<\/td>\n<td width=\"299\" style=\"height: 54px\">\n<p style=\"font-size: 16px\"><span style=\"font-family: arial, helvetica, sans-serif;font-size: 16px\">US$400\/Campione, restituzione completa dopo l&#039;ordine da parte nostra<\/span><\/p>\n<\/td>\n<\/tr>\n<\/tbody>\n<\/table>\n<p style=\"font-size: 16px;text-align: center\"><span style=\"font-family: arial, helvetica, sans-serif;font-size: 18px\">&nbsp; <img decoding=\"async\" src=\"https:\/\/data.adwebcloud.com\/public\/material\/2206293ihquj\/product\/xwnrgrmito_1661257235889.jpg\" alt=\"esempio\" width=\"400\" title=\"\"> <img decoding=\"async\" src=\"https:\/\/data.adwebcloud.com\/public\/material\/2206293ihquj\/product\/rm91ge46hx_1661257237615.jpg\" alt=\"esempio\" width=\"400\" title=\"\">&nbsp;<\/span><\/p>\n<p><span style=\"font-size: 16px;font-family: arial, helvetica, sans-serif\">Kit di palline di semi: \u00c8 facile - eliminiamo le congetture sulla coltivazione dei semi di pomodoro e di erbe aromatiche, guidandovi in ogni fase del processo. Tutto ci\u00f2 di cui avete bisogno per portare la gioia del pomodoro e delle erbe aromatiche nella vostra vita o in quella di una persona cara, in una bellissima confezione regalo. Pianta!<\/span><\/p>\n<p><span style=\"font-size: 16px;font-family: arial, helvetica, sans-serif\">Nel kit sono inclusi i seguenti articoli.<\/span><\/p>\n<p><span style=\"font-size: 16px;font-family: arial, helvetica, sans-serif\">Kit di palline di semi per il giardino della pizza: Argilla e getti di vermi in un sacchetto biodegradabile, semi di basilico kenovis biologico, pomodori ciliegini biologici, rucola biologica e origano greco biologico, righello guida per l'orto e istruzioni per la semina. Fino a 20 palline di semi.<\/span><\/p>\n<p><span style=\"font-size: 16px;font-family: arial, helvetica, sans-serif\">Tagliapizza: lama in acciaio inossidabile, copertura protettiva della lama, lavabile in lavastoviglie<\/span><\/p>\n<p><span style=\"font-size: 16px;font-family: arial, helvetica, sans-serif\">Etichetta da giardino: bamb\u00f9<\/span><\/p>\n<p><span style=\"font-size: 16px;font-family: arial, helvetica, sans-serif\">Una collezione colorata per iniziare a coltivare tutti gli ingredienti per la serata della pizza in un fertile giardino di ispirazione italiana.<\/span><\/p>\n<p><span style=\"font-size: 16px;font-family: arial, helvetica, sans-serif\">Kit di palline di semi per il giardino della pizza: L'essenziale per realizzare 20 palline di semi dense di sostanze nutritive, oltre alle istruzioni per la semina per avviare un bellissimo giardino. Include semi di basilico, rucola, pomodorini e origano biologici.<\/span><\/p>\n<p><span style=\"font-size: 16px;font-family: arial, helvetica, sans-serif\">Tagliapizza: Strumento da cucina ergonomico con impugnatura facile da usare per tagliare facilmente pizza e pane piatto.<\/span><\/p>\n<p><span style=\"font-size: 16px;font-family: arial, helvetica, sans-serif\">Segnalini da giardino: Quattro segnapiante in bamb\u00f9 per il tuo giardino all&#039;italiana.<\/span><\/p>\n<p><span style=\"font-size: 16px;font-family: arial, helvetica, sans-serif\">Kit scatola: 12,125&quot; L x 9,25&quot; A x 6&quot; P<\/span><\/p>\n<p><span style=\"font-size: 16px;font-family: arial, helvetica, sans-serif\">Kit palline di semi per pizza da giardino: 6 &quot;L x 4&quot; A x 8 &quot;P<\/span><\/p>\n<p><span style=\"font-size: 16px;font-family: arial, helvetica, sans-serif\">Tagliapizza: 4\u2033 x 3,7\u2033<\/span><\/p>\n<p><span style=\"font-size: 16px;font-family: arial, helvetica, sans-serif\">Segnaposto da giardino: 2,3 &quot;x 4&quot;<\/span><\/p>\n<p><span style=\"font-size: 18px;font-family: arial, helvetica, sans-serif\"><\/span><\/p>\n<h3 style=\"font-size: 19px\"><span style=\"font-family: arial, helvetica, sans-serif\"><span style=\"font-size: 18px\">Perch\u00e9 si chiama Pizza Garden Seed Ball Kit?<\/span><span style=\"font-size: 18px\"><\/span><\/span><\/h3>\n<p><span style=\"font-size: 16px;font-family: arial, helvetica, sans-serif\">I semi che forniamo sono il pomodoro e le erbe aromatiche, che sono gli alimenti e gli ingredienti principali che utilizziamo quando prepariamo la salsa per la pizza. La salsa per la pizza \u00e8 una semplice salsa fatta in casa, i cui ingredienti principali sono pomodoro, cipolla, aglio, salsa di pomodoro, erbe aromatiche e pepe nero. Poich\u00e9 il gusto della salsa per pizza \u00e8 molto semplice e non evidenzia alcun sapore particolare, pu\u00f2 essere utilizzata in una gamma pi\u00f9 ampia. Ad esempio, pu\u00f2 essere aggiunta come concentrato di pomodoro nella preparazione della pizza.<\/span><\/p>\n<p><span style=\"font-size: 16px;font-family: arial, helvetica, sans-serif\">Il frutto del pomodoro \u00e8 ricco di sostanze nutritive e ha un sapore speciale. La \"tomatocina\" che contiene ha l'effetto di inibire i batteri; l'acido malico, l'acido citrico e lo zucchero che contiene hanno la funzione di aiutare la digestione. La vaniglia, come spezia, pu\u00f2 esaltare il profumo; pu\u00f2 anche essere consumata direttamente come verdura e frutta, e aggiunta agli alimenti come conservante naturale.<\/span><\/p>\n<p><span style=\"font-size: 16px;font-family: arial, helvetica, sans-serif\">Ora che potete ottenere entrambe le cose con il nostro kit di palline di semi, non sarebbe pi\u00f9 soddisfacente coltivare la vostra salsa per pizza preferita?<\/span><\/p>\n<pre><span style=\"font-family: arial, helvetica, sans-serif;font-size: 18px\">&nbsp;<\/span><\/pre>\n<h3 style=\"font-size: 19px\"><span style=\"font-family: arial, helvetica, sans-serif;font-size: 18px\">Dos e don't per la semina dei nostri kit di palline da semina<\/span><\/h3>\n<p><span style=\"font-family: arial, helvetica, sans-serif;font-size: 16px\">Quando si utilizzano i nostri kit di palline da seme \u00e8 necessario osservare attentamente e avere pazienza nel processo di coltivazione, perch\u00e9 \u00e8 necessario che crescano dal seme al frutto da raccogliere. Quindi, durante il processo di coltivazione, \u00e8 necessario prestare attenzione ai seguenti punti:<\/span><\/p>\n<p><span style=\"font-size: 16px\"><strong><span style=\"font-family: arial, helvetica, sans-serif\">1. Gestione dell'acqua e dei fertilizzanti<\/span><\/strong><\/span><br \/><span style=\"font-family: arial, helvetica, sans-serif;font-size: 16px\">Che si tratti di pomodori o di erbe aromatiche, non hanno bisogno di molto fertilizzante. Nelle fasi iniziali e centrali della crescita, il fabbisogno idrico \u00e8 maggiore e le piante in vaso devono essere annaffiate una volta ogni 3 giorni circa. Hanno bisogno di pi\u00f9 acqua e devono essere irrigate per tempo. Ma fate attenzione al drenaggio durante la stagione delle piogge.<\/span><\/p>\n<p><span style=\"font-size: 16px\"><strong><span style=\"font-family: arial, helvetica, sans-serif\">2. Controllo dei parassiti<\/span><\/strong><\/span><br \/><span style=\"font-family: arial, helvetica, sans-serif;font-size: 16px\">Sono tutti legati alla dieta. \u00c8 meglio non usare pesticidi. Se si riscontrano parassiti e malattie, bisogna intervenire il prima possibile. \u00c8 necessaria una gestione scientifica per coltivare piantine forti, aumentare l'applicazione di fertilizzanti, promuovere la crescita e la robustezza delle piante e migliorare la resistenza alle malattie.<\/span><\/p>\n<pre><\/pre><\/p>","protected":false},"excerpt":{"rendered":"<p>Kit di palline di semi: \u00e8 facile: eliminiamo le congetture dalla coltivazione di semi di pomodori ed erbe aromatiche, guidandoti in ogni fase del percorso. Tutto ci\u00f2 di cui hai bisogno per portare la gioia di Pomodoro ed erbe aromatiche nella vita tua o della persona amata in una bellissima confezione regalo. Piantala!<\/p>","protected":false},"featured_media":13286,"comment_status":"open","ping_status":"closed","template":"","meta":[],"product_cat":[67],"product_tag":[598,593,70,594,595,596],"acf":[],"_links":{"self":[{"href":"https:\/\/www.garden-kit.com\/it\/wp-json\/wp\/v2\/product\/1797"}],"collection":[{"href":"https:\/\/www.garden-kit.com\/it\/wp-json\/wp\/v2\/product"}],"about":[{"href":"https:\/\/www.garden-kit.com\/it\/wp-json\/wp\/v2\/types\/product"}],"replies":[{"embeddable":true,"href":"https:\/\/www.garden-kit.com\/it\/wp-json\/wp\/v2\/comments?post=1797"}],"wp:featuredmedia":[{"embeddable":true,"href":"https:\/\/www.garden-kit.com\/it\/wp-json\/wp\/v2\/media\/13286"}],"wp:attachment":[{"href":"https:\/\/www.garden-kit.com\/it\/wp-json\/wp\/v2\/media?parent=1797"}],"wp:term":[{"taxonomy":"product_cat","embeddable":true,"href":"https:\/\/www.garden-kit.com\/it\/wp-json\/wp\/v2\/product_cat?post=1797"},{"taxonomy":"product_tag","embeddable":true,"href":"https:\/\/www.garden-kit.com\/it\/wp-json\/wp\/v2\/product_tag?post=1797"}],"curies":[{"name":"wp","href":"https:\/\/api.w.org\/{rel}","templated":true}]}}