{"id":1863,"date":"2022-08-24T09:13:56","date_gmt":"2022-08-24T01:13:56","guid":{"rendered":"http:\/\/www.garden-kit.com\/product\/craftly-explore-pfeffer-6-ausgefallene-aromatische-pfeffer-im-probierset\/"},"modified":"2023-03-31T15:04:43","modified_gmt":"2023-03-31T07:04:43","slug":"chili-gift-set","status":"publish","type":"product","link":"https:\/\/www.garden-kit.com\/it\/product\/chili-gift-set\/","title":{"rendered":"Set regalo peperoncino"},"content":{"rendered":"<h3 style=\"font-size: 19px\"><span style=\"font-family: arial, helvetica, sans-serif;font-size: 16px\">Panoramica<\/span><\/h3>\n<table style=\"border-collapse: collapse;width: 100%;height: 300px\" width=\"100%\">\n<tbody>\n<tr style=\"height: 21px\">\n<td style=\"height: 21px\" width=\"299\"><span style=\"font-family: arial, helvetica, sans-serif;font-size: 16px\">Istruzioni per la cura del prodotto<\/span><\/td>\n<td style=\"height: 21px\" width=\"299\"><span style=\"font-family: arial, helvetica, sans-serif;font-size: 16px\">Disponibile<\/span><\/td>\n<\/tr>\n<tr style=\"height: 21px\">\n<td style=\"height: 21px\" width=\"299\"><span style=\"font-family: arial, helvetica, sans-serif;font-size: 16px\">Tipologia di prodotto<\/span><\/td>\n<td style=\"height: 21px\" width=\"299\"><span style=\"font-family: arial, helvetica, sans-serif;font-size: 16px\">Kit 6 peperoni insoliti e aromatici<\/span><\/td>\n<\/tr>\n<tr style=\"height: 41px\">\n<td style=\"height: 41px\" width=\"299\"><span style=\"font-family: arial, helvetica, sans-serif;font-size: 16px\">Caratteristica speciale<\/span><\/td>\n<td style=\"height: 41px\" width=\"299\">\n<pre><span style=\"font-family: arial, helvetica, sans-serif;font-size: 16px\">Esplora Pepper: 6 peperoni insoliti e aromatici in un set<\/span><\/pre>\n<\/td>\n<\/tr>\n<tr style=\"height: 21px\">\n<td style=\"height: 21px\" width=\"299\"><span style=\"font-family: arial, helvetica, sans-serif;font-size: 16px\">Marca<\/span><\/td>\n<td style=\"height: 21px\" width=\"299\"><span style=\"font-family: arial, helvetica, sans-serif;font-size: 16px\">Kit da giardino<\/span><\/td>\n<\/tr>\n<tr style=\"height: 21px\">\n<td style=\"height: 21px\" width=\"299\"><span style=\"font-family: arial, helvetica, sans-serif;font-size: 16px\">Luogo d&#039;origine<\/span><\/td>\n<td style=\"height: 21px\" width=\"299\"><span style=\"font-family: arial, helvetica, sans-serif;font-size: 16px\">Fujian, Cina<\/span><\/td>\n<\/tr>\n<tr style=\"height: 21px\">\n<td style=\"height: 21px\" width=\"299\"><span style=\"font-family: arial, helvetica, sans-serif;font-size: 16px\">ODM\/OEM<\/span><\/td>\n<td style=\"height: 21px\" width=\"299\"><span style=\"font-family: arial, helvetica, sans-serif;font-size: 16px\">Disponibile<\/span><\/td>\n<\/tr>\n<tr style=\"height: 42px\">\n<td style=\"height: 42px\" width=\"299\"><span style=\"font-family: arial, helvetica, sans-serif;font-size: 16px\">MOQ per ordine personalizzato<\/span><\/td>\n<td style=\"height: 42px\" width=\"299\"><span style=\"font-family: arial, helvetica, sans-serif;font-size: 16px\">3000 pezzi<\/span><\/td>\n<\/tr>\n<tr style=\"height: 21px\">\n<td style=\"height: 21px\" width=\"299\"><span style=\"font-family: arial, helvetica, sans-serif;font-size: 16px\">Costo del campione<\/span><\/td>\n<td style=\"height: 21px\" width=\"299\"><span style=\"font-family: arial, helvetica, sans-serif;font-size: 16px\">US$400\/Campione, reso completo dopo un nostro ordine<\/span><\/td>\n<\/tr>\n<\/tbody>\n<\/table>\n<pre>&nbsp;<\/pre>\n<p><span style=\"font-family: arial, helvetica, sans-serif;font-size: 16px\">La gente del posto sa dove crescono i peperoni. Almeno quelli che vogliono che i loro coetanei vadano l\u00ec dovrebbero saperlo. Come crescono i peperoni \u00e8 un&#039;altra questione: pochi sospetterebbero che dietro i chicchi scuri sul portaspezie ci siano piante rampicanti subtropicali. L&#039;albero del pepe nero (Piper nigrum) \u00e8 sempre cresciuto rapidamente: dapprima sugli alberi della costa del Malabar, nell&#039;India orientale, da dove proviene originariamente ed \u00e8 stato a lungo considerato una spezia e una pianta medicinale. Entro e non oltre il IV secolo a.C. E poi anche in Europa. Non come pianta rampicante, per\u00f2 \u2013 manca solo la temperatura, ma come foraggio per le leggende che da l\u00ec in poi dovrebbero ruotare attorno ad essa: un lusso costoso, apprezzato dai potenti e dai ricchi.<\/span><\/p>\n<pre><span style=\"font-family: arial, helvetica, sans-serif;font-size: 16px\">Nel kit sono inclusi i seguenti articoli.<\/span><\/pre>\n<p><span style=\"font-family: arial, helvetica, sans-serif;font-size: 16px\">6 peperoni aromatici e insoliti in un set campione:<\/span><\/p>\n<p><span style=\"font-family: arial, helvetica, sans-serif;font-size: 16px\">Pepe di Timur<\/span><\/p>\n<p><span style=\"font-family: arial, helvetica, sans-serif;font-size: 16px\">Cameo Pepe<\/span><\/p>\n<p><span style=\"font-family: arial, helvetica, sans-serif;font-size: 16px\">Pepe Kampot fermentato<\/span><\/p>\n<p><span style=\"font-family: arial, helvetica, sans-serif;font-size: 16px\">Pepe Rosso Kampot<\/span><\/p>\n<p><span style=\"font-family: arial, helvetica, sans-serif;font-size: 16px\">Pepe verde<\/span><\/p>\n<p><span style=\"font-family: arial, helvetica, sans-serif;font-size: 16px\">Pepe di montagna della Tasmania<\/span><\/p>\n<p><span style=\"font-family: arial, helvetica, sans-serif;font-size: 16px\">1 Scheda con istruzioni dettagliate<\/span><\/p>\n<p><span style=\"font-family: arial, helvetica, sans-serif;font-size: 16px\">1 scatola artigianale personalizzata<\/span><\/p>\n<p><span style=\"font-family: arial, helvetica, sans-serif;font-size: 16px\"><\/span><\/p>\n<p>Grani di pepe e spezie assortite<br \/>Pu\u00f2 contenere solfiti, glutine, senape, sedano, soia e sesamo<br \/>Include le miscele di pepe bianco Sarawak, miscela arcobaleno, pepe lungo della Malesia, pepe al limone, nero vietnamita, rosa brasiliano, Szechuan cinese e pepe verde indiano.&nbsp;<\/p>\n<\/p>\n<p><span style=\"font-family: arial, helvetica, sans-serif;font-size: 16px\">Scopri sapori entusiasmanti: intraprendi un viaggio emozionante per assaggiare alcuni dei peperoni pi\u00f9 emozionanti del mondo: dall&#039;Himalaya alla Cambogia alla Tasmania.<\/span><\/p>\n<p>&nbsp;<\/p>\n<p><span style=\"font-family: arial, helvetica, sans-serif;font-size: 16px\">Barattoli per spezie di alta qualit\u00e0: puoi continuare a utilizzare 6 barattoli in vetro di alta qualit\u00e0 e sughero naturale come barattoli per spezie nella tua cucina<\/span><\/p>\n<p><span style=\"font-family: arial, helvetica, sans-serif;font-size: 16px\">Imballaggio sostenibile: non utilizziamo intenzionalmente la plastica per imballare il nostro sale e ci affidiamo all&#039;imballaggio riciclabile 100%.<\/span><\/p>\n<p>&nbsp;<\/p>\n<p><span style=\"font-family: arial, helvetica, sans-serif;font-size: 16px\">Peperoncino Premium: il nostro peperoncino \u00e8 prodotto secondo i pi\u00f9 alti standard di qualit\u00e0.<\/span><\/p>\n<p><span style=\"font-family: arial, helvetica, sans-serif;font-size: 16px\">OTTIMO REGALO: sia come regalo di Natale che come regalo di inaugurazione della casa, un ottimo regalo per i buongustai curiosi o per qualcuno nel mezzo!<\/span><\/p><\/p>","protected":false},"excerpt":{"rendered":"<p>La gente del posto sa dove crescono i peperoni. Almeno quelli che vogliono che i loro coetanei vadano l\u00ec dovrebbero saperlo. Come crescono i peperoni \u00e8 un&#039;altra questione: pochi sospetterebbero che dietro i chicchi scuri sul portaspezie ci siano piante rampicanti subtropicali.<\/p>","protected":false},"featured_media":12502,"comment_status":"open","ping_status":"closed","template":"","meta":[],"product_cat":[86],"product_tag":[448,449,450,446,447],"acf":[],"_links":{"self":[{"href":"https:\/\/www.garden-kit.com\/it\/wp-json\/wp\/v2\/product\/1863"}],"collection":[{"href":"https:\/\/www.garden-kit.com\/it\/wp-json\/wp\/v2\/product"}],"about":[{"href":"https:\/\/www.garden-kit.com\/it\/wp-json\/wp\/v2\/types\/product"}],"replies":[{"embeddable":true,"href":"https:\/\/www.garden-kit.com\/it\/wp-json\/wp\/v2\/comments?post=1863"}],"wp:featuredmedia":[{"embeddable":true,"href":"https:\/\/www.garden-kit.com\/it\/wp-json\/wp\/v2\/media\/12502"}],"wp:attachment":[{"href":"https:\/\/www.garden-kit.com\/it\/wp-json\/wp\/v2\/media?parent=1863"}],"wp:term":[{"taxonomy":"product_cat","embeddable":true,"href":"https:\/\/www.garden-kit.com\/it\/wp-json\/wp\/v2\/product_cat?post=1863"},{"taxonomy":"product_tag","embeddable":true,"href":"https:\/\/www.garden-kit.com\/it\/wp-json\/wp\/v2\/product_tag?post=1863"}],"curies":[{"name":"wp","href":"https:\/\/api.w.org\/{rel}","templated":true}]}}