{"id":1876,"date":"2022-08-24T09:30:36","date_gmt":"2022-08-24T01:30:36","guid":{"rendered":"http:\/\/www.garden-kit.com\/product\/home-mini-herb-starter-kit-2\/"},"modified":"2023-03-31T16:33:04","modified_gmt":"2023-03-31T08:33:04","slug":"home-mini-herb-starter-kit","status":"publish","type":"product","link":"https:\/\/www.garden-kit.com\/it\/product\/home-mini-herb-starter-kit\/","title":{"rendered":"Mini kit iniziale per erbe aromatiche domestiche"},"content":{"rendered":"<p style=\"font-size: 16px;line-height: 1.5\"><span style=\"font-family: 'PingFang SC', 'Microsoft YaHei', sans-serif\">\u201cVaniglia\u201d, in senso lato, si riferisce a fiori e piante utili alla vita quotidiana dell&#039;uomo. Queste piante non sono necessariamente piante profumate n\u00e9 erbacee; in senso stretto sono principalmente un tipo di pianta originaria delle regioni temperate. L&#039;intera pianta o una parte (radice, stelo, foglia, fiore, seme o frutto) ha un aroma, pu\u00f2 essere utilizzata nella vita quotidiana e ha valore medicinale e commestibile<\/span><\/p>\n<h3 style=\"font-size: 19px;line-height: 1.5\"><span style=\"font-family: 'PingFang SC', 'Microsoft YaHei', sans-serif\"><span style=\"font-size: 16px\">Panoramica<\/span><\/span><\/h3>\n<table style=\"border-collapse: collapse;width: 100%;height: 352px\">\n<tbody>\n<tr style=\"height: 44px\">\n<td style=\"width: 47.0774%;height: 44px\" width=\"298\">\n<pre><span style=\"font-family: 'PingFang SC', 'Microsoft YaHei', sans-serif;font-size: 16px\">Istruzioni per la cura del prodotto<\/span><\/pre>\n<\/td>\n<td style=\"width: 47.0774%;height: 44px\" width=\"298\">\n<pre><span style=\"font-family: 'PingFang SC', 'Microsoft YaHei', sans-serif;font-size: 16px\">Disponibile<\/span><\/pre>\n<\/td>\n<\/tr>\n<tr style=\"height: 44px\">\n<td style=\"width: 47.0774%;height: 44px\" width=\"298\">\n<pre><span style=\"font-family: 'PingFang SC', 'Microsoft YaHei', sans-serif;font-size: 16px\">Tipo di prodotto vegetale<\/span><\/pre>\n<\/td>\n<td style=\"width: 47.0774%;height: 44px\" width=\"298\">\n<pre><span style=\"font-family: 'PingFang SC', 'Microsoft YaHei', sans-serif;font-size: 16px\">Erba<\/span><\/pre>\n<\/td>\n<\/tr>\n<tr style=\"height: 44px\">\n<td style=\"width: 47.0774%;height: 44px\" width=\"298\">\n<pre><span style=\"font-family: 'PingFang SC', 'Microsoft YaHei', sans-serif;font-size: 16px\">Caratteristica speciale<\/span><\/pre>\n<\/td>\n<td style=\"width: 47.0774%;height: 44px\" width=\"298\">\n<pre><span style=\"font-family: 'PingFang SC', 'Microsoft YaHei', sans-serif;font-size: 16px\">Coltivazione indoor-outdoor<\/span><\/pre>\n<\/td>\n<\/tr>\n<tr style=\"height: 44px\">\n<td style=\"width: 47.0774%;height: 44px\" width=\"298\">\n<pre><span style=\"font-family: 'PingFang SC', 'Microsoft YaHei', sans-serif;font-size: 16px\">Marca<\/span><\/pre>\n<\/td>\n<td style=\"width: 47.0774%;height: 44px\" width=\"298\">\n<pre><span style=\"font-family: 'PingFang SC', 'Microsoft YaHei', sans-serif;font-size: 16px\">Kit da giardino<\/span><\/pre>\n<\/td>\n<\/tr>\n<tr style=\"height: 44px\">\n<td style=\"width: 47.0774%;height: 44px\" width=\"298\">\n<pre><span style=\"font-family: 'PingFang SC', 'Microsoft YaHei', sans-serif;font-size: 16px\">Luogo d&#039;origine<\/span><\/pre>\n<\/td>\n<td style=\"width: 47.0774%;height: 44px\" width=\"298\">\n<pre><span style=\"font-family: 'PingFang SC', 'Microsoft YaHei', sans-serif;font-size: 16px\">Fujian, Cina<\/span><\/pre>\n<\/td>\n<\/tr>\n<tr style=\"height: 44px\">\n<td style=\"width: 47.0774%;height: 44px\" width=\"298\">\n<pre><span style=\"font-family: 'PingFang SC', 'Microsoft YaHei', sans-serif;font-size: 16px\">ODM\/OEM<\/span><\/pre>\n<\/td>\n<td style=\"width: 47.0774%;height: 44px\" width=\"298\">\n<pre><span style=\"font-family: 'PingFang SC', 'Microsoft YaHei', sans-serif;font-size: 16px\">Disponibile<\/span><\/pre>\n<\/td>\n<\/tr>\n<tr style=\"height: 44px\">\n<td style=\"width: 47.0774%;height: 44px\" width=\"298\">\n<pre><span style=\"font-family: 'PingFang SC', 'Microsoft YaHei', sans-serif;font-size: 16px\">MOQ per ordine personalizzato<\/span><\/pre>\n<\/td>\n<td style=\"width: 47.0774%;height: 44px\" width=\"298\">\n<pre><span style=\"font-family: 'PingFang SC', 'Microsoft YaHei', sans-serif;font-size: 16px\">3000 pezzi<\/span><\/pre>\n<\/td>\n<\/tr>\n<tr style=\"height: 44px\">\n<td style=\"width: 47.0774%;height: 44px\" width=\"298\">\n<pre><span style=\"font-family: 'PingFang SC', 'Microsoft YaHei', sans-serif;font-size: 16px\">Costo del campione<\/span><\/pre>\n<\/td>\n<td style=\"width: 47.0774%;height: 44px\" width=\"298\">\n<pre><span style=\"font-family: 'PingFang SC', 'Microsoft YaHei', sans-serif;font-size: 16px\">US$400\/Campione, restituzione completa dopo l&#039;ordine da parte nostra<\/span><\/pre>\n<\/td>\n<\/tr>\n<\/tbody>\n<\/table>\n<p style=\"font-size: 16px;line-height: 1.5\"><span style=\"font-family: 'PingFang SC', 'Microsoft YaHei', sans-serif\">Le piante di vaniglia sono molto amichevoli con i principianti, gli amici interessati possono provare a coltivare la vaniglia da soli.<span style=\"font-size: 16px\"><\/span><\/span><\/p>\n<p style=\"font-size: 16px;line-height: 1.5\"><span style=\"font-family: 'PingFang SC', 'Microsoft YaHei', sans-serif\"><span style=\"font-size: 16px\">Kit pronto per coltivare fiori da giardinaggio per bambini da 23 pezzi: tutto ci\u00f2 di cui i tuoi bambini hanno bisogno per portare la gioia di coltivare erbe nella tua vita o in quella di una persona cara. \u00c8 semplice: le nostre ipotesi sulla coltivazione delle erbe dai semi ti guidano in ogni fase del percorso. Piantala!<\/span><\/span><\/p>\n<p style=\"font-size: 16px;line-height: 1.5\"><span style=\"font-family: 'PingFang SC', 'Microsoft YaHei', sans-serif\"><span style=\"font-size: 16px\"><span style=\"font-size: 18px\">Nel kit sono inclusi i seguenti articoli. <\/span><\/span><\/span><\/p>\n<p style=\"font-size: 16px;line-height: 1.5\"><span style=\"font-family: 'PingFang SC', 'Microsoft YaHei', sans-serif\"><span style=\"font-size: 16px\">5 vasi biodegradabili per uso alimentare in fibra di bamb\u00f9 con vassoi <\/span><\/span><\/p>\n<p style=\"font-size: 16px;line-height: 1.5\"><span style=\"font-family: 'PingFang SC', 'Microsoft YaHei', sans-serif\"><span style=\"font-size: 16px\">5 bastoncini con nome incoraggianti in bamb\u00f9 inciso <\/span><\/span><\/p>\n<p style=\"font-size: 16px;line-height: 1.5\"><span style=\"font-family: 'PingFang SC', 'Microsoft YaHei', sans-serif\"><span style=\"font-size: 16px\">1 pacchetto di ciottoli bianchi per favorire un flusso d&#039;aria ottimale <\/span><\/span><\/p>\n<p style=\"font-size: 16px;line-height: 1.5\"><span style=\"font-family: 'PingFang SC', 'Microsoft YaHei', sans-serif\"><span style=\"font-size: 16px\">Confezione da 5 semi di erbe aromatiche certificate biologiche<\/span><\/span><\/p>\n<p style=\"font-size: 16px;line-height: 1.5\"><span style=\"font-family: 'PingFang SC', 'Microsoft YaHei', sans-serif\"><span style=\"font-size: 16px\"> 5 terreno in fibra di cocco infuso con azoto <\/span><\/span><\/p>\n<p style=\"font-size: 16px;line-height: 1.5\"><span style=\"font-family: 'PingFang SC', 'Microsoft YaHei', sans-serif\"><span style=\"font-size: 16px\">1 Guida passo passo alla semina <\/span><\/span><\/p>\n<p style=\"font-size: 16px;line-height: 1.5\"><span style=\"font-family: 'PingFang SC', 'Microsoft YaHei', sans-serif\"><span style=\"font-size: 16px\">1 confezione regalo personalizzata Consigli su dove coltivare le erbe aromatiche in casa<\/span><\/span><\/p>\n<p style=\"font-size: 16px;line-height: 1.5\"><span style=\"font-family: 'PingFang SC', 'Microsoft YaHei', sans-serif\"><span style=\"font-size: 16px\"><span style=\"font-size: 18px\"><\/span><\/span><span style=\"font-size: 16px\"><\/span>Sebbene la vaniglia e altre piante siano adatte per essere piantate all&#039;aperto, se la stanza \u00e8 luminosa e ventilata, puoi anche posizionare alcuni vasi di piante in vaso di vaniglia nell&#039;angolo, portarle all&#039;aperto di notte e poi portarle in casa la mattina successiva, il che \u00e8 pi\u00f9 favorevole alla crescita della vaniglia.<\/span><br \/><span style=\"font-family: 'PingFang SC', 'Microsoft YaHei', sans-serif;font-size: 18px\">suggerimento:<\/span><br \/><span style=\"font-family: 'PingFang SC', 'Microsoft YaHei', sans-serif\">1. Angolo cucina: salvia, rosmarino, timo, prezzemolo, origano, basilico e altre erbe utilizzate principalmente come spezie, goditi la comodit\u00e0 di aggiungere erbe alla cucina.<\/span><br \/><span style=\"font-family: 'PingFang SC', 'Microsoft YaHei', sans-serif\">2. Angolo d&#039;ingresso, finestra: rosmarino, calendula aromatica, geranio aromatico, verbena odorosa, ecc., possono portare un aroma fresco ed elegante nella stanza.<\/span><br \/><span style=\"font-family: 'PingFang SC', 'Microsoft YaHei', sans-serif\">3. Angolo soggiorno: lavanda, melissa, stevia, maggiorana, camomilla e altre erbe a base di t\u00e8, puoi provare il divertimento di raccogliere e bere tisane fresche.<\/span><br \/><span style=\"font-family: 'PingFang SC', 'Microsoft YaHei', sans-serif\">4. Angolo studio: rosmarino, menta, tea tree australiano, limone eucalipto, possono rinfrescare e mantenere la mente lucida.<\/span><br \/><span style=\"font-family: 'PingFang SC', 'Microsoft YaHei', sans-serif\">5. Angolo della camera da letto: lavanda, melissa e camomilla possono calmare la mente e aiutare le persone ad addormentarsi.<span style=\"font-size: 16px\"><\/p>\n<p>&nbsp;Coltiva il tuo orto di erbe culinarie con semi biologici non OGM. Pi\u00f9 di un kit artigianale per coltivare piante. Questo potrebbe essere il tuo primo passo verso la crescita personale.<\/p>\n<p><span style=\"font-size: 18px\">Cosa c&#039;\u00e8 dentro?<\/span><\/span><\/span><\/p>\n<ul>\n<li>\n<pre><span style=\"font-family: 'PingFang SC', 'Microsoft YaHei', sans-serif;font-size: 16px\">Viene fornito con 5 erbe pi\u00f9 comunemente usate. Sappiamo che adorerai il coriandolo, l&#039;erba cipollina, il prezzemolo, il basilico e il timo. I nostri semi sono certificati biologici<\/span><\/pre>\n<\/li>\n<\/ul>\n<ul>\n<li>\n<pre><span style=\"font-family: 'PingFang SC', 'Microsoft YaHei', sans-serif;font-size: 16px\">Guscio di cocco, infuso con 14-0-0 OMRI come buona fonte di azoto<\/span><\/pre>\n<\/li>\n<\/ul>\n<ul>\n<li>\n<pre><span style=\"font-family: 'PingFang SC', 'Microsoft YaHei', sans-serif;font-size: 16px\">Le scritte carine incoraggiano i bastoncini con i nomi<\/span><\/pre>\n<\/li>\n<\/ul>\n<ul>\n<li>\n<pre><span style=\"font-family: 'PingFang SC', 'Microsoft YaHei', sans-serif;font-size: 16px\">Lattine e vassoi biodegradabili ecologici in fibra di bamb\u00f9 per uso alimentare. (colore terracotta)<\/span><\/pre>\n<\/li>\n<\/ul>\n<ul>\n<li>\n<pre><span style=\"font-family: 'PingFang SC', 'Microsoft YaHei', sans-serif;font-size: 16px\">Manuale di istruzioni semplice che pu\u00f2 aiutarti.<\/span><\/pre>\n<\/li>\n<\/ul>\n<ul>\n<li>\n<pre><span style=\"font-family: 'PingFang SC', 'Microsoft YaHei', sans-serif;font-size: 16px\">\u00c8 possibile aggiungere ciottoli bianchi al vassoio. Ci\u00f2 aiuta a ottenere un flusso d&#039;aria ottimale. Questi sono conservati nel tuo sacco di iuta e possono essere utilizzati per lo stoccaggio, il compostaggio e altro ancora<\/span><\/pre>\n<\/li>\n<\/ul>\n<ul>\n<li>\n<pre><span style=\"font-family: 'PingFang SC', 'Microsoft YaHei', sans-serif;font-size: 16px\">La cosa pi\u00f9 importante \u00e8 scrivere questa parte. Qui scriverai ci\u00f2 che vuoi che diventi una nuova abitudine di cura di te stesso. Questo \u00e8 il limite.<\/span><\/pre>\n<\/li>\n<\/ul>\n<pre><span style=\"font-family: 'PingFang SC', 'Microsoft YaHei', sans-serif;font-size: 16px\">Prendersi cura di una pianta \u00e8 un atto quotidiano, e mentre te ne prendi cura ogni giorno, vogliamo ricordarti di prenderti cura di te stesso!\n<br \/><\/span><\/pre>\n<p style=\"line-height: 1.5\"><span style=\"font-family: 'PingFang SC', 'Microsoft YaHei', sans-serif;font-size: 18px\">Elementi essenziali per la cura del prezzemolo<\/span><\/p>\n<p style=\"line-height: 1.5\"><span style=\"font-family: 'PingFang SC', 'Microsoft YaHei', sans-serif\">01 Il prezzemolo ama il terreno ricco di sostanza organica e il valore del pH \u00e8 preferibilmente compreso tra 6,0 e 7,0.<\/span><br \/><span style=\"font-family: 'PingFang SC', 'Microsoft YaHei', sans-serif\">02 I semi di prezzemolo germinano molto lentamente. Prima di piantare, preraffreddare i semi in frigorifero e immergerli durante la notte in acqua tiepida per stratificare i semi, accelerare la semina e consentire una migliore germinazione.<\/span><br \/><span style=\"font-family: 'PingFang SC', 'Microsoft YaHei', sans-serif\">03 Il prezzemolo non ha bisogno di essere annaffiato troppo spesso, purch\u00e9 il terreno sia mantenuto umido.<\/span><\/p>\n<p style=\"line-height: 1.5\">\n<p style=\"line-height: 1.5\"><span style=\"font-family: 'PingFang SC', 'Microsoft YaHei', sans-serif;font-size: 18px\">Elementi essenziali per la cura del timo<\/span><\/p>\n<p style=\"line-height: 1.5\"><span style=\"font-family: 'PingFang SC', 'Microsoft YaHei', sans-serif\">01. Il timo ama la luce, ama il calore e ha un&#039;elevata resistenza al calore, ma non pu\u00f2 essere esposto direttamente al sole. La luce solare \u00e8 relativamente forte in estate, quindi pu\u00f2 essere posizionata all&#039;interno con luce solare per evitare la luce solare diretta. Pu\u00f2 tollerare un po&#039; d&#039;ombra, ma non l&#039;ombra completa.<\/span><br \/><span style=\"font-family: 'PingFang SC', 'Microsoft YaHei', sans-serif\">02. Non asciugare n\u00e9 innaffiare, l&#039;acqua deve essere annaffiata accuratamente.<\/span><br \/><span style=\"font-family: 'PingFang SC', 'Microsoft YaHei', sans-serif\">03. Ricordatevi di potare i germogli terminali e di potare il timo intero a met\u00e0 dell&#039;altezza della pianta ogni inverno.<\/span><\/p>\n<p style=\"line-height: 1.5\">\n<p style=\"line-height: 1.5\"><span style=\"font-family: 'PingFang SC', 'Microsoft YaHei', sans-serif;font-size: 18px\">Come prendersi cura del basilico in vaso<\/span><\/p>\n<ol>\n<li style=\"line-height: 1.5\"><span style=\"font-family: 'PingFang SC', 'Microsoft YaHei', sans-serif\">Non accumulare acqua: durante l&#039;irrigazione fare attenzione a non accumulare acqua nel terreno. Se innaffi troppo, versa l&#039;acqua in tempo. Quando si tiene il basilico all&#039;aperto, \u00e8 meglio spostarlo all&#039;interno, il vento, l&#039;acqua e la pioggia possono facilmente far ingiallire e appassire le foglie del basilico, ed \u00e8 facile accumulare acqua e far marcire le radici. Pertanto, nei metodi e negli accorgimenti di coltivazione del basilico, \u00e8 molto importante non accumulare acqua.<\/span><\/li>\n<li style=\"line-height: 1.5\"><span style=\"font-family: 'PingFang SC', 'Microsoft YaHei', sans-serif\">Non chiuso: L&#039;ambiente per la semina del basilico non deve essere troppo chiuso, soprattutto non troppo caldo. Sebbene gli piaccia un ambiente secco, se si trova in un ambiente ad alta temperatura e non ventilato, potrebbe essere infetto da malattie e insetti nocivi e, infine, ci saranno macchie di malattie sulle foglie, di solito prestare attenzione a mantenere l&#039;ambiente sufficientemente ventilato per rendere le foglie di basilico luminose e lucenti.<\/span><\/li>\n<li style=\"line-height: 1.5\"><span style=\"font-family: 'PingFang SC', 'Microsoft YaHei', sans-serif\">Evita la scarsa illuminazione: l&#039;efficacia e la funzione del basilico si riflettono principalmente nelle sue foglie, ma se il basilico si trova in un ambiente con scarsa illuminazione, le foglie non accumuleranno abbastanza nutrienti a causa della mancanza di fotosintesi e, in casi lievi, causeranno il le foglie perdono il verde e appassiscono. Nei casi pi\u00f9 gravi, l&#039;intera pianta morir\u00e0, quindi non deve essere collocata in un ambiente con scarsa illuminazione, almeno per garantire che ci sia luce diffusa per crescere normalmente.<\/span><\/li>\n<li style=\"line-height: 1.5\"><span style=\"font-family: 'PingFang SC', 'Microsoft YaHei', sans-serif\">Applicare fertilizzante sottile: il basilico non ha una forte richiesta di fertilizzante. Finch\u00e9 il terreno \u00e8 relativamente fertile e viene sostituito ogni 1-2 anni, pu\u00f2 crescere normalmente, ma se vuoi che abbia una forte resistenza alle malattie e cresca pi\u00f9 velocemente, \u00e8 possibile applicare del fertilizzante organico ogni mese, ma deve prestare attenzione al fatto che il fertilizzante deve essere sottile e a bassa concentrazione e non applicare fertilizzante grezzo o concentrato.<\/span><\/li>\n<\/ol>\n<p><span style=\"font-family: 'PingFang SC', 'Microsoft YaHei', sans-serif\"><\/span><\/p>\n<p><span style=\"font-family: 'PingFang SC', 'Microsoft YaHei', sans-serif;font-size: 16px\">Aggiungilo al tuo progetto da provare! Che tu abbia esperienza di giardinaggio o meno, gli appunti quotidiani sulla cura di te stesso ti faranno crescere mentre impari! Questo \u00e8 ci\u00f2 che fa Cassis. Ti aiuta a creare pi\u00f9 momenti di crescita, che chiamiamo &quot;immersi nei momenti&quot;, perch\u00e9 la vita \u00e8 cos\u00ec breve. Un&#039;ottima scelta per regali per la festa della mamma, giardini d&#039;inverno, damigelle d&#039;onore e altro ancora.<\/span><\/p>","protected":false},"excerpt":{"rendered":"<p>Mini kit iniziale per la casa da interni non OGM di Organic Herb Garden 5 ~ Regalo per l&#039;apprendimento e la cura di s\u00e9 per ogni occasione speciale<\/p>","protected":false},"featured_media":13000,"comment_status":"open","ping_status":"closed","template":"","meta":[],"product_cat":[50],"product_tag":[352,179,176,72,177,56],"acf":[],"_links":{"self":[{"href":"https:\/\/www.garden-kit.com\/it\/wp-json\/wp\/v2\/product\/1876"}],"collection":[{"href":"https:\/\/www.garden-kit.com\/it\/wp-json\/wp\/v2\/product"}],"about":[{"href":"https:\/\/www.garden-kit.com\/it\/wp-json\/wp\/v2\/types\/product"}],"replies":[{"embeddable":true,"href":"https:\/\/www.garden-kit.com\/it\/wp-json\/wp\/v2\/comments?post=1876"}],"wp:featuredmedia":[{"embeddable":true,"href":"https:\/\/www.garden-kit.com\/it\/wp-json\/wp\/v2\/media\/13000"}],"wp:attachment":[{"href":"https:\/\/www.garden-kit.com\/it\/wp-json\/wp\/v2\/media?parent=1876"}],"wp:term":[{"taxonomy":"product_cat","embeddable":true,"href":"https:\/\/www.garden-kit.com\/it\/wp-json\/wp\/v2\/product_cat?post=1876"},{"taxonomy":"product_tag","embeddable":true,"href":"https:\/\/www.garden-kit.com\/it\/wp-json\/wp\/v2\/product_tag?post=1876"}],"curies":[{"name":"wp","href":"https:\/\/api.w.org\/{rel}","templated":true}]}}