{"id":3991,"date":"2022-10-19T13:43:15","date_gmt":"2022-10-19T05:43:15","guid":{"rendered":"https:\/\/www.garden-kit.com\/product\/seed-popper\/"},"modified":"2023-11-28T16:43:21","modified_gmt":"2023-11-28T08:43:21","slug":"seed-popper","status":"publish","type":"product","link":"https:\/\/www.garden-kit.com\/it\/product\/seed-popper\/","title":{"rendered":"Popper di semi"},"content":{"rendered":"<h3 style=\"font-size: 19px\">Panoramica<\/h3>\n<table border=\"1\" cellspacing=\"0\">\n<tbody>\n<tr>\n<td valign=\"top\" width=\"373\">\n<p><span style=\"font-family: 'PingFang SC', 'Microsoft YaHei', sans-serif\">Istruzioni per la cura del prodotto<\/span><\/p>\n<\/td>\n<td valign=\"top\" width=\"373\">\n<p><span style=\"font-family: 'PingFang SC', 'Microsoft YaHei', sans-serif\">Disponibile<\/span><\/p>\n<\/td>\n<\/tr>\n<tr>\n<td valign=\"top\" width=\"373\">\n<p><span style=\"font-family: 'PingFang SC', 'Microsoft YaHei', sans-serif\">Tipo di prodotto vegetale<\/span><\/p>\n<\/td>\n<td valign=\"top\" width=\"373\">\n<p><span style=\"font-family: 'PingFang SC', 'Microsoft YaHei', sans-serif\">Fiori selvatici <\/span><\/p>\n<\/td>\n<\/tr>\n<tr>\n<td valign=\"top\" width=\"373\">\n<p><span style=\"font-family: 'PingFang SC', 'Microsoft YaHei', sans-serif\">Caratteristica speciale<\/span><\/p>\n<\/td>\n<td valign=\"top\" width=\"373\">\n<p><span style=\"font-family: 'PingFang SC', 'Microsoft YaHei', sans-serif\">Coltivazione indoor-outdoor<\/span><\/p>\n<\/td>\n<\/tr>\n<tr>\n<td valign=\"top\" width=\"373\">\n<p><span style=\"font-family: 'PingFang SC', 'Microsoft YaHei', sans-serif\">Marca<\/span><\/p>\n<\/td>\n<td valign=\"top\" width=\"373\">\n<p><span style=\"font-family: 'PingFang SC', 'Microsoft YaHei', sans-serif\">Kit da giardino<\/span><\/p>\n<\/td>\n<\/tr>\n<tr>\n<td valign=\"top\" width=\"373\">\n<p><span style=\"font-family: 'PingFang SC', 'Microsoft YaHei', sans-serif\">Luogo d&#039;origine<\/span><\/p>\n<\/td>\n<td valign=\"top\" width=\"373\">\n<p><span style=\"font-family: 'PingFang SC', 'Microsoft YaHei', sans-serif\">Fujian, Cina<\/span><\/p>\n<\/td>\n<\/tr>\n<tr>\n<td valign=\"top\" width=\"373\">\n<p><span style=\"font-family: 'PingFang SC', 'Microsoft YaHei', sans-serif\">ODM\/OEM<\/span><\/p>\n<\/td>\n<td valign=\"top\" width=\"373\">\n<p><span style=\"font-family: 'PingFang SC', 'Microsoft YaHei', sans-serif\">Disponibile<\/span><\/p>\n<\/td>\n<\/tr>\n<tr>\n<td valign=\"top\" width=\"373\">\n<p><span style=\"font-family: 'PingFang SC', 'Microsoft YaHei', sans-serif\">MOQ per ordine personalizzato<\/span><\/p>\n<\/td>\n<td valign=\"top\" width=\"373\">\n<p><span style=\"font-family: 'PingFang SC', 'Microsoft YaHei', sans-serif\">3000 pezzi<\/span><\/p>\n<\/td>\n<\/tr>\n<tr>\n<td valign=\"top\" width=\"373\">\n<p><span style=\"font-family: 'PingFang SC', 'Microsoft YaHei', sans-serif\">Costo del campione<\/span><\/p>\n<\/td>\n<td valign=\"top\" width=\"373\">\n<p><span style=\"font-family: 'PingFang SC', 'Microsoft YaHei', sans-serif\">US$400\/Campione, reso completo dopo un nostro ordine<\/span><\/p>\n<\/td>\n<\/tr>\n<\/tbody>\n<\/table>\n<p style=\"line-height: 1.5\">\n<p style=\"line-height: 1.5\"><span style=\"font-family: 'PingFang SC', 'Microsoft YaHei', sans-serif\">Seed Popper: kit di 3 opzioni: \u00c8 facile: noi eliminiamo le congetture sulla coltivazione dei semi di fiori selvatici, guidandovi in ogni fase del processo. Tutto ci\u00f2 che serve per portare la gioia dei fiori di campo nella vostra vita o in quella di una persona cara \u00e8 contenuto in una bellissima confezione regalo. Pianta!<\/span><\/p>\n<p style=\"line-height: 1.5\"><span style=\"font-family: 'PingFang SC', 'Microsoft YaHei', sans-serif\">&nbsp;<\/span><\/p>\n<h3 style=\"line-height: 1.5;font-size: 19px\"><span style=\"font-family: 'PingFang SC', 'Microsoft YaHei', sans-serif\">Nel kit sono inclusi i seguenti articoli.<\/span><\/h3>\n<p style=\"line-height: 1.5\"><span style=\"font-family: 'PingFang SC', 'Microsoft YaHei', sans-serif\">1) Popper celebrativo:<\/span><\/p>\n<p style=\"line-height: 1.5\"><span style=\"font-family: 'PingFang SC', 'Microsoft YaHei', sans-serif\">Miscela di semi di cocktail: Menta, basilico limone, timo e lavanda<\/span><\/p>\n<p style=\"line-height: 1.5\"><span style=\"font-family: 'PingFang SC', 'Microsoft YaHei', sans-serif\">Miscela di semi di benessere: Salvia, Melissa, Echinacea, Camomilla<\/span><\/p>\n<p style=\"line-height: 1.5\"><span style=\"font-family: 'PingFang SC', 'Microsoft YaHei', sans-serif\">Miscela di semi di fiori selvatici: Cefaloglio, Issopo lavanda, S. nero, Callistephus duchesse, Aster misto, Bergamotto selvatico.<\/span><\/p>\n<p style=\"line-height: 1.5\"><span style=\"font-family: 'PingFang SC', 'Microsoft YaHei', sans-serif\">2) 4 palline di argilla, cocco e semi non OGM<\/span><\/p>\n<p style=\"line-height: 1.5\"><span style=\"font-family: 'PingFang SC', 'Microsoft YaHei', sans-serif\">3) Coriandoli di carta kraft<\/span><\/p>\n<p style=\"line-height: 1.5\">\n<p style=\"line-height: 1.5\"><span style=\"font-family: 'PingFang SC', 'Microsoft YaHei', sans-serif\">Istruzioni per la semina<\/span><\/p>\n<p style=\"line-height: 1.5\"><span style=\"font-family: 'PingFang SC', 'Microsoft YaHei', sans-serif\">Cocktail:&nbsp;<\/span><\/p>\n<p style=\"line-height: 1.5\"><span style=\"font-family: 'PingFang SC', 'Microsoft YaHei', sans-serif\">Ispirato ai tradizionali biscotti britannici, il Seed Picker celebra la semina con uno scopo.<\/span><\/p>\n<p style=\"line-height: 1.5\">\n<p style=\"line-height: 1.5\"><span style=\"font-family: 'PingFang SC', 'Microsoft YaHei', sans-serif\">Basta girare, far scoppiare e piantare! Ogni popper include quattro palline di semi (composte da argilla, bucce di cocco e semi non OGM), coriandoli kraft riciclabili e istruzioni.<\/span><\/p>\n<p style=\"line-height: 1.5\">\n<p style=\"line-height: 1.5\"><span style=\"font-family: 'PingFang SC', 'Microsoft YaHei', sans-serif\">You's Wild (Flower) Seed Popper comprende variet\u00e0 di semi di fiori selvatici non invasivi come Lavanda Hyssop, Black-Eyed Susan, Duchess of Callister Forth, Mixed Aster, Wild Bergamot e altri ancora.<\/span><\/p>\n<p style=\"line-height: 1.5\"><span style=\"font-family: 'PingFang SC', 'Microsoft YaHei', sans-serif\">&nbsp;<\/span><\/p>\n<p style=\"line-height: 1.5\"><span style=\"font-family: 'PingFang SC', 'Microsoft YaHei', sans-serif\">Questa raccolta di semi accuratamente pianificata d\u00e0 origine a splendide fioriture che forniscono un habitat per impollinatori vitali. Basta girare, far scoppiare e piantare.<\/span><\/p>\n<p style=\"line-height: 1.5\"><span style=\"font-family: 'PingFang SC', 'Microsoft YaHei', sans-serif\">&nbsp;<\/span><\/p>\n<p style=\"line-height: 1.5\"><span style=\"font-family: 'PingFang SC', 'Microsoft YaHei', sans-serif\">Dimensione<\/span><\/p>\n<p style=\"line-height: 1.5\"><span style=\"font-family: 'PingFang SC', 'Microsoft YaHei', sans-serif\">6,4 pollici di lunghezza, 1,6 pollici di larghezza e 1,6 piedi di altezza<\/span><\/p>\n<p style=\"line-height: 1.5\"><span style=\"font-family: 'PingFang SC', 'Microsoft YaHei', sans-serif\">&nbsp;&nbsp;<\/span><\/p>\n<p style=\"line-height: 1.5\"><span style=\"font-family: 'PingFang SC', 'Microsoft YaHei', sans-serif\">Benessere:&nbsp;<\/span><\/p>\n<p style=\"line-height: 1.5\"><span style=\"font-family: 'PingFang SC', 'Microsoft YaHei', sans-serif\">Ispirato ai tradizionali biscotti britannici, il Seed Picker celebra la semina con uno scopo. Basta girare, far scoppiare e piantare!<\/span><\/p>\n<p style=\"line-height: 1.5\">\n<p style=\"line-height: 1.5\"><span style=\"font-family: 'PingFang SC', 'Microsoft YaHei', sans-serif\">Ogni popper comprende quattro palline di semi (composte da argilla, bucce di cocco e semi non OGM), coriandoli kraft riciclabili e istruzioni.<\/span><\/p>\n<p style=\"line-height: 1.5\"><span style=\"font-family: 'PingFang SC', 'Microsoft YaHei', sans-serif\">&nbsp;<\/span><\/p>\n<p style=\"line-height: 1.5\"><span style=\"font-family: 'PingFang SC', 'Microsoft YaHei', sans-serif\">You's Wild (Flower) Seed Popper comprende variet\u00e0 di semi di fiori selvatici non invasivi come Lavanda Hyssop, Black-Eyed Susan, Duchess of Callister Forth, Mixed Aster, Wild Bergamot e altri ancora.<\/span><\/p>\n<p style=\"line-height: 1.5\">\n<p style=\"line-height: 1.5\"><span style=\"font-family: 'PingFang SC', 'Microsoft YaHei', sans-serif\">Questa raccolta di semi accuratamente pianificata d\u00e0 origine a splendide fioriture che forniscono un habitat per impollinatori vitali. Basta girare, far scoppiare e piantare.<\/span><\/p>\n<p style=\"line-height: 1.5\">\n<p style=\"line-height: 1.5\"><span style=\"font-family: 'PingFang SC', 'Microsoft YaHei', sans-serif\">Dimensione<\/span><\/p>\n<p style=\"line-height: 1.5\"><span style=\"font-family: 'PingFang SC', 'Microsoft YaHei', sans-serif\">6,4 pollici di lunghezza, 1,6 pollici di larghezza e 1,6 piedi di altezza<\/span><\/p>\n<p style=\"line-height: 1.5\"><span style=\"font-family: 'PingFang SC', 'Microsoft YaHei', sans-serif\">Fiori selvatici:<\/span><\/p>\n<p style=\"line-height: 1.5\"><span style=\"font-family: 'PingFang SC', 'Microsoft YaHei', sans-serif\">Ispirato ai tradizionali biscotti britannici, il Seed Picker celebra la semina con uno scopo. Basta girare, far scoppiare e piantare!<\/span><\/p>\n<p style=\"line-height: 1.5\"><span style=\"font-family: 'PingFang SC', 'Microsoft YaHei', sans-serif\">&nbsp;<\/span><\/p>\n<p style=\"line-height: 1.5\"><span style=\"font-family: 'PingFang SC', 'Microsoft YaHei', sans-serif\">Ogni popper comprende quattro palline di semi (composte da argilla, bucce di cocco e semi non OGM), coriandoli kraft riciclabili e istruzioni.<\/span><\/p>\n<p style=\"line-height: 1.5\">\n<p style=\"line-height: 1.5\"><span style=\"font-family: 'PingFang SC', 'Microsoft YaHei', sans-serif\">You's Wild (Flower) Seed Popper comprende variet\u00e0 di semi di fiori selvatici non invasivi come Lavender Hyssop, Black-Eyed Susan, Duchess of Callister Forth, Mixed Aster, Wild Bergamot e altri ancora. Questa collezione di semi accuratamente pianificata produce splendide fioriture che forniscono un habitat per gli impollinatori vitali. Basta girare, far scoppiare e piantare.<\/span><\/p>\n<p style=\"line-height: 1.5\"><span style=\"font-family: 'PingFang SC', 'Microsoft YaHei', sans-serif\">Ispirati ai tradizionali biscotti inglesi, i Seed Poppers celebrano la semina con uno scopo. Basta girare, far scoppiare e piantare! Ogni popper include quattro palline di semi (fatte di argilla, gusci di cocco e semi non OGM). Ogni popper include quattro palline di semi (fatte di argilla, gusci di cocco e semi non OGM), coriandoli kraft riciclabili e istruzioni.<\/span><\/p>\n<p style=\"line-height: 1.5\"><span style=\"font-family: 'PingFang SC', 'Microsoft YaHei', sans-serif\">Le palline di semi contengono semi di salvia, melissa, echinacea e camomilla, erbe note per le loro propriet\u00e0 curative.<\/span><\/p>\n<p style=\"line-height: 1.5\"><span style=\"font-family: 'PingFang SC', 'Microsoft YaHei', sans-serif\"><\/span><\/p>\n<p style=\"line-height: 1.5\"><span style=\"font-family: 'PingFang SC', 'Microsoft YaHei', sans-serif\">La carta da semina A4 pu\u00f2 essere utilizzata per vari scopi, come inviti, biglietti da visita, biglietti di auguri, poster e altri materiali di stampa. Una volta che la carta non \u00e8 pi\u00f9 necessaria, pu\u00f2 essere piantata direttamente nel terreno e i semi incorporati germoglieranno e si trasformeranno in piante. Il tipo di semi incorporati nella carta varia a seconda del produttore e dell'uso previsto. Alcuni tipi comuni di semi utilizzati nella carta da semina A4 includono fiori di campo, erbe, verdure e semi di alberi. Nel complesso, la carta da semina A4 rappresenta un modo unico e sostenibile per promuovere la consapevolezza ambientale e contribuire a un futuro pi\u00f9 verde.<\/span><\/p>\n<\/p>\n<p>Un seed popper \u00e8 una piccola sfera o capsula che contiene tutto il necessario per coltivare una pianta o un fiore specifico. \u00c8 un modo conveniente e spesso ecologico di avviare le piante dai semi, in particolare per le persone che potrebbero non avere una vasta esperienza di giardinaggio o accesso allo spazio esterno.<\/p>\n<p>Il concetto alla base dei popper per semi \u00e8 semplice: ogni popper incapsula i semi in un guscio biodegradabile insieme a sostanze nutritive e a un terreno di coltura. L'obiettivo \u00e8 quello di rendere facile per chiunque piantare e coltivare varie piante o fiori senza dover maneggiare direttamente semi sciolti o terriccio.<\/p>\n<p>Ecco come funziona di solito una macchina spara-semi:<\/p>\n<ul>\n<li>\n<p><strong>Incapsulamento dei semi<\/strong>: I semi sono racchiusi in un materiale biodegradabile come argilla, torba o una miscela di questi materiali, formando una piccola palla o capsula.<\/p>\n<\/li>\n<li>\n<p><strong>Nutrienti e terreno di coltura<\/strong>: Insieme ai semi, il popper contiene spesso le sostanze nutritive e il terreno di coltura necessari per la germinazione e la crescita iniziale. Pu\u00f2 trattarsi di compost, fertilizzanti o altre sostanze nutritive per le piante.<\/p>\n<\/li>\n<li>\n<p><strong>Processo di semina<\/strong>: Per utilizzare un seed popper, di solito \u00e8 necessario piantarlo direttamente nel terreno o in un vaso alla profondit\u00e0 appropriata, seguendo le istruzioni fornite. Una volta piantati, l'involucro esterno del seed popper si rompe, permettendo ai semi di germogliare e crescere.<\/p>\n<\/li>\n<li>\n<p><strong>Irrigazione e cura<\/strong>: Come qualsiasi altra pianta, le piantine richiedono un'adeguata irrigazione e cura per crescere con successo. Assicuratevi che ricevano luce solare, acqua e sostanze nutritive adeguate durante il loro sviluppo.<\/p>\n<\/li>\n<\/ul>\n<p>I seminatori sono disponibili per un'ampia variet\u00e0 di piante, tra cui fiori, erbe, ortaggi e persino alberi. Sono spesso venduti in confezioni o assortimenti, offrendo un modo conveniente per avviare un giardino o aggiungere verde agli spazi interni.<\/p>\n<p>Questi prodotti si trovano spesso nei negozi di giardinaggio, nei vivai e nei rivenditori online specializzati in forniture per il giardinaggio. Possono essere particolarmente interessanti per i principianti o per coloro che preferiscono un metodo semplice e privo di confusione per piantare i semi.<\/p>","protected":false},"excerpt":{"rendered":"<p><span style=\"font-family: 'PingFang SC', 'Microsoft YaHei', sans-serif\">Seed Popper \u2013 Kit da 3 opzioni: \u00e8 facile: eliminiamo le congetture dalla coltivazione dei semi di fiori selvatici, guidandoti in ogni fase del percorso. Tutto ci\u00f2 di cui hai bisogno per portare la gioia dei fiori di campo nella vita tua o della persona amata in una bellissima confezione regalo. Piantala!<\/span><\/p>\n<p><span style=\"font-family: 'PingFang SC', 'Microsoft YaHei', sans-serif\">La carta semi A4 \u00e8 un tipo di carta che contiene semi di piante incorporati al suo interno. \u00c8 un&#039;alternativa sostenibile ed ecologica ai tradizionali prodotti di carta.<\/span><\/p><\/p>","protected":false},"featured_media":17495,"comment_status":"open","ping_status":"closed","template":"","meta":[],"product_cat":[67],"product_tag":[517,516],"acf":[],"_links":{"self":[{"href":"https:\/\/www.garden-kit.com\/it\/wp-json\/wp\/v2\/product\/3991"}],"collection":[{"href":"https:\/\/www.garden-kit.com\/it\/wp-json\/wp\/v2\/product"}],"about":[{"href":"https:\/\/www.garden-kit.com\/it\/wp-json\/wp\/v2\/types\/product"}],"replies":[{"embeddable":true,"href":"https:\/\/www.garden-kit.com\/it\/wp-json\/wp\/v2\/comments?post=3991"}],"wp:featuredmedia":[{"embeddable":true,"href":"https:\/\/www.garden-kit.com\/it\/wp-json\/wp\/v2\/media\/17495"}],"wp:attachment":[{"href":"https:\/\/www.garden-kit.com\/it\/wp-json\/wp\/v2\/media?parent=3991"}],"wp:term":[{"taxonomy":"product_cat","embeddable":true,"href":"https:\/\/www.garden-kit.com\/it\/wp-json\/wp\/v2\/product_cat?post=3991"},{"taxonomy":"product_tag","embeddable":true,"href":"https:\/\/www.garden-kit.com\/it\/wp-json\/wp\/v2\/product_tag?post=3991"}],"curies":[{"name":"wp","href":"https:\/\/api.w.org\/{rel}","templated":true}]}}