{"id":4052,"date":"2022-10-19T14:09:36","date_gmt":"2022-10-19T06:09:36","guid":{"rendered":"https:\/\/www.garden-kit.com\/product\/herb-garden-seeds-for-planting-2\/"},"modified":"2023-03-31T14:56:29","modified_gmt":"2023-03-31T06:56:29","slug":"herb-garden-seeds-for-planting","status":"publish","type":"product","link":"https:\/\/www.garden-kit.com\/it\/product\/herb-garden-seeds-for-planting\/","title":{"rendered":"Semi di erbe aromatiche da piantare"},"content":{"rendered":"<p><span style=\"font-family: arial, helvetica, sans-serif;font-size: 16px\">La vaniglia \u00e8 una pianta speziata che contiene oli volatili aromatici, antiossidanti e fungicidi. Pu\u00f2 non solo respingere zanzare e mosche, ma anche abbellire l'ambiente, purificare l'aria e abbellire il salotto. \u00c8 anche ampiamente utilizzata in campo estetico, balneare, dietetico e medico. La vaniglia \u00e8 nata in Messico e gli antichi mesoamericani l'hanno coltivata in modo estensivo. Nell'industria orticola europea, la vaniglia europea occupa una posizione molto importante. Molti dipartimenti di orticoltura e amanti della vaniglia in Europa hanno per lo pi\u00f9 giardini botanici dedicati alle erbe. Queste persone piantano varie erbe nei loro giardini botanici. Lasciano che la vaniglia emetta una variet\u00e0 di aromi durante tutto l'anno, facendo sentire le persone rinfrescate. Erbe come la lavanda, il rosmarino, il timo e il patchouli sono da tempo ricercate dagli appassionati di moda.<\/span><\/p>\n<h3 style=\"font-size: 19px\"><span style=\"font-family: arial, helvetica, sans-serif;font-size: 16px\"><strong>Panoramica<\/strong><\/span><\/h3>\n<table border=\"1\" cellspacing=\"0\" style=\"border-collapse: collapse;width: 100%;height: 269px\">\n<tbody>\n<tr style=\"height: 31px\">\n<td valign=\"top\" width=\"373\" style=\"width: 49.3386%;height: 31px\">\n<p><span style=\"font-family: arial, helvetica, sans-serif;font-size: 16px\">Istruzioni per la cura del prodotto<\/span><\/p>\n<\/td>\n<td valign=\"top\" width=\"373\" style=\"width: 49.3386%;height: 31px\">\n<p><span style=\"font-family: arial, helvetica, sans-serif;font-size: 16px\">Disponibile<\/span><\/p>\n<\/td>\n<\/tr>\n<tr style=\"height: 31px\">\n<td valign=\"top\" width=\"373\" style=\"width: 49.3386%;height: 31px\">\n<p><span style=\"font-family: arial, helvetica, sans-serif;font-size: 16px\">Tipo di prodotto vegetale<\/span><\/p>\n<\/td>\n<td valign=\"top\" width=\"373\" style=\"width: 49.3386%;height: 31px\">\n<p><span style=\"font-family: arial, helvetica, sans-serif;font-size: 16px\">Erbe aromatiche<\/span><\/p>\n<\/td>\n<\/tr>\n<tr style=\"height: 31px\">\n<td valign=\"top\" width=\"373\" style=\"width: 49.3386%;height: 31px\">\n<p><span style=\"font-family: arial, helvetica, sans-serif;font-size: 16px\">Caratteristica speciale<\/span><\/p>\n<\/td>\n<td valign=\"top\" width=\"373\" style=\"width: 49.3386%;height: 31px\">\n<p><span style=\"font-family: arial, helvetica, sans-serif;font-size: 16px\">Coltivazione indoor-outdoor<\/span><\/p>\n<\/td>\n<\/tr>\n<tr style=\"height: 31px\">\n<td valign=\"top\" width=\"373\" style=\"width: 49.3386%;height: 31px\">\n<p><span style=\"font-family: arial, helvetica, sans-serif;font-size: 16px\">Marca<\/span><\/p>\n<\/td>\n<td valign=\"top\" width=\"373\" style=\"width: 49.3386%;height: 31px\">\n<p><span style=\"font-family: arial, helvetica, sans-serif;font-size: 16px\">Kit da giardino<\/span><\/p>\n<\/td>\n<\/tr>\n<tr style=\"height: 31px\">\n<td valign=\"top\" width=\"373\" style=\"width: 49.3386%;height: 31px\">\n<p><span style=\"font-family: arial, helvetica, sans-serif;font-size: 16px\">Luogo d&#039;origine<\/span><\/p>\n<\/td>\n<td valign=\"top\" width=\"373\" style=\"width: 49.3386%;height: 31px\">\n<p><span style=\"font-family: arial, helvetica, sans-serif;font-size: 16px\">Fujian, Cina<\/span><\/p>\n<\/td>\n<\/tr>\n<tr style=\"height: 31px\">\n<td valign=\"top\" width=\"373\" style=\"width: 49.3386%;height: 31px\">\n<p><span style=\"font-family: arial, helvetica, sans-serif;font-size: 16px\">ODM\/OEM<\/span><\/p>\n<\/td>\n<td valign=\"top\" width=\"373\" style=\"width: 49.3386%;height: 31px\">\n<p><span style=\"font-family: arial, helvetica, sans-serif;font-size: 16px\">Disponibile<\/span><\/p>\n<\/td>\n<\/tr>\n<tr style=\"height: 31px\">\n<td valign=\"top\" width=\"373\" style=\"width: 49.3386%;height: 31px\">\n<p><span style=\"font-family: arial, helvetica, sans-serif;font-size: 16px\">MOQ per ordine personalizzato<\/span><\/p>\n<\/td>\n<td valign=\"top\" width=\"373\" style=\"width: 49.3386%;height: 31px\">\n<p><span style=\"font-family: arial, helvetica, sans-serif;font-size: 16px\">3000 pezzi<\/span><\/p>\n<\/td>\n<\/tr>\n<tr style=\"height: 52px\">\n<td valign=\"top\" width=\"373\" style=\"width: 49.3386%;height: 52px\">\n<p><span style=\"font-family: arial, helvetica, sans-serif;font-size: 16px\">Costo del campione<\/span><\/p>\n<\/td>\n<td valign=\"top\" width=\"373\" style=\"width: 49.3386%;height: 52px\">\n<p><span style=\"font-family: arial, helvetica, sans-serif;font-size: 16px\">US$400\/Campione, reso completo dopo un nostro ordine<\/span><\/p>\n<\/td>\n<\/tr>\n<\/tbody>\n<\/table>\n<p><span style=\"font-family: arial, helvetica, sans-serif;font-size: 16px\">&nbsp;<\/span><\/p>\n<p><span style=\"font-family: arial, helvetica, sans-serif;font-size: 16px\">La vaniglia ha molte funzioni. Per esempio, ha l'effetto di purificare l'aria. Si possono mettere una o due piante di vaniglia nella stanza o metterla nell'armadio o nel cuscino per sterilizzarlo. In secondo luogo, pu\u00f2 essere utilizzata anche per produrre oli essenziali, che possono ottenere l'effetto di bellezza ed estetica; infine, pu\u00f2 anche regolare il qi, migliorare la vista e trattare alcune malattie minori.<\/span><\/p>\n<p><span style=\"font-family: arial, helvetica, sans-serif;font-size: 16px\">&nbsp;<\/span><\/p>\n<h3 style=\"font-size: 19px\"><span style=\"font-family: arial, helvetica, sans-serif;font-size: 16px\"><strong>Descrizione<\/strong><\/span><\/h3>\n<p><span style=\"font-family: arial, helvetica, sans-serif;font-size: 16px\">Starter kit per la coltivazione di erbe aromatiche da interno in 21 pezzi: Tutto ci\u00f2 che serve per portare la gioia della coltivazione di erbe aromatiche nella vostra vita o in quella di una persona cara. \u00c8 semplice: le nostre congetture sulla coltivazione di erbe da seme vi guidano in ogni fase del processo. Piantate!<\/span><\/p>\n<p><span style=\"font-family: arial, helvetica, sans-serif;font-size: 16px\">&nbsp;<\/span><\/p>\n<h3 style=\"font-size: 19px\"><span style=\"font-family: arial, helvetica, sans-serif;font-size: 16px\"><strong>Nel kit sono inclusi i seguenti articoli.<\/strong><\/span><\/h3>\n<p><span style=\"font-family: arial, helvetica, sans-serif;font-size: 16px\">10 bustine di semi fresche<\/span><\/p>\n<p><span style=\"font-family: arial, helvetica, sans-serif;font-size: 16px\">10 segnapiante in bamb\u00f9<\/span><\/p>\n<p><span style=\"font-family: arial, helvetica, sans-serif;font-size: 16px\">1 Guida passo passo alla semina<\/span><\/p>\n<p><span style=\"font-family: arial, helvetica, sans-serif;font-size: 16px\">1 scatola regalo in legno per fioriere<\/span><\/p>\n<p><span style=\"font-family: arial, helvetica, sans-serif;font-size: 16px\">&nbsp;<\/span><\/p>\n<p><span style=\"font-family: arial, helvetica, sans-serif;font-size: 16px\">Coltivate il vostro giardino di erbe aromatiche sul davanzale: Questo kit per giardino di erbe aromatiche \u00e8 dotato di 10 semi di erbe aromatiche per piante d'appartamento che vi aiuteranno ad avviare il vostro giardino domestico. I semi non OGM di questo kit di erbe da interno includono basilico genovese, erba cipollina, coriandolo (o coriandolo), aneto, origano, prezzemolo italiano a foglia larga, salvia, timo inglese, rucola e menta (o menta). Per rendere pi\u00f9 piccanti i vostri pasti, aggiungete i sapori di casa: la coltivazione di queste erbe aromatiche per il giardinaggio indoor dovrebbe fare al caso vostro!<\/span><\/p>\n<p><span style=\"font-family: arial, helvetica, sans-serif;font-size: 16px\">&nbsp;<\/span><\/p>\n<p><span style=\"font-family: arial, helvetica, sans-serif;font-size: 16px\">Supporto alla crescita da parte di esperti: Siamo andati oltre quando si tratta di supporto. Sappiamo che molti dei nostri clienti sono alle prime armi con il giardinaggio e siamo qui per voi. Il nostro Starter Kit per il giardino di erbe aromatiche comprende un team di esperti di giardinaggio e paesaggisti che rispondono alle domande sui nostri kit di erbe aromatiche, bot di aiuto ai coltivatori tramite FB Messenger, istruzioni dettagliate, una comunit\u00e0 privata di coltivatori su FB e video didattici.<\/span><\/p>\n<p><span style=\"font-family: arial, helvetica, sans-serif;font-size: 16px\">&nbsp;<\/span><\/p>\n<p><span style=\"font-family: arial, helvetica, sans-serif;font-size: 16px\">SEMPRE coltivati in Cina: I semi dei nostri kit di semi per orto sono tutti coltivati in Cina e testati per la germinazione prima di essere inseriti in un kit di semi. Che siate esperti di giardinaggio indoor o che stiate coltivando la vostra prima pianta di basilico o di menta, i nostri semi per orto di alta qualit\u00e0 possono aiutarvi a produrre con successo le erbe culinarie pi\u00f9 fresche.<\/span><\/p>\n<p><span style=\"font-family: arial, helvetica, sans-serif;font-size: 16px\">&nbsp;<\/span><\/p>\n<p><span style=\"font-family: arial, helvetica, sans-serif;font-size: 16px\">Regali unici per giardinieri e amanti delle piante: Il nostro kit di semi di erbe aromatiche \u00e8 un perfetto regalo di giardinaggio per donne, un regalo vegano, un regalo per la casa, un regalo unico per uomini o un regalo per l'ufficio. Gli chef e gli appassionati di cucina ameranno i semi contenuti in questo kit di partenza per l'orto di erbe aromatiche da interno, cos\u00ec come i giardinieri dilettanti e le mamme delle piante! Queste erbe possono essere coltivate all'interno o all'esterno, sul davanzale della finestra, sul piano della cucina o sul patio, o anche spostate all'esterno in un secondo momento. \u00c8 un regalo che continua a dare!<\/span><\/p>\n<p><span style=\"font-family: arial, helvetica, sans-serif;font-size: 16px\">&nbsp;<\/span><\/p>\n<p><span style=\"font-family: arial, helvetica, sans-serif;font-size: 16px\">Perch\u00e9 il kit da giardino: Il nostro obiettivo \u00e8 quello di rendere l'arte della coltivazione delle piante semplice e facile, accessibile a tutti. Abbiamo iniziato come azienda veterana e familiare concentrandoci sulla creazione di prodotti sicuri e sostenibili di cui potersi fidare, una pratica che continua tuttora.<\/span><\/p><\/p>","protected":false},"excerpt":{"rendered":"<p>Starter kit preparato per erbe da interni da 21 pezzi: tutto ci\u00f2 di cui hai bisogno per portare la gioia di coltivare erbe aromatiche nella tua vita o in quella di una persona cara. \u00c8 semplice: le nostre ipotesi sulla coltivazione delle erbe dai semi ti guidano in ogni fase del percorso. Piantala!<\/p>","protected":false},"featured_media":12321,"comment_status":"open","ping_status":"closed","template":"","meta":[],"product_cat":[50],"product_tag":[495,508,179,181,496,515],"acf":[],"_links":{"self":[{"href":"https:\/\/www.garden-kit.com\/it\/wp-json\/wp\/v2\/product\/4052"}],"collection":[{"href":"https:\/\/www.garden-kit.com\/it\/wp-json\/wp\/v2\/product"}],"about":[{"href":"https:\/\/www.garden-kit.com\/it\/wp-json\/wp\/v2\/types\/product"}],"replies":[{"embeddable":true,"href":"https:\/\/www.garden-kit.com\/it\/wp-json\/wp\/v2\/comments?post=4052"}],"wp:featuredmedia":[{"embeddable":true,"href":"https:\/\/www.garden-kit.com\/it\/wp-json\/wp\/v2\/media\/12321"}],"wp:attachment":[{"href":"https:\/\/www.garden-kit.com\/it\/wp-json\/wp\/v2\/media?parent=4052"}],"wp:term":[{"taxonomy":"product_cat","embeddable":true,"href":"https:\/\/www.garden-kit.com\/it\/wp-json\/wp\/v2\/product_cat?post=4052"},{"taxonomy":"product_tag","embeddable":true,"href":"https:\/\/www.garden-kit.com\/it\/wp-json\/wp\/v2\/product_tag?post=4052"}],"curies":[{"name":"wp","href":"https:\/\/api.w.org\/{rel}","templated":true}]}}