{"id":4069,"date":"2022-10-19T14:17:58","date_gmt":"2022-10-19T06:17:58","guid":{"rendered":"https:\/\/www.garden-kit.com\/product\/herb-garden-starter-kit-indoor\/"},"modified":"2023-03-31T14:45:59","modified_gmt":"2023-03-31T06:45:59","slug":"herb-garden-starter-kit-indoor","status":"publish","type":"product","link":"https:\/\/www.garden-kit.com\/it\/product\/herb-garden-starter-kit-indoor\/","title":{"rendered":"Kit iniziale per giardino di erbe aromatiche per interni"},"content":{"rendered":"<h3 style=\"font-size: 19px\"><strong>Panoramica<\/strong><\/h3>\n<table border=\"1\" cellspacing=\"0\">\n<tbody>\n<tr>\n<td valign=\"top\" width=\"373\">\n<p><strong>Istruzioni per la cura del prodotto<\/strong><\/p>\n<\/td>\n<td valign=\"top\" width=\"373\">\n<p><span style=\"font-family: Calibri\">Disponibile<\/span><\/p>\n<\/td>\n<\/tr>\n<tr>\n<td valign=\"top\" width=\"373\">\n<p><strong>Tipo di prodotto vegetale<\/strong><\/p>\n<\/td>\n<td valign=\"top\" width=\"373\">\n<p><span style=\"font-family: Calibri\">Erbe aromatiche<\/span><\/p>\n<\/td>\n<\/tr>\n<tr>\n<td valign=\"top\" width=\"373\">\n<p><strong>Caratteristica speciale<\/strong><\/p>\n<\/td>\n<td valign=\"top\" width=\"373\">\n<p>Coltivazione indoor-outdoor<\/p>\n<\/td>\n<\/tr>\n<tr>\n<td valign=\"top\" width=\"373\">\n<p><strong><span style=\"font-family: Arial\">Marca<\/span><\/strong><\/p>\n<\/td>\n<td valign=\"top\" width=\"373\">\n<p><span style=\"font-family: Calibri\">Kit da giardino<\/span><\/p>\n<\/td>\n<\/tr>\n<tr>\n<td valign=\"top\" width=\"373\">\n<p><strong><span style=\"font-family: Arial\">Luogo d&#039;origine<\/span><\/strong><\/p>\n<\/td>\n<td valign=\"top\" width=\"373\">\n<p><span style=\"font-family: Calibri\">Fujian, Cina<\/span><\/p>\n<\/td>\n<\/tr>\n<tr>\n<td valign=\"top\" width=\"373\">\n<p><strong><span style=\"font-family: Arial\">ODM\/OEM<\/span><\/strong><\/p>\n<\/td>\n<td valign=\"top\" width=\"373\">\n<p><span style=\"font-family: Calibri\">Disponibile<\/span><\/p>\n<\/td>\n<\/tr>\n<tr>\n<td valign=\"top\" width=\"373\">\n<p><strong><span style=\"font-family: Arial\">MOQ per ordine personalizzato<\/span><\/strong><\/p>\n<\/td>\n<td valign=\"top\" width=\"373\">\n<p><span style=\"font-family: Calibri\">3000 pezzi<\/span><\/p>\n<\/td>\n<\/tr>\n<tr>\n<td valign=\"top\" width=\"373\">\n<p><strong><span style=\"font-family: Arial\">Costo del campione<\/span><\/strong><\/p>\n<\/td>\n<td valign=\"top\" width=\"373\">\n<p><span style=\"font-family: Calibri\">US$400\/Campione, restituzione completa dopo l&#039;ordine da parte nostra<\/span><\/p>\n<\/td>\n<\/tr>\n<\/tbody>\n<\/table>\n<h3 style=\"font-size: 19px\"><strong><span style=\"font-family: Arial\">Descrizione<\/span><\/strong><\/h3>\n<p><span style=\"font-family: Calibri\">Serie Culinary Chef \u2013 Profilo del sapore divino: abbiamo raccolto a mano i pi\u00f9 deliziosi semi di coriandolo lento (tempo di fioritura pi\u00f9 lungo), semi di basilico genovese (sapore pi\u00f9 ricco), semi di timo inglese (calcio perfetto!) e semi di prezzemolo italiano (cospargere su tutto). Non c&#039;\u00e8 bisogno di progettare ricette attorno a queste erbe, utilizzerai queste erbe culinarie su tutto.<\/span><\/p>\n<p><span style=\"font-family: Calibri\">Preparato <\/span><span style=\"font-family: Calibri\">21<\/span>&nbsp;<span style=\"font-family: Calibri\">Pezzo <\/span>Kit iniziale per erbe da interni<span style=\"font-family: Calibri\">:Tutto ci\u00f2 di cui hai bisogno per portare la gioia di coltivare erbe aromatiche nella tua vita o in quella di una persona cara. \u00c8 semplice: le nostre ipotesi sulla coltivazione delle erbe dai semi ti guidano in ogni fase del percorso. Piantala!<\/span><\/p>\n<p>&nbsp;<\/p>\n<h3 style=\"font-size: 19px\"><strong><span style=\"font-family: Arial\">Nel kit sono inclusi i seguenti articoli.<\/span><\/strong><\/h3>\n<p>4 <span style=\"font-family: Arial\">vasi di ceramica in stile<\/span><\/p>\n<p><span style=\"font-family: Arial\">4 vaschette raccogliacqua in bamb\u00f9<\/span><\/p>\n<p><span style=\"font-family: Arial\">3<\/span>&nbsp;dischi del terriccio,<\/p>\n<p>4 marcatori di piante,<\/p>\n<p><span style=\"font-family: Arial\">4 Variet\u00e0 di semi di erbe aromatiche<\/span><\/p>\n<p><span style=\"font-family: Arial\">1guida alla coltivazione<\/span><\/p>\n<p><span style=\"font-family: Arial\">1 regalo<\/span>&nbsp;scatola&nbsp;<\/p>\n<p>&nbsp;<\/p>\n<p><span style=\"font-family: Calibri\">Serie Culinary Chef \u2013 Profilo del sapore divino: abbiamo raccolto a mano i pi\u00f9 deliziosi semi di coriandolo lento (tempo di fioritura pi\u00f9 lungo), semi di basilico genovese (sapore pi\u00f9 ricco), semi di timo inglese (calcio perfetto!) e semi di prezzemolo italiano (cospargere su tutto). Non c&#039;\u00e8 bisogno di progettare ricette attorno a queste erbe, utilizzerai queste erbe culinarie su tutto.<\/span><\/p>\n<p>&nbsp;<\/p>\n<p><span style=\"font-family: Calibri\">ZERO TRAPIANTI \u2013 Inizia e prospera in un unico vaso: stupisci la famiglia e gli amici ad ogni pasto con le erbe fresche di questo kit iniziale per giardino di erbe aromatiche da interni. La guida rapida all&#039;antivegetativa copre ogni fase del percorso per avviare e far crescere le tue erbe, e i vasi interni di grandi dimensioni fanno s\u00ec che inizino e rimangano nella loro casa speciale, quindi non c&#039;\u00e8 bisogno di preoccuparsi della muta.<\/span><\/p>\n<p>&nbsp;<\/p>\n<p><span style=\"font-family: Calibri\">Risparmia oltre 50% \u2013 Kit per giardino delle erbe di grande valore, include 4 splendidi vasi da giardino per erbe aromatiche in ceramica smaltata in marmo con fori di drenaggio, 4 vassoi raccogligocce in bamb\u00f9 a lunga durata, 4 variet\u00e0 di semi di erbe, 4 marcatori di semi di piante in legno, 4 pellet di terreno interno di muschio di torba, Pacchetto nutriente per alghe e guida alla coltivazione. Pi\u00f9 del doppio del valore di ogni articolo acquistato singolarmente.<\/span><\/p>\n<p>&nbsp;<\/p>\n<p><span style=\"font-family: Calibri\">Erbe perenni \u2013 Piantagione continua: la maggior parte dei kit da giardino per interni sono monouso (e durano solo una stagione). I regali per il giardinaggio fatto in casa includono 30 per seme, oltre a una fioriera per erbe aromatiche riutilizzabile e resistente 100% e un gruppo di avviamento per semi in modo da poter piantare tutto l&#039;anno senza dover acquistare nuovi vasi di avviamento, vassoi di raccolta o semi.<\/span><\/p>\n<p>&nbsp;<\/p>\n<p><span style=\"font-family: Calibri\">Garanzia \u201cGenitori di piante felici\u201d \u2013 Il giardinaggio dovrebbe essere divertente, non stressante, e il nostro obiettivo \u00e8 rendere la tua esperienza di giardinaggio la migliore di sempre, che tu sia un principiante o un esperto. Siamo sicuri che apprezzerai quanto sia facile, veloce e naturale l&#039;aiuto fatto in casa nel tuo orto di erbe culinarie<\/span><\/p><\/p>","protected":false},"excerpt":{"rendered":"<p>Serie Culinary Chef \u2013 Profilo del sapore divino: abbiamo raccolto a mano i pi\u00f9 deliziosi semi di coriandolo lento (tempo di fioritura pi\u00f9 lungo), semi di basilico genovese (sapore pi\u00f9 ricco), semi di timo inglese (calcio perfetto!) e semi di prezzemolo italiano (cospargere su tutto). Non c&#039;\u00e8 bisogno di progettare ricette attorno a queste erbe, utilizzerai queste erbe culinarie su tutto.<br \/>\nStarter kit preparato per erbe da interni da 21 pezzi: tutto ci\u00f2 di cui hai bisogno per portare la gioia di coltivare erbe aromatiche nella tua vita o in quella di una persona cara. \u00c8 semplice: le nostre ipotesi sulla coltivazione delle erbe dai semi ti guidano in ogni fase del percorso. Piantala!<\/p>","protected":false},"featured_media":12177,"comment_status":"open","ping_status":"closed","template":"","meta":[],"product_cat":[50],"product_tag":[484,486,485],"acf":[],"_links":{"self":[{"href":"https:\/\/www.garden-kit.com\/it\/wp-json\/wp\/v2\/product\/4069"}],"collection":[{"href":"https:\/\/www.garden-kit.com\/it\/wp-json\/wp\/v2\/product"}],"about":[{"href":"https:\/\/www.garden-kit.com\/it\/wp-json\/wp\/v2\/types\/product"}],"replies":[{"embeddable":true,"href":"https:\/\/www.garden-kit.com\/it\/wp-json\/wp\/v2\/comments?post=4069"}],"wp:featuredmedia":[{"embeddable":true,"href":"https:\/\/www.garden-kit.com\/it\/wp-json\/wp\/v2\/media\/12177"}],"wp:attachment":[{"href":"https:\/\/www.garden-kit.com\/it\/wp-json\/wp\/v2\/media?parent=4069"}],"wp:term":[{"taxonomy":"product_cat","embeddable":true,"href":"https:\/\/www.garden-kit.com\/it\/wp-json\/wp\/v2\/product_cat?post=4069"},{"taxonomy":"product_tag","embeddable":true,"href":"https:\/\/www.garden-kit.com\/it\/wp-json\/wp\/v2\/product_tag?post=4069"}],"curies":[{"name":"wp","href":"https:\/\/api.w.org\/{rel}","templated":true}]}}