{"id":4093,"date":"2022-10-19T14:25:34","date_gmt":"2022-10-19T06:25:34","guid":{"rendered":"https:\/\/www.garden-kit.com\/product\/herb-garden-starter-kit-deluxe\/"},"modified":"2023-03-31T15:06:07","modified_gmt":"2023-03-31T07:06:07","slug":"herb-garden-starter-kit-deluxe","status":"publish","type":"product","link":"https:\/\/www.garden-kit.com\/it\/product\/herb-garden-starter-kit-deluxe\/","title":{"rendered":"Kit iniziale per giardino di erbe aromatiche Deluxe"},"content":{"rendered":"<p style=\"font-size: 16px\"><span style=\"font-family: arial, helvetica, sans-serif;font-size: 18px\">Tre motivi per amare la coltivazione delle erbe aromatiche<\/span><\/p>\n<p style=\"line-height: 1.5;font-size: 16px\"><span style=\"font-family: arial, helvetica, sans-serif\">Primo: la maggior parte delle erbe \u00e8 molto facile da curare.<\/span><br \/><span style=\"font-family: arial, helvetica, sans-serif\">Se presti attenzione quando pianti e annaffi bene nei prossimi giorni, hai gi\u00e0 fatto la maggior parte del lavoro.<\/span><br \/><span style=\"font-family: arial, helvetica, sans-serif\">Secondo: molte erbe sono ancora dei veri \u201cre dello sciopero della fame\u201d.<\/span><br \/><span style=\"font-family: arial, helvetica, sans-serif\">Cio\u00e8, hanno bisogno di un numero limitato di nutrienti per essere soddisfatti.<\/span><br \/><span style=\"font-family: arial, helvetica, sans-serif\">S\u00ec, la vaniglia pu\u00f2 esprimere appieno le sue caratteristiche in terreni poveri. La loro pi\u00f9 grande esigenza per l\u2019ambiente \u00e8 quanta pi\u00f9 luce solare e calore possibile.<\/span><br \/><span style=\"font-family: arial, helvetica, sans-serif\">Terzo: ricavare nuove piante dalle tue stesse erbe.<\/span><br \/><span style=\"font-family: arial, helvetica, sans-serif\">Se trovi un luogo soleggiato per le tue erbe e queste crescono vigorosamente, puoi ottenere la prossima generazione di erbe dalle tue stesse piante o creare una siepe di erbe profumate per le tue verdure.<\/span><br \/><span style=\"font-family: arial, helvetica, sans-serif\">Coltivare nuove piante a partire dalle proprie erbe non \u00e8 solo pratico ed economico, ma anche divertente!<\/span><\/p>\n<h3 style=\"font-size: 19px\"><span style=\"font-family: arial, helvetica, sans-serif\"><strong>Panoramica<\/strong><\/span><\/h3>\n<table border=\"1\" cellspacing=\"0\" style=\"border-collapse: collapse;width: 100%\">\n<tbody>\n<tr>\n<td valign=\"top\" width=\"373\">\n<p style=\"font-size: 16px\"><span style=\"font-family: arial, helvetica, sans-serif\">Istruzioni per la cura del prodotto<\/span><\/p>\n<\/td>\n<td valign=\"top\" width=\"373\">\n<p style=\"font-size: 16px\"><span style=\"font-family: arial, helvetica, sans-serif\">Disponibile<\/span><\/p>\n<\/td>\n<\/tr>\n<tr>\n<td valign=\"top\" width=\"373\">\n<p style=\"font-size: 16px\"><span style=\"font-family: arial, helvetica, sans-serif\">Tipo di prodotto vegetale<\/span><\/p>\n<\/td>\n<td valign=\"top\" width=\"373\">\n<p style=\"font-size: 16px\"><span style=\"font-family: arial, helvetica, sans-serif\">Erbe aromatiche<\/span><\/p>\n<\/td>\n<\/tr>\n<tr>\n<td valign=\"top\" width=\"373\">\n<p style=\"font-size: 16px\"><span style=\"font-family: arial, helvetica, sans-serif\">Caratteristica speciale<\/span><\/p>\n<\/td>\n<td valign=\"top\" width=\"373\">\n<p style=\"font-size: 16px\"><span style=\"font-family: arial, helvetica, sans-serif\">Coltivazione indoor-outdoor<\/span><\/p>\n<\/td>\n<\/tr>\n<tr>\n<td valign=\"top\" width=\"373\">\n<p style=\"font-size: 16px\"><span style=\"font-family: arial, helvetica, sans-serif\">Marca<\/span><\/p>\n<\/td>\n<td valign=\"top\" width=\"373\">\n<p style=\"font-size: 16px\"><span style=\"font-family: arial, helvetica, sans-serif\">Kit da giardino<\/span><\/p>\n<\/td>\n<\/tr>\n<tr>\n<td valign=\"top\" width=\"373\">\n<p style=\"font-size: 16px\"><span style=\"font-family: arial, helvetica, sans-serif\">Luogo d&#039;origine<\/span><\/p>\n<\/td>\n<td valign=\"top\" width=\"373\">\n<p style=\"font-size: 16px\"><span style=\"font-family: arial, helvetica, sans-serif\">Fujian, Cina<\/span><\/p>\n<\/td>\n<\/tr>\n<tr>\n<td valign=\"top\" width=\"373\">\n<p style=\"font-size: 16px\"><span style=\"font-family: arial, helvetica, sans-serif\">ODM\/OEM<\/span><\/p>\n<\/td>\n<td valign=\"top\" width=\"373\">\n<p style=\"font-size: 16px\"><span style=\"font-family: arial, helvetica, sans-serif\">Disponibile<\/span><\/p>\n<\/td>\n<\/tr>\n<tr>\n<td valign=\"top\" width=\"373\">\n<p style=\"font-size: 16px\"><span style=\"font-family: arial, helvetica, sans-serif\">MOQ per ordine personalizzato<\/span><\/p>\n<\/td>\n<td valign=\"top\" width=\"373\">\n<p style=\"font-size: 16px\"><span style=\"font-family: arial, helvetica, sans-serif\">3000 pezzi<\/span><\/p>\n<\/td>\n<\/tr>\n<tr>\n<td valign=\"top\" width=\"373\">\n<p style=\"font-size: 16px\"><span style=\"font-family: arial, helvetica, sans-serif\">Costo del campione<\/span><\/p>\n<\/td>\n<td valign=\"top\" width=\"373\">\n<p style=\"font-size: 16px\"><span style=\"font-family: arial, helvetica, sans-serif\">US$400\/Campione, restituzione completa dopo l&#039;ordine da parte nostra<\/span><\/p>\n<\/td>\n<\/tr>\n<\/tbody>\n<\/table>\n<p style=\"font-size: 16px\"><span style=\"font-family: arial, helvetica, sans-serif\">&nbsp;&nbsp;<\/span><\/p>\n<p style=\"font-size: 16px\"><span style=\"font-family: arial, helvetica, sans-serif\">Le piante di vaniglia hanno un aroma unico e sono molto versatili.<\/span><\/p>\n<p style=\"line-height: 1.5;font-size: 16px\"><span style=\"font-family: arial, helvetica, sans-serif\">1. Valore commestibile;<\/span><br \/><span style=\"font-family: arial, helvetica, sans-serif\">2. Valore medicinale;<\/span><br \/><span style=\"font-family: arial, helvetica, sans-serif\">3. Realizzare pot-pourri o sacchetti e altri oggetti di artigianato.<\/span><br \/><span style=\"font-family: arial, helvetica, sans-serif\">Tenete in casa qualche altra pianta in vaso di tipo erbaceo che possa essere utilizzata come condimento. Osservatele nei momenti ordinari e raccoglietele quando cucinate. Si tratta di un vero e proprio condimento naturale e puro, privo di inquinamento.<\/span><\/p>\n<h3 style=\"font-size: 19px\"><span style=\"font-family: arial, helvetica, sans-serif\"><strong>Descrizione<\/strong><\/span><\/h3>\n<p style=\"line-height: 1.5;font-size: 16px\"><span style=\"font-family: arial, helvetica, sans-serif\">Starter kit preparato per erbe da interni da 21 pezzi: tutto ci\u00f2 di cui hai bisogno per portare la gioia di coltivare erbe aromatiche nella tua vita o in quella di una persona cara. \u00c8 semplice: le nostre ipotesi sulla coltivazione delle erbe dai semi ti guidano in ogni fase del percorso. Piantala!<\/span><\/p>\n<p style=\"line-height: 1.5;font-size: 16px\"><span style=\"font-family: arial, helvetica, sans-serif\">&nbsp;<\/span><\/p>\n<h3 style=\"font-size: 19px\"><span style=\"font-family: arial, helvetica, sans-serif\"><strong>Nel kit sono inclusi i seguenti articoli.<\/strong><\/span><span style=\"font-family: arial, helvetica, sans-serif\">&nbsp;<\/span><\/h3>\n<p style=\"line-height: 1.5;font-size: 16px\"><span style=\"font-family: arial, helvetica, sans-serif\">9 vasi in fibra di bamb\u00f9<\/span><\/p>\n<p style=\"line-height: 1.5;font-size: 16px\"><span style=\"font-family: arial, helvetica, sans-serif\">3 terreno pre-fertilizzato dis<\/span><\/p>\n<p style=\"line-height: 1.5;font-size: 16px\"><span style=\"font-family: arial, helvetica, sans-serif\">9 pacchetti di semi salva freschezza<\/span><\/p>\n<p style=\"line-height: 1.5;font-size: 16px\"><span style=\"font-family: arial, helvetica, sans-serif\">9 pennarelli per piante di bamb\u00f9<\/span><\/p>\n<p style=\"line-height: 1.5;font-size: 16px\"><span style=\"font-family: arial, helvetica, sans-serif\">1 Guida passo passo alla semina<\/span><\/p>\n<p style=\"line-height: 1.5;font-size: 16px\"><span style=\"font-family: arial, helvetica, sans-serif\">1 confezione regalo personalizzata<\/span><\/p>\n<p style=\"line-height: 1.5;font-size: 16px\"><span style=\"font-family: arial, helvetica, sans-serif\">&nbsp;<\/span><\/p>\n<p style=\"line-height: 1.5;font-size: 16px\"><span style=\"font-family: arial, helvetica, sans-serif\">Barre di vasi: 4 vasi di iuta e 2 gocciolatoi - Ideali per la crescita ben drenata delle piantine. Risparmiate e riutilizzate. | Coltivalo: 4 confezioni di semi di prima qualit\u00e0 - Include 4 erbe diverse: <strong>Basilico, prezzemolo, erba cipollina e coriandolo<\/strong>. Tutti i semi sono testati per ottenere il massimo tasso di germinazione.<\/span><\/p>\n<p style=\"line-height: 1.5;font-size: 16px\"><span style=\"font-family: arial, helvetica, sans-serif\">&nbsp;<\/span><\/p>\n<p style=\"line-height: 1.5;font-size: 16px\"><span style=\"font-family: arial, helvetica, sans-serif\">Alimentazione: Dischi di terriccio preconcimato ricchi di nutrienti: aggiungete acqua e si espanderanno di 6-8 volte. |Segnalo: 4 marcatori di bamb\u00f9 - I marcatori aiutano a identificare le piantine durante la crescita. Allenalo: Potatori - Ottimi per tagliare le foglie e le radici in eccesso.<\/span><\/p>\n<p style=\"line-height: 1.5;font-size: 16px\"><span style=\"font-family: arial, helvetica, sans-serif\">&nbsp;<\/span><\/p>\n<p style=\"line-height: 1.5;font-size: 16px\"><span style=\"font-family: arial, helvetica, sans-serif\">Segnalo: 4 marcatori di bamb\u00f9 - I marcatori aiutano a identificare le piantine durante la crescita. | Ace it! Come si usa - Vi guidiamo passo dopo passo per farvi coltivare erbe favolose. Bonus: godetevi le erbe fresche macinate in qualsiasi momento con il macinino per erbe incluso.<\/span><\/p>\n<p style=\"line-height: 1.5;font-size: 16px\"><span style=\"font-family: arial, helvetica, sans-serif\">&nbsp;<\/span><\/p>\n<p style=\"line-height: 1.5;font-size: 16px\"><span style=\"font-family: arial, helvetica, sans-serif\">Pianta il tuo sentiero della gioia: amalo o ti restituisco i soldi! Se incontrate difficolt\u00e0 con qualsiasi aspetto del processo, non esitate a contattarci. Ci impegniamo ad aiutarvi finch\u00e9 non otterrete i risultati che desiderate.<\/span><\/p>\n<p style=\"font-size: 16px\"><span style=\"font-family: arial, helvetica, sans-serif\"><\/span><\/p>\n<p style=\"font-size: 16px\"><span style=\"font-family: arial, helvetica, sans-serif;font-size: 18px\">Come propagare le erbe<\/span><\/p>\n<p style=\"line-height: 1.5;font-size: 16px\"><span style=\"font-family: arial, helvetica, sans-serif\">Oltre a essere piantate con i semi, le piante di vaniglia possono essere propagate con semplici divisioni e le erbe piantate e sviluppate possono essere ulteriormente divise. Non solo si pu\u00f2 propagare un certo tipo di vaniglia, ma si possono riprodurre anche le piante con rese ridotte o con una crescita disordinata. Una nuova vita.<\/span><br \/><span style=\"font-family: arial, helvetica, sans-serif\">Le stagioni adatte ai rametti sono la primavera e l'autunno.<\/span><br \/><span style=\"font-family: arial, helvetica, sans-serif\">Alcune variet\u00e0 sono adatte alla divisione, altre no.<\/span><br \/><span style=\"font-family: arial, helvetica, sans-serif\">Poich\u00e9 l'operazione di ramificazione \u00e8 molto semplice anche per i principianti, \u00e8 meglio fare una prova.<\/span><\/p>\n<p style=\"line-height: 1.5;font-size: 16px\"><span style=\"font-family: arial, helvetica, sans-serif\">talee<\/span><br \/><span style=\"font-family: arial, helvetica, sans-serif\">La talea \u00e8 il processo che consiste nel tagliare il fusto di una pianta e inserirlo nel terreno in modo che attecchisca e diventi una nuova pianta.<\/span><br \/><span style=\"font-family: arial, helvetica, sans-serif\">Questo approccio funziona bene con timo, menta piperita e rosmarino, oltre che con la vaniglia della famiglia delle Lamiaceae. Le erbe liliacee come le ombrellifere, le crucifere e l'erba cipollina non sono adatte a questo metodo.<\/span><\/p>\n<p style=\"line-height: 1.5;font-size: 16px\"><span style=\"font-family: arial, helvetica, sans-serif\">passo 1<\/span><br \/><span style=\"font-family: arial, helvetica, sans-serif\">Mettete del terriccio di giada rossa (piccoli grani) nella griglia di allevamento delle piantine e mettetela in un vassoio pieno d'acqua per farle assorbire completamente l'acqua.<\/span><\/p>\n<p style=\"line-height: 1.5;font-size: 16px\"><span style=\"font-family: arial, helvetica, sans-serif\">passo 2<\/span><br \/><span style=\"font-family: arial, helvetica, sans-serif\">Tagliare gli steli spessi e sani di circa 10 cm e prepararli come rami per le talee.<\/span><\/p>\n<p style=\"line-height: 1.5;font-size: 16px\"><span style=\"font-family: arial, helvetica, sans-serif\">passo 3<\/span><br \/><span style=\"font-family: arial, helvetica, sans-serif\">Tagliare il terzo inferiore delle foglie, quindi tagliare la parte superiore (topping).<\/span><\/p>\n<p style=\"line-height: 1.5;font-size: 16px\"><span style=\"font-family: arial, helvetica, sans-serif\">passo 4<\/span><br \/><span style=\"font-family: arial, helvetica, sans-serif\">Inseritela subito dopo nel bicchiere d'acqua e assicuratevi che le talee siano ben idratate prima di inserirle formalmente nel terreno.<\/span><\/p>\n<p style=\"line-height: 1.5;font-size: 16px\"><span style=\"font-family: arial, helvetica, sans-serif\">passo 5<\/span><br \/><span style=\"font-family: arial, helvetica, sans-serif\">Con delle comode bacchette, inserire un piccolo foro nella griglia di allevamento delle piantine, quindi inserire un ramo tagliente in ogni griglia di allevamento delle piantine.<\/span><br \/><span style=\"font-family: arial, helvetica, sans-serif\">Poich\u00e9 la radice cresce dalla parte in cui sono state tagliate le foglie, assicuratevi di inserire completamente questa parte nel terreno al momento del taglio.<\/span><\/p>\n<p style=\"line-height: 1.5;font-size: 16px\"><span style=\"font-family: arial, helvetica, sans-serif\">passo 6<\/span><br \/><span style=\"font-family: arial, helvetica, sans-serif\">Dopo il taglio, mettere la griglia di allevamento delle piantine in un luogo riparato dal vento e dall'ombra, e conservare l'acqua per circa 1 mese.<\/span><\/p>\n<p style=\"font-size: 16px\"><span style=\"font-family: arial, helvetica, sans-serif;font-size: 18px\">Erbe adatte alla ramificazione<\/span><\/p>\n<p style=\"line-height: 1.5;font-size: 16px\"><span style=\"font-family: arial, helvetica, sans-serif\">Prezzemolo, origano, erba cipollina, menta, finocchio, citronella e altro ancora.<\/span><br \/><span style=\"font-family: arial, helvetica, sans-serif\">1. Togliete la pianta dal vaso insieme alle radici e alle gemme.<\/span><br \/><span style=\"font-family: arial, helvetica, sans-serif\">2. Per evitare di danneggiare le radici, separatele a mano. Durante la rottura, seguite la direzione naturale della pianta e non tiratela con forza.<\/span><br \/><span style=\"font-family: arial, helvetica, sans-serif\">3. Piantate le piante separate in vasi diversi.<\/span><\/p><\/p>","protected":false},"excerpt":{"rendered":"<p>Starter kit preparato per erbe da interni da 21 pezzi: tutto ci\u00f2 di cui hai bisogno per portare la gioia di coltivare erbe aromatiche nella tua vita o in quella di una persona cara. \u00c8 semplice: le nostre ipotesi sulla coltivazione delle erbe dai semi ti guidano in ogni fase del percorso. Piantala!<\/p>","protected":false},"featured_media":12566,"comment_status":"open","ping_status":"closed","template":"","meta":[],"product_cat":[50],"product_tag":[388,240,389,179,390,391,387],"acf":[],"_links":{"self":[{"href":"https:\/\/www.garden-kit.com\/it\/wp-json\/wp\/v2\/product\/4093"}],"collection":[{"href":"https:\/\/www.garden-kit.com\/it\/wp-json\/wp\/v2\/product"}],"about":[{"href":"https:\/\/www.garden-kit.com\/it\/wp-json\/wp\/v2\/types\/product"}],"replies":[{"embeddable":true,"href":"https:\/\/www.garden-kit.com\/it\/wp-json\/wp\/v2\/comments?post=4093"}],"wp:featuredmedia":[{"embeddable":true,"href":"https:\/\/www.garden-kit.com\/it\/wp-json\/wp\/v2\/media\/12566"}],"wp:attachment":[{"href":"https:\/\/www.garden-kit.com\/it\/wp-json\/wp\/v2\/media?parent=4093"}],"wp:term":[{"taxonomy":"product_cat","embeddable":true,"href":"https:\/\/www.garden-kit.com\/it\/wp-json\/wp\/v2\/product_cat?post=4093"},{"taxonomy":"product_tag","embeddable":true,"href":"https:\/\/www.garden-kit.com\/it\/wp-json\/wp\/v2\/product_tag?post=4093"}],"curies":[{"name":"wp","href":"https:\/\/api.w.org\/{rel}","templated":true}]}}