{"id":4099,"date":"2022-10-19T14:29:46","date_gmt":"2022-10-19T06:29:46","guid":{"rendered":"https:\/\/www.garden-kit.com\/product\/kids-paint-grow-flower-gardening-kit-set\/"},"modified":"2024-03-13T17:46:40","modified_gmt":"2024-03-13T09:46:40","slug":"paint-and-plant-flower-growing-kits-2","status":"publish","type":"product","link":"https:\/\/www.garden-kit.com\/it\/product\/paint-and-plant-flower-growing-kits-2\/","title":{"rendered":"Istruzioni del kit per la coltivazione di fiori e piante"},"content":{"rendered":"<p style=\"line-height: 1.5\"><span style=\"font-family: arial, helvetica, sans-serif\">\u3010Qualit\u00e0 superiore, usa con sicurezza\u3011La sicurezza dei bambini \u00e8 sempre la priorit\u00e0 numero uno. I nostri attrezzi da giardino per bambini sono realizzati con materiali di alta qualit\u00e0 e non hanno spigoli vivi. Evita che i bambini si feriscano durante il giardinaggio. Adatto per ragazze di et\u00e0 compresa tra 5 6 7 8 9 10-12 anni<\/span><br \/><span style=\"font-family: arial, helvetica, sans-serif\">Liberate la creativit\u00e0 del vostro bambino lasciandolo dipingere, piantare, coltivare e personalizzare il proprio giardino! Dipingete e decorate i vasi delle piante come volete. Possono trasformare i vasi in opere d'arte originali. Create creazioni colorate con le fioriere in metallo dipinto. Questo \u00e8 il loro personale set da giardino per bambini, di cui saranno orgogliosi.<\/span><\/p>\n<p style=\"line-height: 1.5\"><span style=\"font-family: arial, helvetica, sans-serif;font-size: 16px\">Giocattoli divertenti per dipingere e piantare per bambini di et\u00e0 compresa tra 5 e 12 anni. Questo set di attrezzi da giardino per bambini dal design simpatico attira l'interesse dei bambini e aumenta la loro attrazione per la pittura e la semina. I bambini possono giocare con la terra, la sabbia o fare lavori di giardinaggio con questi attrezzi da giardinaggio all'aperto. \u00c8 un modo meraviglioso per promuovere la loro immaginazione e l'attivit\u00e0 fisica. I bambini possono anche fare un gioco di ruolo in casa con amici e familiari per divertirsi con i genitori.<\/span><\/p>\n<h3 style=\"line-height: 1.5;font-size: 19px\"><span style=\"font-family: arial, helvetica, sans-serif;font-size: 18px\">Panoramica<\/span><\/h3>\n<table border=\"1\" cellspacing=\"0\">\n<tbody>\n<tr>\n<td valign=\"top\" width=\"373\">\n<p><span style=\"font-family: arial, helvetica, sans-serif\">Istruzioni per la cura del prodotto<\/span><\/p>\n<\/td>\n<td valign=\"top\" width=\"373\">\n<p><span style=\"font-family: arial, helvetica, sans-serif\">Disponibile<\/span><\/p>\n<\/td>\n<\/tr>\n<tr>\n<td valign=\"top\" width=\"373\">\n<p><span style=\"font-family: arial, helvetica, sans-serif\">Tipo di prodotto vegetale<\/span><\/p>\n<\/td>\n<td valign=\"top\" width=\"373\">\n<p><span style=\"font-family: arial, helvetica, sans-serif\">Fiore<\/span><\/p>\n<\/td>\n<\/tr>\n<tr>\n<td valign=\"top\" width=\"373\">\n<p><span style=\"font-family: arial, helvetica, sans-serif\">Caratteristica speciale<\/span><\/p>\n<\/td>\n<td valign=\"top\" width=\"373\">\n<p><span style=\"font-family: arial, helvetica, sans-serif\">Coltivazione indoor-outdoor<\/span><\/p>\n<\/td>\n<\/tr>\n<tr>\n<td valign=\"top\" width=\"373\">\n<p><span style=\"font-family: arial, helvetica, sans-serif\">Marca<\/span><\/p>\n<\/td>\n<td valign=\"top\" width=\"373\">\n<p><span style=\"font-family: arial, helvetica, sans-serif\">Kit da giardino<\/span><\/p>\n<\/td>\n<\/tr>\n<tr>\n<td valign=\"top\" width=\"373\">\n<p><span style=\"font-family: arial, helvetica, sans-serif\">Luogo d&#039;origine<\/span><\/p>\n<\/td>\n<td valign=\"top\" width=\"373\">\n<p><span style=\"font-family: arial, helvetica, sans-serif\">Fujian, Cina<\/span><\/p>\n<\/td>\n<\/tr>\n<tr>\n<td valign=\"top\" width=\"373\">\n<p><span style=\"font-family: arial, helvetica, sans-serif\">ODM\/OEM<\/span><\/p>\n<\/td>\n<td valign=\"top\" width=\"373\">\n<p><span style=\"font-family: arial, helvetica, sans-serif\">Disponibile<\/span><\/p>\n<\/td>\n<\/tr>\n<tr>\n<td valign=\"top\" width=\"373\">\n<p><span style=\"font-family: arial, helvetica, sans-serif\">MOQ per ordine personalizzato<\/span><\/p>\n<\/td>\n<td valign=\"top\" width=\"373\">\n<p><span style=\"font-family: arial, helvetica, sans-serif\">3000 pezzi<\/span><\/p>\n<\/td>\n<\/tr>\n<tr>\n<td valign=\"top\" width=\"373\">\n<p><span style=\"font-family: arial, helvetica, sans-serif\">Costo del campione<\/span><\/p>\n<\/td>\n<td valign=\"top\" width=\"373\">\n<p><span style=\"font-family: arial, helvetica, sans-serif\">US$400\/Campione, restituzione completa dopo l&#039;ordine da parte nostra<\/span><\/p>\n<\/td>\n<\/tr>\n<\/tbody>\n<\/table>\n<p style=\"line-height: 1.5\"><span style=\"font-family: arial, helvetica, sans-serif\">&nbsp;<\/span><\/p>\n<h3 style=\"line-height: 1.5;font-size: 19px\"><span style=\"font-family: arial, helvetica, sans-serif;font-size: 18px\">Descrizione<\/span><\/h3>\n<p style=\"line-height: 1.5\"><span style=\"font-family: arial, helvetica, sans-serif\">Kit di giardinaggio floreale per bambini da 21 pezzi Paint &amp; Grow: Tutto ci\u00f2 che serve ai vostri bambini per portare la gioia della coltivazione dei fiori nella vostra vita o in quella di una persona cara. \u00c8 semplice: le nostre ipotesi sulla coltivazione dei fiori a partire dai semi vi guidano in ogni fase del processo. Pianta!<\/span><\/p>\n<p style=\"line-height: 1.5\"><span style=\"font-family: arial, helvetica, sans-serif\">&nbsp;<\/span><\/p>\n<p style=\"line-height: 1.5\"><span style=\"font-family: arial, helvetica, sans-serif\">Il kit comprende i seguenti articoli:.<\/span><\/p>\n<p style=\"line-height: 1.5\"><span style=\"font-family: arial, helvetica, sans-serif\">&nbsp;<\/span><span style=\"font-family: arial, helvetica, sans-serif\">1 fioriera autoirrigante<\/span><\/p>\n<p style=\"line-height: 1.5\"><span style=\"font-family: arial, helvetica, sans-serif\">5 terreno preconcimato dis<\/span><\/p>\n<p style=\"line-height: 1.5\"><span style=\"font-family: arial, helvetica, sans-serif\">3 pacchetti di semi salva freschezza<\/span><\/p>\n<p style=\"line-height: 1.5\"><span style=\"font-family: arial, helvetica, sans-serif\">1 attrezzo da giardino<\/span><\/p>\n<p style=\"line-height: 1.5\"><span style=\"font-family: arial, helvetica, sans-serif\">1 paio di pennelli da pittura<\/span><\/p>\n<p style=\"line-height: 1.5\"><span style=\"font-family: arial, helvetica, sans-serif\">6 colori di pittura<\/span><\/p>\n<p style=\"line-height: 1.5\"><span style=\"font-family: arial, helvetica, sans-serif\">1 vassoio di vernice<\/span><\/p>\n<p style=\"line-height: 1.5\"><span style=\"font-family: arial, helvetica, sans-serif\">1 paio di guanti<\/span><\/p>\n<p style=\"line-height: 1.5\"><span style=\"font-family: arial, helvetica, sans-serif\">1 Guida passo passo alla semina<\/span><\/p>\n<p style=\"line-height: 1.5\"><span style=\"font-family: arial, helvetica, sans-serif\">1 confezione regalo personalizzata<\/span><\/p>\n<p style=\"line-height: 1.5\"><span style=\"font-family: arial, helvetica, sans-serif\">&nbsp;<\/span><\/p>\n<p style=\"line-height: 1.5\"><span style=\"font-family: arial, helvetica, sans-serif\">Il primo giardino del kit da giardino: nutri il cuore e la mente di tuo figlio con colori e piante, 3 kit da giardinaggio per bambini. Incoraggia i loro interessi artistici e di giardinaggio con 1 set combinato super divertente di attrezzi da giardinaggio per bambini.<\/span><\/p>\n<p style=\"line-height: 1.5\"><span style=\"font-family: arial, helvetica, sans-serif\">&nbsp;<\/span><\/p>\n<p style=\"line-height: 1.5\"><span style=\"font-family: arial, helvetica, sans-serif\">TUTTO INCLUSO \u2013 Regala al tuo piccolo giardiniere un set completo di attrezzi da giardinaggio per bambini. Il tuo kit per la coltivazione dei fiori include una fioriera autoirrigante con torba, guanti, pala, 6 colori, 2 pennelli e una tavolozza.<\/span><\/p>\n<p style=\"line-height: 1.5\"><span style=\"font-family: arial, helvetica, sans-serif\">&nbsp;<\/span><\/p>\n<p style=\"line-height: 1.5\"><span style=\"font-family: arial, helvetica, sans-serif\">Coltiva qualcosa di meraviglioso: universo vegetale, nontiscordardime, semi di zinnia e con le istruzioni dettagliate della guida alla coltivazione inclusa. Sia all&#039;interno che all&#039;esterno, puoi goderti fiori colorati.<\/span><\/p>\n<p style=\"line-height: 1.5\"><span style=\"font-family: arial, helvetica, sans-serif\">&nbsp;<\/span><\/p>\n<p style=\"line-height: 1.5\"><span style=\"font-family: arial, helvetica, sans-serif\">Regali piantabili \u2013 Un regalo di compleanno per una bambina o un bambino che incoraggia l&#039;espressione artistica e la connessione con la natura. Il tuo kit da giardino in crescita per bambini \u00e8 un regalo semplice per introdurre i bambini al giardinaggio.<\/span><\/p>\n<p style=\"line-height: 1.5\"><span style=\"font-family: arial, helvetica, sans-serif\">&nbsp;<\/span><\/p>\n<p style=\"line-height: 1.5\"><span style=\"font-family: arial, helvetica, sans-serif\">Unisciti al divertimento: affidati a kit facili da coltivare fatti in casa per bambini e adulti. Siamo appassionati nel diffondere il nostro amore per la vita vegetale e non vediamo l&#039;ora di aiutarti a far crescere il tuo primo giardino!<\/span><\/p><\/p>","protected":false},"excerpt":{"rendered":"<p>Kit da giardinaggio per bambini pronto per dipingere e coltivare fiori da 21 pezzi: tutto ci\u00f2 di cui i tuoi bambini hanno bisogno per portare la gioia di coltivare fiori nella vita tua o di una persona cara. \u00c8 semplice: le nostre ipotesi sulla coltivazione dei fiori dai semi ti guidano in ogni fase del percorso. Piantala!<\/p>","protected":false},"featured_media":18077,"comment_status":"open","ping_status":"closed","template":"","meta":[],"product_cat":[61],"product_tag":[420,421,422,424,425,423,338],"acf":[],"_links":{"self":[{"href":"https:\/\/www.garden-kit.com\/it\/wp-json\/wp\/v2\/product\/4099"}],"collection":[{"href":"https:\/\/www.garden-kit.com\/it\/wp-json\/wp\/v2\/product"}],"about":[{"href":"https:\/\/www.garden-kit.com\/it\/wp-json\/wp\/v2\/types\/product"}],"replies":[{"embeddable":true,"href":"https:\/\/www.garden-kit.com\/it\/wp-json\/wp\/v2\/comments?post=4099"}],"wp:featuredmedia":[{"embeddable":true,"href":"https:\/\/www.garden-kit.com\/it\/wp-json\/wp\/v2\/media\/18077"}],"wp:attachment":[{"href":"https:\/\/www.garden-kit.com\/it\/wp-json\/wp\/v2\/media?parent=4099"}],"wp:term":[{"taxonomy":"product_cat","embeddable":true,"href":"https:\/\/www.garden-kit.com\/it\/wp-json\/wp\/v2\/product_cat?post=4099"},{"taxonomy":"product_tag","embeddable":true,"href":"https:\/\/www.garden-kit.com\/it\/wp-json\/wp\/v2\/product_tag?post=4099"}],"curies":[{"name":"wp","href":"https:\/\/api.w.org\/{rel}","templated":true}]}}