{"id":4115,"date":"2022-10-19T14:33:05","date_gmt":"2022-10-19T06:33:05","guid":{"rendered":"https:\/\/www.garden-kit.com\/product\/dandarci-paint-plant-flower-growing-kit-for-kids-2\/"},"modified":"2023-03-31T15:09:49","modified_gmt":"2023-03-31T07:09:49","slug":"flower-growing-kit","status":"publish","type":"product","link":"https:\/\/www.garden-kit.com\/it\/product\/flower-growing-kit\/","title":{"rendered":"Kit per la coltivazione dei fiori"},"content":{"rendered":"<p style=\"line-height: 1.5\"><span style=\"font-family: arial, helvetica, sans-serif;font-size: 16px\">Le piante usano il colore per guarire la Dafa, rendendo i vostri occhi pieni di gioia, o modelli di fiori belli o strani, in modo che non possiate fare a meno di esplorare il loro magico mondo. Sebbene possiate temere che le vostre capacit\u00e0 di coltivazione dei fiori non siano all'altezza, non importa. Gli esperti di floricoltura partono tutti da zero e i fiori hanno una forte capacit\u00e0 di adattamento e di auto-guarigione, perch\u00e9 non iniziare subito?<\/span><span style=\"font-family: arial, helvetica, sans-serif;font-size: 18px\"><\/span><\/p>\n<h3 style=\"line-height: 1.5;font-size: 19px\"><span style=\"font-family: arial, helvetica, sans-serif;font-size: 18px\">Panoramica<\/span><\/h3>\n<table border=\"1\" cellspacing=\"0\" style=\"border-collapse: collapse;width: 100%\">\n<tbody>\n<tr>\n<td valign=\"top\" width=\"373\">\n<p><span style=\"font-family: arial, helvetica, sans-serif;font-size: 16px\">Istruzioni per la cura del prodotto<\/span><\/p>\n<\/td>\n<td valign=\"top\" width=\"373\">\n<p><span style=\"font-family: arial, helvetica, sans-serif;font-size: 16px\">Disponibile<\/span><\/p>\n<\/td>\n<\/tr>\n<tr>\n<td valign=\"top\" width=\"373\">\n<p><span style=\"font-family: arial, helvetica, sans-serif;font-size: 16px\">Tipo di prodotto vegetale<\/span><\/p>\n<\/td>\n<td valign=\"top\" width=\"373\">\n<p><span style=\"font-family: arial, helvetica, sans-serif;font-size: 16px\">Fiore<\/span><\/p>\n<\/td>\n<\/tr>\n<tr>\n<td valign=\"top\" width=\"373\">\n<p><span style=\"font-family: arial, helvetica, sans-serif;font-size: 16px\">Caratteristica speciale<\/span><\/p>\n<\/td>\n<td valign=\"top\" width=\"373\">\n<p><span style=\"font-family: arial, helvetica, sans-serif;font-size: 16px\">Coltivazione indoor-outdoor<\/span><\/p>\n<\/td>\n<\/tr>\n<tr>\n<td valign=\"top\" width=\"373\">\n<p><span style=\"font-family: arial, helvetica, sans-serif;font-size: 16px\">Marca<\/span><\/p>\n<\/td>\n<td valign=\"top\" width=\"373\">\n<p><span style=\"font-family: arial, helvetica, sans-serif;font-size: 16px\">Kit da giardino<\/span><\/p>\n<\/td>\n<\/tr>\n<tr>\n<td valign=\"top\" width=\"373\">\n<p><span style=\"font-family: arial, helvetica, sans-serif;font-size: 16px\">Luogo d&#039;origine<\/span><\/p>\n<\/td>\n<td valign=\"top\" width=\"373\">\n<p><span style=\"font-family: arial, helvetica, sans-serif;font-size: 16px\">Fujian, Cina<\/span><\/p>\n<\/td>\n<\/tr>\n<tr>\n<td valign=\"top\" width=\"373\">\n<p><span style=\"font-family: arial, helvetica, sans-serif;font-size: 16px\">ODM\/OEM<\/span><\/p>\n<\/td>\n<td valign=\"top\" width=\"373\">\n<p><span style=\"font-family: arial, helvetica, sans-serif;font-size: 16px\">Disponibile<\/span><\/p>\n<\/td>\n<\/tr>\n<tr>\n<td valign=\"top\" width=\"373\">\n<p><span style=\"font-family: arial, helvetica, sans-serif;font-size: 16px\">MOQ per ordine personalizzato<\/span><\/p>\n<\/td>\n<td valign=\"top\" width=\"373\">\n<p><span style=\"font-family: arial, helvetica, sans-serif;font-size: 16px\">3000 pezzi<\/span><\/p>\n<\/td>\n<\/tr>\n<tr>\n<td valign=\"top\" width=\"373\">\n<p><span style=\"font-family: arial, helvetica, sans-serif;font-size: 16px\">Costo del campione<\/span><\/p>\n<\/td>\n<td valign=\"top\" width=\"373\">\n<p><span style=\"font-family: arial, helvetica, sans-serif;font-size: 16px\">US$400\/Campione, reso completo dopo un nostro ordine<\/span><\/p>\n<\/td>\n<\/tr>\n<\/tbody>\n<\/table>\n<p style=\"line-height: 1.5\"><span style=\"font-family: arial, helvetica, sans-serif;font-size: 16px\">&nbsp;<\/span><\/p>\n<p style=\"line-height: 1.5;text-align: center\"><span style=\"font-family: arial, helvetica, sans-serif;font-size: 16px\"><img decoding=\"async\" src=\"https:\/\/data.adwebcloud.com\/public\/material\/2206293ihquj\/product\/image3_1666161034953.jpg\" alt=\"esempio\" width=\"50%\" title=\"\"><img decoding=\"async\" src=\"https:\/\/data.adwebcloud.com\/public\/material\/2206293ihquj\/product\/image2_1666161029165.jpg\" alt=\"esempio\" width=\"50%\" title=\"\"> &nbsp;<\/span><\/p>\n<p style=\"line-height: 1.5\"><span style=\"font-family: arial, helvetica, sans-serif;font-size: 16px\">Kit di giardinaggio floreale per bambini da 22 pezzi Paint &amp; Grow: Tutto ci\u00f2 che serve ai vostri bambini per portare la gioia della coltivazione dei fiori nella vostra vita o in quella di una persona cara. \u00c8 semplice: le nostre congetture sulla coltivazione dei fiori a partire dai semi vi guidano in ogni fase del processo. Pianta!<\/span><\/p>\n<p style=\"line-height: 1.5\"><span style=\"font-family: arial, helvetica, sans-serif;font-size: 16px\">&nbsp;<\/span><\/p>\n<h3 style=\"line-height: 1.5;font-size: 19px\"><span style=\"font-family: arial, helvetica, sans-serif;font-size: 16px\">Nel kit sono inclusi i seguenti articoli.<\/span><span style=\"font-family: arial, helvetica, sans-serif;font-size: 16px\">&nbsp;<\/span><\/h3>\n<p style=\"line-height: 1.5\"><span style=\"font-family: arial, helvetica, sans-serif;font-size: 16px\">1 fioriera in latta verniciabile (12*4,5*4\u2033)<\/span><\/p>\n<p style=\"line-height: 1.5\"><span style=\"font-family: arial, helvetica, sans-serif;font-size: 16px\">1 rivestimento in plastica<\/span><\/p>\n<p style=\"line-height: 1.5\"><span style=\"font-family: arial, helvetica, sans-serif;font-size: 16px\">1 disco grande per il terreno<\/span><\/p>\n<p style=\"line-height: 1.5\"><span style=\"font-family: arial, helvetica, sans-serif;font-size: 16px\">3 pacchetti di semi salva freschezza<\/span><\/p>\n<p style=\"line-height: 1.5\"><span style=\"font-family: arial, helvetica, sans-serif;font-size: 16px\">Striscia di vernice a 6 colori<\/span><\/p>\n<p style=\"line-height: 1.5\"><span style=\"font-family: arial, helvetica, sans-serif;font-size: 16px\">2 pennelli<\/span><\/p>\n<p style=\"line-height: 1.5\"><span style=\"font-family: arial, helvetica, sans-serif;font-size: 16px\">1 tavolozza di colori<\/span><\/p>\n<p style=\"line-height: 1.5\"><span style=\"font-family: arial, helvetica, sans-serif;font-size: 16px\">3 segnapiante in legno<\/span><\/p>\n<p style=\"line-height: 1.5\"><span style=\"font-family: arial, helvetica, sans-serif;font-size: 16px\">1 pala<\/span><\/p>\n<p style=\"line-height: 1.5\"><span style=\"font-family: arial, helvetica, sans-serif;font-size: 16px\">1 annaffiatoio<\/span><\/p>\n<p style=\"line-height: 1.5\"><span style=\"font-family: arial, helvetica, sans-serif;font-size: 16px\">1 Guida passo passo alla semina<\/span><\/p>\n<p style=\"line-height: 1.5\"><span style=\"font-family: arial, helvetica, sans-serif;font-size: 16px\">1 confezione regalo personalizzata<\/span><\/p>\n<p style=\"line-height: 1.5\"><span style=\"font-family: arial, helvetica, sans-serif;font-size: 16px\">&nbsp;<\/span><\/p>\n<p style=\"line-height: 1.5\"><span style=\"font-family: arial, helvetica, sans-serif;font-size: 16px\">PITTURA E PIANTAGGIO DEL TUO PICCOLO GIARDINO: dipingete i vasi e i segna-piante e seminate calendule, cosmos e zinnie: colori vivaci e profumi piacevoli. Seguite le istruzioni passo-passo incluse.<\/span><\/p>\n<p style=\"line-height: 1.5\"><span style=\"font-family: arial, helvetica, sans-serif;font-size: 16px\">&nbsp;<\/span><\/p>\n<p style=\"line-height: 1.5\"><span style=\"font-family: arial, helvetica, sans-serif;font-size: 16px\">Rendetelo unico: quando si tratta di design, il cielo \u00e8 il limite! Esprimete liberamente la vostra creativit\u00e0 su vasi e segnapiante.<\/span><\/p>\n<p style=\"line-height: 1.5\"><span style=\"font-family: arial, helvetica, sans-serif;font-size: 16px\">&nbsp;<\/span><\/p>\n<p style=\"line-height: 1.5\"><span style=\"font-family: arial, helvetica, sans-serif;font-size: 16px\">Il kit comprende una fioriera di latta (12*4,5*4\u2033), una fodera di plastica, terriccio, 3 bustine di semi, 6 strisce di vernice colorata, 2 pennelli, tavolozza per la pittura, 3 pennarelli per piante in legno, pala, bottiglia d'acqua e un bellissimo manuale di istruzioni.<\/span><\/p>\n<p style=\"line-height: 1.5\"><span style=\"font-family: arial, helvetica, sans-serif;font-size: 16px\">&nbsp;<\/span><\/p>\n<p style=\"line-height: 1.5\"><span style=\"font-family: arial, helvetica, sans-serif;font-size: 16px\">Un regalo divertente ed educativo per tutte le et\u00e0: Non capita spesso che un progetto divertente sia anche educativo, ma questo kit per la coltivazione dei fiori fa entrambe le cose! Affascina i bambini quando lo tirano fuori dalla scatola e insegna loro il ciclo di vita delle piante e la botanica. Ogni bambino pu\u00f2 dipingere, colorare e piantare quanto vuole, il che garantisce un grande divertimento.<\/span><\/p>\n<h3 style=\"font-size: 19px\"><span style=\"font-family: arial, helvetica, sans-serif\">Vantaggi dei kit per piantare fiori per bambini<\/span><\/h3>\n<p><span style=\"font-family: arial, helvetica, sans-serif\">1. La pittura \u00e8 un tipo di sentimento che pu\u00f2 esercitare e coltivare la capacit\u00e0 di percezione dei bambini. Quando i bambini dipingono, hanno diversi metodi di osservazione ed espressioni delle cose. Un'esperienza di questo tipo fa s\u00ec che i bambini osservino le cose che li circondano. Pi\u00f9 \u00e8 dettagliata, pi\u00f9 forte diventa la percezione del bambino.<\/span><\/p>\n<p><span style=\"font-family: arial, helvetica, sans-serif\">2. La pittura \u00e8 un tipo di fantasia che pu\u00f2 esercitare l'immaginazione e la creativit\u00e0 dei bambini. Durante l'intero processo di pittura, i bambini cercheranno costantemente di utilizzare nuovi metodi per creare espressioni.<\/span><\/p>\n<p><span style=\"font-family: arial, helvetica, sans-serif\">3. La pittura \u00e8 un tipo di memoria che pu\u00f2 migliorare la capacit\u00e0 di memorizzazione dei bambini. Il disegno \u00e8 il modo pi\u00f9 semplice e veloce per far ricordare.<\/span><\/p>\n<p><span style=\"font-family: arial, helvetica, sans-serif\">4. La pittura \u00e8 una sorta di fiducia in se stessi. Pu\u00f2 coltivare la fiducia in se stessi e il coraggio dei bambini. Molti bambini poco verbali spesso esprimono le loro idee attraverso la pittura. Pi\u00f9 incoraggiamenti e lodi faranno s\u00ec che i bambini che non sono sicuri di s\u00e9 aprano gradualmente il proprio cuore e lo esprimano con coraggio, migliorando cos\u00ec la fiducia in se stessi.<\/span><\/p><\/p>","protected":false},"excerpt":{"rendered":"<p>Kit di giardinaggio floreale per bambini da dipingere e coltivare: tutto ci\u00f2 di cui i bambini hanno bisogno per portare la gioia della coltivazione dei fiori nella vostra vita o in quella di una persona cara. \u00c8 semplice: le nostre congetture sulla coltivazione dei fiori a partire dai semi vi guidano in ogni fase del processo. Pianta!<\/p>","protected":false},"featured_media":12599,"comment_status":"open","ping_status":"closed","template":"","meta":[],"product_cat":[61],"product_tag":[415,335,413,417,416,334,414],"acf":[],"_links":{"self":[{"href":"https:\/\/www.garden-kit.com\/it\/wp-json\/wp\/v2\/product\/4115"}],"collection":[{"href":"https:\/\/www.garden-kit.com\/it\/wp-json\/wp\/v2\/product"}],"about":[{"href":"https:\/\/www.garden-kit.com\/it\/wp-json\/wp\/v2\/types\/product"}],"replies":[{"embeddable":true,"href":"https:\/\/www.garden-kit.com\/it\/wp-json\/wp\/v2\/comments?post=4115"}],"wp:featuredmedia":[{"embeddable":true,"href":"https:\/\/www.garden-kit.com\/it\/wp-json\/wp\/v2\/media\/12599"}],"wp:attachment":[{"href":"https:\/\/www.garden-kit.com\/it\/wp-json\/wp\/v2\/media?parent=4115"}],"wp:term":[{"taxonomy":"product_cat","embeddable":true,"href":"https:\/\/www.garden-kit.com\/it\/wp-json\/wp\/v2\/product_cat?post=4115"},{"taxonomy":"product_tag","embeddable":true,"href":"https:\/\/www.garden-kit.com\/it\/wp-json\/wp\/v2\/product_tag?post=4115"}],"curies":[{"name":"wp","href":"https:\/\/api.w.org\/{rel}","templated":true}]}}