{"id":4164,"date":"2022-10-19T15:07:11","date_gmt":"2022-10-19T07:07:11","guid":{"rendered":"https:\/\/www.garden-kit.com\/product\/culinary-herb-seed-vault\/"},"modified":"2023-03-31T14:45:43","modified_gmt":"2023-03-31T06:45:43","slug":"culinary-herb-seed-pack","status":"publish","type":"product","link":"https:\/\/www.garden-kit.com\/it\/product\/culinary-herb-seed-pack\/","title":{"rendered":"Confezione di semi di erbe aromatiche"},"content":{"rendered":"<h3 style=\"line-height: 1.5;font-size: 19px\"><span style=\"font-family: arial, helvetica, sans-serif;font-size: 16px\">Panoramica<\/span><\/h3>\n<table border=\"1\" cellspacing=\"0\" style=\"border-collapse: collapse;width: 100%\">\n<tbody>\n<tr>\n<td valign=\"top\" width=\"373\">\n<p><span style=\"font-family: arial, helvetica, sans-serif;font-size: 16px\">Istruzioni per la cura del prodotto<\/span><\/p>\n<\/td>\n<td valign=\"top\" width=\"373\">\n<p><span style=\"font-family: arial, helvetica, sans-serif;font-size: 16px\">Disponibile<\/span><\/p>\n<\/td>\n<\/tr>\n<tr>\n<td valign=\"top\" width=\"373\">\n<p><span style=\"font-family: arial, helvetica, sans-serif;font-size: 16px\">Tipo di prodotto vegetale<\/span><\/p>\n<\/td>\n<td valign=\"top\" width=\"373\">\n<p><span style=\"font-family: arial, helvetica, sans-serif;font-size: 16px\">Semi di erbe<\/span><\/p>\n<\/td>\n<\/tr>\n<tr>\n<td valign=\"top\" width=\"373\">\n<p><span style=\"font-family: arial, helvetica, sans-serif;font-size: 16px\">Caratteristica speciale<\/span><\/p>\n<\/td>\n<td valign=\"top\" width=\"373\">\n<p><span style=\"font-family: arial, helvetica, sans-serif;font-size: 16px\">Coltivazione indoor-outdoor<\/span><\/p>\n<\/td>\n<\/tr>\n<tr>\n<td valign=\"top\" width=\"373\">\n<p><span style=\"font-family: arial, helvetica, sans-serif;font-size: 16px\">Marca<\/span><\/p>\n<\/td>\n<td valign=\"top\" width=\"373\">\n<p><span style=\"font-family: arial, helvetica, sans-serif;font-size: 16px\">Kit da giardino<\/span><\/p>\n<\/td>\n<\/tr>\n<tr>\n<td valign=\"top\" width=\"373\">\n<p><span style=\"font-family: arial, helvetica, sans-serif;font-size: 16px\">Luogo d&#039;origine<\/span><\/p>\n<\/td>\n<td valign=\"top\" width=\"373\">\n<p><span style=\"font-family: arial, helvetica, sans-serif;font-size: 16px\">Fujian, Cina<\/span><\/p>\n<\/td>\n<\/tr>\n<tr>\n<td valign=\"top\" width=\"373\">\n<p><span style=\"font-family: arial, helvetica, sans-serif;font-size: 16px\">ODM\/OEM<\/span><\/p>\n<\/td>\n<td valign=\"top\" width=\"373\">\n<p><span style=\"font-family: arial, helvetica, sans-serif;font-size: 16px\">Disponibile<\/span><\/p>\n<\/td>\n<\/tr>\n<tr>\n<td valign=\"top\" width=\"373\">\n<p><span style=\"font-family: arial, helvetica, sans-serif;font-size: 16px\">MOQ per ordine personalizzato<\/span><\/p>\n<\/td>\n<td valign=\"top\" width=\"373\">\n<p><span style=\"font-family: arial, helvetica, sans-serif;font-size: 16px\">3000 pezzi<\/span><\/p>\n<\/td>\n<\/tr>\n<tr>\n<td valign=\"top\" width=\"373\">\n<p><span style=\"font-family: arial, helvetica, sans-serif;font-size: 16px\">Costo del campione<\/span><\/p>\n<\/td>\n<td valign=\"top\" width=\"373\">\n<p><span style=\"font-family: arial, helvetica, sans-serif;font-size: 16px\">US$400\/Campione, reso completo dopo un nostro ordine<\/span><\/p>\n<\/td>\n<\/tr>\n<\/tbody>\n<\/table>\n<p style=\"line-height: 1.5\"><span style=\"font-family: arial, helvetica, sans-serif;font-size: 16px\">&nbsp;<\/span><\/p>\n<p style=\"line-height: 1.5\"><span style=\"font-family: arial, helvetica, sans-serif;font-size: 16px\">Kit preparato con 20 variet\u00e0 di semi di erbe aromatiche: \u00e8 facile: eliminiamo le congetture dalla coltivazione delle erbe dai semi, guidandoti in ogni fase del percorso. Tutto ci\u00f2 di cui hai bisogno per portare la gioia delle erbe nella vita tua o della persona amata in una bellissima confezione. Piantala!<\/span><\/p>\n<p style=\"line-height: 1.5\"><span style=\"font-family: arial, helvetica, sans-serif;font-size: 16px\">&nbsp;<\/span><\/p>\n<h3 style=\"line-height: 1.5;font-size: 19px\"><span style=\"font-family: arial, helvetica, sans-serif;font-size: 16px\">Nel kit sono inclusi i seguenti articoli.<\/span><\/h3>\n<p style=\"line-height: 1.5\"><span style=\"font-family: arial, helvetica, sans-serif;font-size: 16px\">20 variet\u00e0 di erbe come fagioli contendenti, broccoli Waltham, cavolo scozzese blu, piselli zuccherini dell&#039;Oregon, pomodori cimelio Marglobe, zucca estiva Black Beauty e altro ancora.<\/span><\/p>\n<p style=\"line-height: 1.5\"><span style=\"font-family: arial, helvetica, sans-serif;font-size: 16px\">1 Guida passo passo alla semina<\/span><\/p>\n<p style=\"line-height: 1.5\"><span style=\"font-family: arial, helvetica, sans-serif;font-size: 16px\">1 busta portapacchi personalizzata<\/span><\/p>\n<p style=\"line-height: 1.5\"><span style=\"font-family: arial, helvetica, sans-serif;font-size: 16px\">Trova 20 delle erbe culinarie pi\u00f9 popolari con 20 etichette di piante Smetti di comprare erbe secche, stantie e insapore e inizia a coltivare il tuo orto di erbe aromatiche all&#039;interno o all&#039;esterno. Niente batte le erbe fresche e un bellissimo giardino. Ottimo per tisane culinarie o officinali.<\/span><\/p>\n<p style=\"line-height: 1.5\"><span style=\"font-family: arial, helvetica, sans-serif;font-size: 16px\">&nbsp;<\/span><\/p>\n<p style=\"line-height: 1.5\"><span style=\"font-family: arial, helvetica, sans-serif;font-size: 16px\">Ottimo regalo per un giardiniere, chef, sopravvissuto: cosa c&#039;\u00e8 di meglio di un sacchetto di semi per un giardiniere per avere un giardino abbondante o per coloro che vogliono essere preparati per le emergenze. Abbiamo una vasta collezione di semi, comprese le istruzioni per la semina e le etichette delle piante per ogni erba.<\/span><\/p>\n<p style=\"line-height: 1.5\"><span style=\"font-family: arial, helvetica, sans-serif;font-size: 16px\">&nbsp;<\/span><\/p>\n<p style=\"line-height: 1.5\"><span style=\"font-family: arial, helvetica, sans-serif;font-size: 16px\">Oltre 6000 semi in ogni confezione e foglio di istruzioni: la nostra variet\u00e0 di pacchetti di semi di cimelio \u00e8 disponibile in una variet\u00e0 di semi con alti tassi di germinazione. I semi sono confezionati in sacchetti di mylar richiudibili impermeabili per mantenere la freschezza e la qualit\u00e0 dei semi. \u00c8 un&#039;ottima aggiunta alle forniture di borse per insetti e agli articoli di preparazione alle emergenze.<\/span><\/p>\n<p style=\"line-height: 1.5\"><span style=\"font-family: arial, helvetica, sans-serif;font-size: 16px\">&nbsp;<\/span><\/p>\n<p style=\"line-height: 1.5\"><span style=\"font-family: arial, helvetica, sans-serif;font-size: 16px\">Erbe fresche tutto l&#039;anno Giardino di erbe aromatiche per interni o esterni - Pianta i semi in casa tutto l&#039;anno come un giardino di erbe aromatiche sotto la finestra o trasferiscili in una fioriera per goderti erbe straordinarie tutto l&#039;anno. Questi possono essere utilizzati come orti di erbe aromatiche per interni, kit da giardinaggio, orti di erbe aromatiche in cucina o come aiuole da giardino all&#039;aperto. Piantane di pi\u00f9 da utilizzare come germogli o microgreens.<\/span><\/p>\n<p style=\"line-height: 1.5\"><span style=\"font-family: arial, helvetica, sans-serif;font-size: 16px\">&nbsp;<\/span><\/p>\n<p style=\"line-height: 1.5\"><span style=\"font-family: arial, helvetica, sans-serif;font-size: 16px\">Prodotto in Cina: i nostri semi da giardino provengono da fonti sostenibili in Cina. Abbi fiducia nella nostra qualit\u00e0 e garantisci la soddisfazione di 100%. Questi semi possono essere utilizzati con baccelli di semi da giardino aerodinamico *** NOTA *** Alcune variet\u00e0 hanno semi molto piccoli e non sembrano avere il numero corretto di semi. Abbiamo controllato pi\u00f9 volte il conteggio dei semi ed \u00e8 stato sempre calcolato correttamente. Fateci sapere se avete domande<\/span><\/p>\n<p style=\"line-height: 1.5\"><span style=\"font-family: arial, helvetica, sans-serif;font-size: 16px\"><\/span><\/p>\n<h3 style=\"line-height: 1.5;font-size: 19px\"><span style=\"font-family: arial, helvetica, sans-serif\">Perch\u00e9 acquistare semi di cimelio?<\/span><\/h3>\n<p style=\"line-height: 1.5\"><span style=\"font-family: arial, helvetica, sans-serif\">Il set di semi di ortaggi Heirloom comprende 39 variet\u00e0 di semi di ortaggi selezionati a mano, non ibridi, non geneticamente modificati e a impollinazione libera. La maggior parte delle verdure che acquisti al supermercato sono semi \u201cibridi\u201d, il che significa che sono stati geneticamente modificati per produrre le cose pi\u00f9 belle da esporre. Questo \u00e8 un problema se stai cercando di salvare i semi di questo prodotto: perch\u00e9? \u2013 Prendiamo ad esempio i peperoni verdi, sono stati modificati in laboratorio per produrre una buccia verde brillante e frutti croccanti, quindi le due verdure sono state \u201cincrociate\u201d per produrre questo bellissimo peperone verde. I semi di questo ragazzo potrebbero far crescere peperoni verdi o qualsiasi cosa ibridata con loro!\u201d.<\/span><\/p>\n<p style=\"line-height: 1.5\"><span style=\"font-family: arial, helvetica, sans-serif\">I cimeli sono semi tramandati da pi\u00f9 di 75 anni o semi cresciuti dal frutto originale. Sono veri e propri cimeli di famiglia, dal gusto delizioso e dalla robustezza. Le variet\u00e0 antiche selezionate nel nostro kit fioriranno in tutte le regioni (con la dovuta cura, ovviamente). La maggior parte di questi semi hanno una durata di 10 anni se conservati correttamente in un luogo fresco, buio e asciutto. Se stai ancora coltivando il tuo pollice verde, ti consigliamo \u201cBrand New. Libro di giardinaggio Square Foot: ottimi consigli e idee per il giardiniere principiante o per chi ha uno spazio di giardinaggio limitato.<\/span><\/p>\n<p style=\"line-height: 1.5\"><span style=\"font-family: arial, helvetica, sans-serif\">Il set di semi di ortaggi cimelio include oltre 4.500 semi di cimelio<\/span><\/p><\/p>","protected":false},"excerpt":{"rendered":"<p>Kit preparato di semi di erbe aromatiche da 20 variet\u00e0: \u00e8 facile: eliminiamo le congetture dalla coltivazione delle erbe dai semi, guidandoti in ogni fase del percorso. Tutto ci\u00f2 di cui hai bisogno per portare la gioia delle erbe nella vita tua o della persona amata in una bellissima confezione. Piantala!<\/p>","protected":false},"featured_media":12176,"comment_status":"open","ping_status":"closed","template":"","meta":[],"product_cat":[59],"product_tag":[491,279,489,490],"acf":[],"_links":{"self":[{"href":"https:\/\/www.garden-kit.com\/it\/wp-json\/wp\/v2\/product\/4164"}],"collection":[{"href":"https:\/\/www.garden-kit.com\/it\/wp-json\/wp\/v2\/product"}],"about":[{"href":"https:\/\/www.garden-kit.com\/it\/wp-json\/wp\/v2\/types\/product"}],"replies":[{"embeddable":true,"href":"https:\/\/www.garden-kit.com\/it\/wp-json\/wp\/v2\/comments?post=4164"}],"wp:featuredmedia":[{"embeddable":true,"href":"https:\/\/www.garden-kit.com\/it\/wp-json\/wp\/v2\/media\/12176"}],"wp:attachment":[{"href":"https:\/\/www.garden-kit.com\/it\/wp-json\/wp\/v2\/media?parent=4164"}],"wp:term":[{"taxonomy":"product_cat","embeddable":true,"href":"https:\/\/www.garden-kit.com\/it\/wp-json\/wp\/v2\/product_cat?post=4164"},{"taxonomy":"product_tag","embeddable":true,"href":"https:\/\/www.garden-kit.com\/it\/wp-json\/wp\/v2\/product_tag?post=4164"}],"curies":[{"name":"wp","href":"https:\/\/api.w.org\/{rel}","templated":true}]}}