{"id":4206,"date":"2022-10-19T15:25:46","date_gmt":"2022-10-19T07:25:46","guid":{"rendered":"https:\/\/www.garden-kit.com\/product\/home-grown-10-culinary-herb-seed-vault\/"},"modified":"2023-03-31T15:20:52","modified_gmt":"2023-03-31T07:20:52","slug":"herb-garden-seed-kit","status":"publish","type":"product","link":"https:\/\/www.garden-kit.com\/it\/product\/herb-garden-seed-kit\/","title":{"rendered":"Kit di semi per giardino di erbe aromatiche"},"content":{"rendered":"<p style=\"line-height: 1.5\"><span style=\"font-family: arial, helvetica, sans-serif;font-size: 16px\">Esistono molte variet\u00e0 di piante di vaniglia, e quelle pi\u00f9 comunemente utilizzate sono circa 10-20. Pertanto, la scelta della pianta da coltivare in base allo scopo e la comprensione delle sue caratteristiche sono i primi passi per il successo.<\/span><\/p>\n<h3 style=\"line-height: 1.5;font-size: 19px\"><span style=\"font-family: arial, helvetica, sans-serif;font-size: 18px\">Panoramica<\/span><\/h3>\n<table border=\"1\" cellspacing=\"0\" style=\"border-collapse: collapse;width: 100%\">\n<tbody>\n<tr>\n<td valign=\"top\" width=\"373\">\n<p><span style=\"font-family: arial, helvetica, sans-serif;font-size: 16px\">Istruzioni per la cura del prodotto<\/span><\/p>\n<\/td>\n<td valign=\"top\" width=\"373\">\n<p><span style=\"font-family: arial, helvetica, sans-serif;font-size: 16px\">Disponibile<\/span><\/p>\n<\/td>\n<\/tr>\n<tr>\n<td valign=\"top\" width=\"373\">\n<p><span style=\"font-family: arial, helvetica, sans-serif;font-size: 16px\">Tipo di prodotto vegetale<\/span><\/p>\n<\/td>\n<td valign=\"top\" width=\"373\">\n<p><span style=\"font-family: arial, helvetica, sans-serif;font-size: 16px\">Semi di erbe<\/span><\/p>\n<\/td>\n<\/tr>\n<tr>\n<td valign=\"top\" width=\"373\">\n<p><span style=\"font-family: arial, helvetica, sans-serif;font-size: 16px\">Caratteristica speciale<\/span><\/p>\n<\/td>\n<td valign=\"top\" width=\"373\">\n<p><span style=\"font-family: arial, helvetica, sans-serif;font-size: 16px\">Coltivazione indoor-outdoor<\/span><\/p>\n<\/td>\n<\/tr>\n<tr>\n<td valign=\"top\" width=\"373\">\n<p><span style=\"font-family: arial, helvetica, sans-serif;font-size: 16px\">Marca<\/span><\/p>\n<\/td>\n<td valign=\"top\" width=\"373\">\n<p><span style=\"font-family: arial, helvetica, sans-serif;font-size: 16px\">Kit da giardino<\/span><\/p>\n<\/td>\n<\/tr>\n<tr>\n<td valign=\"top\" width=\"373\">\n<p><span style=\"font-family: arial, helvetica, sans-serif;font-size: 16px\">Luogo d&#039;origine<\/span><\/p>\n<\/td>\n<td valign=\"top\" width=\"373\">\n<p><span style=\"font-family: arial, helvetica, sans-serif;font-size: 16px\">Fujian, Cina<\/span><\/p>\n<\/td>\n<\/tr>\n<tr>\n<td valign=\"top\" width=\"373\">\n<p><span style=\"font-family: arial, helvetica, sans-serif;font-size: 16px\">ODM\/OEM<\/span><\/p>\n<\/td>\n<td valign=\"top\" width=\"373\">\n<p><span style=\"font-family: arial, helvetica, sans-serif;font-size: 16px\">Disponibile<\/span><\/p>\n<\/td>\n<\/tr>\n<tr>\n<td valign=\"top\" width=\"373\">\n<p><span style=\"font-family: arial, helvetica, sans-serif;font-size: 16px\">MOQ per ordine personalizzato<\/span><\/p>\n<\/td>\n<td valign=\"top\" width=\"373\">\n<p><span style=\"font-family: arial, helvetica, sans-serif;font-size: 16px\">3000 pezzi<\/span><\/p>\n<\/td>\n<\/tr>\n<tr>\n<td valign=\"top\" width=\"373\">\n<p><span style=\"font-family: arial, helvetica, sans-serif;font-size: 16px\">Costo del campione<\/span><\/p>\n<\/td>\n<td valign=\"top\" width=\"373\">\n<p><span style=\"font-family: arial, helvetica, sans-serif;font-size: 16px\">US$400\/Campione, reso completo dopo un nostro ordine<\/span><\/p>\n<\/td>\n<\/tr>\n<\/tbody>\n<\/table>\n<h3 style=\"line-height: 1.5;font-size: 19px\"><span style=\"font-family: arial, helvetica, sans-serif;font-size: 18px\">Tre motivi per amare la coltivazione delle erbe aromatiche<\/span><\/h3>\n<p style=\"line-height: 1.5\"><span style=\"font-family: arial, helvetica, sans-serif;font-size: 16px\">Primo: la maggior parte delle erbe \u00e8 molto facile da curare.<\/span><br \/><span style=\"font-family: arial, helvetica, sans-serif;font-size: 16px\">Se presti attenzione quando pianti e annaffi bene nei prossimi giorni, hai gi\u00e0 fatto la maggior parte del lavoro.<\/span><\/p>\n<p style=\"line-height: 1.5\"><span style=\"font-family: arial, helvetica, sans-serif;font-size: 16px\">Secondo: molte erbe sono ancora dei veri \u201cre dello sciopero della fame\u201d.<\/span><br \/><span style=\"font-family: arial, helvetica, sans-serif;font-size: 16px\">Cio\u00e8, hanno bisogno solo di una piccola quantit\u00e0 di nutrienti per essere soddisfatti.<\/span><br \/><span style=\"font-family: arial, helvetica, sans-serif;font-size: 16px\">S\u00ec, la vaniglia pu\u00f2 esprimere appieno le sue caratteristiche in terreni poveri. La loro pi\u00f9 grande esigenza per l\u2019ambiente \u00e8 quanta pi\u00f9 luce solare e calore possibile.<\/span><\/p>\n<p style=\"line-height: 1.5\"><span style=\"font-family: arial, helvetica, sans-serif;font-size: 16px\">Terzo: ricavare nuove piante dalle tue stesse erbe.<\/span><br \/><span style=\"font-family: arial, helvetica, sans-serif;font-size: 16px\">Se trovi un luogo soleggiato per le tue erbe e queste crescono vigorosamente, puoi ottenere la prossima generazione di erbe dalle tue stesse piante o creare una siepe di erbe profumate per le tue verdure.<\/span><br \/><span style=\"font-family: arial, helvetica, sans-serif;font-size: 16px\">Coltivare nuove piante dalle tue erbe non \u00e8 solo pratico ed economico, ma anche divertente!<\/span><\/p>\n<p style=\"line-height: 1.5\"><span style=\"font-family: arial, helvetica, sans-serif;font-size: 16px\">Kit di semi di erbe aromatiche da 22 pezzi: \u00c8 facile: noi eliminiamo le congetture sulla coltivazione delle erbe dai semi, guidandovi in ogni fase del processo. Tutto ci\u00f2 di cui avete bisogno per portare la gioia delle erbe nella vostra vita o in quella dei vostri cari in una bellissima confezione. Piantate!<\/span><\/p>\n<p style=\"line-height: 1.5\"><span style=\"font-family: arial, helvetica, sans-serif;font-size: 16px\">&nbsp;<\/span><\/p>\n<h3 style=\"line-height: 1.5;font-size: 19px\"><span style=\"font-family: arial, helvetica, sans-serif;font-size: 16px\">Nel kit sono inclusi i seguenti articoli.<\/span><\/h3>\n<p style=\"line-height: 1.5\"><span style=\"font-family: arial, helvetica, sans-serif;font-size: 16px\">10 variet\u00e0 di semi di erbe aromatiche come i fagioli Contender, i broccoli Waltham, il cavolo blu scozzese, i piselli dell'Oregon, i pomodori Marglobe Heirloom, la zucca estiva Black Beauty e molti altri.<\/span><\/p>\n<p style=\"line-height: 1.5\"><span style=\"font-family: arial, helvetica, sans-serif;font-size: 16px\">10 pennarelli botanici bonus<\/span><\/p>\n<p style=\"line-height: 1.5\"><span style=\"font-family: arial, helvetica, sans-serif;font-size: 16px\">1 Guida passo passo alla semina<\/span><\/p>\n<p style=\"line-height: 1.5\"><span style=\"font-family: arial, helvetica, sans-serif;font-size: 16px\">1 busta portapacchi personalizzata<\/span><\/p>\n<p style=\"line-height: 1.5\"><span style=\"font-family: arial, helvetica, sans-serif;font-size: 16px\">10 Erbe da cucina preferite e 10 indicatori botanici bonus - Smettete di comprare erbe secche, stantie e insipide e iniziate a coltivare il vostro orto di erbe aromatiche in casa o all'aperto. Non c'\u00e8 niente di meglio delle erbe fresche e di un bel giardino.<\/span><\/p>\n<p style=\"line-height: 1.5\"><span style=\"font-family: arial, helvetica, sans-serif;font-size: 16px\">Un grande regalo per il giardiniere, il cuoco, il survivalista: cosa c'\u00e8 di meglio che regalare al giardiniere un sacchetto di semi per avere un giardino rigoglioso. Abbiamo un'ampia collezione di semi, con istruzioni per la semina e cartellini per ogni erba.<\/span><\/p>\n<p style=\"line-height: 1.5\"><span style=\"font-family: arial, helvetica, sans-serif;font-size: 16px\">Oltre 3000 semi in ogni confezione e foglio di istruzioni: le nostre confezioni di semi di cimeli sono disponibili in una variet\u00e0 di semi con alti tassi di germinazione. I semi sono confezionati in sacchetti di mylar impermeabili e richiudibili per mantenere la freschezza e la qualit\u00e0 dei semi. \u00c8 un'ottima aggiunta alle scorte della borsa degli insetti e agli articoli per la preparazione alle emergenze.<\/span><\/p>\n<p style=\"line-height: 1.5\"><span style=\"font-family: arial, helvetica, sans-serif;font-size: 16px\">&nbsp;<\/span><\/p>\n<p style=\"line-height: 1.5\"><span style=\"font-family: arial, helvetica, sans-serif;font-size: 16px\">Erbe fresche tutto l&#039;anno Giardino di erbe aromatiche per interni o esterni - Pianta i semi in casa tutto l&#039;anno come un giardino di erbe aromatiche sotto la finestra o trasferiscili in una fioriera per goderti erbe straordinarie tutto l&#039;anno. Questi possono essere utilizzati come orti di erbe aromatiche per interni, kit da giardinaggio, orti di erbe aromatiche in cucina o come aiuole da giardino all&#039;aperto. Piantane di pi\u00f9 da utilizzare come germogli o microgreens.<\/span><\/p>\n<p style=\"line-height: 1.5\"><span style=\"font-family: arial, helvetica, sans-serif;font-size: 16px\">&nbsp;<\/span><\/p>\n<p style=\"font-size: 16px;line-height: 1.5\"><span style=\"font-size: 18px;font-family: arial, helvetica, sans-serif\">cura attenta e appropriata<\/span><\/p>\n<p style=\"line-height: 1.5\"><span style=\"font-family: arial, helvetica, sans-serif\">Quando si coltiva la vaniglia, \u00e8 necessaria una cura costante per crescere bene. \u00c8 necessario osservare le condizioni delle piante prima di prendere le misure appropriate per capire la richiesta di acqua della vaniglia e la frequenza (quanto spesso innaffiare), alcune erbe sono moderatamente secche per aiutare lo sviluppo della pianta. Se si presta attenzione alla sua crescita in qualsiasi momento, tutti possono provare a piantarla in casa per aumentare il loro interesse nella vita. Quando si piantano a casa, sono piantate in vasi secondo le diverse specie, non solo per essere viste ma anche per essere raccolte e utilizzate.<\/span><\/p>\n<p style=\"line-height: 1.5\"><span style=\"font-family: arial, helvetica, sans-serif;font-size: 16px\">NOTA: Alcune variet\u00e0 hanno semi molto piccoli e non sembrano avere il numero corretto di semi. Abbiamo controllato pi\u00f9 volte il numero di semi e il calcolo \u00e8 sempre stato corretto. Per favore, fateci sapere se avete domande.<\/span><\/p>\n<p style=\"line-height: 1.5\"><span style=\"font-family: arial, helvetica, sans-serif;font-size: 16px\"><span style=\"font-size: 18px\">Come effettuare la manutenzione prima della germinazione<\/span><br \/>Innaffiare abbondantemente dopo la semina. Innaffiare con un annaffiatoio fine. Non forzate per non lavare via i semi. \u00c8 preferibile utilizzare il metodo del bacino seduto, cio\u00e8 utilizzare un bacino grande per contenere 2\/3 di acqua e posizionare il contenitore nel bacino. Lasciare che l'acqua penetri lentamente attraverso il foro del fondo del contenitore. (Il livello dell'acqua nella vasca grande non deve superare l'altezza del terreno nel contenitore). Dopo la semina, il contenitore deve essere coperto con un involucro di plastica, sul quale devono essere praticati alcuni piccoli fori per la ventilazione. Mettete il contenitore al sole per mantenere una temperatura di circa 20 gradi. Spruzzare acqua in modo appropriato ogni giorno prima della germinazione per idratare e controllare il tempo di irrigazione dopo la germinazione. La maggior parte dei semi germoglier\u00e0 dopo una settimana.<\/span><\/p>\n<p style=\"line-height: 1.5\"><span style=\"font-family: arial, helvetica, sans-serif\">Erba annuale a semina primaverile: Pu\u00f2 essere seminata verso aprile-maggio e deve essere annaffiata di pi\u00f9 nella stagione calda. (basilico, aneto, nasturzio, anice, ginseng)<\/span><br \/><span style=\"font-family: arial, helvetica, sans-serif\">Erba annuale a semina autunnale: Si pu\u00f2 seminare verso settembre-ottobre, ed \u00e8 necessario spargere le foglie cadute sui rizomi nella stagione fredda pi\u00f9 rigida per resistere al freddo (Matricaria, fiordalisi blu, borragine, rucola, calendula).<\/span><br \/><span style=\"font-family: arial, helvetica, sans-serif\">Erbe pi\u00f9 forti delle biennali:<\/span><\/p>\n<p style=\"line-height: 1.5\"><span style=\"font-family: arial, helvetica, sans-serif\">Non fiorisce il primo anno dopo la semina. Inizier\u00e0 a fiorire e a deporre i semi solo nella primavera del secondo anno.<\/span><br \/><span style=\"font-family: arial, helvetica, sans-serif\">prezzemolo (Umbelliferae)<\/span><br \/><span style=\"font-family: arial, helvetica, sans-serif\">Le foglie fresche o le foglie di fillo possono essere utilizzate per condire le insalate o aggiunte alle zuppe per un sapore pi\u00f9 ricco.<\/span><br \/><span style=\"font-family: arial, helvetica, sans-serif\">Coriandolo (Apiaceae)<\/span><br \/><span style=\"font-family: arial, helvetica, sans-serif\">Conosciuto anche come coriandolo, le sue foglie sono comunemente utilizzate nella cucina tailandese.<\/span><br \/><span style=\"font-family: arial, helvetica, sans-serif\">Malva (Mallowaceae)<\/span><br \/><span style=\"font-family: arial, helvetica, sans-serif\">Usate i fiori per fare l'acqua e il colore dell'acqua cambier\u00e0 da blu a rosa dopo aver aggiunto il limone.<\/span><br \/><span style=\"font-family: arial, helvetica, sans-serif\">Angelica dahurica (Umbelliferae)<\/span><br \/><span style=\"font-family: arial, helvetica, sans-serif\">Dopo che i gambi sono stati messi in salamoia con lo zucchero, possono essere utilizzati per preparare dolci, ecc.<\/span><\/p>\n<p style=\"line-height: 1.5\"><span style=\"font-family: arial, helvetica, sans-serif;font-size: 18px\">Erbe appartenenti a piante perenni<\/span><\/p>\n<p style=\"line-height: 1.5\"><span style=\"font-family: arial, helvetica, sans-serif\">Le perenni sono una classe di piante erbacee perenni. Dopo la morte dei fiori, gli steli o le radici sotterranee rimangono e continuano a produrre nuovi germogli nel secondo anno.<\/span><br \/><span style=\"font-family: arial, helvetica, sans-serif\">Menta: Le foglie fresche o essiccate sono utilizzate per preparare t\u00e8 e succhi.<\/span><br \/><span style=\"font-family: arial, helvetica, sans-serif\">Viola dolce: Le foglie fresche vengono utilizzate per la preparazione del t\u00e8, mentre i fiori freschi vengono messi in salamoia nello zucchero bianco per la decorazione della pasticceria.<\/span><br \/><span style=\"font-family: arial, helvetica, sans-serif\">Melissa: Le foglie fresche o essiccate sono utilizzate nelle miscele di spezie o nel t\u00e8.<\/span><br \/><span style=\"font-family: arial, helvetica, sans-serif\">Rabarbaro a foglie ondulate: le foglie fresche si usano per fare la marmellata, oppure sott'aceto con lo zucchero bianco per fare delle merendine.<\/span><\/p>\n<p style=\"line-height: 1.5\"><span style=\"font-family: arial, helvetica, sans-serif\">Erbe appartenenti alla categoria delle erbacee perenni:<\/span><\/p>\n<p style=\"line-height: 1.5\"><span style=\"font-family: arial, helvetica, sans-serif\">Fiorisce quasi ogni anno. Anche senza fiori, le foglie hanno un buon profumo.<\/span><br \/><span style=\"font-family: arial, helvetica, sans-serif\">Lavanda: Preparare fiori essiccati, preparare il t\u00e8 e preparare sacchetti e bouquet di fiori e foglie essiccate.<\/span><br \/><span style=\"font-family: arial, helvetica, sans-serif\">Timo: Le foglie fresche o essiccate aggiungono sapore ai piatti e possono essere usate nel t\u00e8.<\/span><br \/><span style=\"font-family: arial, helvetica, sans-serif\">Fragola: Le foglie essiccate possono essere trasformate in t\u00e8, mentre i frutti freschi possono essere utilizzati per preparare marmellate o succhi.<\/span><br \/><span style=\"font-family: arial, helvetica, sans-serif\">Finocchio: I fiori e le foglie, freschi o essiccati, aggiungono sapore ai piatti e possono essere trasformati in sottaceti.<\/span><\/p><\/p>","protected":false},"excerpt":{"rendered":"<p><span style=\"font-family: arial, helvetica, sans-serif\">Kit di semi di erbe gi\u00e0 pronti da 22 pezzi: \u00e8 facile: eliminiamo le congetture dalla coltivazione delle erbe dai semi, guidandoti in ogni fase del percorso. Tutto ci\u00f2 di cui hai bisogno per portare la gioia delle erbe nella vita tua o della persona amata in una bellissima confezione. Piantala!<\/span><\/p>","protected":false},"featured_media":12643,"comment_status":"open","ping_status":"closed","template":"","meta":[],"product_cat":[59],"product_tag":[461,458,457,279,462,459,460],"acf":[],"_links":{"self":[{"href":"https:\/\/www.garden-kit.com\/it\/wp-json\/wp\/v2\/product\/4206"}],"collection":[{"href":"https:\/\/www.garden-kit.com\/it\/wp-json\/wp\/v2\/product"}],"about":[{"href":"https:\/\/www.garden-kit.com\/it\/wp-json\/wp\/v2\/types\/product"}],"replies":[{"embeddable":true,"href":"https:\/\/www.garden-kit.com\/it\/wp-json\/wp\/v2\/comments?post=4206"}],"wp:featuredmedia":[{"embeddable":true,"href":"https:\/\/www.garden-kit.com\/it\/wp-json\/wp\/v2\/media\/12643"}],"wp:attachment":[{"href":"https:\/\/www.garden-kit.com\/it\/wp-json\/wp\/v2\/media?parent=4206"}],"wp:term":[{"taxonomy":"product_cat","embeddable":true,"href":"https:\/\/www.garden-kit.com\/it\/wp-json\/wp\/v2\/product_cat?post=4206"},{"taxonomy":"product_tag","embeddable":true,"href":"https:\/\/www.garden-kit.com\/it\/wp-json\/wp\/v2\/product_tag?post=4206"}],"curies":[{"name":"wp","href":"https:\/\/api.w.org\/{rel}","templated":true}]}}