{"id":4223,"date":"2022-10-19T15:30:56","date_gmt":"2022-10-19T07:30:56","guid":{"rendered":"https:\/\/www.garden-kit.com\/product\/wildflower-seeds-1-4-lb-bulk-perennial-wild-flower-seeds-mix\/"},"modified":"2024-03-07T10:19:00","modified_gmt":"2024-03-07T02:19:00","slug":"bulk-perennial-wild-flower-seeds-mix","status":"publish","type":"product","link":"https:\/\/www.garden-kit.com\/it\/product\/bulk-perennial-wild-flower-seeds-mix\/","title":{"rendered":"Biglietti da visita di semi di fiori di campo"},"content":{"rendered":"<h3 style=\"font-size: 19px\">Panoramica<\/h3>\n<table border=\"1\" cellspacing=\"0\" style=\"border-collapse: collapse;width: 100%;height: 273px\">\n<tbody>\n<tr style=\"height: 31px\">\n<td valign=\"top\" width=\"373\" style=\"width: 49.5352%;height: 31px\">\n<p><span style=\"font-family: 'PingFang SC', 'Microsoft YaHei', sans-serif;font-size: 16px\">Istruzioni per la cura del prodotto<\/span><\/p>\n<\/td>\n<td valign=\"top\" width=\"373\" style=\"width: 49.5352%;height: 31px\">\n<p><span style=\"font-family: 'PingFang SC', 'Microsoft YaHei', sans-serif;font-size: 16px\">Disponibile<\/span><\/p>\n<\/td>\n<\/tr>\n<tr style=\"height: 35px\">\n<td valign=\"top\" width=\"373\" style=\"width: 49.5352%;height: 35px\">\n<p><span style=\"font-family: 'PingFang SC', 'Microsoft YaHei', sans-serif;font-size: 16px\">Tipo di prodotto vegetale<\/span><\/p>\n<\/td>\n<td valign=\"top\" width=\"373\" style=\"width: 49.5352%;height: 35px\">\n<p style=\"line-height: 1.5\"><span style=\"font-family: 'PingFang SC', 'Microsoft YaHei', sans-serif;font-size: 16px\">Semi di fiori selvatici<\/span><\/p>\n<\/td>\n<\/tr>\n<tr style=\"height: 31px\">\n<td valign=\"top\" width=\"373\" style=\"width: 49.5352%;height: 31px\">\n<p><span style=\"font-family: 'PingFang SC', 'Microsoft YaHei', sans-serif;font-size: 16px\">Caratteristica speciale<\/span><\/p>\n<\/td>\n<td valign=\"top\" width=\"373\" style=\"width: 49.5352%;height: 31px\">\n<p><span style=\"font-family: 'PingFang SC', 'Microsoft YaHei', sans-serif;font-size: 16px\">Coltivazione indoor-outdoor<\/span><\/p>\n<\/td>\n<\/tr>\n<tr style=\"height: 31px\">\n<td valign=\"top\" width=\"373\" style=\"width: 49.5352%;height: 31px\">\n<p><span style=\"font-family: 'PingFang SC', 'Microsoft YaHei', sans-serif;font-size: 16px\">Marca<\/span><\/p>\n<\/td>\n<td valign=\"top\" width=\"373\" style=\"width: 49.5352%;height: 31px\">\n<p><span style=\"font-family: 'PingFang SC', 'Microsoft YaHei', sans-serif;font-size: 16px\">Kit da giardino<\/span><\/p>\n<\/td>\n<\/tr>\n<tr style=\"height: 31px\">\n<td valign=\"top\" width=\"373\" style=\"width: 49.5352%;height: 31px\">\n<p><span style=\"font-family: 'PingFang SC', 'Microsoft YaHei', sans-serif;font-size: 16px\">Luogo d&#039;origine<\/span><\/p>\n<\/td>\n<td valign=\"top\" width=\"373\" style=\"width: 49.5352%;height: 31px\">\n<p><span style=\"font-family: 'PingFang SC', 'Microsoft YaHei', sans-serif;font-size: 16px\">Fujian, Cina<\/span><\/p>\n<\/td>\n<\/tr>\n<tr style=\"height: 31px\">\n<td valign=\"top\" width=\"373\" style=\"width: 49.5352%;height: 31px\">\n<p><span style=\"font-family: 'PingFang SC', 'Microsoft YaHei', sans-serif;font-size: 16px\">ODM\/OEM<\/span><\/p>\n<\/td>\n<td valign=\"top\" width=\"373\" style=\"width: 49.5352%;height: 31px\">\n<p><span style=\"font-family: 'PingFang SC', 'Microsoft YaHei', sans-serif;font-size: 16px\">Disponibile<\/span><\/p>\n<\/td>\n<\/tr>\n<tr style=\"height: 31px\">\n<td valign=\"top\" width=\"373\" style=\"width: 49.5352%;height: 31px\">\n<p><span style=\"font-family: 'PingFang SC', 'Microsoft YaHei', sans-serif;font-size: 16px\">MOQ per ordine personalizzato<\/span><\/p>\n<\/td>\n<td valign=\"top\" width=\"373\" style=\"width: 49.5352%;height: 31px\">\n<p><span style=\"font-family: 'PingFang SC', 'Microsoft YaHei', sans-serif;font-size: 16px\">3000 pezzi<\/span><\/p>\n<\/td>\n<\/tr>\n<tr style=\"height: 52px\">\n<td valign=\"top\" width=\"373\" style=\"width: 49.5352%;height: 52px\">\n<p><span style=\"font-family: 'PingFang SC', 'Microsoft YaHei', sans-serif;font-size: 16px\">Costo del campione<\/span><\/p>\n<\/td>\n<td valign=\"top\" width=\"373\" style=\"width: 49.5352%;height: 52px\">\n<p><span style=\"font-family: 'PingFang SC', 'Microsoft YaHei', sans-serif;font-size: 16px\">US$400\/Campione, reso completo dopo un nostro ordine<\/span><\/p>\n<\/td>\n<\/tr>\n<\/tbody>\n<\/table>\n<p style=\"line-height: 1.5\"><span style=\"font-family: 'PingFang SC', 'Microsoft YaHei', sans-serif;font-size: 16px\"><\/span><\/p>\n<p style=\"line-height: 1.5\"><span style=\"font-family: 'PingFang SC', 'Microsoft YaHei', sans-serif;font-size: 16px\">Un'altra considerazione sul periodo di semina \u00e8 il tipo di seme del fiore. Ad esempio, le variet\u00e0 perenni possono essere seminate per la maggior parte dell'anno, ma non germoglieranno e non fioriranno quando lo desiderate. La maggior parte delle variet\u00e0 perenni ha bisogno di un inverno prima di fiorire. Una variet\u00e0 annuale che cresce, fiorisce rapidamente e muore prima del gelo. Ci\u00f2 significa che se si seminano le annuali in piena estate, anche se il tempo \u00e8 perfetto per la crescita, non si vedranno molte fioriture a causa delle gelate che le accompagnano. Se si seminano prodotti combinati (comprendenti variet\u00e0 annuali e perenni), indipendentemente dalla semina autunnale, primaverile o all'inizio dell'estate, le variet\u00e0 annuali fioriranno nello stesso anno, mentre il secondo anno si avr\u00e0 l'effetto paesaggistico presentato dalle variet\u00e0 perenni e dalle variet\u00e0 annuali con forte capacit\u00e0 di autosemina.<\/span><\/p>\n<p style=\"line-height: 1.5\"><span style=\"font-family: 'PingFang SC', 'Microsoft YaHei', sans-serif;font-size: 16px\"><\/span><\/p>\n<p style=\"line-height: 1.5\"><span style=\"font-family: 'PingFang SC', 'Microsoft YaHei', sans-serif;font-size: 16px\">Kit di semi Wildflower da 18 pezzi: \u00c8 facile: noi eliminiamo le congetture sulla coltivazione di Wildflower dai semi, guidandovi in ogni fase del processo. Tutto ci\u00f2 di cui avete bisogno per portare la gioia dei fiori selvatici nella vostra vita o in quella di una persona cara in una bellissima confezione. Piantatela!<\/span><\/p>\n<p style=\"line-height: 1.5\"><span style=\"font-family: 'PingFang SC', 'Microsoft YaHei', sans-serif;font-size: 16px\">&nbsp;<\/span><\/p>\n<h3 style=\"font-size: 19px\">Nel kit sono inclusi i seguenti articoli.<\/h3>\n<p><span style=\"font-family: 'PingFang SC', 'Microsoft YaHei', sans-serif\"><span style=\"font-size: 16px\">18 variet\u00e0 di semi di erbe aromatiche, come margherite Shasta, scinchi neri, lino blu e altre ancora.<\/span><\/span><\/p>\n<p style=\"line-height: 1.5\"><span style=\"font-family: 'PingFang SC', 'Microsoft YaHei', sans-serif;font-size: 16px\">1 Guida passo passo alla semina<\/span><\/p>\n<p style=\"line-height: 1.5\"><span style=\"font-family: 'PingFang SC', 'Microsoft YaHei', sans-serif;font-size: 16px\">1 busta portapacchi personalizzata<\/span><\/p>\n<p style=\"line-height: 1.5\"><span style=\"font-family: 'PingFang SC', 'Microsoft YaHei', sans-serif;font-size: 16px\">&nbsp;<\/span><\/p>\n<p style=\"line-height: 1.5\"><span style=\"font-family: 'PingFang SC', 'Microsoft YaHei', sans-serif;font-size: 16px\">4 oz Semi puri, senza riempimento (2 volte di pi\u00f9 rispetto alle altre marche) - a differenza di altri sacchetti di fiori selvatici, vi forniamo una quantit\u00e0 doppia di semi. Per ogni sacchetto, garantiamo i prodotti che vendiamo! Con questi semi, potrete coltivare un bellissimo giardino e godere di una vivace gamma di fiori diversi.<\/span><\/p>\n<p style=\"line-height: 1.5\"><span style=\"font-family: 'PingFang SC', 'Microsoft YaHei', sans-serif;font-size: 16px\">&nbsp;<\/span><\/p>\n<p style=\"line-height: 1.5\"><span style=\"font-family: 'PingFang SC', 'Microsoft YaHei', sans-serif;font-size: 16px\">Portate a casa uccelli e api: questa miscela di fiori selvatici vi permette di portare con voi bellissime farfalle e altri impollinatori per aggiungere pi\u00f9 vita al vostro giardino. Alle api piacciono questi fiori di campo in piena fioritura!<\/span><\/p>\n<p style=\"line-height: 1.5\"><span style=\"font-family: 'PingFang SC', 'Microsoft YaHei', sans-serif;font-size: 16px\">&nbsp;<\/span><\/p>\n<p style=\"line-height: 1.5\"><span style=\"font-family: 'PingFang SC', 'Microsoft YaHei', sans-serif;font-size: 16px\">18 variet\u00e0 - germinazione rapida - crescita per tutta la stagione - non resterete delusi dalla variet\u00e0 di fiori selvatici di questo prodotto. Con 18 variet\u00e0 uniche di fiori selvatici, otterrete un grande mix di colori e tipi di fiori. Sono ottimi regali per il giardino o per le feste.<\/span><\/p>\n<p style=\"line-height: 1.5\"><span style=\"font-family: 'PingFang SC', 'Microsoft YaHei', sans-serif;font-size: 16px\">&nbsp;<\/span><\/p>\n<p style=\"line-height: 1.5\"><span style=\"font-family: 'PingFang SC', 'Microsoft YaHei', sans-serif;font-size: 16px\">Piantate un bellissimo giardino: questi semi di fiori perenni misti cresceranno fino a circa 24-36\" di altezza e copriranno un'area di circa 400 piedi quadrati. Godetevi i bellissimi fiori selvatici e guardateli crescere.<\/span><\/p>\n<p style=\"line-height: 1.5\"><span style=\"font-family: 'PingFang SC', 'Microsoft YaHei', sans-serif;font-size: 16px\">&nbsp;<\/span><\/p>\n<p style=\"line-height: 1.5\"><span style=\"font-family: 'PingFang SC', 'Microsoft YaHei', sans-serif\"><span style=\"font-size: 16px\">Attendete pazientemente la bellezza - purch\u00e9 ci sia un po' d'acqua e un periodo di tempo, questi piccoli semi cresceranno in incredibili fiori selvatici. Se per caso non siete soddisfatti del vostro acquisto, contattateci e provvederemo a sistemare le cose.<\/span><span style=\"font-size: 16px\"><\/span><\/span><\/p>\n<p style=\"line-height: 1.5\"><span style=\"font-family: 'PingFang SC', 'Microsoft YaHei', sans-serif;font-size: 16px\"><\/span><\/p>\n<p style=\"line-height: 1.5\"><span style=\"font-family: 'PingFang SC', 'Microsoft YaHei', sans-serif;font-size: 16px\">Il nostro portafoglio di bellissimi semi di fiori selvatici perenni vi porter\u00e0 la bellezza della natura duratura. I fiori di campo perenni, che crescono anno dopo anno, sono perfetti per prati e giardini per attirare uccelli, api e farfalle. Il nostro mix colorato comprende 15 piante perenni e biennali, tra cui lupino, echinacea, pungitopo e altre ancora. Quattro variet\u00e0 annuali forniscono il colore della prima stagione mentre le piante perenni maturano. Tutti i nostri semi sono non OGM, privi di neonicotinoidi, puri 100% e garantiti per la crescita.<\/span><\/p>\n<p style=\"line-height: 1.5\"><span style=\"font-family: 'PingFang SC', 'Microsoft YaHei', sans-serif;font-size: 16px\"><\/span><\/p>\n<p><span style=\"font-family: 'PingFang SC', 'Microsoft YaHei', sans-serif\">La gestione dell'acqua \u00e8 un fattore chiave nella coltivazione e nel mantenimento dei fiori selvatici.<\/span><\/p>\n<p><span style=\"font-family: 'PingFang SC', 'Microsoft YaHei', sans-serif\">L'irrigazione inizia dopo la semina. In linea di massima, durante la prima germinazione e la prima crescita delle piantine, spruzzare acqua 1-2 volte al giorno per mantenere umido lo strato di terreno di circa 10 cm. Non interrompere mai l'erogazione dell'acqua a met\u00e0.<\/span><\/p>\n<p><span style=\"font-family: 'PingFang SC', 'Microsoft YaHei', sans-serif\">Dopo la crescita delle piantine, ridurre gradualmente la quantit\u00e0 di acqua. Tuttavia, durante il periodo di crescita delle piantine, della durata di un mese, \u00e8 necessario garantire un apporto idrico sufficiente. Nella calda estate, il tuono ha bisogno di un apporto idrico di 10 mm.<\/span><\/p>\n<p><span style=\"font-family: 'PingFang SC', 'Microsoft YaHei', sans-serif\">Controllo delle erbe infestanti<\/span><\/p>\n<p><span style=\"font-family: 'PingFang SC', 'Microsoft YaHei', sans-serif\">In base alla crescita delle piantine, la rimozione delle erbacce e il diradamento delle piantine vengono generalmente avviati dopo un mese. Durante questo periodo, bisogna prestare attenzione alla distinzione tra le erbacce e le piantine da fiore. Se non si riesce a distinguere bene, \u00e8 consigliabile consultare i professionisti delle aziende specializzate in loco, altrimenti \u00e8 meglio non affrettarsi a rimuovere le erbacce.<\/span><\/p>\n<p><span style=\"font-family: 'PingFang SC', 'Microsoft YaHei', sans-serif\">Durante il periodo di crescita, rimuovere le erbacce una volta al mese \u00e8 una condizione importante per garantire che la combinazione di fiori selvatici fiorisca come previsto e renda buone le prestazioni complessive.<\/span><\/p>\n<p><span style=\"font-family: 'PingFang SC', 'Microsoft YaHei', sans-serif\">\u2462 Si consiglia di effettuare il controllo delle infestanti in due fasi. In primo luogo, annaffiare prima della semina e della piantagione per favorire la crescita in ombra, rimuovere con un rastrello o applicare diserbanti, ecc.<span style=\"font-size: 16px\"><\/span><\/span><\/p>\n<p><span style=\"font-family: 'PingFang SC', 'Microsoft YaHei', sans-serif\"><\/span><\/p>\n<p>Al giorno d'oggi, le aziende sono sempre pi\u00f9 alla ricerca di modi per promuovere i loro prodotti o servizi e allo stesso tempo essere consapevoli dell'ambiente. I biglietti da visita con semi di fiori selvatici offrono una soluzione unica e sostenibile a questa sfida.<\/p>\n<h3 style=\"font-size: 19px\">Che cosa sono i biglietti da visita dei semi di fiori selvatici?<\/h3>\n<p>I biglietti da visita con semi di fiori selvatici sono un tipo di biglietto da visita che contiene semi incorporati nella carta. Una volta piantati, questi biglietti possono trasformarsi in fiori di campo, il che li rende un modo ecologico e memorabile per promuovere la vostra attivit\u00e0.<\/p>\n<h3 style=\"font-size: 19px\">Perch\u00e9 scegliere i biglietti da visita Wildflower Seed?<\/h3>\n<p>1. Sostenibile<br \/>I biglietti da visita con semi di fiori selvatici sono una scelta eccellente per le aziende che vogliono ridurre il loro impatto ambientale. A differenza dei biglietti da visita tradizionali, che spesso vengono scartati dopo l'uso, i biglietti da visita con semi di fiori selvatici possono essere piantati e trasformati in splendidi fiori. Questo non solo aiuta a ridurre i rifiuti, ma promuove anche la biodiversit\u00e0 e sostiene l'ecosistema locale.<\/p>\n<p>2. Unico<br \/>I biglietti da visita con semi di fiori selvatici lasceranno sicuramente un'impressione duratura sui potenziali clienti. Offrono un modo unico e creativo per mostrare il vostro marchio e distinguersi dalla concorrenza. Inoltre, dimostrano che la vostra azienda \u00e8 innovativa e attenta all'ambiente.<\/p>\n<p>3. Conveniente<br \/>Nonostante i loro numerosi vantaggi, i biglietti da visita con semi di fiori selvatici sono sorprendentemente convenienti. Sono disponibili in un'ampia gamma di dimensioni e forme e possono essere personalizzati con il vostro logo o design. Questo li rende un'opzione interessante per le aziende di tutte le dimensioni.<\/p>\n<h3 style=\"font-size: 19px\">Come funzionano i biglietti da visita Wildflower Seed?<\/h3>\n<p>I biglietti da visita con semi di fiori selvatici sono realizzati con carta riciclata infusa con semi di fiori selvatici. I semi utilizzati sono in genere scelti in base al marchio o all'ubicazione dell'azienda. Ad esempio, un fioraio potrebbe scegliere di utilizzare semi per una variet\u00e0 di fiori colorati, mentre un'azienda situata in una regione desertica potrebbe optare per semi che tollerano la siccit\u00e0.<\/p>\n<p>Una volta distribuito, il destinatario pu\u00f2 piantare l'intero biglietto o strappare un piccolo pezzo e piantarlo. Una volta piantati, i semi germoglieranno e cresceranno fino a diventare bellissimi fiori di campo, ricordando in modo duraturo la vostra attivit\u00e0.<\/p>\n<h3 style=\"font-size: 19px\">Consigli per l'utilizzo dei biglietti da visita dei semi di fiori selvatici<\/h3>\n<p>1. Scegliere i semi giusti<br \/>Quando si scelgono i semi per i propri biglietti da visita di fiori selvatici, \u00e8 importante scegliere semi adatti alla propria localit\u00e0 e al proprio clima. In questo modo i fiori cresceranno con successo e avranno un aspetto ottimale.<\/p>\n<p>2. Utilizzare carta di alta qualit\u00e0<br \/>La qualit\u00e0 della carta utilizzata pu\u00f2 influire sulla crescita dei semi. \u00c8 fondamentale utilizzare carta di alta qualit\u00e0, appositamente studiata per questo scopo.<\/p>\n<p>3. Includere istruzioni per la messa a dimora<br \/>Assicuratevi di includere le istruzioni per la semina sui vostri biglietti da visita di semi di fiori selvatici. In questo modo i destinatari sapranno esattamente come piantare i semi e assicurarsi che crescano in piante sane.<\/p>\n<p>4. Distribuire in modo strategico<br \/>Per ottenere il massimo dai vostri biglietti da visita di semi di fiori selvatici, distribuiteli in modo strategico. Prendete in considerazione l'idea di distribuirli in occasione di fiere o eventi in cui \u00e8 probabile la presenza di potenziali clienti. Potete anche includerli in mailing o come parte di un pacchetto promozionale.<\/p><\/p>","protected":false},"excerpt":{"rendered":"<p><span style=\"font-family: 'PingFang SC', 'Microsoft YaHei', sans-serif\">Kit preparato di semi di fiori selvatici da 18 pezzi: \u00e8 facile: eliminiamo le congetture dalla coltivazione di fiori selvatici dai semi, guidandoti in ogni fase del percorso. Tutto ci\u00f2 di cui hai bisogno per portare la gioia dei fiori selvatici nella vita tua o della persona amata in una bellissima confezione. Piantala!<\/span><\/p>\n<p><span style=\"font-family: 'PingFang SC', 'Microsoft YaHei', sans-serif\">I biglietti da visita con semi di fiori di campo sono un&#039;opzione unica ed ecologica per i biglietti da visita che contengono semi incorporati nella carta. Una volta piantate, queste carte possono trasformarsi in fiori di campo, rendendole un modo sostenibile e memorabile per promuovere la tua attivit\u00e0.<\/span><\/p><\/p>","protected":false},"featured_media":17955,"comment_status":"closed","ping_status":"closed","template":"","meta":[],"product_cat":[59],"product_tag":[833,835,378,379,380,382,381,834,832,377],"acf":[],"_links":{"self":[{"href":"https:\/\/www.garden-kit.com\/it\/wp-json\/wp\/v2\/product\/4223"}],"collection":[{"href":"https:\/\/www.garden-kit.com\/it\/wp-json\/wp\/v2\/product"}],"about":[{"href":"https:\/\/www.garden-kit.com\/it\/wp-json\/wp\/v2\/types\/product"}],"replies":[{"embeddable":true,"href":"https:\/\/www.garden-kit.com\/it\/wp-json\/wp\/v2\/comments?post=4223"}],"wp:featuredmedia":[{"embeddable":true,"href":"https:\/\/www.garden-kit.com\/it\/wp-json\/wp\/v2\/media\/17955"}],"wp:attachment":[{"href":"https:\/\/www.garden-kit.com\/it\/wp-json\/wp\/v2\/media?parent=4223"}],"wp:term":[{"taxonomy":"product_cat","embeddable":true,"href":"https:\/\/www.garden-kit.com\/it\/wp-json\/wp\/v2\/product_cat?post=4223"},{"taxonomy":"product_tag","embeddable":true,"href":"https:\/\/www.garden-kit.com\/it\/wp-json\/wp\/v2\/product_tag?post=4223"}],"curies":[{"name":"wp","href":"https:\/\/api.w.org\/{rel}","templated":true}]}}