{"id":4255,"date":"2022-10-19T15:38:06","date_gmt":"2022-10-19T07:38:06","guid":{"rendered":"https:\/\/www.garden-kit.com\/product\/medicinal-herb-seeds-collection-6-heirloom-tea-seeds\/"},"modified":"2023-03-31T15:29:30","modified_gmt":"2023-03-31T07:29:30","slug":"medicinal-herb-seeds-collection","status":"publish","type":"product","link":"https:\/\/www.garden-kit.com\/it\/product\/medicinal-herb-seeds-collection\/","title":{"rendered":"Collezione di semi di erbe medicinali"},"content":{"rendered":"<h3 style=\"line-height: 1.5;font-size: 19px\"><span style=\"font-family: arial, helvetica, sans-serif;font-size: 16px\">Panoramica<\/span><\/h3>\n<table border=\"1\" cellspacing=\"0\" style=\"border-collapse: collapse;width: 100%\">\n<tbody>\n<tr>\n<td valign=\"top\" width=\"373\">\n<p><span style=\"font-family: arial, helvetica, sans-serif;font-size: 16px\">Istruzioni per la cura del prodotto<\/span><\/p>\n<\/td>\n<td valign=\"top\" width=\"373\">\n<p><span style=\"font-family: arial, helvetica, sans-serif;font-size: 16px\">Disponibile<\/span><\/p>\n<\/td>\n<\/tr>\n<tr>\n<td valign=\"top\" width=\"373\">\n<p><span style=\"font-family: arial, helvetica, sans-serif;font-size: 16px\">Tipo di prodotto vegetale<\/span><\/p>\n<\/td>\n<td valign=\"top\" width=\"373\">\n<p><span style=\"font-family: arial, helvetica, sans-serif;font-size: 16px\">Erba medicinale<\/span><\/p>\n<\/td>\n<\/tr>\n<tr>\n<td valign=\"top\" width=\"373\">\n<p><span style=\"font-family: arial, helvetica, sans-serif;font-size: 16px\">Caratteristica speciale<\/span><\/p>\n<\/td>\n<td valign=\"top\" width=\"373\">\n<p><span style=\"font-family: arial, helvetica, sans-serif;font-size: 16px\">Coltivazione indoor-outdoor<\/span><\/p>\n<\/td>\n<\/tr>\n<tr>\n<td valign=\"top\" width=\"373\">\n<p><span style=\"font-family: arial, helvetica, sans-serif;font-size: 16px\">Marca<\/span><\/p>\n<\/td>\n<td valign=\"top\" width=\"373\">\n<p><span style=\"font-family: arial, helvetica, sans-serif;font-size: 16px\">Kit da giardino<\/span><\/p>\n<\/td>\n<\/tr>\n<tr>\n<td valign=\"top\" width=\"373\">\n<p><span style=\"font-family: arial, helvetica, sans-serif;font-size: 16px\">Luogo d&#039;origine<\/span><\/p>\n<\/td>\n<td valign=\"top\" width=\"373\">\n<p><span style=\"font-family: arial, helvetica, sans-serif;font-size: 16px\">Fujian, Cina<\/span><\/p>\n<\/td>\n<\/tr>\n<tr>\n<td valign=\"top\" width=\"373\">\n<p><span style=\"font-family: arial, helvetica, sans-serif;font-size: 16px\">ODM\/OEM<\/span><\/p>\n<\/td>\n<td valign=\"top\" width=\"373\">\n<p><span style=\"font-family: arial, helvetica, sans-serif;font-size: 16px\">Disponibile<\/span><\/p>\n<\/td>\n<\/tr>\n<tr>\n<td valign=\"top\" width=\"373\">\n<p><span style=\"font-family: arial, helvetica, sans-serif;font-size: 16px\">MOQ per ordine personalizzato<\/span><\/p>\n<\/td>\n<td valign=\"top\" width=\"373\">\n<p><span style=\"font-family: arial, helvetica, sans-serif;font-size: 16px\">3000 pezzi<\/span><\/p>\n<\/td>\n<\/tr>\n<tr>\n<td valign=\"top\" width=\"373\">\n<p><span style=\"font-family: arial, helvetica, sans-serif;font-size: 16px\">Costo del campione<\/span><\/p>\n<\/td>\n<td valign=\"top\" width=\"373\">\n<p><span style=\"font-family: arial, helvetica, sans-serif;font-size: 16px\">US$400\/Campione, reso completo dopo un nostro ordine<\/span><\/p>\n<\/td>\n<\/tr>\n<\/tbody>\n<\/table>\n<p style=\"line-height: 1.5\"><span style=\"font-family: arial, helvetica, sans-serif;font-size: 16px\">&nbsp;<\/span><\/p>\n<p style=\"line-height: 1.5\"><span style=\"font-family: arial, helvetica, sans-serif;font-size: 16px\">Kit di semi di tisana pronti da 13 pezzi: \u00e8 facile: eliminiamo le congetture dalla coltivazione delle erbe dai semi, guidandoti in ogni fase del percorso. Tutto ci\u00f2 di cui hai bisogno per portare la gioia della tisana nella vita tua o della persona amata in una bellissima confezione. Piantala!<\/span><\/p>\n<p style=\"line-height: 1.5\"><span style=\"font-family: arial, helvetica, sans-serif;font-size: 16px\">&nbsp;<\/span><\/p>\n<h3 style=\"line-height: 1.5;font-size: 19px\"><span style=\"font-family: arial, helvetica, sans-serif;font-size: 16px\">Nel kit sono inclusi i seguenti articoli.<\/span><\/h3>\n<p style=\"line-height: 1.5\"><span style=\"font-family: arial, helvetica, sans-serif;font-size: 16px\">6 variet\u00e0 di semi di pomodoro come camomilla tedesca, lavanda vera, menta comune, melissa, menta piperita, echinacea viola<\/span><\/p>\n<p style=\"line-height: 1.5\"><span style=\"font-family: arial, helvetica, sans-serif;font-size: 16px\">6 marcatori di piante<\/span><\/p>\n<p style=\"line-height: 1.5\"><span style=\"font-family: arial, helvetica, sans-serif;font-size: 16px\">1 Guida passo passo alla semina<\/span><\/p>\n<p style=\"line-height: 1.5\"><span style=\"font-family: arial, helvetica, sans-serif;font-size: 16px\">1 busta portapacchi personalizzata<\/span><\/p>\n<p style=\"line-height: 1.5\"><span style=\"font-family: arial, helvetica, sans-serif;font-size: 16px\">&nbsp;<\/span><\/p>\n<p style=\"line-height: 1.5\"><span style=\"font-family: arial, helvetica, sans-serif;font-size: 16px\">90%+ Germinazione, cimelio e non OGM: i tuoi semi vengono coltivati, raccolti e testati localmente prima del rilascio. D\u00ec addio ai semi inutili con i nostri semi di erbe di alta qualit\u00e0.<\/span><\/p>\n<p style=\"line-height: 1.5\"><span style=\"font-family: arial, helvetica, sans-serif;font-size: 16px\">&nbsp;<\/span><\/p>\n<p style=\"line-height: 1.5\"><span style=\"font-family: arial, helvetica, sans-serif;font-size: 16px\">6 semi di tisana: hai tutto ci\u00f2 di cui hai bisogno per coltivare il tuo giardino di t\u00e8. Prepara le tisane pi\u00f9 fresche direttamente dal tuo giardino con questi semi: camomilla tedesca, lavanda vera, menta piperita comune, melissa, menta piperita, echinacea<\/span><\/p>\n<p style=\"line-height: 1.5\"><span style=\"font-family: arial, helvetica, sans-serif;font-size: 16px\">&nbsp;<\/span><\/p>\n<p style=\"line-height: 1.5\"><span style=\"font-family: arial, helvetica, sans-serif;font-size: 16px\">Adatto ai principianti: impara tutto ci\u00f2 che devi sapere per coltivare e utilizzare Harvest con la tua guida alla crescita digitale. Etichetta la tua piantagione di erbe con l&#039;etichetta inclusa in modo da sapere cosa germoglier\u00e0 dopo. Non tutti sono dotati di giardinaggio, quindi ci siamo assicurati che questo kit fai-da-te sia perfetto sia per gli hobbisti che per i principianti.<\/span><\/p>\n<p style=\"line-height: 1.5\"><span style=\"font-family: arial, helvetica, sans-serif;font-size: 16px\">&nbsp;<\/span><\/p>\n<p style=\"line-height: 1.5\"><span style=\"font-family: arial, helvetica, sans-serif;font-size: 16px\">MANTIENI I TUOI SEMI FRESCHI - Asciuga in modo sicuro i semi da giardino di riserva in sacchetti Mylar impermeabili richiudibili e avvolgi singolarmente i pacchetti di semi per la semina del prossimo anno. I tuoi semi di cimelio non OGM possono darti anni di semina<\/span><\/p>\n<p style=\"line-height: 1.5\"><span style=\"font-family: arial, helvetica, sans-serif;font-size: 16px\">&nbsp;<\/span><\/p>\n<p style=\"line-height: 1.5\"><span style=\"font-family: arial, helvetica, sans-serif;font-size: 16px\">Il nostro impegno nei tuoi confronti: semi e terreno vengono coltivati, raccolti e confezionati negli Stati Uniti. Ci assicuriamo che tu possa creare facilmente il tuo orto di erbe aromatiche a casa. Il nostro supporto non si ferma qui perch\u00e9 vogliamo vedere crescere i tuoi semi di vaniglia. Il nostro team si assicurer\u00e0 di rispondere e aiutarti durante il tuo viaggio di semina. Se i tuoi semi non germinano, faccelo sapere e te ne invieremo uno nuovo.<\/span><\/p>\n<p style=\"line-height: 1.5\"><span style=\"font-family: arial, helvetica, sans-serif;font-size: 16px\"><\/span><\/p>\n<p style=\"line-height: 1.5\"><span style=\"font-family: arial, helvetica, sans-serif;font-size: 16px\">Coltiva la tua tisana a casa<\/span><\/p><\/p>","protected":false},"excerpt":{"rendered":"<p>Kit di semi di tisana pronti da 13 pezzi: \u00e8 facile: eliminiamo le congetture dalla coltivazione delle erbe dai semi, guidandoti in ogni fase del percorso. Tutto ci\u00f2 di cui hai bisogno per portare la gioia della tisana nella vita tua o della persona amata in una bellissima confezione. Piantala!<\/p>","protected":false},"featured_media":12665,"comment_status":"closed","ping_status":"closed","template":"","meta":[],"product_cat":[59],"product_tag":[318],"acf":[],"_links":{"self":[{"href":"https:\/\/www.garden-kit.com\/it\/wp-json\/wp\/v2\/product\/4255"}],"collection":[{"href":"https:\/\/www.garden-kit.com\/it\/wp-json\/wp\/v2\/product"}],"about":[{"href":"https:\/\/www.garden-kit.com\/it\/wp-json\/wp\/v2\/types\/product"}],"replies":[{"embeddable":true,"href":"https:\/\/www.garden-kit.com\/it\/wp-json\/wp\/v2\/comments?post=4255"}],"wp:featuredmedia":[{"embeddable":true,"href":"https:\/\/www.garden-kit.com\/it\/wp-json\/wp\/v2\/media\/12665"}],"wp:attachment":[{"href":"https:\/\/www.garden-kit.com\/it\/wp-json\/wp\/v2\/media?parent=4255"}],"wp:term":[{"taxonomy":"product_cat","embeddable":true,"href":"https:\/\/www.garden-kit.com\/it\/wp-json\/wp\/v2\/product_cat?post=4255"},{"taxonomy":"product_tag","embeddable":true,"href":"https:\/\/www.garden-kit.com\/it\/wp-json\/wp\/v2\/product_tag?post=4255"}],"curies":[{"name":"wp","href":"https:\/\/api.w.org\/{rel}","templated":true}]}}