{"id":4409,"date":"2022-10-19T16:05:45","date_gmt":"2022-10-19T08:05:45","guid":{"rendered":"https:\/\/www.garden-kit.com\/product\/garden-kit-paint-plant-flower-growing-kit\/"},"modified":"2023-03-31T15:12:09","modified_gmt":"2023-03-31T07:12:09","slug":"garden-kit-paint-plant-flower-growing-kit","status":"publish","type":"product","link":"https:\/\/www.garden-kit.com\/it\/product\/garden-kit-paint-plant-flower-growing-kit\/","title":{"rendered":"Kit da giardino Kit per la coltivazione di vernici e piante"},"content":{"rendered":"<h3 style=\"line-height: 1.5;font-size: 19px\"><span style=\"font-family: arial, helvetica, sans-serif;font-size: 18px\"><strong>Kit per la coltivazione di fiori e piante<\/strong><\/span><\/h3>\n<h3 style=\"line-height: 1.5;font-size: 19px\"><span style=\"font-family: arial, helvetica, sans-serif\"><strong>Panoramica del Prodotto<\/strong><\/span><\/h3>\n<table border=\"1\" cellspacing=\"0\" style=\"border-collapse: collapse;width: 100%\">\n<tbody>\n<tr>\n<td valign=\"top\" width=\"373\">\n<p><span style=\"font-family: arial, helvetica, sans-serif\">Istruzioni per la cura del prodotto<\/span><\/p>\n<\/td>\n<td valign=\"top\" width=\"373\">\n<p><span style=\"font-family: arial, helvetica, sans-serif\">Disponibile<\/span><\/p>\n<\/td>\n<\/tr>\n<tr>\n<td valign=\"top\" width=\"373\">\n<p><span style=\"font-family: arial, helvetica, sans-serif\">Tipo di prodotto vegetale<\/span><\/p>\n<\/td>\n<td valign=\"top\" width=\"373\">\n<p><span style=\"font-family: arial, helvetica, sans-serif\">Fiore<\/span><\/p>\n<\/td>\n<\/tr>\n<tr>\n<td valign=\"top\" width=\"373\">\n<p><span style=\"font-family: arial, helvetica, sans-serif\">Caratteristica speciale<\/span><\/p>\n<\/td>\n<td valign=\"top\" width=\"373\">\n<p><span style=\"font-family: arial, helvetica, sans-serif\">Coltivazione indoor-outdoor<\/span><\/p>\n<\/td>\n<\/tr>\n<tr>\n<td valign=\"top\" width=\"373\">\n<p><span style=\"font-family: arial, helvetica, sans-serif\">Marca<\/span><\/p>\n<\/td>\n<td valign=\"top\" width=\"373\">\n<p><span style=\"font-family: arial, helvetica, sans-serif\">Kit da giardino<\/span><\/p>\n<\/td>\n<\/tr>\n<tr>\n<td valign=\"top\" width=\"373\">\n<p><span style=\"font-family: arial, helvetica, sans-serif\">Luogo d&#039;origine<\/span><\/p>\n<\/td>\n<td valign=\"top\" width=\"373\">\n<p><span style=\"font-family: arial, helvetica, sans-serif\">Fujian, Cina<\/span><\/p>\n<\/td>\n<\/tr>\n<tr>\n<td valign=\"top\" width=\"373\">\n<p><span style=\"font-family: arial, helvetica, sans-serif\">ODM\/OEM<\/span><\/p>\n<\/td>\n<td valign=\"top\" width=\"373\">\n<p><span style=\"font-family: arial, helvetica, sans-serif\">Disponibile<\/span><\/p>\n<\/td>\n<\/tr>\n<tr>\n<td valign=\"top\" width=\"373\">\n<p><span style=\"font-family: arial, helvetica, sans-serif\">MOQ per ordine personalizzato<\/span><\/p>\n<\/td>\n<td valign=\"top\" width=\"373\">\n<p><span style=\"font-family: arial, helvetica, sans-serif\">3000 pezzi<\/span><\/p>\n<\/td>\n<\/tr>\n<tr>\n<td valign=\"top\" width=\"373\">\n<p><span style=\"font-family: arial, helvetica, sans-serif\">Costo del campione<\/span><\/p>\n<\/td>\n<td valign=\"top\" width=\"373\">\n<p><span style=\"font-family: arial, helvetica, sans-serif\">US$400\/Campione, restituzione completa dopo l&#039;ordine da parte nostra<\/span><\/p>\n<\/td>\n<\/tr>\n<\/tbody>\n<\/table>\n<p>&nbsp;<\/p>\n<p style=\"line-height: 1.5\"><span style=\"font-family: arial, helvetica, sans-serif\">Kit di giardinaggio floreale per bambini 28 pezzi Paint &amp; Grow: tutto ci\u00f2 di cui i bambini hanno bisogno per portare la gioia della coltivazione dei fiori nella vostra vita o in quella di una persona cara. \u00c8 semplice: le nostre congetture sulla coltivazione dei fiori a partire dai semi vi guidano in ogni fase del processo. Pianta!<\/span><\/p>\n<p>&nbsp;<\/p>\n<h3 style=\"line-height: 1.5;font-size: 19px\"><span style=\"font-family: arial, helvetica, sans-serif\"><strong>I seguenti articoli sono inclusi nel kit:<\/strong><\/span><\/h3>\n<p style=\"line-height: 1.5\"><span style=\"font-family: arial, helvetica, sans-serif\">3 vasi da fiori piantabili con vassoio<\/span><\/p>\n<p style=\"line-height: 1.5\"><span style=\"font-family: arial, helvetica, sans-serif\">3 sacchetti di semi<\/span><\/p>\n<p style=\"line-height: 1.5\"><span style=\"font-family: arial, helvetica, sans-serif\">3 dischi di terreno<\/span><\/p>\n<p style=\"line-height: 1.5\"><span style=\"font-family: arial, helvetica, sans-serif\">3 etichette per piante<\/span><\/p>\n<p style=\"line-height: 1.5\"><span style=\"font-family: arial, helvetica, sans-serif\">3 adesivi di trasferimento<\/span><\/p>\n<p style=\"line-height: 1.5\"><span style=\"font-family: arial, helvetica, sans-serif\">6 vernici<\/span><\/p>\n<p style=\"line-height: 1.5\"><span style=\"font-family: arial, helvetica, sans-serif\">2 pennelli<\/span><\/p>\n<p style=\"line-height: 1.5\"><span style=\"font-family: arial, helvetica, sans-serif\">1 tavolozza di colori<\/span><\/p>\n<p style=\"line-height: 1.5\"><span style=\"font-family: arial, helvetica, sans-serif\">1 pala<\/span><\/p>\n<p style=\"line-height: 1.5\"><span style=\"font-family: arial, helvetica, sans-serif\">1 annaffiatoio<\/span><\/p>\n<p style=\"line-height: 1.5\"><span style=\"font-family: arial, helvetica, sans-serif\">1 Guida passo passo alla semina<\/span><\/p>\n<p style=\"line-height: 1.5\"><span style=\"font-family: arial, helvetica, sans-serif\">1 confezione regalo personalizzata<\/span><\/p>\n<p style=\"line-height: 1.5\"><span style=\"font-family: arial, helvetica, sans-serif\">&nbsp;<\/span><\/p>\n<p style=\"line-height: 1.5\"><span style=\"font-family: arial, helvetica, sans-serif\">Kit da giardino per dipingere e piantare fiori: il nostro kit da 8-12 anni per piantare fiori \u00e8 dotato di tutto il necessario. 3 vasi da fiori, 6 pigmenti colorati, 3 adesivi di trasferimento (nero, colore e GID), spray, 2 pennelli, 3 etichette, istruzioni, ecc.<\/span><\/p>\n<p style=\"line-height: 1.5\">\n<p style=\"line-height: 1.5\"><span style=\"font-family: arial, helvetica, sans-serif\">Dipingete e piantate il vostro giardino: Vi piacciono i colori vivaci? Vi piace essere creativi? Allora prendete questo kit artistico e artigianale! L'autopittura \u00e8 una parte molto interessante. Piantare il giardino e vederlo fiorire \u00e8 ancora pi\u00f9 emozionante! Suggerimento: trattandosi di piante da appartamento, conservatele il pi\u00f9 possibile in casa.<\/span><\/p>\n<p style=\"line-height: 1.5\">\n<p style=\"line-height: 1.5\"><span style=\"font-family: arial, helvetica, sans-serif\">ATTIVIT\u00c0 EDUCATIVE DIVERTENTI PER TUTTE LE ET\u00c0: Si tratta di un'ottima attivit\u00e0 di artigianato artistico per bambini di 4-6 anni, che li terr\u00e0 impegnati per ore. I bambini sono molto creativi. Possono dipingere su vasi unici e guardare i fiori crescere giorno dopo giorno! Un ottimo modo per tenere i bambini lontani dagli schermi. \u00c8 divertente ed educativo.<\/span><\/p>\n<p style=\"line-height: 1.5\">\n<p style=\"line-height: 1.5\"><span style=\"font-family: arial, helvetica, sans-serif\">FANTASTICI REGALI DI ARTIGIANATO PER BAMBINI: Questo mestiere per ragazze di 10-12 anni sembra semplice ma \u00e8 molto divertente da usare. Divertitevi con i vostri bambini, divertitevi e fate grandi attivit\u00e0 in famiglia. Questo progetto di artigianato artistico fai-da-te per bambini \u00e8 anche un ottimo regalo per progetti di vapore, Natale, Pasqua e compleanno per bambini.<\/span><\/p>\n<p style=\"line-height: 1.5\">\n<p style=\"line-height: 1.5\"><span style=\"font-family: arial, helvetica, sans-serif\">Soddisfazione 100%: Tutti i prodotti Garden Kit vengono forniti con 100% soddisfazione. Se avete domande sui giocattoli delle ragazze di 8-12 anni, non esitate a contattarci. Vi forniremo sicuramente il miglior servizio.<\/span><\/p><\/p>","protected":false},"excerpt":{"rendered":"<p>Kit per il giardinaggio floreale per bambini da 28 pezzi: tutto ci\u00f2 di cui i vostri bambini hanno bisogno per portare la gioia della coltivazione dei fiori nella vostra vita o in quella di una persona cara. \u00c8 semplice: le nostre congetture sulla coltivazione dei fiori a partire dai semi vi guidano in ogni fase del processo. Pianta!<\/p>","protected":false},"featured_media":12606,"comment_status":"open","ping_status":"closed","template":"","meta":[],"product_cat":[61],"product_tag":[337,336,335,333,334,332],"acf":[],"_links":{"self":[{"href":"https:\/\/www.garden-kit.com\/it\/wp-json\/wp\/v2\/product\/4409"}],"collection":[{"href":"https:\/\/www.garden-kit.com\/it\/wp-json\/wp\/v2\/product"}],"about":[{"href":"https:\/\/www.garden-kit.com\/it\/wp-json\/wp\/v2\/types\/product"}],"replies":[{"embeddable":true,"href":"https:\/\/www.garden-kit.com\/it\/wp-json\/wp\/v2\/comments?post=4409"}],"wp:featuredmedia":[{"embeddable":true,"href":"https:\/\/www.garden-kit.com\/it\/wp-json\/wp\/v2\/media\/12606"}],"wp:attachment":[{"href":"https:\/\/www.garden-kit.com\/it\/wp-json\/wp\/v2\/media?parent=4409"}],"wp:term":[{"taxonomy":"product_cat","embeddable":true,"href":"https:\/\/www.garden-kit.com\/it\/wp-json\/wp\/v2\/product_cat?post=4409"},{"taxonomy":"product_tag","embeddable":true,"href":"https:\/\/www.garden-kit.com\/it\/wp-json\/wp\/v2\/product_tag?post=4409"}],"curies":[{"name":"wp","href":"https:\/\/api.w.org\/{rel}","templated":true}]}}