{"id":6468,"date":"2022-11-07T10:48:36","date_gmt":"2022-11-07T02:48:36","guid":{"rendered":"https:\/\/www.garden-kit.com\/product\/easy-bonsai-starter-kit-2\/"},"modified":"2023-03-31T14:43:13","modified_gmt":"2023-03-31T06:43:13","slug":"easy-bonsai-starter-kit-2","status":"publish","type":"product","link":"https:\/\/www.garden-kit.com\/it\/product\/easy-bonsai-starter-kit-2\/","title":{"rendered":"Kit iniziali per bonsai facili"},"content":{"rendered":"<p>Coltivate il vostro bonsai: tutto ci\u00f2 che vi serve per creare il bonsai dei vostri sogni! - A differenza di altri kit, non \u00e8 necessario visitare il centro di giardinaggio locale per coltivare il bonsai. Trascorrete il vostro tempo godendovi l'esperienza del bonsai e aggiungendo un bellissimo spazio verde alla vostra casa.<\/p>\n<p>Ottimo per i principianti o come regalo di lusso: - Siete alla ricerca di un regalo di lusso di qualit\u00e0 per la persona amata? Non cercate oltre, questo kit di qualit\u00e0 offre un'esperienza bonsai superiore per i principianti. Non \u00e8 necessaria alcuna pratica preliminare.<\/p>\n<p>Quattro bonsai classici: - Il kit di semi per bonsai per principianti di Yugen comprende tutto il necessario per coltivare quattro splendidi bonsai. Utilizzate questo kit per coltivare il pino nero giapponese, il fiore blu, il Cotoneaster e l'ombrello nano.<\/p>\n<p>Include una guida alla piantumazione: - Con la nostra guida dettagliata alla piantumazione, diventerete esperti di bonsai in pochissimo tempo. Riceverete assistenza a vita per le vostre esigenze di coltivazione dei bonsai, poich\u00e9 potrete contattarci in qualsiasi momento per chiedere aiuto o indicazioni.<\/p>\n<p>Coltivare il bonsai dei vostri sogni non \u00e8 mai stato cos\u00ec facile. I bonsai aggiungono una presenza rasserenante alla casa o possono fungere da centrotavola per un giardino urbano. Questi alberi hanno le dimensioni perfette per le citt\u00e0 in continua crescita. Avere uno spazio verde in casa \u00e8 molto importante e il bonsai \u00e8 il modo perfetto per raggiungere questo obiettivo.<\/p>\n<p>Quattro semi di bonsai classici<br \/>Il Cotoneaster \u00e8 un albero resistente, ideale per il Regno Unito perch\u00e9 si adatta bene ai climi pi\u00f9 freddi, e produce fiori rosa e bianchi prima che le bacche arancioni e rosse maturino a fine estate.<\/p>\n<p>Un bonsai molto popolare, il pino nero giapponese \u00e8 un albero relativamente facile da coltivare che tollera le temperature fredde ed \u00e8 una scelta ideale per il Regno Unito. Questi semi produrranno un albero forte, maschile e pieno di carattere.<\/p>\n<p>Il Bluebonnet \u00e8 un bonsai spettacolare, con i suoi bellissimi fiori viola a forma di campana e un fogliame a forma di felce che lascia a bocca aperta. Lo splendido colore viola contrasta con il fogliame verde e questo albero sarebbe incredibile in qualsiasi casa o giardino!<\/p>\n<p>Gli ombrelli nani sono molto comuni nel sud-est asiatico e sono in grado di far crescere radici aeree per aggiungere ancora pi\u00f9 carattere al bonsai. Questo particolare bonsai \u00e8 probabilmente uno degli alberi pi\u00f9 facili da coltivare e mantenere, il che lo rende perfetto per i principianti.<\/p>","protected":false},"excerpt":{"rendered":"<p>Kit di semi bonsai iniziali | Coltiva i tuoi alberi bonsai | Perfetto per principianti e appassionati di bonsai<\/p>","protected":false},"featured_media":12115,"comment_status":"open","ping_status":"closed","template":"","meta":[],"product_cat":[40],"product_tag":[49],"acf":[],"_links":{"self":[{"href":"https:\/\/www.garden-kit.com\/it\/wp-json\/wp\/v2\/product\/6468"}],"collection":[{"href":"https:\/\/www.garden-kit.com\/it\/wp-json\/wp\/v2\/product"}],"about":[{"href":"https:\/\/www.garden-kit.com\/it\/wp-json\/wp\/v2\/types\/product"}],"replies":[{"embeddable":true,"href":"https:\/\/www.garden-kit.com\/it\/wp-json\/wp\/v2\/comments?post=6468"}],"wp:featuredmedia":[{"embeddable":true,"href":"https:\/\/www.garden-kit.com\/it\/wp-json\/wp\/v2\/media\/12115"}],"wp:attachment":[{"href":"https:\/\/www.garden-kit.com\/it\/wp-json\/wp\/v2\/media?parent=6468"}],"wp:term":[{"taxonomy":"product_cat","embeddable":true,"href":"https:\/\/www.garden-kit.com\/it\/wp-json\/wp\/v2\/product_cat?post=6468"},{"taxonomy":"product_tag","embeddable":true,"href":"https:\/\/www.garden-kit.com\/it\/wp-json\/wp\/v2\/product_tag?post=6468"}],"curies":[{"name":"wp","href":"https:\/\/api.w.org\/{rel}","templated":true}]}}