{"id":6572,"date":"2022-11-07T14:09:03","date_gmt":"2022-11-07T06:09:03","guid":{"rendered":"https:\/\/www.garden-kit.com\/product\/cactus-growing-kit\/"},"modified":"2023-03-31T14:40:18","modified_gmt":"2023-03-31T06:40:18","slug":"cactus-growing-kit","status":"publish","type":"product","link":"https:\/\/www.garden-kit.com\/it\/product\/cactus-growing-kit\/","title":{"rendered":"Kit per la coltivazione del cactus"},"content":{"rendered":"<p style=\"line-height: 1.5\"><span style=\"font-family: arial, helvetica, sans-serif\">????COLTIVA LE TUE MINI PIANTE DI CACTUS DAI SEMI: Golden Barrel, Saguaro, Hedgehog, Ferocactus e Organ Pipes - 5 variet\u00e0 in 1 bustina Stayfresh - 70 semi circa. Il generoso kit di coltivazione include anche vasi per cactus, segnapiante, terreno compresso, vermiculite, nebulizzatore d&#039;acqua e guida passo passo<\/span><\/p>\n<p style=\"line-height: 1.5\"><span style=\"font-family: arial, helvetica, sans-serif\">????REGALO INSOLITO PER GIARDINAGGIO: questo set completo per principianti di cactus \u00e8 un regalo meraviglioso. \u00c8 splendidamente confezionato, regalo segreto ideale per Babbo Natale o riempitivo per calze per gli amanti del giardino.<\/span><\/p>\n<p style=\"line-height: 1.5\"><span style=\"font-family: arial, helvetica, sans-serif\">????TUTTO QUELLO DI CUI HAI BISOGNO IN UN SEMPLICE SET STARTER: il kit di coltivazione ti guida dai semi di cactus alla germinazione. Le tue piante spinose costituiranno una meravigliosa aggiunta al tuo terrario da interni!<\/span><\/p>\n<p style=\"line-height: 1.5\"><span style=\"font-family: arial, helvetica, sans-serif\">????LE DITA VERDI NON INDISPENSABILI: non preoccuparti se non hai mai coltivato piante domestiche insolite prima: questo kit \u00e8 progettato pensando ai principianti. Coltivare il cactus \u00e8 semplicissimo e la Guida completa ti assicura il successo. Non ci fermiamo qui: siamo qui per aiutarti in qualsiasi fase del processo di crescita.<\/span><\/p>\n<p style=\"line-height: 1.5\"><span style=\"font-family: arial, helvetica, sans-serif\">????100% SODDISFAZIONE GARANTITA: abbiamo fatto il possibile per produrre un fantastico Starter Kit per cactus e siamo sicuri che lo adorerai! Se per qualche motivo non sei soddisfatto del tuo kit, faccelo sapere<\/span><\/p>\n<p style=\"line-height: 1.5\"><span style=\"font-family: arial, helvetica, sans-serif\"><\/span><\/p>\n<p>Una guida completa all&#039;acquisto di kit di base per cactus di alta qualit\u00e0<br \/>Quali sono i vantaggi della coltivazione dei cactus?<br \/>Se sia il caso di coltivare i cactus (o qualsiasi altra pianta succulenta) \u00e8 stato un dibattito primario tra gli appassionati e gli esperti di giardinaggio. Alcuni sostengono che queste piante spinose portino energia negativa al tuo interno. Allo stesso tempo, alcuni sostengono che abbia poteri curativi.<\/p>\n<p>Ma qui parleremo di fatti e scienza.<\/p>\n<p>Similmente a qualsiasi altra pianta, il cactus respira attraverso la fotosintesi e il suo prodotto, l&#039;ossigeno, \u00e8 benefico per l&#039;uomo. Durante il processo, il cactus assorbe anche l\u2019anidride carbonica.<\/p>\n<p>Pertanto, coltivare i cactus pu\u00f2 aiutare ad aumentare il rapporto tra ossigeno e anidride carbonica in una stanza. Inoltre, l\u2019aumento dell\u2019apporto di ossigeno porta ad un miglioramento della salute. Potresti anche sentirti riposato ed energico.<\/p>\n<p>Posizionare queste piante verdi intorno al tuo spazio di lavoro ha anche un effetto positivo sulla tua mente. Le persone si sentiranno notevolmente pi\u00f9 calme, pi\u00f9 concentrate e pi\u00f9 produttive. Nel complesso, coltivare i cactus ha grandi benefici per la salute.<\/p>\n<p>Caratteristiche dei migliori kit di avvio per cactus<br \/>Esistono numerosi kit di avvio per cactus sul mercato. Pertanto, trovare quello giusto pu\u00f2 essere difficile, soprattutto se si desidera ottenere risultati positivi in una volta sola.<\/p>\n<p>Di seguito, abbiamo raccolto alcune caratteristiche importanti che possono semplificare l&#039;acquisto del kit di cactus ideale. Per saperne di pi\u00f9!<\/p>\n<p>Tipi di cactus<br \/>I diversi kit per la coltivazione di cactus includono diversi tipi di specie di cactus. Questi includono<\/p>\n<p>Fico d&#039;India<br \/>Saguaro <br \/>Cactus di coniglio<br \/>Cactus a botte d&#039;oro<br \/>Alcuni includono anche semi per piante grasse per aiutarti ad avere una variet\u00e0 nel tuo mini giardino. Se stai cercando una tipologia specifica, controlla cosa c&#039;\u00e8 scritto sulla confezione.<\/p>\n<p>Quantit\u00e0 e qualit\u00e0 dei semi <br \/>Va bene che alcuni semi germinino e altri no. Tuttavia, pu\u00f2 essere straziante investire cos\u00ec tanto tempo nella coltivazione dei cactus solo per scoprire che nessuno di loro riesce. Pertanto, assicurati di scegliere kit di avvio di cactus che promettono semi testati e certificati.<\/p>\n<p>Questi semi di alta qualit\u00e0 hanno la garanzia di crescere quando vengono fornite le giuste condizioni. Se non sei sicuro, scegli un kit che contenga un gran numero di semi per ogni specie. Pertanto, anche se si verifica un errore, rimarranno alcuni semi per la sperimentazione.<\/p>\n<p>Facilit\u00e0 d&#039;uso <br \/>Non importa se sei un principiante o un esperto nella coltivazione dei cactus. Quando acquisti un kit per la coltivazione di cactus, assicurati che sia inclusa una guida. A volte i semi trattati richiedono un metodo unico per far crescere cactus di successo. Avere un manuale dell\u2019azienda pu\u00f2 rendere le cose pi\u00f9 facili.<\/p>\n<p>Accessori <br \/>Oltre a questo, dovresti anche controllare la presenza di altri strumenti e forniture inclusi nel kit di coltivazione. Questi accessori possono risparmiarti la fatica di acquistare le cose separatamente.<\/p>\n<p>La maggior parte dei kit per la coltivazione dei cactus vengono forniti con miscele di terreno, vasi e indicatori per le piante. Tuttavia, alcuni includono solo semi o miscele di terreno.<\/p>\n<p>Come si coltivano i cactus?<br \/>Coltivare i kit di cactus \u00e8 abbastanza semplice e facile. Di solito, ogni kit include un manuale dettagliato che include<\/p><\/p>","protected":false},"excerpt":{"rendered":"<p>Kit Cactus \u2013 Coltiva le tue piante di cactus al chiuso - Regalo per il giardinaggio<\/p><\/p>","protected":false},"featured_media":12049,"comment_status":"open","ping_status":"closed","template":"","meta":[],"product_cat":[40],"product_tag":[464,329,470,468,467,466,463,465,469,471],"acf":[],"_links":{"self":[{"href":"https:\/\/www.garden-kit.com\/it\/wp-json\/wp\/v2\/product\/6572"}],"collection":[{"href":"https:\/\/www.garden-kit.com\/it\/wp-json\/wp\/v2\/product"}],"about":[{"href":"https:\/\/www.garden-kit.com\/it\/wp-json\/wp\/v2\/types\/product"}],"replies":[{"embeddable":true,"href":"https:\/\/www.garden-kit.com\/it\/wp-json\/wp\/v2\/comments?post=6572"}],"wp:featuredmedia":[{"embeddable":true,"href":"https:\/\/www.garden-kit.com\/it\/wp-json\/wp\/v2\/media\/12049"}],"wp:attachment":[{"href":"https:\/\/www.garden-kit.com\/it\/wp-json\/wp\/v2\/media?parent=6572"}],"wp:term":[{"taxonomy":"product_cat","embeddable":true,"href":"https:\/\/www.garden-kit.com\/it\/wp-json\/wp\/v2\/product_cat?post=6572"},{"taxonomy":"product_tag","embeddable":true,"href":"https:\/\/www.garden-kit.com\/it\/wp-json\/wp\/v2\/product_tag?post=6572"}],"curies":[{"name":"wp","href":"https:\/\/api.w.org\/{rel}","templated":true}]}}