{"id":6793,"date":"2022-11-11T10:22:28","date_gmt":"2022-11-11T02:22:28","guid":{"rendered":"https:\/\/www.garden-kit.com\/product\/rainbow-salad-kit\/"},"modified":"2023-03-31T14:33:56","modified_gmt":"2023-03-31T06:33:56","slug":"rainbow-salad-kit","status":"publish","type":"product","link":"https:\/\/www.garden-kit.com\/it\/product\/rainbow-salad-kit\/","title":{"rendered":"Kit insalata arcobaleno"},"content":{"rendered":"<p style=\"line-height: 1.5\"><span style=\"color: #222222;font-family: arial, helvetica, sans-serif;font-size: 16px;background-color: #ffffff;float: none\">Coltivate i vostri ortaggi da insalata: oltre 1500 semi per kit. 12 variet\u00e0 di semi, tra cui: finocchi, pomodori (gialli), carote - Paris Round, Pak choi, bietola da coste, lattuga mista - Red Salad bowl, spinaci - Securo, barbabietola - Chioggia (rossa e bianca), cipollotto, rucola, ravanello - Cherry Belle, peperone Capsicum annumComprende anche 12 vasi, 12 dischi di terriccio e istruzioni passo-passo.<\/span><br style=\"margin: 0px;color: #222222;font-family: 'Graphik Webfont', -apple-system, 'Helvetica Neue', 'Droid Sans', Arial, sans-serif;font-size: 16px;background-color: #ffffff\" \/><span style=\"color: #222222;font-family: arial, helvetica, sans-serif;font-size: 16px;background-color: #ffffff;float: none\">NON \u00c8 RICHIESTO IL POLLICE VERDE: Non preoccupatevi se non avete mai coltivato nulla prima d'ora: questo kit di coltivazione include una guida illustrata perfetta per i principianti. Inoltre, siamo qui per rispondere alle vostre domande in qualsiasi fase del processo di coltivazione.<\/span><br style=\"margin: 0px;color: #222222;font-family: 'Graphik Webfont', -apple-system, 'Helvetica Neue', 'Droid Sans', Arial, sans-serif;font-size: 16px;background-color: #ffffff\" \/><span style=\"color: #222222;font-family: arial, helvetica, sans-serif;font-size: 16px;background-color: #ffffff;float: none\">QUANTIT\u00c0 GENEROSA DI SEMI: Abbiamo incluso 12 variet\u00e0 di semi con oltre 1.000 semi per confezione. Pi\u00f9 che sufficienti per 2-3 tentativi!<\/span><br style=\"margin: 0px;color: #222222;font-family: 'Graphik Webfont', -apple-system, 'Helvetica Neue', 'Droid Sans', Arial, sans-serif;font-size: 16px;background-color: #ffffff\" \/><span style=\"color: #222222;font-family: arial, helvetica, sans-serif;font-size: 16px;background-color: #ffffff;float: none\">INSOLITA IDEA REGALO DI NATALE: Il kit Urban Sprout Rainbow \u00e8 splendidamente presentato in una confezione attraente e costituisce un meraviglioso regalo di Natale, per Babbo Natale segreto o per riempire la calza.<\/span><br style=\"margin: 0px;color: #222222;font-family: 'Graphik Webfont', -apple-system, 'Helvetica Neue', 'Droid Sans', Arial, sans-serif;font-size: 16px;background-color: #ffffff\" \/><span style=\"color: #222222;font-family: arial, helvetica, sans-serif;font-size: 16px;background-color: #ffffff;float: none\">PROMESSA DI GERMINAZIONE: Abbiamo fatto il possibile per produrre un kit di semi di cui sarete entusiasti! Se i semi contenuti nel kit non dovessero germinare, fatecelo sapere e vi promettiamo di spedirvi altri semi! Fate clic su Aggiungi al carrello e iniziate a coltivare.<\/span><\/p><\/p>","protected":false},"excerpt":{"rendered":"<p>Kit per insalata arcobaleno - Coltivate le vostre verdure da insalata - Set regalo per il giardinaggio - 10 variet\u00e0 di sementi da piantare&nbsp;<\/p><\/p>","protected":false},"featured_media":11988,"comment_status":"open","ping_status":"closed","template":"","meta":[],"product_cat":[50],"product_tag":[350],"acf":[],"_links":{"self":[{"href":"https:\/\/www.garden-kit.com\/it\/wp-json\/wp\/v2\/product\/6793"}],"collection":[{"href":"https:\/\/www.garden-kit.com\/it\/wp-json\/wp\/v2\/product"}],"about":[{"href":"https:\/\/www.garden-kit.com\/it\/wp-json\/wp\/v2\/types\/product"}],"replies":[{"embeddable":true,"href":"https:\/\/www.garden-kit.com\/it\/wp-json\/wp\/v2\/comments?post=6793"}],"wp:featuredmedia":[{"embeddable":true,"href":"https:\/\/www.garden-kit.com\/it\/wp-json\/wp\/v2\/media\/11988"}],"wp:attachment":[{"href":"https:\/\/www.garden-kit.com\/it\/wp-json\/wp\/v2\/media?parent=6793"}],"wp:term":[{"taxonomy":"product_cat","embeddable":true,"href":"https:\/\/www.garden-kit.com\/it\/wp-json\/wp\/v2\/product_cat?post=6793"},{"taxonomy":"product_tag","embeddable":true,"href":"https:\/\/www.garden-kit.com\/it\/wp-json\/wp\/v2\/product_tag?post=6793"}],"curies":[{"name":"wp","href":"https:\/\/api.w.org\/{rel}","templated":true}]}}