{"id":6819,"date":"2022-11-11T18:25:08","date_gmt":"2022-11-11T10:25:08","guid":{"rendered":"https:\/\/www.garden-kit.com\/product\/medicinal-herb-seeds-collections\/"},"modified":"2023-03-31T14:17:02","modified_gmt":"2023-03-31T06:17:02","slug":"medicinal-herb-seeds-collections","status":"publish","type":"product","link":"https:\/\/www.garden-kit.com\/it\/product\/medicinal-herb-seeds-collections\/","title":{"rendered":"Collezioni di semi di erbe medicinali"},"content":{"rendered":"<h3 class=\"a-size-base-plus a-text-bold\" style=\"padding: 0px 0px 4px;margin: 0px;color: #0f1111;font-family: 'Amazon Ember', Arial, sans-serif;background-color: #ffffff;font-size: 19px;line-height: 1.5\"><span style=\"font-family: arial, helvetica, sans-serif\">Informazioni su questo articolo<\/span><\/h3>\n<ul class=\"a-unordered-list a-vertical a-spacing-mini\" style=\"margin: 0px 0px 0px 18px;color: #0f1111;padding: 0px;font-family: 'Amazon Ember', Arial, sans-serif;font-size: 14px;background-color: #ffffff\">\n<li style=\"list-style-type: disc;margin: 0px;line-height: 1.5\">\n<p style=\"font-size: 16px\"><span class=\"a-list-item\" style=\"color: #0f1111;font-family: arial, helvetica, sans-serif\">TASSO DI GERMINAZIONE 90+%, CIMENO E NON OGM \u2013 I tuoi semi vengono coltivati, raccolti e testati localmente prima del rilascio. D\u00ec addio ai semi inutili con i nostri semi di erbe di qualit\u00e0 da piantare.<\/span><\/p>\n<\/li>\n<li style=\"list-style-type: disc;margin: 0px;line-height: 1.5\">\n<p style=\"font-size: 16px\"><span class=\"a-list-item\" style=\"color: #0f1111;font-family: arial, helvetica, sans-serif\">6 VARIET\u00c0 di semi di tisana \u2013 Ha tutto il necessario per coltivare il tuo giardino di t\u00e8. Prepara le tisane pi\u00f9 fresche direttamente dal tuo giardino con questi semi: camomilla tedesca, lavanda vera, menta comune, melissa, menta piperita, echinacea viola.<\/span><\/p>\n<\/li>\n<li style=\"list-style-type: disc;margin: 0px;line-height: 1.5\">\n<p style=\"font-size: 16px\"><span class=\"a-list-item\" style=\"color: #0f1111;font-family: arial, helvetica, sans-serif\">ADATTO AI PRINCIPIANTI: impara tutto ci\u00f2 che devi sapere per coltivare e ottenere un raccolto abbondante con la tua guida alla coltivazione digitale. Contrassegna i tuoi vasi per erbe aromatiche con le etichette incluse in modo da sapere cosa germoglier\u00e0 dopo. Non tutti hanno il pollice verde, quindi ci siamo assicurati che questo kit fai-da-te sia ottimo sia per gli hobbisti che per i principianti.<\/span><\/p>\n<\/li>\n<li style=\"list-style-type: disc;margin: 0px;line-height: 1.5\">\n<p style=\"font-size: 16px\"><span class=\"a-list-item\" style=\"color: #0f1111;font-family: arial, helvetica, sans-serif\">Mantieni i tuoi semi FRESCHI - Mantieni i tuoi semi da giardino di riserva al sicuro e asciutti per la semina del prossimo anno in un sacchetto di mylar richiudibile e impermeabile con pacchetti di semi confezionati singolarmente. I tuoi semi non OGM e cimelio sono pronti a fornire la tua semina per anni<\/span><\/p>\n<\/li>\n<li style=\"list-style-type: disc;margin: 0px;line-height: 1.5\">\n<p style=\"font-size: 16px\"><span class=\"a-list-item\" style=\"color: #0f1111;font-family: arial, helvetica, sans-serif\">LA NOSTRA PROMESSA PER TE \u2013 I semi e il terreno vengono coltivati, raccolti e confezionati negli Stati Uniti. Ci siamo assicurati che tu possa avviare facilmente il tuo orto di erbe aromatiche a casa. Il nostro supporto non finisce qui perch\u00e9 ci piacerebbe vedere crescere i semi delle tue erbe. Il nostro team si assicurer\u00e0 di rispondere e aiutarti durante tutto il tuo viaggio di semina. Se qualcuno dei tuoi semi non germoglia, faccelo sapere e te ne invieremo uno nuovo.<\/span><\/p>\n<\/li>\n<li style=\"list-style-type: disc;margin: 0px;line-height: 1.5\">\n<p style=\"font-size: 16px\"><span class=\"a-list-item\" style=\"color: #0f1111;font-family: arial, helvetica, sans-serif\">Coltiva le tue piante di tisane medicinali a casa<\/span><\/p>\n<\/li>\n<li style=\"list-style-type: disc;margin: 0px;line-height: 1.5\">\n<p style=\"font-size: 16px\"><span class=\"a-list-item\" style=\"color: #0f1111;font-family: arial, helvetica, sans-serif\">100% proveniente e confezionato negli Stati Uniti<\/span><span class=\"a-list-item\" style=\"color: #0f1111;font-family: arial, helvetica, sans-serif\"><\/span><span class=\"a-list-item\" style=\"color: #0f1111;font-family: arial, helvetica, sans-serif\"><\/span><\/p>\n<p style=\"line-height: 1.4\"><span style=\"font-family: arial, helvetica, sans-serif;font-size: 16px\">Istruzioni utili<\/span><br \/><span style=\"font-family: arial, helvetica, sans-serif;font-size: 16px\">Abbiamo incluso inserti colorati che descrivono ogni verdura, nonch\u00e9 la nostra pratica tabella di semina. La tabella di semina \u00e8 un ottimo riferimento per informazioni chiave come la profondit\u00e0 del seme, la spaziatura tra i semi e la spaziatura tra le file.<\/span><\/p>\n<p style=\"line-height: 1.4\"><span style=\"font-family: arial, helvetica, sans-serif;font-size: 16px\">Imballaggio intelligente<\/span><br \/><span style=\"font-family: arial, helvetica, sans-serif;font-size: 16px\">Le istruzioni per la semina e i consigli per la semina sono stampati direttamente sulla confezione dei semi. Si tratta di informazioni utili, proprio dove ne hai bisogno. Crediamo che i semi e le istruzioni non debbano essere separati. Questa \u00e8 una semina senza stress.<\/span><\/p>\n<p style=\"line-height: 1.4\"><span style=\"font-family: arial, helvetica, sans-serif;font-size: 16px\">Fa un grande regalo<\/span><br \/><span style=\"font-family: arial, helvetica, sans-serif;font-size: 16px\">I set di semi di verdure senza stress sono un ottimo regalo. Perch\u00e9 non aggiungere uno o due set extra per il giardiniere della tua vita?<\/span><\/p>\n<\/li>\n<\/ul>","protected":false},"excerpt":{"rendered":"<p><span id=\"productTitle\" class=\"a-size-large product-title-word-break\" style=\"font-size: 16px;line-height: 32px\">Collezione di semi di erbe medicinali | 6 semi di t\u00e8 cimelio | Semi di lavanda, camomilla e menta non OGM da piantare all&#039;aperto e al chiuso \u2013 Melissa, menta piperita, echinacea | Regali di giardinaggio per donne e uomini<\/span><\/p><\/p>","protected":false},"featured_media":11945,"comment_status":"closed","ping_status":"closed","template":"","meta":[],"product_cat":[59],"product_tag":[427,353,426],"acf":[],"_links":{"self":[{"href":"https:\/\/www.garden-kit.com\/it\/wp-json\/wp\/v2\/product\/6819"}],"collection":[{"href":"https:\/\/www.garden-kit.com\/it\/wp-json\/wp\/v2\/product"}],"about":[{"href":"https:\/\/www.garden-kit.com\/it\/wp-json\/wp\/v2\/types\/product"}],"replies":[{"embeddable":true,"href":"https:\/\/www.garden-kit.com\/it\/wp-json\/wp\/v2\/comments?post=6819"}],"wp:featuredmedia":[{"embeddable":true,"href":"https:\/\/www.garden-kit.com\/it\/wp-json\/wp\/v2\/media\/11945"}],"wp:attachment":[{"href":"https:\/\/www.garden-kit.com\/it\/wp-json\/wp\/v2\/media?parent=6819"}],"wp:term":[{"taxonomy":"product_cat","embeddable":true,"href":"https:\/\/www.garden-kit.com\/it\/wp-json\/wp\/v2\/product_cat?post=6819"},{"taxonomy":"product_tag","embeddable":true,"href":"https:\/\/www.garden-kit.com\/it\/wp-json\/wp\/v2\/product_tag?post=6819"}],"curies":[{"name":"wp","href":"https:\/\/api.w.org\/{rel}","templated":true}]}}