{"id":6834,"date":"2022-11-11T18:37:41","date_gmt":"2022-11-11T10:37:41","guid":{"rendered":"https:\/\/www.garden-kit.com\/product\/home-and-hygge-soy-wax-melt-making-kit\/"},"modified":"2024-03-07T10:32:51","modified_gmt":"2024-03-07T02:32:51","slug":"home-and-hygge-soy-wax-melt-making-kit","status":"publish","type":"product","link":"https:\/\/www.garden-kit.com\/it\/product\/home-and-hygge-soy-wax-melt-making-kit\/","title":{"rendered":"Kit per la produzione di cera di soia Home And Hygge"},"content":{"rendered":"<h3 style=\"font-size: 19px\">Descrizione del prodotto<\/h3>\n<p style=\"line-height: 1.5\"><span style=\"font-family: 'PingFang SC', 'Microsoft YaHei', sans-serif;font-size: 16px\">Kit per la produzione di cera fondente di soia Home and Hygge<\/span><\/p>\n<p><span style=\"font-family: 'PingFang SC', 'Microsoft YaHei', sans-serif;font-size: 16px\">Crea la tua cera di soia con olio essenziale per aromaterapia con il nostro kit fai-da-te ecologico per sciogliere la cera di soia. Perfetto per i principianti con tutto il necessario per iniziare<\/span><\/p>\n<h3 style=\"font-size: 19px\">Variazioni<\/h3>\n<p style=\"line-height: 1.5\"><span style=\"font-family: 'PingFang SC', 'Microsoft YaHei', sans-serif;font-size: 16px\">Crea la tua cera di soia naturale utilizzando i nostri bellissimi ingredienti ecologici e sostenibili e istruzioni facili da usare.<\/span><\/p>\n<p style=\"line-height: 1.5\"><span style=\"font-family: 'PingFang SC', 'Microsoft YaHei', sans-serif;font-size: 16px\">I nostri kit per la produzione di cera di soia Home e Hygge sono indicati per chi desidera sentirsi accogliente e soddisfatto ed evocare un senso di calma e comfort nella propria casa.<\/span><\/p>\n<p style=\"line-height: 1.5\"><span style=\"font-family: 'PingFang SC', 'Microsoft YaHei', sans-serif;font-size: 16px\">Gli oli di darjeeling e gelsomino, scelti appositamente, sono stati miscelati per creare una casa accogliente e rilassante. I nostri kit per la preparazione della cera sono tutti ecologici, vegani e sostenibili, con imballaggi riciclabili 100% e ingredienti naturali.<\/span><\/p>\n<p style=\"line-height: 1.5\"><span style=\"font-family: 'PingFang SC', 'Microsoft YaHei', sans-serif;font-size: 16px\">Come funziona:<\/span><\/p>\n<p style=\"line-height: 1.5\"><span style=\"font-family: 'PingFang SC', 'Microsoft YaHei', sans-serif;font-size: 16px\">Nella confezione \u00e8 incluso tutto il necessario per realizzare 15 cera fondente di soia naturale agli oli essenziali; tutti gli ingredienti sono pesati, quindi basta seguire le nostre semplici istruzioni di facile utilizzo.<\/span><\/p>\n<p style=\"line-height: 1.5\"><span style=\"font-family: 'PingFang SC', 'Microsoft YaHei', sans-serif;font-size: 16px\">Il kit comprende: 100% cera di soia naturale, stampo per cera fusa riciclabile, oli essenziali, fiori secchi, istruzioni complete, libretto di citazioni positive.<\/span><\/p>\n<p style=\"line-height: 1.5\"><span style=\"font-family: 'PingFang SC', 'Microsoft YaHei', sans-serif;font-size: 16px\">Adatto a vegetariani e vegani<\/span><\/p>\n<p style=\"line-height: 1.5\"><span style=\"font-family: 'PingFang SC', 'Microsoft YaHei', sans-serif;font-size: 16px\">Termometro da cucina - opzionale<\/span><\/p>\n<p style=\"line-height: 1.5\"><span style=\"font-family: 'PingFang SC', 'Microsoft YaHei', sans-serif;font-size: 16px\">Personalizzate il vostro kit:<\/span><\/p>\n<p style=\"line-height: 1.5\"><span style=\"font-family: 'PingFang SC', 'Microsoft YaHei', sans-serif;font-size: 16px\">Se scegliete di avere un biglietto regalo personalizzato con il vostro kit, \u00e8 sufficiente inserire il vostro nome e il vostro messaggio e noi lo scriveremo a mano nel nostro biglietto regalo dal design botanico personalizzato e lo collocheremo all'interno della confezione del kit.<\/span><\/p>\n<h3 style=\"font-size: 19px\">Il nostro vantaggio<\/h3>\n<p style=\"line-height: 1.5\"><span style=\"font-family: 'PingFang SC', 'Microsoft YaHei', sans-serif;font-size: 16px\">Le candele per aromaterapia estraggono come materia prima la cera naturale di soia, pi\u00f9 sicura e pi\u00f9 sana della paraffina.<\/span><\/p>\n<ol>\n<li style=\"line-height: 1.5\"><span style=\"font-family: 'PingFang SC', 'Microsoft YaHei', sans-serif;font-size: 16px\">Pulibilit\u00e0: La cera di soia \u00e8 biodegradabile, quindi se si rovescia su tovaglie o vestiti, tende a pulirsi pi\u00f9 facilmente della paraffina.<\/span><\/li>\n<li style=\"line-height: 1.5\"><span style=\"font-family: 'PingFang SC', 'Microsoft YaHei', sans-serif;font-size: 16px\">Bruciare: le candele di soia bruciano in modo pi\u00f9 pulito e completo rispetto alla paraffina, mentre molte candele di paraffina contengono fragranze e coloranti sintetici che emettono particolato nocivo quando vengono riscaldate.<\/span><\/li>\n<li style=\"line-height: 1.5\"><span style=\"font-family: 'PingFang SC', 'Microsoft YaHei', sans-serif;font-size: 16px\">Riciclaggio: Le candele di soia sono atossiche, rinnovabili e riciclabili. Inoltre, \u00e8 possibile riutilizzare le candele di soia nei contenitori di vetro.<\/span><\/li>\n<li style=\"line-height: 1.5\"><span style=\"font-family: 'PingFang SC', 'Microsoft YaHei', sans-serif;font-size: 16px\">Fragranza: Poich\u00e9 le candele di soia bruciano lentamente, rilasciano i loro oli essenziali per molte ore, con un profumo delicato e diffuso piuttosto che una potente esplosione di fragranze sintetiche. Le candele con profumi derivati da piante e fiori, o \"aromaterapia\", sono le preferite di sempre.<\/span><\/li>\n<li style=\"line-height: 1.5\"><span style=\"font-family: 'PingFang SC', 'Microsoft YaHei', sans-serif;font-size: 16px\">Costo: Sebbene le candele di soia tendano a essere pi\u00f9 costose, tendono a bruciare pi\u00f9 a lungo. Le candele di soia spesso vincono quando si considera il tempo di combustione.<\/span><\/li>\n<li style=\"line-height: 1.5\"><span style=\"font-family: 'PingFang SC', 'Microsoft YaHei', sans-serif;font-size: 16px\">A tavola: Le candele di paraffina rilasciano sostanze chimiche destrotossiche che possono sovrastare l'aroma del cibo, mentre le candele di soia inodore bruciano pi\u00f9 a lungo e non interferiscono con l'odore o il sapore del cibo che utilizzate.<\/span><\/li>\n<li style=\"line-height: 1.5\"><span style=\"font-family: 'PingFang SC', 'Microsoft YaHei', sans-serif;font-size: 16px\">Dal punto di vista dell'energia sostenibile, a differenza della paraffina estratta dal petrolio non rinnovabile, la soia \u00e8 una risorsa rinnovabile.<\/span><\/li>\n<li style=\"line-height: 1.5\"><span style=\"font-family: 'PingFang SC', 'Microsoft YaHei', sans-serif;font-size: 16px\">Qualit\u00e0 dell'aria: Rispetto alla paraffina, le candele di soia naturali bruciano in modo pi\u00f9 completo, senza fumo nero e residui. Ci\u00f2 si traduce in una migliore qualit\u00e0 generale dell'aria in casa.<\/span><\/li>\n<\/ol>\n<p>Creare le proprie candele \u00e8 un'esperienza divertente, creativa e gratificante. Un modo per iniziare a creare candele \u00e8 quello di acquistare un kit di candele di grandi dimensioni. Questi kit contengono tutto il necessario per realizzare una serie di candele di diverse profumazioni, colori e dimensioni.<\/p>\n<h3 style=\"font-size: 19px\">Ecco alcune caratteristiche principali di un kit per la produzione di candele di grandi dimensioni:<\/h3>\n<p>1. Materiali inclusi:<br \/>Un kit per la fabbricazione di candele di grandi dimensioni comprende in genere cera, stoppini, contenitori, oli profumati e istruzioni. Il kit pu\u00f2 anche includere strumenti come un crogiolo, un termometro e un utensile per mescolare. Avere tutti i materiali necessari in un unico kit rende pi\u00f9 facile per i principianti iniziare a fare candele.<\/p>\n<p>2. Variet\u00e0:<br \/>I kit per la produzione di candele di grandi dimensioni sono spesso dotati di diverse fragranze e colori, che consentono di creare una variet\u00e0 di candele adatte a diversi stati d'animo e occasioni. Alcuni kit includono anche degli stampi per aiutarvi a creare forme e disegni unici.<\/p>\n<p>3. Dimensioni:<br \/>Come suggerisce il nome, un kit per la produzione di candele di grandi dimensioni \u00e8 pensato per chi desidera realizzare candele multiple o di dimensioni maggiori. Questo lo rende perfetto per chi ha intenzione di regalare le proprie candele o di venderle ai mercati.<\/p>\n<p>4. Efficienza dei costi:<br \/>L'acquisto di un kit di candele di grandi dimensioni \u00e8 spesso pi\u00f9 conveniente rispetto all'acquisto di singoli materiali per la produzione di candele. Permette di provare a fare candele senza investire in attrezzature o materiali costosi.<\/p>\n<p>5. Eco-compatibile:<br \/>Realizzare le proprie candele utilizzando un kit per la produzione di candele di grandi dimensioni \u00e8 un'alternativa ecologica alle candele acquistate in negozio che possono contenere sostanze chimiche nocive. \u00c8 possibile utilizzare ingredienti naturali e contenitori riutilizzabili per ridurre i rifiuti e l'impatto ambientale.<\/p>\n<p>6. Attivit\u00e0 ludica:<br \/>La creazione di candele pu\u00f2 essere un'attivit\u00e0 divertente da fare da soli o con gli amici e la famiglia. Un kit per la creazione di candele di grandi dimensioni offre una grande opportunit\u00e0 per trascorrere del tempo insieme e creare qualcosa di bello.<\/p>\n<\/p>\n<p>Se siete alle prime armi con la produzione di candele, \u00e8 essenziale seguire attentamente le istruzioni per garantire la buona riuscita delle vostre candele.<\/p>\n<h3 style=\"font-size: 19px\">Ecco alcuni passaggi da seguire quando si utilizza un kit per la creazione di candele di grandi dimensioni:<\/h3>\n<ol style=\"list-style-type: decimal\">\n<li>\n<p>Preparate il vostro spazio di lavoro: Prima di iniziare, assicuratevi di avere uno spazio di lavoro pulito e organizzato. Raccogliete tutti i materiali inclusi nel kit e sistemateli a portata di mano.<\/p>\n<\/li>\n<li>\n<p>Sciogliere la cera: Mettete la cera in un crogiolo e fatela sciogliere secondo le istruzioni. Mescolare di tanto in tanto per garantire una fusione uniforme.<\/p>\n<\/li>\n<li>\n<p>Aggiungere l'olio profumato e il colorante: Una volta che la cera si \u00e8 sciolta, aggiungere l'olio profumato e il colorante, se desiderato. Mescolare bene per distribuire uniformemente.<\/p>\n<\/li>\n<li>\n<p>Preparare i contenitori: Preparare i contenitori attaccando gli stoppini al centro del fondo di ciascun contenitore. Utilizzare un supporto per stoppini o una matita per mantenere lo stoppino centrato.<\/p>\n<\/li>\n<li>\n<p>Versare la cera: Versare con cura la cera in ogni contenitore, lasciando circa mezzo centimetro di spazio in cima. Lasciare raffreddare e indurire la cera per alcune ore.<\/p>\n<\/li>\n<li>\n<p>Rifilare lo stoppino: Una volta che le candele si sono raffreddate e indurite, tagliare lo stoppino a circa \u00bc di pollice.<\/p>\n<\/li>\n<li>\n<p>Godetevi le vostre candele: Le vostre candele sono pronte per essere utilizzate o regalate! Accendetele e godetevi gli splendidi profumi e l'atmosfera che creano.<\/p>\n<\/li>\n<\/ol><\/p>","protected":false},"excerpt":{"rendered":"<h2><span style=\"font-family: 'PingFang SC', 'Microsoft YaHei', sans-serif;font-size: 16px\">Panoramica<\/span><\/h2>\n<p><span style=\"font-family: 'PingFang SC', 'Microsoft YaHei', sans-serif;font-size: 16px\"><img decoding=\"async\" loading=\"lazy\" src=\"https:\/\/cutomer-static-bucket.s3.cn-northwest-1.amazonaws.com.cn\/public\/material\/2206293ihquj\/product\/zhinian01_1676529573815.png\" alt=\"\" width=\"24\" height=\"24\" \/>Made in China<\/span><\/p>\n<p><span style=\"font-family: 'PingFang SC', 'Microsoft YaHei', sans-serif;font-size: 16px\"><img decoding=\"async\" loading=\"lazy\" src=\"https:\/\/cutomer-static-bucket.s3.cn-northwest-1.amazonaws.com.cn\/public\/material\/2206293ihquj\/product\/zhinian02_1676529602935.png\" alt=\"\" width=\"24\" height=\"24\" \/>Personalizzazione disponibile<\/span><\/p>\n<p><span style=\"font-family: 'PingFang SC', 'Microsoft YaHei', sans-serif;font-size: 16px\"><img decoding=\"async\" loading=\"lazy\" src=\"https:\/\/cutomer-static-bucket.s3.cn-northwest-1.amazonaws.com.cn\/public\/material\/2206293ihquj\/product\/zhinian03_1676529624243.png\" alt=\"\" width=\"24\" height=\"24\" \/>Confezione regalo disponibile<\/span><\/p>\n<h2><span style=\"font-family: 'PingFang SC', 'Microsoft YaHei', sans-serif;font-size: 16px\">Dimensioni<\/span><\/h2>\n<p><span style=\"font-family: 'PingFang SC', 'Microsoft YaHei', sans-serif;font-size: 16px\">Dimensioni della scatola: lunghezza: 20 cm x altezza: 9 cm x profondit\u00e0: 15 cm<\/span><\/p>\n<h2><span style=\"font-family: 'PingFang SC', 'Microsoft YaHei', sans-serif;font-size: 16px\">Fatto di<\/span><\/h2>\n<p><span style=\"font-family: 'PingFang SC', 'Microsoft YaHei', sans-serif;font-size: 16px\">Ingredienti naturali sostenibili e di provenienza etica nel nostro imballaggio riciclabile ecologico 100%<\/span><\/p>\n<p><span style=\"font-family: 'PingFang SC', 'Microsoft YaHei', sans-serif;font-size: 16px\">Scatola del kit kraft con citazione postiva<\/span><\/p>\n<p><span style=\"font-family: 'PingFang SC', 'Microsoft YaHei', sans-serif;font-size: 16px\">Un kit per realizzare candele di grandi dimensioni include in genere materiali come cera, stoppini, contenitori, oli profumati e istruzioni per realizzare le candele. Il kit pu\u00f2 includere anche strumenti come un crogiolo, un termometro e un utensile per mescolare. Questo tipo di kit \u00e8 progettato per le persone che desiderano realizzare pi\u00f9 candele contemporaneamente o candele di dimensioni pi\u00f9 grandi.<\/span><\/p><\/p>","protected":false},"featured_media":18018,"comment_status":"open","ping_status":"closed","template":"","meta":[],"product_cat":[225],"product_tag":[401,400,767,403,402,356,768,398,399,769],"acf":[],"_links":{"self":[{"href":"https:\/\/www.garden-kit.com\/it\/wp-json\/wp\/v2\/product\/6834"}],"collection":[{"href":"https:\/\/www.garden-kit.com\/it\/wp-json\/wp\/v2\/product"}],"about":[{"href":"https:\/\/www.garden-kit.com\/it\/wp-json\/wp\/v2\/types\/product"}],"replies":[{"embeddable":true,"href":"https:\/\/www.garden-kit.com\/it\/wp-json\/wp\/v2\/comments?post=6834"}],"wp:featuredmedia":[{"embeddable":true,"href":"https:\/\/www.garden-kit.com\/it\/wp-json\/wp\/v2\/media\/18018"}],"wp:attachment":[{"href":"https:\/\/www.garden-kit.com\/it\/wp-json\/wp\/v2\/media?parent=6834"}],"wp:term":[{"taxonomy":"product_cat","embeddable":true,"href":"https:\/\/www.garden-kit.com\/it\/wp-json\/wp\/v2\/product_cat?post=6834"},{"taxonomy":"product_tag","embeddable":true,"href":"https:\/\/www.garden-kit.com\/it\/wp-json\/wp\/v2\/product_tag?post=6834"}],"curies":[{"name":"wp","href":"https:\/\/api.w.org\/{rel}","templated":true}]}}