{"id":7103,"date":"2023-02-02T10:29:21","date_gmt":"2023-02-02T02:29:21","guid":{"rendered":"https:\/\/www.garden-kit.com\/product\/casazen-organic-herb-garden-5-non-gmo-indoor-home-mini-starter-kit\/"},"modified":"2023-03-31T14:58:45","modified_gmt":"2023-03-31T06:58:45","slug":"casazen-organic-herb-garden-5-non-gmo-indoor-home-mini-starter-kit","status":"publish","type":"product","link":"https:\/\/www.garden-kit.com\/it\/product\/casazen-organic-herb-garden-5-non-gmo-indoor-home-mini-starter-kit\/","title":{"rendered":"Mini kit iniziale per interni domestici non OGM Organic Herb Garden 5"},"content":{"rendered":"<h3 style=\"line-height: 1.5;font-size: 19px\"><span style=\"font-family: arial, helvetica, sans-serif;font-size: 18px\">Panoramica<\/span><\/h3>\n<table border=\"1\" cellspacing=\"0\">\n<tbody>\n<tr>\n<td valign=\"top\" width=\"373\">\n<p><span style=\"font-family: arial, helvetica, sans-serif\">Istruzioni per la cura del prodotto<\/span><\/p>\n<\/td>\n<td valign=\"top\" width=\"373\">\n<p><span style=\"font-family: arial, helvetica, sans-serif\">Disponibile<\/span><\/p>\n<\/td>\n<\/tr>\n<tr>\n<td valign=\"top\" width=\"373\">\n<p><span style=\"font-family: arial, helvetica, sans-serif\">Tipo di prodotto vegetale<\/span><\/p>\n<\/td>\n<td valign=\"top\" width=\"373\">\n<p><span style=\"font-family: arial, helvetica, sans-serif\">Erba<\/span><\/p>\n<\/td>\n<\/tr>\n<tr>\n<td valign=\"top\" width=\"373\">\n<p><span style=\"font-family: arial, helvetica, sans-serif\">Caratteristica speciale<\/span><\/p>\n<\/td>\n<td valign=\"top\" width=\"373\">\n<p><span style=\"font-family: arial, helvetica, sans-serif\">Coltivazione indoor-outdoor<\/span><\/p>\n<\/td>\n<\/tr>\n<tr>\n<td valign=\"top\" width=\"373\">\n<p><span style=\"font-family: arial, helvetica, sans-serif\">Marca<\/span><\/p>\n<\/td>\n<td valign=\"top\" width=\"373\">\n<p><span style=\"font-family: arial, helvetica, sans-serif\">Kit da giardino<\/span><\/p>\n<\/td>\n<\/tr>\n<tr>\n<td valign=\"top\" width=\"373\">\n<p><span style=\"font-family: arial, helvetica, sans-serif\">Luogo d&#039;origine<\/span><\/p>\n<\/td>\n<td valign=\"top\" width=\"373\">\n<p><span style=\"font-family: arial, helvetica, sans-serif\">Fujian, Cina<\/span><\/p>\n<\/td>\n<\/tr>\n<tr>\n<td valign=\"top\" width=\"373\">\n<p><span style=\"font-family: arial, helvetica, sans-serif\">ODM\/OEM<\/span><\/p>\n<\/td>\n<td valign=\"top\" width=\"373\">\n<p><span style=\"font-family: arial, helvetica, sans-serif\">Disponibile<\/span><\/p>\n<\/td>\n<\/tr>\n<tr>\n<td valign=\"top\" width=\"373\">\n<p><span style=\"font-family: arial, helvetica, sans-serif\">MOQ per ordine personalizzato<\/span><\/p>\n<\/td>\n<td valign=\"top\" width=\"373\">\n<p><span style=\"font-family: arial, helvetica, sans-serif\">3000 pezzi<\/span><\/p>\n<\/td>\n<\/tr>\n<tr>\n<td valign=\"top\" width=\"373\">\n<p><span style=\"font-family: arial, helvetica, sans-serif\">Costo del campione<\/span><\/p>\n<\/td>\n<td valign=\"top\" width=\"373\">\n<p><span style=\"font-family: arial, helvetica, sans-serif\">US$400\/Campione, reso completo dopo un nostro ordine<\/span><\/p>\n<\/td>\n<\/tr>\n<\/tbody>\n<\/table>\n<p style=\"line-height: 1.5\"><span style=\"font-family: arial, helvetica, sans-serif\">&nbsp;<\/span><\/p>\n<h3 style=\"line-height: 1.5;font-size: 19px\"><span style=\"font-family: arial, helvetica, sans-serif;font-size: 18px\">Descrizione<\/span><\/h3>\n<p style=\"line-height: 1.5\"><span style=\"font-family: arial, helvetica, sans-serif\">Kit per il giardinaggio floreale preparato in 23 pezzi per bambini: tutto ci\u00f2 di cui i vostri bambini hanno bisogno per portare la gioia della coltivazione di erbe aromatiche nella vostra vita o in quella di una persona cara. \u00c8 semplice: le nostre congetture sulla coltivazione delle erbe dai semi vi guidano in ogni fase del processo. Pianta!<\/span><\/p>\n<p style=\"line-height: 1.5\"><span style=\"font-family: arial, helvetica, sans-serif\">&nbsp;<\/span><\/p>\n<p style=\"line-height: 1.5\"><span style=\"font-family: arial, helvetica, sans-serif\">Nel kit sono inclusi i seguenti articoli.<\/span><\/p>\n<p style=\"line-height: 1.5\"><span style=\"font-family: arial, helvetica, sans-serif\">5 vasi per alimenti biodegradabili in fibra di bamb\u00f9 con vassoio<\/span><\/p>\n<p style=\"line-height: 1.5\"><span style=\"font-family: arial, helvetica, sans-serif\">5 bastoncini con nome incoraggianti in bamb\u00f9 inciso<\/span><\/p>\n<p style=\"line-height: 1.5\"><span style=\"font-family: arial, helvetica, sans-serif\">1 pacchetto di ciottoli bianchi per favorire un flusso d&#039;aria ottimale<\/span><\/p>\n<p style=\"line-height: 1.5\"><span style=\"font-family: arial, helvetica, sans-serif\">Confezione da 5 semi di erbe aromatiche certificate biologiche<\/span><\/p>\n<p style=\"line-height: 1.5\"><span style=\"font-family: arial, helvetica, sans-serif\">5 terriccio di fibra di cocco con aggiunta di azoto<\/span><\/p>\n<p style=\"line-height: 1.5\"><span style=\"font-family: arial, helvetica, sans-serif\">1 Guida passo passo alla semina<\/span><\/p>\n<p style=\"line-height: 1.5\"><span style=\"font-family: arial, helvetica, sans-serif\">1 confezione regalo personalizzata<\/span><\/p>\n<p style=\"line-height: 1.5\"><span style=\"font-family: arial, helvetica, sans-serif\">&nbsp;<\/span><\/p>\n<p style=\"line-height: 1.5\"><span style=\"font-family: arial, helvetica, sans-serif\">Coltivate il vostro giardino di erbe aromatiche con semi biologici non OGM. Pi\u00f9 di un kit artigianale per la coltivazione di piante. Questo pu\u00f2 essere il vostro primo passo verso la crescita personale.<\/span><\/p>\n<p style=\"line-height: 1.5\">\n<p style=\"line-height: 1.5\"><span style=\"font-family: arial, helvetica, sans-serif;font-size: 18px\">Cosa c'\u00e8 dentro?<\/span><\/p>\n<p style=\"line-height: 1.5\"><span style=\"font-family: arial, helvetica, sans-serif\">- Viene fornito con le 5 erbe pi\u00f9 comunemente utilizzate. Sappiamo che vi piaceranno coriandolo, erba cipollina, prezzemolo, basilico e timo. I nostri semi sono certificati biologici<\/span><\/p>\n<p style=\"line-height: 1.5\"><span style=\"font-family: arial, helvetica, sans-serif\">- Guscio di noce di cocco, infuso con 14-0-0 OMRI, come buona fonte di azoto.<\/span><\/p>\n<p style=\"line-height: 1.5\"><span style=\"font-family: arial, helvetica, sans-serif\">- Il simpatico lettering incoraggia i bastoni del nome<\/span><\/p>\n<p style=\"line-height: 1.5\"><span style=\"font-family: arial, helvetica, sans-serif\">- Barattoli e vassoi biodegradabili in fibra di bamb\u00f9 ecologica. (colore terracotta)<\/span><\/p>\n<p style=\"line-height: 1.5\"><span style=\"font-family: arial, helvetica, sans-serif\">- Un semplice manuale di istruzioni che pu\u00f2 aiutarvi.<\/span><\/p>\n<p style=\"line-height: 1.5\"><span style=\"font-family: arial, helvetica, sans-serif\">- \u00c8 possibile aggiungere al vassoio dei sassolini bianchi. Questo aiuta a ottenere un flusso d'aria ottimale. Questi contenitori sono conservati in un sacco di iuta e possono essere utilizzati per la conservazione, il compostaggio e molto altro ancora.<\/span><\/p>\n<p style=\"line-height: 1.5\"><span style=\"font-family: arial, helvetica, sans-serif\">- La cosa pi\u00f9 importante \u00e8 scrivere questa parte. Qui scriverete ci\u00f2 che volete diventi una nuova abitudine per la cura di voi stessi. Questo \u00e8 il limite.<\/span><\/p>\n<p><span style=\"font-family: arial, helvetica, sans-serif;font-size: 16px\">La torba di cocco \u00e8 un terriccio composto da fibra di guscio di cocco. Ha una buona ritenzione idrica e una buona permeabilit\u00e0 all'aria, pu\u00f2 ridurre la perdita di acqua e nutrienti e far s\u00ec che le radici delle piante assorbano meglio i nutrienti e l'acqua durante il processo di crescita. Il tasso di decomposizione naturale \u00e8 relativamente lento e pu\u00f2 prolungare la durata della matrice.<br \/>La torba di cocco \u00e8 pura cellulosa organica senza impurit\u00e0, ma \u00e8 anche un substrato povero di nutrienti. Quando la si usa, bisogna fare attenzione a utilizzare correttamente i fertilizzanti a lento rilascio e alcuni regolatori di crescita. Quando si annaffia, osservare la posizione sotto i 5 cm del terreno. Innaffiate solo quando l'acqua \u00e8 asciutta e non innaffiate se non \u00e8 asciutta.<\/span><span style=\"font-family: arial, helvetica, sans-serif;font-size: 16px\"><\/span><\/p>\n<p style=\"line-height: 1.5\"><span style=\"font-family: arial, helvetica, sans-serif\"><span style=\"font-size: 18px\">Vantaggi del terriccio di torba di cocco:<\/span><br \/>1. Ha una buona ritenzione idrica e permeabilit\u00e0 all'aria, che pu\u00f2 ovviamente migliorare la struttura aggregata del terreno e aumentarne la permeabilit\u00e0 all'aria.<br \/>2. Economico e rispettoso dell'ambiente, non solo risolve i sottoprodotti della lavorazione del cocco, ma \u00e8 anche naturalmente degradabile e appartiene a una matrice ecologica.<br \/>3. La torba di cocco ha buone caratteristiche di stabilit\u00e0, leggerezza, resistenza alla corrosione ed elevata compatibilit\u00e0 con altri substrati.<\/span><\/p>\n<p style=\"line-height: 1.5\"><span style=\"font-family: arial, helvetica, sans-serif\">Prendersi cura di una pianta \u00e8 un atto quotidiano e, mentre ve ne prendete cura ogni giorno, vogliamo ricordarvi di prendervi cura di voi stessi!&nbsp;<\/span><\/p>\n<p style=\"line-height: 1.5\"><span style=\"font-family: arial, helvetica, sans-serif\">Ritenzione idrica di un terreno di torba di cocco<br \/>La torba di cocco ha una buona ritenzione idrica. \u00c8 in grado di mantenere completamente l'acqua e le sostanze nutritive nel terreno, favorendo l'assorbimento di una quantit\u00e0 sufficiente di sostanze nutritive e acqua da parte delle colture, in modo che le piante possano crescere vigorosamente. Il terriccio, la sabbia, la vermiculite e altri substrati vengono mescolati e preparati.<br \/>Permeabilit\u00e0 all'aria di un terreno di torba di cocco<br \/>Il terriccio di torba di cocco ha una buona permeabilit\u00e0 all'aria, pu\u00f2 evitare che l'apparato radicale della pianta venga corroso e pu\u00f2 favorire la crescita dell'apparato radicale delle colture. Quando si coltivano le piante, \u00e8 necessario far scorrere l'acqua nel terriccio di torba di cocco lungo il bordo del vaso, per poi farla defluire verso il fondo del vaso.<\/span><\/p>\n<p style=\"line-height: 1.5\"><span style=\"font-family: arial, helvetica, sans-serif\">I vasi da fiori degradabili ed ecologici utilizzano come materia prima principale le fibre vegetali, hanno un'ottima permeabilit\u00e0 all'aria, possono assorbire i raggi infrarossi e le sostanze contenute nei vasi da fiori possono penetrare nel terreno, favorendo la crescita dei fiori.<\/span><\/p>\n<p style=\"line-height: 1.5\"><span style=\"font-family: arial, helvetica, sans-serif\">caratteristica principale<br \/>Ci sono alcuni nutrienti necessari per la crescita dei fiori. Durante il processo di crescita delle piante, le sostanze nutritive contenute possono essere rilasciate lentamente nel terreno e fornite alla crescita delle piante. I vasi da fiori in fibra sono realizzati con fibre vegetali, che non danneggiano l'organismo. Inoltre, il vaso da fiori pu\u00f2 essere degradato dopo essere stato rotto e non inquina l'ambiente.<\/span><\/p>\n<p style=\"line-height: 1.5\"><span style=\"font-family: arial, helvetica, sans-serif\">Vantaggi<br \/>Integra i punti di forza di diverse aziende e si distingue nel mercato dei vasi da fiori. Non solo ha i vantaggi della leggerezza dei vasi da fiori in legno, ma ha anche i vantaggi dei colori vivaci e dei numerosi stili dei vasi da fiori in plastica. Allo stesso tempo, presenta anche i vantaggi della buona permeabilit\u00e0 all'aria e della facilit\u00e0 di crescita di fiori e piante in vasi di argilla, mentre l'aspetto dei vasi di porcellana \u00e8 splendido e nobile. I vantaggi. Si pu\u00f2 dire che sia una raccolta dei punti di forza di ciascuna scuola.<\/span><\/p>\n<p style=\"line-height: 1.5\"><span style=\"font-family: arial, helvetica, sans-serif;font-size: 18px\">Aggiungetelo alla lista dei progetti da provare!<\/span><\/p>\n<p style=\"line-height: 1.5\"><span style=\"font-family: arial, helvetica, sans-serif\">Che abbiate o meno esperienza di giardinaggio, le note quotidiane di autocura vi faranno crescere mentre imparate! Questo \u00e8 l'obiettivo di Cassis. Aiutarvi a creare pi\u00f9 momenti di crescita, che noi chiamiamo \"momenti immersi\", perch\u00e9 la vita \u00e8 cos\u00ec breve.<\/span><\/p>\n<p style=\"line-height: 1.5\"><span style=\"font-family: arial, helvetica, sans-serif\">Un'ottima scelta per i regali per la festa della mamma, per i giardini d'inverno, per le damigelle d'onore e altro ancora.<\/span><\/p>\n<p style=\"line-height: 1.5\"><span style=\"font-family: arial, helvetica, sans-serif\">Quando vediamo tutti i tipi di fiori e piante, vari vasi di frutta e vari vasi di verdura sul balcone di casa nostra, sono in costante crescita e pieni di vigorosa vitalit\u00e0. \u00c8 davvero una cosa molto gioiosa, e ogni giorno ci sono dei piccoli cambiamenti, che ci portano ogni giorno delle piccole sorprese, guardando le piante verdi e gli ortaggi che ho piantato da sola, che crescono gradualmente sempre pi\u00f9 a lungo, con pi\u00f9 foglie e pi\u00f9 rigogliosi, \u00e8 davvero sorprendente, felice e fresco.<\/span><\/p><\/p>","protected":false},"excerpt":{"rendered":"<p>Kit per il giardinaggio floreale preparato in 23 pezzi per bambini: tutto ci\u00f2 di cui i vostri bambini hanno bisogno per portare la gioia della coltivazione delle erbe aromatiche nella vostra vita o in quella di una persona cara. \u00c8 semplice: le nostre congetture sulla coltivazione delle erbe dai semi vi guidano in ogni fase del processo. Pianta!<\/p>","protected":false},"featured_media":12397,"comment_status":"closed","ping_status":"closed","template":"","meta":[],"product_cat":[61],"product_tag":[179,56,365],"acf":[],"_links":{"self":[{"href":"https:\/\/www.garden-kit.com\/it\/wp-json\/wp\/v2\/product\/7103"}],"collection":[{"href":"https:\/\/www.garden-kit.com\/it\/wp-json\/wp\/v2\/product"}],"about":[{"href":"https:\/\/www.garden-kit.com\/it\/wp-json\/wp\/v2\/types\/product"}],"replies":[{"embeddable":true,"href":"https:\/\/www.garden-kit.com\/it\/wp-json\/wp\/v2\/comments?post=7103"}],"wp:featuredmedia":[{"embeddable":true,"href":"https:\/\/www.garden-kit.com\/it\/wp-json\/wp\/v2\/media\/12397"}],"wp:attachment":[{"href":"https:\/\/www.garden-kit.com\/it\/wp-json\/wp\/v2\/media?parent=7103"}],"wp:term":[{"taxonomy":"product_cat","embeddable":true,"href":"https:\/\/www.garden-kit.com\/it\/wp-json\/wp\/v2\/product_cat?post=7103"},{"taxonomy":"product_tag","embeddable":true,"href":"https:\/\/www.garden-kit.com\/it\/wp-json\/wp\/v2\/product_tag?post=7103"}],"curies":[{"name":"wp","href":"https:\/\/api.w.org\/{rel}","templated":true}]}}