{"id":6834,"date":"2022-11-11T18:37:41","date_gmt":"2022-11-11T10:37:41","guid":{"rendered":"https:\/\/www.garden-kit.com\/product\/home-and-hygge-soy-wax-melt-making-kit\/"},"modified":"2024-03-07T10:32:51","modified_gmt":"2024-03-07T02:32:51","slug":"home-and-hygge-soy-wax-melt-making-kit","status":"publish","type":"product","link":"https:\/\/www.garden-kit.com\/nl\/product\/home-and-hygge-soy-wax-melt-making-kit\/","title":{"rendered":"Home En Hygge Sojawassmeltset"},"content":{"rendered":"<h3 style=\"font-size: 19px\">Product beschrijving<\/h3>\n<p style=\"line-height: 1.5\"><span style=\"font-family: 'PingFang SC', 'Microsoft YaHei', sans-serif;font-size: 16px\">Home en Hygge Sojawasmelts-maakset<\/span><\/p>\n<p><span style=\"font-family: 'PingFang SC', 'Microsoft YaHei', sans-serif;font-size: 16px\">Maak je eigen aromatherapie etherische olie sojawassmelt met onze milieuvriendelijke sojawassmelt DIY-kit. Perfect voor beginners met alles wat je nodig hebt om te beginnen<\/span><\/p>\n<h3 style=\"font-size: 19px\">Variaties<\/h3>\n<p style=\"line-height: 1.5\"><span style=\"font-family: 'PingFang SC', 'Microsoft YaHei', sans-serif;font-size: 16px\">Maak je eigen natuurlijke sojawaxmelts met behulp van onze prachtige milieuvriendelijke duurzame ingredi\u00ebnten en eenvoudig te gebruiken instructies.<\/span><\/p>\n<p style=\"line-height: 1.5\"><span style=\"font-family: 'PingFang SC', 'Microsoft YaHei', sans-serif;font-size: 16px\">Onze Home en Hygge sets voor het maken van sojawassmelten zijn bedoeld als u zich gezellig en tevreden wilt voelen en een gevoel van kalmte en comfort in uw huis wilt oproepen.<\/span><\/p>\n<p style=\"line-height: 1.5\"><span style=\"font-family: 'PingFang SC', 'Microsoft YaHei', sans-serif;font-size: 16px\">De speciaal gekozen oli\u00ebn van darjeeling en jasmijn zijn speciaal gemengd om een rustgevend, gezellig en uitnodigend huis te cre\u00ebren. Onze sets voor het maken van waxmelts zijn allemaal milieuvriendelijk, veganistisch en duurzaam, met 100% recyclebare verpakkingen en natuurlijke ingredi\u00ebnten.<\/span><\/p>\n<p style=\"line-height: 1.5\"><span style=\"font-family: 'PingFang SC', 'Microsoft YaHei', sans-serif;font-size: 16px\">Hoe het werkt:<\/span><\/p>\n<p style=\"line-height: 1.5\"><span style=\"font-family: 'PingFang SC', 'Microsoft YaHei', sans-serif;font-size: 16px\">Alles zit in de doos om 15 natuurlijke sojawasmelts met essenti\u00eble oli\u00ebn te maken. Alle ingredi\u00ebnten zijn afgewogen, dus het enige dat u hoeft te doen is onze eenvoudige, gebruiksvriendelijke instructies volgen.<\/span><\/p>\n<p style=\"line-height: 1.5\"><span style=\"font-family: 'PingFang SC', 'Microsoft YaHei', sans-serif;font-size: 16px\">De kit bevat: 100% natuurlijke sojawas, recyclebare wassmeltvorm, essenti\u00eble oli\u00ebn, gedroogde bloemen, volledige instructies, boekje met positieve offertes<\/span><\/p>\n<p style=\"line-height: 1.5\"><span style=\"font-family: 'PingFang SC', 'Microsoft YaHei', sans-serif;font-size: 16px\">Geschikt voor vegetari\u00ebrs en veganisten<\/span><\/p>\n<p style=\"line-height: 1.5\"><span style=\"font-family: 'PingFang SC', 'Microsoft YaHei', sans-serif;font-size: 16px\">Keukenthermometer \u2013 optionele extra<\/span><\/p>\n<p style=\"line-height: 1.5\"><span style=\"font-family: 'PingFang SC', 'Microsoft YaHei', sans-serif;font-size: 16px\">Personaliseer uw kit:<\/span><\/p>\n<p style=\"line-height: 1.5\"><span style=\"font-family: 'PingFang SC', 'Microsoft YaHei', sans-serif;font-size: 16px\">Als u ervoor kiest om een gepersonaliseerde cadeaubon bij uw kit te hebben, voert u eenvoudig uw naam en bericht in en wij zullen deze met de hand voor u schrijven in onze op maat gemaakte, botanisch ontworpen cadeaubon en deze voor u in de doos van de kit plaatsen.<\/span><\/p>\n<h3 style=\"font-size: 19px\">Ons voordeel<\/h3>\n<p style=\"line-height: 1.5\"><span style=\"font-family: 'PingFang SC', 'Microsoft YaHei', sans-serif;font-size: 16px\">Aromatherapiekaarsen extraheren natuurlijke sojabonenwas als grondstof, wat veiliger en gezonder is dan paraffinewas<\/span><\/p>\n<ol>\n<li style=\"line-height: 1.5\"><span style=\"font-family: 'PingFang SC', 'Microsoft YaHei', sans-serif;font-size: 16px\">Reinigbaarheid: Sojawas is biologisch afbreekbaar, dus als het op tafelkleden of kleding wordt gemorst, is het gemakkelijker schoon te maken dan paraffinewas.<\/span><\/li>\n<li style=\"line-height: 1.5\"><span style=\"font-family: 'PingFang SC', 'Microsoft YaHei', sans-serif;font-size: 16px\">Branden: Sojakaarsen branden schoner en vollediger dan paraffine, en veel paraffinekaarsen bevatten synthetische geur- en kleurstoffen die bij verhitting schadelijke deeltjes afgeven<\/span><\/li>\n<li style=\"line-height: 1.5\"><span style=\"font-family: 'PingFang SC', 'Microsoft YaHei', sans-serif;font-size: 16px\">Recycling: Sojakaarsen zijn niet giftig, hernieuwbaar en recyclebaar. Bovendien kunt u sojakaarsen hergebruiken in glazen containers.<\/span><\/li>\n<li style=\"line-height: 1.5\"><span style=\"font-family: 'PingFang SC', 'Microsoft YaHei', sans-serif;font-size: 16px\">Geur: Omdat sojakaarsen langzaam branden, geven ze urenlang hun essenti\u00eble oli\u00ebn af, met een milde, diffuse geur in plaats van een krachtige explosie van synthetische geuren. Kaarsen met geuren van planten en bloemen, of \u2018aromatherapie\u2019, zijn een favoriet aller tijden.<\/span><\/li>\n<li style=\"line-height: 1.5\"><span style=\"font-family: 'PingFang SC', 'Microsoft YaHei', sans-serif;font-size: 16px\">Kosten: hoewel sojakaarsen doorgaans duurder zijn, hebben ze de neiging langer te branden. Sojakaarsen winnen vaak als je rekening houdt met de brandtijd.<\/span><\/li>\n<li style=\"line-height: 1.5\"><span style=\"font-family: 'PingFang SC', 'Microsoft YaHei', sans-serif;font-size: 16px\">Aan de eettafel: Paraffinekaarsen geven dextrotoxische chemicali\u00ebn af die de geur van voedsel kunnen overweldigen, en geurloze sojakaarsen branden langer en hebben geen invloed op de geur of smaak van het voedsel dat u daadwerkelijk gebruikt<\/span><\/li>\n<li style=\"line-height: 1.5\"><span style=\"font-family: 'PingFang SC', 'Microsoft YaHei', sans-serif;font-size: 16px\">Vanuit het perspectief van duurzame energie; In tegenstelling tot paraffine die uit niet-hernieuwbare aardolie wordt gewonnen, is soja een hernieuwbare hulpbron.<\/span><\/li>\n<li style=\"line-height: 1.5\"><span style=\"font-family: 'PingFang SC', 'Microsoft YaHei', sans-serif;font-size: 16px\">Luchtkwaliteit: Vergeleken met paraffinewas branden volledig natuurlijke sojakaarsen vollediger, zonder zwarte rook en residu. Dit resulteert in een betere algehele luchtkwaliteit in uw huis.<\/span><\/li>\n<\/ol>\n<p>Je eigen kaarsen maken is een leuke, creatieve en lonende ervaring. Een manier om aan de slag te gaan met het maken van kaarsen is door een grote kaarsenmaakset aan te schaffen. Deze kits bevatten alles wat je nodig hebt om verschillende kaarsen in verschillende geuren, kleuren en maten te maken.<\/p>\n<h3 style=\"font-size: 19px\">Hier zijn enkele belangrijke kenmerken van een grote kaarsenmaakset:<\/h3>\n<p>1. Inbegrepen materialen:<br \/>Een grote kit voor het maken van kaarsen bevat doorgaans was, lonten, containers, geuroli\u00ebn en instructies. De kit kan ook hulpmiddelen bevatten zoals een smeltkroes, thermometer en roergerei. Doordat alle benodigde materialen in \u00e9\u00e9n set zitten, kunnen beginners gemakkelijk aan de slag gaan met het maken van kaarsen.<\/p>\n<p>2. Variatie:<br \/>Grote kaarsenmaaksets worden vaak geleverd met verschillende geuren en kleuren, waardoor u een verscheidenheid aan kaarsen kunt maken die bij verschillende stemmingen en gelegenheden passen. Sommige kits bevatten zelfs mallen waarmee u unieke vormen en ontwerpen kunt maken.<\/p>\n<p>3. Maat:<br \/>Zoals de naam al doet vermoeden, is een grote kaarsenmaakset ontworpen voor personen die meerdere of grotere kaarsen willen maken. Dit maakt het perfect voor degenen die van plan zijn hun kaarsen cadeau te doen of ze op markten te verkopen.<\/p>\n<p>4. Kosteneffectief:<br \/>Het kopen van een grote kit voor het maken van kaarsen is vaak kosteneffectiever dan het kopen van individuele benodigdheden voor het maken van kaarsen. Hiermee kunt u het maken van kaarsen uitproberen zonder te investeren in dure apparatuur of materialen.<\/p>\n<p>5. Milieuvriendelijk:<br \/>Je eigen kaarsen maken met behulp van een grote kaarsenmaakset is een milieuvriendelijk alternatief voor in de winkel gekochte kaarsen die schadelijke chemicali\u00ebn kunnen bevatten. U kunt natuurlijke ingredi\u00ebnten en herbruikbare containers gebruiken om afval en de impact op het milieu te verminderen.<\/p>\n<p>6. Leuke activiteit:<br \/>Kaarsen maken kan een leuke activiteit zijn om alleen of met vrienden en familie te doen. Een grote set voor het maken van kaarsen biedt een geweldige kans om samen tijd door te brengen en iets moois te cre\u00ebren.<\/p>\n<\/p>\n<p>Als u nieuw bent bij het maken van kaarsen, is het essentieel om de instructies zorgvuldig te volgen om ervoor te zorgen dat uw kaarsen goed uitkomen.<\/p>\n<h3 style=\"font-size: 19px\">Hier zijn enkele stappen die u moet volgen bij het gebruik van een grote kaarsenmaakset:<\/h3>\n<ol style=\"list-style-type: decimal\">\n<li>\n<p>Richt uw werkruimte in: Zorg ervoor dat u, voordat u begint, over een schone en georganiseerde werkruimte beschikt. Verzamel alle materialen uit de set en plaats ze binnen handbereik.<\/p>\n<\/li>\n<li>\n<p>Smelt de was: Plaats de was in een smeltpot en smelt deze volgens de instructies. Roer af en toe om een gelijkmatig smelten te garanderen.<\/p>\n<\/li>\n<li>\n<p>Geurolie en kleurstof toevoegen: Zodra de was is gesmolten, kunt u indien gewenst geurolie en kleurstof toevoegen. Meng goed om gelijkmatig te verdelen.<\/p>\n<\/li>\n<li>\n<p>Bereid de containers voor: Bereid de containers voor door de lonten middenonder aan elke container te bevestigen. Gebruik een lonthouder of potlood om de lont gecentreerd te houden.<\/p>\n<\/li>\n<li>\n<p>Giet de was: Giet de was voorzichtig in elke container en laat bovenaan ongeveer \u00bd inch ruimte vrij. Laat de was enkele uren afkoelen en uitharden.<\/p>\n<\/li>\n<li>\n<p>Knip de lont af: Zodra de kaarsen zijn afgekoeld en uitgehard, knipt u de lont af tot ongeveer \u00bc inch.<\/p>\n<\/li>\n<li>\n<p>Geniet van je kaarsen: je kaarsen zijn nu klaar om te gebruiken of cadeau te doen! Steek ze aan en geniet van de heerlijke geuren en sfeer die ze cre\u00ebren.<\/p>\n<\/li>\n<\/ol><\/p>","protected":false},"excerpt":{"rendered":"<h2><span style=\"font-family: 'PingFang SC', 'Microsoft YaHei', sans-serif;font-size: 16px\">Overzicht<\/span><\/h2>\n<p><span style=\"font-family: 'PingFang SC', 'Microsoft YaHei', sans-serif;font-size: 16px\"><img decoding=\"async\" loading=\"lazy\" src=\"https:\/\/cutomer-static-bucket.s3.cn-northwest-1.amazonaws.com.cn\/public\/material\/2206293ihquj\/product\/zhinian01_1676529573815.png\" alt=\"\" width=\"24\" height=\"24\" \/>Gemaakt in China<\/span><\/p>\n<p><span style=\"font-family: 'PingFang SC', 'Microsoft YaHei', sans-serif;font-size: 16px\"><img decoding=\"async\" loading=\"lazy\" src=\"https:\/\/cutomer-static-bucket.s3.cn-northwest-1.amazonaws.com.cn\/public\/material\/2206293ihquj\/product\/zhinian02_1676529602935.png\" alt=\"\" width=\"24\" height=\"24\" \/>Personalisatie beschikbaar<\/span><\/p>\n<p><span style=\"font-family: 'PingFang SC', 'Microsoft YaHei', sans-serif;font-size: 16px\"><img decoding=\"async\" loading=\"lazy\" src=\"https:\/\/cutomer-static-bucket.s3.cn-northwest-1.amazonaws.com.cn\/public\/material\/2206293ihquj\/product\/zhinian03_1676529624243.png\" alt=\"\" width=\"24\" height=\"24\" \/>Cadeauverpakking beschikbaar<\/span><\/p>\n<h2><span style=\"font-family: 'PingFang SC', 'Microsoft YaHei', sans-serif;font-size: 16px\">Dimensies<\/span><\/h2>\n<p><span style=\"font-family: 'PingFang SC', 'Microsoft YaHei', sans-serif;font-size: 16px\">Afmetingen doos: lengte: 20 cm x hoogte: 9 cm x diepte: 15 cm<\/span><\/p>\n<h2><span style=\"font-family: 'PingFang SC', 'Microsoft YaHei', sans-serif;font-size: 16px\">Gemaakt van<\/span><\/h2>\n<p><span style=\"font-family: 'PingFang SC', 'Microsoft YaHei', sans-serif;font-size: 16px\">Duurzame en ethisch geproduceerde natuurlijke ingredi\u00ebnten in onze 100% milieuvriendelijke recyclebare verpakking<\/span><\/p>\n<p><span style=\"font-family: 'PingFang SC', 'Microsoft YaHei', sans-serif;font-size: 16px\">Postive quote kraft kit doos<\/span><\/p>\n<p><span style=\"font-family: 'PingFang SC', 'Microsoft YaHei', sans-serif;font-size: 16px\">Een grote kit voor het maken van kaarsen bevat doorgaans materialen zoals was, lonten, containers, geuroli\u00ebn en instructies voor het maken van kaarsen. De kit kan ook gereedschappen bevatten zoals een smeltkroes, thermometer en roergerei. Dit type kit is ontworpen voor personen die meerdere kaarsen tegelijk of grotere kaarsen willen maken.<\/span><\/p><\/p>","protected":false},"featured_media":18018,"comment_status":"open","ping_status":"closed","template":"","meta":[],"product_cat":[225],"product_tag":[401,400,767,403,402,356,768,398,399,769],"acf":[],"_links":{"self":[{"href":"https:\/\/www.garden-kit.com\/nl\/wp-json\/wp\/v2\/product\/6834"}],"collection":[{"href":"https:\/\/www.garden-kit.com\/nl\/wp-json\/wp\/v2\/product"}],"about":[{"href":"https:\/\/www.garden-kit.com\/nl\/wp-json\/wp\/v2\/types\/product"}],"replies":[{"embeddable":true,"href":"https:\/\/www.garden-kit.com\/nl\/wp-json\/wp\/v2\/comments?post=6834"}],"wp:featuredmedia":[{"embeddable":true,"href":"https:\/\/www.garden-kit.com\/nl\/wp-json\/wp\/v2\/media\/18018"}],"wp:attachment":[{"href":"https:\/\/www.garden-kit.com\/nl\/wp-json\/wp\/v2\/media?parent=6834"}],"wp:term":[{"taxonomy":"product_cat","embeddable":true,"href":"https:\/\/www.garden-kit.com\/nl\/wp-json\/wp\/v2\/product_cat?post=6834"},{"taxonomy":"product_tag","embeddable":true,"href":"https:\/\/www.garden-kit.com\/nl\/wp-json\/wp\/v2\/product_tag?post=6834"}],"curies":[{"name":"wp","href":"https:\/\/api.w.org\/{rel}","templated":true}]}}