{"id":16815,"date":"2023-09-20T17:08:35","date_gmt":"2023-09-20T09:08:35","guid":{"rendered":"https:\/\/www.garden-kit.com\/?page_id=16815"},"modified":"2023-09-21T17:27:55","modified_gmt":"2023-09-21T09:27:55","slug":"bonsai-starter-kit1","status":"publish","type":"page","link":"https:\/\/www.garden-kit.com\/pt\/bonsai-starter-kit1\/","title":{"rendered":"kit inicial bonsai"},"content":{"rendered":"<div data-elementor-type=\"wp-page\" data-elementor-id=\"16815\" class=\"elementor elementor-16815\" data-elementor-settings=\"[]\">\n\t\t\t\t\t\t\t<div class=\"elementor-section-wrap\">\n\t\t\t\t\t\t\t<section class=\"elementor-section elementor-top-section elementor-element elementor-element-3aff889 elementor-section-boxed elementor-section-height-default elementor-section-height-default\" data-id=\"3aff889\" data-element_type=\"section\">\n\t\t\t\t\t\t<div class=\"elementor-container elementor-column-gap-default\">\n\t\t\t\t\t<div class=\"elementor-column elementor-col-100 elementor-top-column elementor-element elementor-element-49ff700\" data-id=\"49ff700\" data-element_type=\"column\">\n\t\t\t<div class=\"elementor-widget-wrap elementor-element-populated\">\n\t\t\t\t\t\t\t\t<div class=\"elementor-element elementor-element-64e6f5a elementor-widget elementor-widget-woocommerce-breadcrumb\" data-id=\"64e6f5a\" data-element_type=\"widget\" data-widget_type=\"woocommerce-breadcrumb.default\">\n\t\t\t\t<div class=\"elementor-widget-container\">\n\t\t\t<nav class=\"woocommerce-breadcrumb\" data-no-translation=\"\" data-trp-gettext=\"\">Ev<\/nav>\t\t<\/div>\n\t\t\t\t<\/div>\n\t\t\t\t\t<\/div>\n\t\t<\/div>\n\t\t\t\t\t\t\t<\/div>\n\t\t<\/section>\n\t\t\t\t<section class=\"elementor-section elementor-top-section elementor-element elementor-element-f0cc7a0 elementor-section-full_width elementor-section-height-default elementor-section-height-default\" data-id=\"f0cc7a0\" data-element_type=\"section\">\n\t\t\t\t\t\t<div class=\"elementor-container elementor-column-gap-default\">\n\t\t\t\t\t<div class=\"elementor-column elementor-col-50 elementor-top-column elementor-element elementor-element-a4bafc9\" data-id=\"a4bafc9\" data-element_type=\"column\">\n\t\t\t<div class=\"elementor-widget-wrap elementor-element-populated\">\n\t\t\t\t\t\t\t\t<div class=\"elementor-element elementor-element-3e11e89 elementor-widget elementor-widget-image\" data-id=\"3e11e89\" data-element_type=\"widget\" data-widget_type=\"image.default\">\n\t\t\t\t<div class=\"elementor-widget-container\">\n\t\t\t<style>\/*! elementor - v3.5.4 - 23-01-2022 *\/\n.elementor-widget-image{text-align:center}.elementor-widget-image a{display:inline-block}.elementor-widget-image a img[src$=\".svg\"]{width:48px}.elementor-widget-image img{vertical-align:middle;display:inline-block}<\/style>\t\t\t\t\t\t\t\t\t\t\t\t<img decoding=\"async\" width=\"499\" height=\"499\" src=\"https:\/\/www.garden-kit.com\/wp-content\/uploads\/2023\/09\/bonsai-garden-kit.webp\" class=\"attachment-large size-large\" alt=\"kit inicial bonsai\" loading=\"lazy\" title=\"\">\t\t\t\t\t\t\t\t\t\t\t\t\t\t\t<\/div>\n\t\t\t\t<\/div>\n\t\t\t\t\t<\/div>\n\t\t<\/div>\n\t\t\t\t<div class=\"elementor-column elementor-col-50 elementor-top-column elementor-element elementor-element-ff51782\" data-id=\"ff51782\" data-element_type=\"column\">\n\t\t\t<div class=\"elementor-widget-wrap elementor-element-populated\">\n\t\t\t\t\t\t\t\t<div class=\"elementor-element elementor-element-dee6194 elementor-widget elementor-widget-heading\" data-id=\"dee6194\" data-element_type=\"widget\" data-widget_type=\"heading.default\">\n\t\t\t\t<div class=\"elementor-widget-container\">\n\t\t\t<style>\/*! elementor - v3.5.4 - 23-01-2022 *\/\n.elementor-heading-title{padding:0;margin:0;line-height:1}.elementor-widget-heading .elementor-heading-title[class*=elementor-size-]>a{color:inherit;font-size:inherit;line-height:inherit}.elementor-widget-heading .elementor-heading-title.elementor-size-small{font-size:15px}.elementor-widget-heading .elementor-heading-title.elementor-size-medium{font-size:19px}.elementor-widget-heading .elementor-heading-title.elementor-size-large{font-size:29px}.elementor-widget-heading .elementor-heading-title.elementor-size-xl{font-size:39px}.elementor-widget-heading .elementor-heading-title.elementor-size-xxl{font-size:59px}<\/style><h1 class=\"elementor-heading-title elementor-size-default\">Conjunto inicial de bonsai<\/h1>\t\t<\/div>\n\t\t\t\t<\/div>\n\t\t\t\t<div class=\"elementor-element elementor-element-9a8935a elementor-widget elementor-widget-text-editor\" data-id=\"9a8935a\" data-element_type=\"widget\" data-widget_type=\"text-editor.default\">\n\t\t\t\t<div class=\"elementor-widget-container\">\n\t\t\t<style>\/*! elementor - v3.5.4 - 23-01-2022 *\/\n.elementor-widget-text-editor.elementor-drop-cap-view-stacked .elementor-drop-cap{background-color:#818a91;color:#fff}.elementor-widget-text-editor.elementor-drop-cap-view-framed .elementor-drop-cap{color:#818a91;border:3px solid;background-color:transparent}.elementor-widget-text-editor:not(.elementor-drop-cap-view-default) .elementor-drop-cap{margin-top:8px}.elementor-widget-text-editor:not(.elementor-drop-cap-view-default) .elementor-drop-cap-letter{width:1em;height:1em}.elementor-widget-text-editor .elementor-drop-cap{float:left;text-align:center;line-height:1;font-size:50px}.elementor-widget-text-editor .elementor-drop-cap-letter{display:inline-block}<\/style>\t\t\t\t<p>Cultive sua \u00e1rvore bonsai a partir de sementes!<\/p><p>Nossos diversos kits de \u00e1rvores bonsai ir\u00e3o adicionar um toque de alegria ao seu espa\u00e7o residencial. Nosso kit inicial de \u00e1rvore bonsai inclui tudo que voc\u00ea precisa para cultivar sua pr\u00f3pria \u00e1rvore bonsai. Selecionamos cuidadosamente cada pe\u00e7a interna para voc\u00ea garantir que sua qualidade seja consistentemente boa. Claro, tamb\u00e9m podemos fornecer um kit de sementes de bonsai personalizado para voc\u00ea de acordo com suas necessidades. Voc\u00ea pode experimentar a satisfa\u00e7\u00e3o de cultivar uma \u00e1rvore bonsai no momento em que receber nosso kit inicial para \u00e1rvores bonsai com sementes que foram selecionadas e testadas quanto \u00e0s suas taxas de germina\u00e7\u00e3o. Embora possam parecer pequenos \u00e0 primeira vista, eles s\u00e3o tenazes e um complemento perfeito para sua casa.<\/p>\t\t\t\t\t\t<\/div>\n\t\t\t\t<\/div>\n\t\t\t\t<div class=\"elementor-element elementor-element-3dd92a2 elementor-widget elementor-widget-button\" data-id=\"3dd92a2\" data-element_type=\"widget\" data-widget_type=\"button.default\">\n\t\t\t\t<div class=\"elementor-widget-container\">\n\t\t\t\t\t<div class=\"elementor-button-wrapper\">\n\t\t\t<a href=\"#\" class=\"elementor-button-link elementor-button elementor-size-sm\" role=\"button\">\n\t\t\t\t\t\t<span class=\"elementor-button-content-wrapper\">\n\t\t\t\t\t\t<span class=\"elementor-button-text\">Clique aqui<\/span>\n\t\t<\/span>\n\t\t\t\t\t<\/a>\n\t\t<\/div>\n\t\t\t\t<\/div>\n\t\t\t\t<\/div>\n\t\t\t\t\t<\/div>\n\t\t<\/div>\n\t\t\t\t\t\t\t<\/div>\n\t\t<\/section>\n\t\t\t\t<section class=\"elementor-section elementor-top-section elementor-element elementor-element-2dc8fbc elementor-section-full_width elementor-section-height-default elementor-section-height-default\" data-id=\"2dc8fbc\" data-element_type=\"section\">\n\t\t\t\t\t\t<div class=\"elementor-container elementor-column-gap-default\">\n\t\t\t\t\t<div class=\"elementor-column elementor-col-50 elementor-top-column elementor-element elementor-element-e7bdc87\" data-id=\"e7bdc87\" data-element_type=\"column\">\n\t\t\t<div class=\"elementor-widget-wrap elementor-element-populated\">\n\t\t\t\t\t\t\t\t<div class=\"elementor-element elementor-element-90372c0 elementor-widget elementor-widget-heading\" data-id=\"90372c0\" data-element_type=\"widget\" data-widget_type=\"heading.default\">\n\t\t\t\t<div class=\"elementor-widget-container\">\n\t\t\t<h2 class=\"elementor-heading-title elementor-size-default\">Por que nossos kits de cultivo de sementes?<\/h2>\t\t<\/div>\n\t\t\t\t<\/div>\n\t\t\t\t<div class=\"elementor-element elementor-element-7d6a7fc elementor-widget elementor-widget-text-editor\" data-id=\"7d6a7fc\" data-element_type=\"widget\" data-widget_type=\"text-editor.default\">\n\t\t\t\t<div class=\"elementor-widget-container\">\n\t\t\t\t\t\t\t<ol><li>Somos uma f\u00e1brica profissional de kits iniciais de bonsai. Atendemos muitos dos principais vendedores da Amazon e grandes supermercados. Temos uma experi\u00eancia muito rica.<\/li><li>O pre\u00e7o de atacado do nosso kit inicial de bonsai \u00e9 muito bom, baixo MOQ!<\/li><li>Certifica\u00e7\u00f5es completas, fornecemos certifica\u00e7\u00e3o USDA, certifica\u00e7\u00e3o OMRI e as certifica\u00e7\u00f5es que voc\u00ea precisa para importa\u00e7\u00e3o!<\/li><li>Cada kit de sementes de bonsai pode ser um presente perfeito para sua fam\u00edlia, amigos, professores<\/li><\/ol><p>\u00a0<\/p><p>Aproveitamos todas as oportunidades de trabalho conjunto muito a s\u00e9rio, e \u00e9 por isso que investimos muito tempo e dinheiro no aperfei\u00e7oamento dos nossos processos de produ\u00e7\u00e3o, testando as nossas sementes e cultivando cada lote antes de serem vendidos. Porque queremos garantir que cada semente possa germinar e crescer.<\/p>\t\t\t\t\t\t<\/div>\n\t\t\t\t<\/div>\n\t\t\t\t\t<\/div>\n\t\t<\/div>\n\t\t\t\t<div class=\"elementor-column elementor-col-50 elementor-top-column elementor-element elementor-element-aebafe3\" data-id=\"aebafe3\" data-element_type=\"column\">\n\t\t\t<div class=\"elementor-widget-wrap elementor-element-populated\">\n\t\t\t\t\t\t\t\t<div class=\"elementor-element elementor-element-bd942d6 elementor-widget elementor-widget-image\" data-id=\"bd942d6\" data-element_type=\"widget\" data-widget_type=\"image.default\">\n\t\t\t\t<div class=\"elementor-widget-container\">\n\t\t\t\t\t\t\t\t\t\t\t\t\t\t\t<img decoding=\"async\" width=\"450\" height=\"450\" src=\"https:\/\/www.garden-kit.com\/wp-content\/uploads\/2023\/09\/Why-our-seed-growing-kits.webp\" class=\"attachment-medium_large size-medium_large\" alt=\"Por que nossos kits de cultivo de sementes\" loading=\"lazy\" title=\"\">\t\t\t\t\t\t\t\t\t\t\t\t\t\t\t<\/div>\n\t\t\t\t<\/div>\n\t\t\t\t\t<\/div>\n\t\t<\/div>\n\t\t\t\t\t\t\t<\/div>\n\t\t<\/section>\n\t\t\t\t<section class=\"elementor-section elementor-top-section elementor-element elementor-element-6a29830 elementor-section-full_width elementor-section-height-default elementor-section-height-default\" data-id=\"6a29830\" data-element_type=\"section\">\n\t\t\t\t\t\t<div class=\"elementor-container elementor-column-gap-default\">\n\t\t\t\t\t<div class=\"elementor-column elementor-col-50 elementor-top-column elementor-element elementor-element-8d206b1\" data-id=\"8d206b1\" data-element_type=\"column\">\n\t\t\t<div class=\"elementor-widget-wrap elementor-element-populated\">\n\t\t\t\t\t\t\t\t<div class=\"elementor-element elementor-element-6a06b34 elementor-widget elementor-widget-image\" data-id=\"6a06b34\" data-element_type=\"widget\" data-widget_type=\"image.default\">\n\t\t\t\t<div class=\"elementor-widget-container\">\n\t\t\t\t\t\t\t\t\t\t\t\t\t\t\t<img decoding=\"async\" width=\"800\" height=\"481\" src=\"https:\/\/advich-wordpress-static-resources.s3.us-west-2.amazonaws.com\/test\/20230904151659\/1693812267035.png\" class=\"attachment-large size-large\" alt=\"variedades de \u00e1rvores bonsai\" loading=\"lazy\" srcset=\"https:\/\/advich-wordpress-static-resources.s3.us-west-2.amazonaws.com\/test\/20230904151659\/1693812267035.png 801w, https:\/\/advich-wordpress-static-resources.s3.us-west-2.amazonaws.com\/test\/20230904151659\/1693812267035-300x181.png 300w, https:\/\/advich-wordpress-static-resources.s3.us-west-2.amazonaws.com\/test\/20230904151659\/1693812267035-768x462.png 768w, https:\/\/advich-wordpress-static-resources.s3.us-west-2.amazonaws.com\/test\/20230904151659\/1693812267035-18x12.png 18w, https:\/\/advich-wordpress-static-resources.s3.us-west-2.amazonaws.com\/test\/20230904151659\/1693812267035-600x361.png 600w\" sizes=\"(max-width: 800px) 100vw, 800px\" title=\"\">\t\t\t\t\t\t\t\t\t\t\t\t\t\t\t<\/div>\n\t\t\t\t<\/div>\n\t\t\t\t\t<\/div>\n\t\t<\/div>\n\t\t\t\t<div class=\"elementor-column elementor-col-50 elementor-top-column elementor-element elementor-element-dcdeb0b\" data-id=\"dcdeb0b\" data-element_type=\"column\">\n\t\t\t<div class=\"elementor-widget-wrap elementor-element-populated\">\n\t\t\t\t\t\t\t\t<div class=\"elementor-element elementor-element-424d7cb elementor-widget elementor-widget-heading\" data-id=\"424d7cb\" data-element_type=\"widget\" data-widget_type=\"heading.default\">\n\t\t\t\t<div class=\"elementor-widget-container\">\n\t\t\t<h2 class=\"elementor-heading-title elementor-size-default\">Cultive seu pr\u00f3prio kit inicial de \u00e1rvore de bonsai - Recomendamos as seguintes variedades de \u00e1rvores de bonsai:<\/h2>\t\t<\/div>\n\t\t\t\t<\/div>\n\t\t\t\t<div class=\"elementor-element elementor-element-4fccb77 elementor-widget elementor-widget-text-editor\" data-id=\"4fccb77\" data-element_type=\"widget\" data-widget_type=\"text-editor.default\">\n\t\t\t\t<div class=\"elementor-widget-container\">\n\t\t\t\t\t\t\t<ul><li>Acer palmatum (bordo vermelho)<\/li><li>Delonix Regia (\u00e1rvore de chama)<\/li><li>Jacaranda mimosifolia (samambaia)<\/li><li>Lagerstroemia indica (murta de crepe)<\/li><li>Picea Abies (abeto)<\/li><li>Picea Mariana (Abeto Preto)<\/li><li>Picea pungens (abeto azul)<\/li><li>Pinus Aristata (pinheiro bristlecone)<\/li><li>pinus elliottii (pinheiro cortado)<\/li><li>Pinus tabuliformis (pinheiro vermelho chin\u00eas)<\/li><li>michaelhagedorn glic\u00ednias<\/li><li>sinensis (glic\u00ednias chinesas)<\/li><\/ul>\t\t\t\t\t\t<\/div>\n\t\t\t\t<\/div>\n\t\t\t\t\t<\/div>\n\t\t<\/div>\n\t\t\t\t\t\t\t<\/div>\n\t\t<\/section>\n\t\t\t\t<section class=\"elementor-section elementor-top-section elementor-element elementor-element-7c83c71 elementor-section-full_width elementor-section-height-default elementor-section-height-default\" data-id=\"7c83c71\" data-element_type=\"section\">\n\t\t\t\t\t\t<div class=\"elementor-container elementor-column-gap-default\">\n\t\t\t\t\t<div class=\"elementor-column elementor-col-50 elementor-top-column elementor-element elementor-element-9b3ec75\" data-id=\"9b3ec75\" data-element_type=\"column\">\n\t\t\t<div class=\"elementor-widget-wrap elementor-element-populated\">\n\t\t\t\t\t\t\t\t<div class=\"elementor-element elementor-element-e2591fc elementor-widget elementor-widget-heading\" data-id=\"e2591fc\" data-element_type=\"widget\" data-widget_type=\"heading.default\">\n\t\t\t\t<div class=\"elementor-widget-container\">\n\t\t\t<h2 class=\"elementor-heading-title elementor-size-default\">Nossa lista de kits de cultivo?<\/h2>\t\t<\/div>\n\t\t\t\t<\/div>\n\t\t\t\t<div class=\"elementor-element elementor-element-ddc082f elementor-widget elementor-widget-text-editor\" data-id=\"ddc082f\" data-element_type=\"widget\" data-widget_type=\"text-editor.default\">\n\t\t\t\t<div class=\"elementor-widget-container\">\n\t\t\t\t\t\t\t<p>Cada um de nossos kits de bonsai \u00e9 \u00fanico, fornecemos a voc\u00ea uma grande variedade de sementes de \u00e1rvores de bonsai em cada kit inicial de bonsai e tamb\u00e9m garantimos que fornecemos tudo que voc\u00ea precisa para cultivar sua pr\u00f3pria \u00e1rvore de bonsai, n\u00e3o haver\u00e1 escassez de plantio. sobre ferramentas.<\/p><p>Cada kit de bonsai pode conter: Combine de acordo com suas necessidades<\/p><ul><li>Uma variedade de sementes naturais de bonsai (glic\u00ednias, \u00e1rvores de fogo, pinheiro negro japon\u00eas, rom\u00e3, jacarand\u00e1 e eucalipto).<\/li><li>Vasos de flores biodegrad\u00e1veis<\/li><li>bacia de pl\u00e1stico<\/li><li>fibra de coco<\/li><li>crach\u00e1 de madeira<\/li><li>aparador de plantas<\/li><li>conjunto de ferramentas de madeira<\/li><li>Treinamento de bonsai de raiz<\/li><li>fio (1mm)<\/li><li>Guia de crescimento<\/li><li>Higr\u00f4metro<\/li><\/ul>\t\t\t\t\t\t<\/div>\n\t\t\t\t<\/div>\n\t\t\t\t\t<\/div>\n\t\t<\/div>\n\t\t\t\t<div class=\"elementor-column elementor-col-50 elementor-top-column elementor-element elementor-element-4fe30ca\" data-id=\"4fe30ca\" data-element_type=\"column\">\n\t\t\t<div class=\"elementor-widget-wrap elementor-element-populated\">\n\t\t\t\t\t\t\t\t<div class=\"elementor-element elementor-element-8684c01 elementor-widget elementor-widget-image\" data-id=\"8684c01\" data-element_type=\"widget\" data-widget_type=\"image.default\">\n\t\t\t\t<div class=\"elementor-widget-container\">\n\t\t\t\t\t\t\t\t\t\t\t\t\t\t\t<img decoding=\"async\" width=\"800\" height=\"807\" src=\"https:\/\/advich-wordpress-static-resources.s3.us-west-2.amazonaws.com\/test\/20230904142924\/p3apn7h50f_1661262082924.jpg\" class=\"attachment-large size-large\" alt=\"Lista de kits crescentes\" loading=\"lazy\" srcset=\"https:\/\/advich-wordpress-static-resources.s3.us-west-2.amazonaws.com\/test\/20230904142924\/p3apn7h50f_1661262082924.jpg 850w, https:\/\/advich-wordpress-static-resources.s3.us-west-2.amazonaws.com\/test\/20230904142924\/p3apn7h50f_1661262082924-298x300.jpg 298w, https:\/\/advich-wordpress-static-resources.s3.us-west-2.amazonaws.com\/test\/20230904142924\/p3apn7h50f_1661262082924-150x150.jpg 150w, https:\/\/advich-wordpress-static-resources.s3.us-west-2.amazonaws.com\/test\/20230904142924\/p3apn7h50f_1661262082924-768x774.jpg 768w, https:\/\/advich-wordpress-static-resources.s3.us-west-2.amazonaws.com\/test\/20230904142924\/p3apn7h50f_1661262082924-12x12.jpg 12w, https:\/\/advich-wordpress-static-resources.s3.us-west-2.amazonaws.com\/test\/20230904142924\/p3apn7h50f_1661262082924-600x605.jpg 600w, https:\/\/advich-wordpress-static-resources.s3.us-west-2.amazonaws.com\/test\/20230904142924\/p3apn7h50f_1661262082924-100x100.jpg 100w\" sizes=\"(max-width: 800px) 100vw, 800px\" title=\"\">\t\t\t\t\t\t\t\t\t\t\t\t\t\t\t<\/div>\n\t\t\t\t<\/div>\n\t\t\t\t\t<\/div>\n\t\t<\/div>\n\t\t\t\t\t\t\t<\/div>\n\t\t<\/section>\n\t\t\t\t<section class=\"elementor-section elementor-top-section elementor-element elementor-element-03dd56c elementor-section-full_width elementor-section-height-default elementor-section-height-default\" data-id=\"03dd56c\" data-element_type=\"section\">\n\t\t\t\t\t\t<div class=\"elementor-container elementor-column-gap-default\">\n\t\t\t\t\t<div class=\"elementor-column elementor-col-100 elementor-top-column elementor-element elementor-element-777a3d0\" data-id=\"777a3d0\" data-element_type=\"column\">\n\t\t\t<div class=\"elementor-widget-wrap\">\n\t\t\t\t\t\t\t\t\t<\/div>\n\t\t<\/div>\n\t\t\t\t\t\t\t<\/div>\n\t\t<\/section>\n\t\t\t\t\t\t<\/div>\n\t\t\t\t\t<\/div>","protected":false},"excerpt":{"rendered":"<p>Bonsai Starter Kit Cultive a sua \u00e1rvore bonsai a partir de sementes! Os nossos kits variados de \u00e1rvores bonsai dar\u00e3o um toque de alegria ao seu espa\u00e7o de vida. O nosso kit inicial de \u00e1rvore bonsai inclui tudo o que precisa para cultivar a sua pr\u00f3pria \u00e1rvore bonsai. Seleccionamos cuidadosamente todas as pe\u00e7as para garantir que a sua qualidade \u00e9 consistentemente boa. [...]<\/p>","protected":false},"author":3,"featured_media":16714,"parent":0,"menu_order":0,"comment_status":"closed","ping_status":"closed","template":"","meta":[],"acf":[],"_links":{"self":[{"href":"https:\/\/www.garden-kit.com\/pt\/wp-json\/wp\/v2\/pages\/16815"}],"collection":[{"href":"https:\/\/www.garden-kit.com\/pt\/wp-json\/wp\/v2\/pages"}],"about":[{"href":"https:\/\/www.garden-kit.com\/pt\/wp-json\/wp\/v2\/types\/page"}],"author":[{"embeddable":true,"href":"https:\/\/www.garden-kit.com\/pt\/wp-json\/wp\/v2\/users\/3"}],"replies":[{"embeddable":true,"href":"https:\/\/www.garden-kit.com\/pt\/wp-json\/wp\/v2\/comments?post=16815"}],"version-history":[{"count":0,"href":"https:\/\/www.garden-kit.com\/pt\/wp-json\/wp\/v2\/pages\/16815\/revisions"}],"wp:featuredmedia":[{"embeddable":true,"href":"https:\/\/www.garden-kit.com\/pt\/wp-json\/wp\/v2\/media\/16714"}],"wp:attachment":[{"href":"https:\/\/www.garden-kit.com\/pt\/wp-json\/wp\/v2\/media?parent=16815"}],"curies":[{"name":"wp","href":"https:\/\/api.w.org\/{rel}","templated":true}]}}