{"id":17041,"date":"2023-11-03T14:10:05","date_gmt":"2023-11-03T06:10:05","guid":{"rendered":"https:\/\/www.garden-kit.com\/?page_id=17041"},"modified":"2023-11-03T16:03:17","modified_gmt":"2023-11-03T08:03:17","slug":"customized-herb-starter-kit","status":"publish","type":"page","link":"https:\/\/www.garden-kit.com\/pt\/customized-herb-starter-kit\/","title":{"rendered":"Kit inicial de ervas personalizado"},"content":{"rendered":"<div data-elementor-type=\"wp-page\" data-elementor-id=\"17041\" class=\"elementor elementor-17041\" data-elementor-settings=\"[]\">\n\t\t\t\t\t\t\t<div class=\"elementor-section-wrap\">\n\t\t\t\t\t\t\t<section class=\"elementor-section elementor-top-section elementor-element elementor-element-12add90c elementor-section-full_width elementor-section-height-min-height elementor-section-height-default elementor-section-items-middle\" data-id=\"12add90c\" data-element_type=\"section\" data-settings=\"{&quot;background_background&quot;:&quot;classic&quot;}\">\n\t\t\t\t\t\t\t<div class=\"elementor-background-overlay\"><\/div>\n\t\t\t\t\t\t\t<div class=\"elementor-container elementor-column-gap-default\">\n\t\t\t\t\t<div class=\"elementor-column elementor-col-100 elementor-top-column elementor-element elementor-element-25d6e5e2\" data-id=\"25d6e5e2\" data-element_type=\"column\">\n\t\t\t<div class=\"elementor-widget-wrap elementor-element-populated\">\n\t\t\t\t\t\t\t\t<section class=\"elementor-section elementor-inner-section elementor-element elementor-element-623d8c21 elementor-section-boxed elementor-section-height-default elementor-section-height-default\" data-id=\"623d8c21\" data-element_type=\"section\">\n\t\t\t\t\t\t<div class=\"elementor-container elementor-column-gap-default\">\n\t\t\t\t\t<div class=\"elementor-column elementor-col-100 elementor-inner-column elementor-element elementor-element-2435a5d\" data-id=\"2435a5d\" data-element_type=\"column\">\n\t\t\t<div class=\"elementor-widget-wrap elementor-element-populated\">\n\t\t\t\t\t\t\t\t<div class=\"elementor-element elementor-element-6827f684 elementor-widget elementor-widget-woocommerce-breadcrumb\" data-id=\"6827f684\" data-element_type=\"widget\" data-widget_type=\"woocommerce-breadcrumb.default\">\n\t\t\t\t<div class=\"elementor-widget-container\">\n\t\t\t<nav class=\"woocommerce-breadcrumb\" data-no-translation=\"\" data-trp-gettext=\"\">\u5bb6<\/nav>\t\t<\/div>\n\t\t\t\t<\/div>\n\t\t\t\t\t<\/div>\n\t\t<\/div>\n\t\t\t\t\t\t\t<\/div>\n\t\t<\/section>\n\t\t\t\t\t<\/div>\n\t\t<\/div>\n\t\t\t\t\t\t\t<\/div>\n\t\t<\/section>\n\t\t\t\t<section class=\"elementor-section elementor-top-section elementor-element elementor-element-08eb45c elementor-section-boxed elementor-section-height-default elementor-section-height-default\" data-id=\"08eb45c\" data-element_type=\"section\">\n\t\t\t\t\t\t<div class=\"elementor-container elementor-column-gap-default\">\n\t\t\t\t\t<div class=\"elementor-column elementor-col-100 elementor-top-column elementor-element elementor-element-38fa081\" data-id=\"38fa081\" data-element_type=\"column\">\n\t\t\t<div class=\"elementor-widget-wrap elementor-element-populated\">\n\t\t\t\t\t\t\t\t<div class=\"elementor-element elementor-element-c18ec6a elementor-widget elementor-widget-text-editor\" data-id=\"c18ec6a\" data-element_type=\"widget\" data-widget_type=\"text-editor.default\">\n\t\t\t\t<div class=\"elementor-widget-container\">\n\t\t\t<style>\/*! elementor - v3.5.4 - 23-01-2022 *\/\n.elementor-widget-text-editor.elementor-drop-cap-view-stacked .elementor-drop-cap{background-color:#818a91;color:#fff}.elementor-widget-text-editor.elementor-drop-cap-view-framed .elementor-drop-cap{color:#818a91;border:3px solid;background-color:transparent}.elementor-widget-text-editor:not(.elementor-drop-cap-view-default) .elementor-drop-cap{margin-top:8px}.elementor-widget-text-editor:not(.elementor-drop-cap-view-default) .elementor-drop-cap-letter{width:1em;height:1em}.elementor-widget-text-editor .elementor-drop-cap{float:left;text-align:center;line-height:1;font-size:50px}.elementor-widget-text-editor .elementor-drop-cap-letter{display:inline-block}<\/style>\t\t\t\t<p><strong>SEMENTES: <\/strong><\/p><p>O kit inicial Herb inclui sementes de uma variedade de plantas herb\u00e1ceas, como manjeric\u00e3o, alecrim, hortel\u00e3, or\u00e9g\u00e3os, coentros e muito mais. Estas sementes n\u00e3o s\u00e3o geralmente OGM e podem ser cultivadas no interior ou no exterior.<\/p><p><strong>Meio de cultura: <\/strong><\/p><p>Normalmente, os kits incluem um meio de cultura adequado para a germina\u00e7\u00e3o de sementes e crescimento de plantas, como solo, turfa ou fibra de coco.<\/p><p><strong>Contentores: <\/strong><\/p><p>Alguns kits de arranque de ervas incluem recipientes de planta\u00e7\u00e3o, que podem ser vasos de pl\u00e1stico, jardineiras, tabuleiros de sementes ou sacos de planta\u00e7\u00e3o, entre outros. Estes recipientes t\u00eam normalmente orif\u00edcios de drenagem para garantir que as plantas n\u00e3o ficam demasiado encharcadas.<\/p><p><strong>Manuais de instru\u00e7\u00f5es: <\/strong><\/p><p>Os kits geralmente fornecem instru\u00e7\u00f5es detalhadas sobre como plantar, cuidar e colher plantas herb\u00e1ceas. Estes guias incluem normalmente informa\u00e7\u00f5es sobre temperatura, humidade, luz e necessidades de rega.<\/p><p><strong>Luz: <\/strong><\/p><p>As plantas herb\u00e1ceas precisam normalmente de luz solar suficiente para crescer, por isso certifique-se de que fornece luz natural suficiente ou utiliza luzes artificiais para o crescimento das plantas.<\/p><p><strong>Temperatura e humidade:<\/strong><\/p><p>Plantas herb\u00e1ceas diferentes podem exigir condi\u00e7\u00f5es de temperatura e humidade diferentes. O guia do kit geralmente fornece informa\u00e7\u00f5es sobre essas condi\u00e7\u00f5es.<\/p><p><strong>Rega: <\/strong><\/p><p>A rega regular \u00e9 fundamental para o cultivo de plantas herb\u00e1ceas. O guia do kit aconselha geralmente sobre a forma de regar corretamente para evitar a rega excessiva ou insuficiente.<\/p><p><strong>Colheita: <\/strong><\/p><p>As plantas herb\u00e1ceas podem normalmente ser colhidas \u00e0 medida que amadurecem. Os guias dir-lhe-\u00e3o como colher e utilizar corretamente estas ervas.<\/p><p><strong>Usos comest\u00edveis: <\/strong><\/p><p>As plantas herb\u00e1ceas podem ser utilizadas para uma variedade de fins, tais como cozinhar, aromatizar, fazer ch\u00e1s, usos medicinais e muito mais. Os kits fornecem geralmente conselhos sobre a forma de utilizar estas ervas.<\/p><p><strong>Escolha de ervas arom\u00e1ticas: <\/strong><\/p><p>Diferentes plantas arom\u00e1ticas t\u00eam diferentes sabores e utiliza\u00e7\u00f5es, pelo que pode escolher a planta arom\u00e1tica certa para os seus gostos e necessidades pessoais.<\/p>\t\t\t\t\t\t<\/div>\n\t\t\t\t<\/div>\n\t\t\t\t\t<\/div>\n\t\t<\/div>\n\t\t\t\t\t\t\t<\/div>\n\t\t<\/section>\n\t\t\t\t\t\t<\/div>\n\t\t\t\t\t<\/div>","protected":false},"excerpt":{"rendered":"<p>SEEDS: The Herb starter kit includes seeds from a variety of herb plants such as basil, rosemary, mint, oregano, cilantro, and more. These seeds are usually non-GMO and can be grown indoors or outdoors. Culture medium: Typically, kits include a culture medium suitable for seed germination and plant growth, such as soil, peat, or coir fiber. Containers: Some herb starter kits include planting containers, which can be plastic pots, planters, seed trays, or planting bags, among others. These containers usually have drainage holes to ensure that the plants do not become overly waterlogged. Instruction manuals: Kits usually provide detailed instructions on how to plant, care for, and harvest herb plants. [&hellip;]<\/p>","protected":false},"author":5,"featured_media":0,"parent":0,"menu_order":0,"comment_status":"closed","ping_status":"closed","template":"","meta":[],"acf":[],"_links":{"self":[{"href":"https:\/\/www.garden-kit.com\/pt\/wp-json\/wp\/v2\/pages\/17041"}],"collection":[{"href":"https:\/\/www.garden-kit.com\/pt\/wp-json\/wp\/v2\/pages"}],"about":[{"href":"https:\/\/www.garden-kit.com\/pt\/wp-json\/wp\/v2\/types\/page"}],"author":[{"embeddable":true,"href":"https:\/\/www.garden-kit.com\/pt\/wp-json\/wp\/v2\/users\/5"}],"replies":[{"embeddable":true,"href":"https:\/\/www.garden-kit.com\/pt\/wp-json\/wp\/v2\/comments?post=17041"}],"version-history":[{"count":0,"href":"https:\/\/www.garden-kit.com\/pt\/wp-json\/wp\/v2\/pages\/17041\/revisions"}],"wp:attachment":[{"href":"https:\/\/www.garden-kit.com\/pt\/wp-json\/wp\/v2\/media?parent=17041"}],"curies":[{"name":"wp","href":"https:\/\/api.w.org\/{rel}","templated":true}]}}