{"id":1419,"date":"2022-08-23T23:32:04","date_gmt":"2022-08-23T15:32:04","guid":{"rendered":"http:\/\/www.garden-kit.com\/product\/bonsai-seed-kit\/"},"modified":"2023-09-02T14:30:56","modified_gmt":"2023-09-02T06:30:56","slug":"bonsai-seed-kit","status":"publish","type":"product","link":"https:\/\/www.garden-kit.com\/pt\/product\/bonsai-seed-kit\/","title":{"rendered":"Kit de sementes de bonsai"},"content":{"rendered":"<h1>Kit de sementes de bonsai<\/h1>\n<h3 style=\"line-height: 1.5; font-size: 19px;\"><span style=\"font-family: arial, helvetica, sans-serif; font-size: 16px;\">Vis\u00e3o geral<\/span><\/h3>\n<table style=\"border-collapse: collapse; width: 100%; height: 168px;\">\n<tbody>\n<tr style=\"height: 21px;\">\n<td style=\"height: 21px;\" width=\"298\"><span style=\"font-family: arial, helvetica, sans-serif; font-size: 16px;\">Instru\u00e7\u00f5es de cuidados com o produto<\/span><\/td>\n<td style=\"height: 21px;\" width=\"298\"><span style=\"font-family: arial, helvetica, sans-serif; font-size: 16px;\">Dispon\u00edvel<\/span><\/td>\n<\/tr>\n<tr style=\"height: 21px;\">\n<td style=\"height: 21px;\" width=\"298\"><span style=\"font-family: arial, helvetica, sans-serif; font-size: 16px;\">Tipo de produto vegetal<\/span><\/td>\n<td style=\"height: 21px;\" width=\"298\"><span style=\"font-family: arial, helvetica, sans-serif; font-size: 16px;\">\u00c1rvore bonsai<\/span><\/td>\n<\/tr>\n<tr style=\"height: 21px;\">\n<td style=\"height: 21px;\" width=\"298\"><span style=\"font-family: arial, helvetica, sans-serif; font-size: 16px;\">Caracter\u00edstica especial<\/span><\/td>\n<td style=\"height: 21px;\" width=\"298\"><span style=\"font-family: arial, helvetica, sans-serif; font-size: 16px;\">Cultivo interno-externo<\/span><\/td>\n<\/tr>\n<tr style=\"height: 21px;\">\n<td style=\"height: 21px;\" width=\"298\"><span style=\"font-family: arial, helvetica, sans-serif; font-size: 16px;\">Marca<\/span><\/td>\n<td style=\"height: 21px;\" width=\"298\"><span style=\"font-family: arial, helvetica, sans-serif; font-size: 16px;\">kit jardim<\/span><\/td>\n<\/tr>\n<tr style=\"height: 21px;\">\n<td style=\"height: 21px;\" width=\"298\"><span style=\"font-family: arial, helvetica, sans-serif; font-size: 16px;\">Lugar de origem<\/span><\/td>\n<td style=\"height: 21px;\" width=\"298\"><span style=\"font-family: arial, helvetica, sans-serif; font-size: 16px;\">Fujian, China<\/span><\/td>\n<\/tr>\n<tr style=\"height: 21px;\">\n<td style=\"height: 21px;\" width=\"298\"><span style=\"font-family: arial, helvetica, sans-serif; font-size: 16px;\">ODM\/OEM<\/span><\/td>\n<td style=\"height: 21px;\" width=\"298\"><span style=\"font-family: arial, helvetica, sans-serif; font-size: 16px;\">Dispon\u00edvel<\/span><\/td>\n<\/tr>\n<tr style=\"height: 21px;\">\n<td style=\"height: 21px;\" width=\"298\"><span style=\"font-family: arial, helvetica, sans-serif; font-size: 16px;\">MOQ para pedido personalizado<\/span><\/td>\n<td style=\"height: 21px;\" width=\"298\"><span style=\"font-family: arial, helvetica, sans-serif; font-size: 16px;\">3000 unidades<\/span><\/td>\n<\/tr>\n<tr style=\"height: 21px;\">\n<td style=\"height: 21px;\" width=\"298\"><span style=\"font-family: arial, helvetica, sans-serif; font-size: 16px;\">Custo da amostra<\/span><\/td>\n<td style=\"height: 21px;\" width=\"298\"><span style=\"font-family: arial, helvetica, sans-serif; font-size: 16px;\">US$400\/Sample, retorno total ap\u00f3s um pedido nosso<\/span><\/td>\n<\/tr>\n<\/tbody>\n<\/table>\n<p style=\"line-height: 1.5;\"><span style=\"font-family: arial, helvetica, sans-serif; font-size: 16px;\">Descri\u00e7\u00e3o<\/span><\/p>\n<p style=\"line-height: 1.5;\"><span style=\"font-family: arial, helvetica, sans-serif; font-size: 16px;\">Kit de cultivo de bonsai de 15 pe\u00e7as preparado: Tudo que voc\u00ea precisa para trazer a alegria de envasar para a sua vida ou a de seu ente querido - em uma caixa elegante: Cont\u00e9m 4 sementes (Pinus aristata, Jacaranda mimosifolia, Picea abies, Delonix regia). Para melhor germina\u00e7\u00e3o, armazenado em uma embalagem segura para sementes, 4 plantadeiras bem drenadas, 1 bandeja de solo expans\u00edvel, 4 marcadores de planta de bambu, 1 tesoura de bonsai e um manual de instru\u00e7\u00f5es bonito, abrangente e simples.<\/span><\/p>\n<p style=\"line-height: 1.5;\"><span style=\"font-family: arial, helvetica, sans-serif;\">\u00a0<\/span><\/p>\n<p style=\"line-height: 1.5;\"><span style=\"font-family: arial, helvetica, sans-serif; font-size: 16px;\">Os seguintes itens est\u00e3o inclu\u00eddos no kit.<\/span><\/p>\n<p style=\"line-height: 1.5;\"><span style=\"font-family: arial, helvetica, sans-serif; font-size: 16px;\">4 potes de estopa imperme\u00e1veis<\/span><\/p>\n<p style=\"line-height: 1.5;\"><span style=\"font-family: arial, helvetica, sans-serif; font-size: 16px;\">1 disco de solo pr\u00e9-fertilizado<\/span><\/p>\n<p style=\"line-height: 1.5;\"><span style=\"font-family: arial, helvetica, sans-serif; font-size: 16px;\">4 pacotes de sementes frescas<\/span><\/p>\n<p style=\"line-height: 1.5;\"><span style=\"font-family: arial, helvetica, sans-serif; font-size: 16px;\">4 potes de juta bem drenados<\/span><\/p>\n<p style=\"line-height: 1.5;\"><span style=\"font-family: arial, helvetica, sans-serif; font-size: 16px;\">1 tesoura de poda<\/span><\/p>\n<p style=\"line-height: 1.5;\"><span style=\"font-family: arial, helvetica, sans-serif; font-size: 16px;\">1 disco de solo<\/span><\/p>\n<p style=\"line-height: 1.5;\"><span style=\"font-family: arial, helvetica, sans-serif; font-size: 16px;\">4 marcadores de bambu<\/span><\/p>\n<p style=\"line-height: 1.5;\"><span style=\"font-family: arial, helvetica, sans-serif; font-size: 16px;\">1 Guia de plantio passo a passo<\/span><\/p>\n<p style=\"line-height: 1.5;\"><span style=\"font-family: arial, helvetica, sans-serif; font-size: 16px;\">1 Envasamento: 4 Vasos de juta \u2013 Ideal para o crescimento de mudas bem drenadas. Salve e reutilize.<\/span><\/p>\n<p style=\"line-height: 1.5;\"><span style=\"font-family: arial, helvetica, sans-serif; font-size: 16px;\">2 Plantio: 4 pacotes de sementes premium \u2013 apresentando 4 esp\u00e9cies diferentes: Rocky Mountain Pine, Royal Phoenix, Jacaranda, Norway Spruce. Todas as sementes s\u00e3o testadas para a maior taxa de germina\u00e7\u00e3o.<\/span><\/p>\n<p style=\"line-height: 1.5;\"><span style=\"font-family: arial, helvetica, sans-serif; font-size: 16px;\">3 Alimenta\u00e7\u00e3o: Discos de solo pr\u00e9-fertilizados ricos em nutrientes \u2013 adicione \u00e1gua e eles se expandir\u00e3o de 6 a 8 vezes mais.<\/span><\/p>\n<p style=\"line-height: 1.5;\"><span style=\"font-family: arial, helvetica, sans-serif; font-size: 16px;\">4 Marca\u00e7\u00e3o: 4 marcadores de bambu \u2013 os marcadores ajudam voc\u00ea a identificar suas mudas \u00e0 medida que crescem. Treine-o: Podadores \u2013 \u00d3timos para aparar o excesso de folhas e ra\u00edzes.<\/span><\/p>\n<p style=\"line-height: 1.5;\"><span style=\"font-family: arial, helvetica, sans-serif;\">\u00a0<\/span><\/p>\n<p style=\"line-height: 1.5;\"><span style=\"font-family: arial, helvetica, sans-serif; font-size: 16px;\">Sementes de alta germina\u00e7\u00e3o: As sementes s\u00e3o armazenadas em nosso Seed Safety Pack para garantir a germina\u00e7\u00e3o adequada.<\/span><\/p>\n<p style=\"line-height: 1.5;\"><span style=\"font-family: arial, helvetica, sans-serif; font-size: 16px;\">PRESENTE DIY PERFEITO: Para mam\u00e3e, papai, ele ou ela, este \u00e9 o presente perfeito para um anivers\u00e1rio, anivers\u00e1rio, feriado, inaugura\u00e7\u00e3o de casa ou qualquer outra ocasi\u00e3o - ideal para iniciantes, mestres e crian\u00e7as. Veja a emo\u00e7\u00e3o em seus olhos enquanto experimentam o cultivo de uma \u00e1rvore de bonsai dentro de casa.<\/span><\/p>\n<p style=\"line-height: 1.5;\"><span style=\"font-family: arial, helvetica, sans-serif;\">\u00a0<\/span><\/p>\n<p style=\"line-height: 1.5;\"><span style=\"font-family: arial, helvetica, sans-serif; font-size: 16px;\">Nenhum polegar verde \u00e9 necess\u00e1rio: basta seguir as instru\u00e7\u00f5es passo a passo f\u00e1ceis e voc\u00ea est\u00e1 pronto para ir! Todas as 4 \u00e1rvores podem ser plantadas e mantidas em ambientes fechados e ao ar livre em qualquer \u00e9poca do ano sem a necessidade de estratifica\u00e7\u00e3o de sementes. O livreto inclu\u00eddo \u00e9 completo e bem desenhado para que voc\u00ea possa acompanhar a jornada de cada semente, sua hist\u00f3ria e a melhor forma de plant\u00e1-la para garantir sua germina\u00e7\u00e3o.<\/span><\/p>","protected":false},"excerpt":{"rendered":"<p>Kit de sementes de bonsai para mulheres e homens - Kits de hobby para artesanato em jardim para cultivo de \u00e1rvores de bonsai para adultos, passatempos DIY exclusivos para amantes de plantas - ideias incomuns para presentes de Natal ou m\u00e3e jardineira<\/p>","protected":false},"featured_media":12453,"comment_status":"closed","ping_status":"closed","template":"","meta":[],"product_cat":[40],"product_tag":[104,42,214,102,103,112],"acf":[],"_links":{"self":[{"href":"https:\/\/www.garden-kit.com\/pt\/wp-json\/wp\/v2\/product\/1419"}],"collection":[{"href":"https:\/\/www.garden-kit.com\/pt\/wp-json\/wp\/v2\/product"}],"about":[{"href":"https:\/\/www.garden-kit.com\/pt\/wp-json\/wp\/v2\/types\/product"}],"replies":[{"embeddable":true,"href":"https:\/\/www.garden-kit.com\/pt\/wp-json\/wp\/v2\/comments?post=1419"}],"wp:featuredmedia":[{"embeddable":true,"href":"https:\/\/www.garden-kit.com\/pt\/wp-json\/wp\/v2\/media\/12453"}],"wp:attachment":[{"href":"https:\/\/www.garden-kit.com\/pt\/wp-json\/wp\/v2\/media?parent=1419"}],"wp:term":[{"taxonomy":"product_cat","embeddable":true,"href":"https:\/\/www.garden-kit.com\/pt\/wp-json\/wp\/v2\/product_cat?post=1419"},{"taxonomy":"product_tag","embeddable":true,"href":"https:\/\/www.garden-kit.com\/pt\/wp-json\/wp\/v2\/product_tag?post=1419"}],"curies":[{"name":"wp","href":"https:\/\/api.w.org\/{rel}","templated":true}]}}