{"id":1438,"date":"2022-08-23T23:33:46","date_gmt":"2022-08-23T15:33:46","guid":{"rendered":"http:\/\/www.garden-kit.com\/product\/bonsai-tree-starter-kit\/"},"modified":"2024-03-13T15:38:52","modified_gmt":"2024-03-13T07:38:52","slug":"bonsai-tree-starter-kit","status":"publish","type":"product","link":"https:\/\/www.garden-kit.com\/pt\/product\/bonsai-tree-starter-kit\/","title":{"rendered":"Kit de inicia\u00e7\u00e3o de bonsai de escolha de plantadores"},"content":{"rendered":"<h3 style=\"font-size: 19px\">Vis\u00e3o geral<\/h3>\n<table style=\"border-collapse: collapse;width: 100%;height: 170px\">\n<tbody>\n<tr style=\"height: 21.25px\">\n<td style=\"height: 21.25px\" width=\"298\"><span style=\"color: #000000;font-family: 'PingFang SC', 'Microsoft YaHei', sans-serif;font-size: 16px\">Instru\u00e7\u00f5es de cuidados com o produto<\/span><\/td>\n<td style=\"height: 21.25px\" width=\"298\"><span style=\"color: #000000;font-family: 'PingFang SC', 'Microsoft YaHei', sans-serif;font-size: 16px\">Dispon\u00edvel<\/span><\/td>\n<\/tr>\n<tr style=\"height: 21.25px\">\n<td style=\"height: 21.25px\" width=\"298\"><span style=\"color: #000000;font-family: 'PingFang SC', 'Microsoft YaHei', sans-serif;font-size: 16px\">Tipo de produto vegetal<\/span><\/td>\n<td style=\"height: 21.25px\" width=\"298\"><span style=\"color: #000000;font-family: 'PingFang SC', 'Microsoft YaHei', sans-serif;font-size: 16px\">\u00c1rvore bonsai<\/span><\/td>\n<\/tr>\n<tr style=\"height: 21.25px\">\n<td style=\"height: 21.25px\" width=\"298\"><span style=\"color: #000000;font-family: 'PingFang SC', 'Microsoft YaHei', sans-serif;font-size: 16px\">Caracter\u00edstica especial<\/span><\/td>\n<td style=\"height: 21.25px\" width=\"298\"><span style=\"color: #000000;font-family: 'PingFang SC', 'Microsoft YaHei', sans-serif;font-size: 16px\">Cultivo interno-externo<\/span><\/td>\n<\/tr>\n<tr style=\"height: 21.25px\">\n<td style=\"height: 21.25px\" width=\"298\"><span style=\"color: #000000;font-family: 'PingFang SC', 'Microsoft YaHei', sans-serif;font-size: 16px\">Marca<\/span><\/td>\n<td style=\"height: 21.25px\" width=\"298\"><span style=\"color: #000000;font-family: 'PingFang SC', 'Microsoft YaHei', sans-serif;font-size: 16px\">kit jardim<\/span><\/td>\n<\/tr>\n<tr style=\"height: 21.25px\">\n<td style=\"height: 21.25px\" width=\"298\"><span style=\"color: #000000;font-family: 'PingFang SC', 'Microsoft YaHei', sans-serif;font-size: 16px\">Lugar de origem<\/span><\/td>\n<td style=\"height: 21.25px\" width=\"298\"><span style=\"color: #000000;font-family: 'PingFang SC', 'Microsoft YaHei', sans-serif;font-size: 16px\">Fujian, China<\/span><\/td>\n<\/tr>\n<tr style=\"height: 21.25px\">\n<td style=\"height: 21.25px\" width=\"298\"><span style=\"color: #000000;font-family: 'PingFang SC', 'Microsoft YaHei', sans-serif;font-size: 16px\">ODM\/OEM<\/span><\/td>\n<td style=\"height: 21.25px\" width=\"298\"><span style=\"color: #000000;font-family: 'PingFang SC', 'Microsoft YaHei', sans-serif;font-size: 16px\">Dispon\u00edvel<\/span><\/td>\n<\/tr>\n<tr style=\"height: 21.25px\">\n<td style=\"height: 21.25px\" width=\"298\"><span style=\"color: #000000;font-family: 'PingFang SC', 'Microsoft YaHei', sans-serif;font-size: 16px\">MOQ para pedido personalizado<\/span><\/td>\n<td style=\"height: 21.25px\" width=\"298\"><span style=\"color: #000000;font-family: 'PingFang SC', 'Microsoft YaHei', sans-serif;font-size: 16px\">3000 unidades<\/span><\/td>\n<\/tr>\n<tr style=\"height: 21.25px\">\n<td style=\"height: 21.25px\" width=\"298\"><span style=\"color: #000000;font-family: 'PingFang SC', 'Microsoft YaHei', sans-serif;font-size: 16px\">Custo da amostra<\/span><\/td>\n<td style=\"height: 21.25px\" width=\"298\"><span style=\"color: #000000;font-family: 'PingFang SC', 'Microsoft YaHei', sans-serif;font-size: 16px\">US$400\/Sample, retorno completo ap\u00f3s o pedido de n\u00f3s<\/span><\/td>\n<\/tr>\n<\/tbody>\n<\/table>\n<p style=\"line-height: 1.5\"><span style=\"color: #000000;font-family: 'PingFang SC', 'Microsoft YaHei', sans-serif;font-size: 16px\"><\/span><\/p>\n<h3 style=\"font-size: 19px\">Descri\u00e7\u00e3o<\/h3>\n<p>Cultive suas pr\u00f3prias \u00e1rvores de Bonsai a partir de sementes com nosso kit de cultivo ecol\u00f3gico para est\u00e1dios. Embora cultivar uma dessas \u00e1rvores a partir de sementes possa ser desafiador, nutrir seu bonsai a partir de sementes \u00e9 incrivelmente recompensador. Depois de ter um crescimento s\u00f3lido, voc\u00ea pode ser criativo, treinar e podar sua \u00e1rvore na forma e tamanho desejados.<\/p>\n<p>\u00c9 f\u00e1cil come\u00e7ar a cultivar seu pr\u00f3prio Bonsai, basta configurar o kit inicial em casa e, em seguida, transplantar as mudas para seus pr\u00f3prios vasos maiores, uma vez que sejam grandes o suficiente para manusear. Meio de cultivo extra ser\u00e1 necess\u00e1rio no est\u00e1gio de transplante e pode ser adquirido no centro de jardinagem local. Bonsai f\u00e1cil de cultivar: Na hora de escolher um bonsai, faz sentido escolher a \u00e1rvore mais bonita, n\u00e3o \u00e9 mesmo? \u00c9 por isso que escolhemos apenas as \u00e1rvores mais coloridas para nossos kits de cultivo de sementes de bonsai. Aproveite e aprecie esses vermelhos ardentes, deliciosos roxos e verdes arom\u00e1ticos em sua casa.&nbsp;<\/p>\n<p>Cada kit de cultivo ecol\u00f3gico de Bonsai vem completo com instru\u00e7\u00f5es, algumas variedades t\u00eam mais etapas do que outras. Todos os kits cont\u00eam sementes suficientes para v\u00e1rias semeaduras e tudo o que voc\u00ea precisa para come\u00e7ar a cultivar!<\/p>\n<p>Os seguintes itens est\u00e3o inclu\u00eddos no kit.<\/p>\n<p>4 potes de fibra de bambu com 4 bandejas<\/p>\n<p>4 discos de solo pr\u00e9-fertilizado<\/p>\n<p>4 pacotes de sementes frescas<\/p>\n<p>4 marcadores de plantas de bambu<\/p>\n<p>1 pacote de nutri\u00e7\u00e3o<\/p>\n<p>1 pacote de perlita<\/p>\n<p>1 instru\u00e7\u00e3o passo a passo<\/p>\n<p>Nenhum polegar verde \u00e9 necess\u00e1rio: seu Bonsai Starter Kit vem com (4) variedades de sementes:<\/p>\n<p>&nbsp; &nbsp; &nbsp; &nbsp;Delonix Regia (Flame Tree) \u2013 Delonix regia \u00e9 uma esp\u00e9cie de planta com flor da fam\u00edlia do feij\u00e3o Fabaceae, subfam\u00edlia Caesalpinioideae nativa de Madagascar. \u00c9 conhecida por suas folhas semelhantes a samambaias e exibi\u00e7\u00e3o extravagante de flores vermelho-alaranjadas durante o ver\u00e3o. Em muitas partes tropicais do mundo, \u00e9 cultivada como \u00e1rvore ornamental e, em ingl\u00eas, recebe o nome de royal poinciana, flamboyant, phoenix flower, the flame of the forest ou flame tree.<\/p>\n<p>&nbsp; &nbsp; &nbsp; &nbsp; Picea Abies (Spruce) \u2013 Picea abies, o abeto europeu da Noruega, \u00e9 uma esp\u00e9cie de abeto nativa do norte, centro e leste da Europa.<\/p>\n<p>&nbsp; &nbsp; &nbsp; &nbsp; Pinus Aristata (Bristlecone Pine) \u2013 Pinus aristata, o pinheiro bristlecone das Montanhas Rochosas (ou o pinheiro bristlecone do Colorado), \u00e9 uma esp\u00e9cie de vida longa de pinheiro bristlecone nativa dos Estados Unidos<\/p>\n<p>&nbsp; &nbsp; &nbsp; &nbsp; Jacaranda mimosifolia (\u00e1rvore de samambaia) \u2013 Jacaranda mimosifolia \u00e9 uma \u00e1rvore subtropical nativa do centro-sul da Am\u00e9rica do Sul que tem sido amplamente plantada em outros lugares por causa de suas atraentes e duradouras flores de cor violeta. Tamb\u00e9m \u00e9 conhecida como jacarand\u00e1, jacarand\u00e1 azul, poui preto, nupur ou samambaia. . Cada semente est\u00e1 fresca e pronta para germinar. Como voc\u00ea sabe, \u00e0s vezes as mudas t\u00eam um dia ruim, ent\u00e3o inclu\u00edmos extras!<\/p>\n<\/p>\n<p>&nbsp; &nbsp; &nbsp; &nbsp; &nbsp;Tudo em um, acess\u00f3rios inclu\u00eddos: seu kit de crescimento de plantas de \u00e1rvores bonsai inclui: (4) plantador dur\u00e1vel, (5) bandeja de gotejamento, (4) marcadores de plantas de madeira, (3) solo de turfa, (1) pacote de fertilizante de bonsai e (1) Instru\u00e7\u00f5es. Tamb\u00e9m estamos dando a voc\u00ea nosso guia digital para que voc\u00ea n\u00e3o precise pesquisar na Internet dicas e cuidados profissionais.<\/p>\n<\/p>\n<p>&nbsp; &nbsp; &nbsp; &nbsp; &nbsp;Kit de jardim kits de jardim interior com sementes n\u00e3o transg\u00eanicas e turfa, e acabamento com vasos dur\u00e1veis. Este \u00e9 um belo presente, mas tamb\u00e9m \u00e9 o presente perfeito para os amantes de plantas para aqueles que se preocupam com o planeta e para ensinar as crian\u00e7as sobre a beleza natural da natureza!<\/p>\n<p>Um presente atencioso - adore o mini conjunto de plantas de bonsai caseiro com sua incr\u00edvel beleza, decora\u00e7\u00e3o de plantas coloridas e facilidade de uso, ou substituiremos todo o seu kit de plantas ou reembolsaremos cada centavo. Plante \u00e1rvores bonsai dentro ou fora de casa (siga nosso guia) e voc\u00ea vai adorar os resultados. Tente agora!<\/p>\n<p>Avalia\u00e7\u00f5es de clientes&nbsp;<\/p>\n<p>Scott H.&nbsp;<\/p>\n<p>Comprei o kit para presentear minha filha. Ela adora estar cultivando seu pr\u00f3prio Bonzai.<\/p>\n<\/p>\n<p>Keith S.<\/p>\n<p>Legal!! O pequeno kit vem com 4 sementes para 4 tipos de \u00e1rvores. Bom meio para cultivo, vasos lil cool, fertilizante de algas e instru\u00e7\u00f5es. Voc\u00ea vai adorar. Excelente pre\u00e7o!<\/p>\n<\/p>\n<p>Jano<\/p>\n<p>Pre\u00e7o bom, pre\u00e7o muito bom, gosto de como est\u00e3o crescendo. Tudo est\u00e1 na caixa.<\/p>\n<\/p>\n<p>Suzypunkypunk<\/p>\n<p>Isso foi t\u00e3o divertido e t\u00e3o f\u00e1cil! Sou um grande entusiasta de plantas, mas meus filhos raramente querem se envolver. Pela primeira vez, eles estavam realmente entusiasmados com o plantio! N\u00f3s nos divertimos muito em fam\u00edlia usando este kit e eles est\u00e3o muito animados para ver seus pr\u00f3prios bonsais come\u00e7arem a crescer! Esperei at\u00e9 o dia das m\u00e3es para fazer isso com meus filhos e, honestamente, ser\u00e1 uma lembran\u00e7a que guardaremos para sempre. O kit tinha tudo o que precis\u00e1vamos, incluindo sementes extras. Estou encantado com a qualidade dos vasos e tudo inclu\u00eddo. Estou pensando em comprar o kit de suculentas e gatos esta semana porque este foi t\u00e3o bom!<\/p>\n<\/p>\n<p>Blake<\/p>\n<p>Adorei isso! Segui as instru\u00e7\u00f5es e at\u00e9 agora em 6 dias esse da foto vai fazer 1 m\u00eas. \u00c9 lindo e mal posso esperar para v\u00ea-lo crescer! Os outros 3 tipos de sementes n\u00e3o cresceram e n\u00e3o tenho certeza se fiz errado, ent\u00e3o vou ver como conseguir mais sementes. Eu poderia me ver presenteando amigos ou familiares, bem como comprando mais para mim no futuro.<span style=\"font-family: 'PingFang SC', 'Microsoft YaHei', sans-serif;font-size: 16px\"><\/span><\/p>\n<h3 style=\"font-size: 19px\"><strong>Introdu\u00e7\u00e3o:<\/strong><\/h3>\n<p>A arte do cultivo do bonsai cativou entusiastas durante s\u00e9culos, oferecendo uma mistura \u00fanica de horticultura e express\u00e3o art\u00edstica. Para aqueles que desejam embarcar em uma jornada de cultivo e modelagem de \u00e1rvores em miniatura, o kit inicial de bonsai da Planters &#039;Choice apresenta um ponto de entrada atraente. Este kit abrangente fornece todos os itens essenciais necess\u00e1rios para iniciar uma aventura gratificante de bonsai, adaptado \u00e0 palavra-chave \u201cKit inicial de bonsai da Planters&#039; Choice\u201d.<\/p>\n<h3 style=\"font-size: 19px\"><strong>Revelando o kit inicial de Bonsai Planters Choice:<\/strong><\/h3>\n<p>O <strong><a href=\"https:\/\/www.garden-kit.com\/pt\/planters-choice-bonsai-starter-kit-cultivate-miniature-beauty-at-your-fingertips\/\">Kit de inicia\u00e7\u00e3o de bonsai de escolha de plantadores<\/a><\/strong> serve como uma porta de entrada para o mundo do bonsai, oferecendo uma cole\u00e7\u00e3o cuidadosamente selecionada de ferramentas e materiais. Projetado pensando tanto em iniciantes quanto em entusiastas, este kit oferece uma introdu\u00e7\u00e3o perfeita \u00e0 arte do cultivo de bonsai.<\/p>\n<h3 style=\"font-size: 19px\"><strong>Componentes chave:<\/strong><\/h3>\n<ul>\n<li>\n<p><strong>Sele\u00e7\u00e3o de \u00e1rvore de bonsai:<\/strong> O cerne de qualquer jornada de bonsai est\u00e1 na escolha das esp\u00e9cies de \u00e1rvores. O kit inicial de bonsai escolhido pelos plantadores inclui uma sele\u00e7\u00e3o de sementes ou mudas de bonsai, cuidadosamente escolhidas para atender a diferentes prefer\u00eancias e climas.<\/p>\n<\/li>\n<li>\n<p><strong>Vasos de bonsai de qualidade:<\/strong> Recipientes adequados s\u00e3o essenciais para a sa\u00fade e o desenvolvimento das \u00e1rvores bonsai. O kit apresenta vasos de bonsai especialmente projetados que promovem o crescimento ideal das ra\u00edzes e proporcionam uma est\u00e9tica aut\u00eantica.<\/p>\n<\/li>\n<li>\n<p><strong>Solo de envasamento especializado:<\/strong> As \u00e1rvores de bonsai prosperam em misturas de solo bem drenadas. O kit inclui solo de bonsai premium, formulado para garantir uma drenagem adequada, ao mesmo tempo que ret\u00e9m os nutrientes essenciais para um crescimento saud\u00e1vel.<\/p>\n<\/li>\n<li>\n<p><strong>Ferramentas de precis\u00e3o:<\/strong> Tesouras de poda, arame de treinamento e outras ferramentas s\u00e3o indispens\u00e1veis para moldar e treinar \u00e1rvores bonsai. O kit inicial de bonsai escolhido pelos plantadores oferece ferramentas de alta qualidade que capacitam os entusiastas a esculpir suas \u00e1rvores com precis\u00e3o e cuidado.<\/p>\n<\/li>\n<li>\n<p><strong>Material instrucional abrangente:<\/strong> Uma caracter\u00edstica importante do kit inicial de bonsai escolhido pelos plantadores \u00e9 o guia de instru\u00e7\u00f5es detalhado. Este guia desmistifica a arte do bonsai, abordando t\u00f3picos essenciais como rega, poda, fia\u00e7\u00e3o e replantio. Os iniciantes podem navegar nessas t\u00e9cnicas com confian\u00e7a, enquanto os entusiastas experientes podem aprimorar suas habilidades.<\/p>\n<\/li>\n<li>\n<p><strong>Fertilizante para nutri\u00e7\u00e3o:<\/strong> As \u00e1rvores de bonsai requerem nutri\u00e7\u00e3o personalizada para um crescimento ideal. O kit inclui fertilizante espec\u00edfico para bonsai, garantindo que as \u00e1rvores recebam os nutrientes essenciais de que precisam para florescer.<\/p>\n<\/li>\n<\/ul>\n<h3 style=\"font-size: 19px\"><strong>Benef\u00edcios do kit inicial de bonsai da Planters &#039;Choice:<\/strong><\/h3>\n<ul>\n<li>\n<p><strong>Amigo do usu\u00e1rio:<\/strong> Voltado para novatos e entusiastas experientes, o kit inicial de bonsai escolhido pelos plantadores oferece informa\u00e7\u00f5es e ferramentas acess\u00edveis que acomodam v\u00e1rios n\u00edveis de habilidade.<\/p>\n<\/li>\n<li>\n<p><strong>Aprendizagem Abrangente:<\/strong> O guia instrucional detalhado transforma a arte do bonsai de um enigma em uma experi\u00eancia de aprendizagem agrad\u00e1vel, capacitando os indiv\u00edduos a dominar o of\u00edcio.<\/p>\n<\/li>\n<li>\n<p><strong>Express\u00e3o art\u00edstica:<\/strong> O kit permite que os usu\u00e1rios liberem sua criatividade e talento art\u00edstico atrav\u00e9s da modelagem e estilo cuidadosos de suas \u00e1rvores bonsai.<\/p>\n<\/li>\n<li>\n<p><strong>Garantia da Qualidade:<\/strong> A marca Planters&#039; Choice \u00e9 sin\u00f4nimo de qualidade. Os entusiastas podem confiar que os materiais e ferramentas fornecidos foram projetados para oferecer durabilidade e resultados ideais.<\/p>\n<\/li>\n<li>\n<p><strong>Presente ideal:<\/strong> O kit inicial de bonsai Planters Choice \u00e9 um presente atencioso e envolvente para os amantes da natureza, oferecendo uma mistura \u00fanica de relaxamento e express\u00e3o art\u00edstica.<\/p>\n<\/li>\n<\/ul>\n<h3 style=\"font-size: 19px\">Vantagens do kit inicial de bonsai de escolha de plantadores<\/h3>\n<p>O kit para iniciantes de bonsai da Planters Choice \u00e9 uma \u00f3tima maneira para iniciantes come\u00e7arem a arte do bonsai. Algumas das vantagens deste kit incluem:<\/p>\n<p>Pacote completo: O kit vem com tudo o que voc\u00ea precisa para come\u00e7ar a cultivar bonsai, incluindo um vaso de bonsai, solo, tesoura de poda e um guia completo.<\/p>\n<p>Materiais de alta qualidade: Os materiais inclu\u00eddos no kit s\u00e3o de alta qualidade, garantindo que seu bonsai cres\u00e7a saud\u00e1vel e forte.<\/p>\n<p>Versatilidade: O kit \u00e9 vers\u00e1til, o que significa que \u00e9 adequado para uma ampla variedade de esp\u00e9cies de bonsai.<\/p>\n<p>F\u00e1cil de usar: O kit \u00e9 f\u00e1cil de usar e f\u00e1cil de usar, mesmo para iniciantes que n\u00e3o t\u00eam experi\u00eancia anterior no cultivo de bonsai.<\/p>\n<p>\u00d3tima ideia de presente: o kit \u00e9 uma \u00f3tima ideia de presente para entusiastas de bonsai ou qualquer pessoa interessada em jardinagem.<\/p>\n<p>Suporte ao cliente: a marca Planters&#039; Choice oferece excelente suporte ao cliente, o que significa que voc\u00ea pode obter ajuda e aconselhamento sempre que precisar.<\/p>\n<h3 style=\"font-size: 19px\"><strong>Cultivando uma conex\u00e3o com a natureza:<\/strong><\/h3>\n<p>Um dos aspectos mais not\u00e1veis do Kit Inicial de Bonsai Planters Choice \u00e9 sua capacidade de promover uma conex\u00e3o mais profunda com a natureza. \u00c0 medida que os indiv\u00edduos embarcam na jornada de cuidar de suas \u00e1rvores bonsai, eles s\u00e3o convidados a observar os intrincados padr\u00f5es de crescimento, as mudan\u00e7as sutis na folhagem e a rela\u00e7\u00e3o simbi\u00f3tica entre a \u00e1rvore e seu ambiente. Esta experi\u00eancia imersiva incentiva uma maior consci\u00eancia do mundo natural e uma sensa\u00e7\u00e3o de aten\u00e7\u00e3o plena que acompanha a cria\u00e7\u00e3o de um ser vivo.<\/p>\n<h3 style=\"font-size: 19px\"><strong>Uma jornada de paci\u00eancia e reflex\u00e3o:<\/strong><\/h3>\n<p>O cultivo de bonsai n\u00e3o envolve apenas t\u00e9cnicas de horticultura; \u00e9 uma li\u00e7\u00e3o de paci\u00eancia e introspec\u00e7\u00e3o. O desenvolvimento gradual de uma \u00e1rvore bonsai reflete a jornada da pr\u00f3pria vida. \u00c0 medida que os entusiastas podam, aramam e moldam cuidadosamente suas \u00e1rvores ao longo do tempo, eles desenvolvem uma compreens\u00e3o profunda do delicado equil\u00edbrio entre o controle e a permiss\u00e3o da natureza seguir seu curso. Esta forma de arte incentiva a aten\u00e7\u00e3o plena e a aprecia\u00e7\u00e3o da beleza encontrada na passagem do tempo.<\/p>\n<h3 style=\"font-size: 19px\"><strong>Express\u00e3o Personalizada:<\/strong><\/h3>\n<p>O Planters Choice Bonsai Starter Kit serve como uma tela para express\u00e3o pessoal. Assim como os artistas pintam suas emo\u00e7\u00f5es em uma tela, os entusiastas do bonsai esculpem suas vis\u00f5es na forma f\u00edsica de suas \u00e1rvores. O kit fornece as ferramentas e o conhecimento necess\u00e1rios para transformar uma \u00e1rvore comum em uma obra de arte viva, refletindo de forma \u00fanica o toque criativo do indiv\u00edduo.<\/p>\n<h3 style=\"font-size: 19px\"><strong>Construindo uma habilidade para toda a vida:<\/strong><\/h3>\n<p>O cultivo de bonsai \u00e9 uma habilidade que cresce com o tempo, assim como as pr\u00f3prias \u00e1rvores. Com a orienta\u00e7\u00e3o oferecida pelo Planters Choice Bonsai Starter Kit, os iniciantes podem embarcar em uma jornada gratificante de melhoria cont\u00ednua. \u00c0 medida que ganham experi\u00eancia, eles podem experimentar t\u00e9cnicas avan\u00e7adas, explorar diferentes esp\u00e9cies de \u00e1rvores e desenvolver seus pr\u00f3prios estilos exclusivos.<\/p>\n<h3 style=\"font-size: 19px\"><strong>Um legado duradouro:<\/strong><\/h3>\n<p>As \u00e1rvores de bonsai t\u00eam um legado duradouro que transcende gera\u00e7\u00f5es. A forma de arte tem suas ra\u00edzes em tradi\u00e7\u00f5es antigas e foi transmitida atrav\u00e9s das culturas durante s\u00e9culos. Ao cultivar \u00e1rvores bonsai, os entusiastas tornam-se parte deste legado, contribuindo com seus pr\u00f3prios cap\u00edtulos \u00fanicos para a narrativa cont\u00ednua da arte do bonsai.<\/p>\n<p>O kit inicial de Bonsai Planters Choice abre as portas para um mundo cativante de arte hort\u00edcola. Com seus componentes meticulosamente escolhidos, recursos educacionais e abordagem f\u00e1cil de usar, ele capacita os indiv\u00edduos a embarcarem em uma jornada de cultivo de bonsai. Quer voc\u00ea seja um novato com curiosidade por plantas ou um jardineiro experiente em busca de um novo desafio, este kit oferece as ferramentas e o conhecimento para nutrir e moldar sua pr\u00f3pria obra-prima de bonsai.<\/p>","protected":false},"excerpt":{"rendered":"<p>Kit de \u00e1rvore de bonsai cultivado em casa - kit inicial de \u00e1rvore de bonsai premium - 4 variedades de sementes: bordo japon\u00eas, figo sagrado, jap. Privet, Cotoneaster \u2013 Cultive suas pr\u00f3prias \u00e1rvores de bonsai \u2013 Presentes de dia dos pais para jardineiros<\/p>\n<p>O Planters Choice Bonsai Starter Kit \u00e9 um conjunto que inclui tudo o que \u00e9 necess\u00e1rio para cultivar e cuidar de uma \u00e1rvore de bonsai. Inclui quatro tipos de sementes, vasos biodegrad\u00e1veis, discos de solo, tesouras de poda e um manual de instru\u00e7\u00f5es com dicas de como cultivar e manter um bonsai saud\u00e1vel.<\/p><\/p>","protected":false},"featured_media":18041,"comment_status":"closed","ping_status":"closed","template":"","meta":[],"product_cat":[40],"product_tag":[104,214,41,103,215,45,846,852,844,848],"acf":[],"_links":{"self":[{"href":"https:\/\/www.garden-kit.com\/pt\/wp-json\/wp\/v2\/product\/1438"}],"collection":[{"href":"https:\/\/www.garden-kit.com\/pt\/wp-json\/wp\/v2\/product"}],"about":[{"href":"https:\/\/www.garden-kit.com\/pt\/wp-json\/wp\/v2\/types\/product"}],"replies":[{"embeddable":true,"href":"https:\/\/www.garden-kit.com\/pt\/wp-json\/wp\/v2\/comments?post=1438"}],"wp:featuredmedia":[{"embeddable":true,"href":"https:\/\/www.garden-kit.com\/pt\/wp-json\/wp\/v2\/media\/18041"}],"wp:attachment":[{"href":"https:\/\/www.garden-kit.com\/pt\/wp-json\/wp\/v2\/media?parent=1438"}],"wp:term":[{"taxonomy":"product_cat","embeddable":true,"href":"https:\/\/www.garden-kit.com\/pt\/wp-json\/wp\/v2\/product_cat?post=1438"},{"taxonomy":"product_tag","embeddable":true,"href":"https:\/\/www.garden-kit.com\/pt\/wp-json\/wp\/v2\/product_tag?post=1438"}],"curies":[{"name":"wp","href":"https:\/\/api.w.org\/{rel}","templated":true}]}}