{"id":1444,"date":"2022-08-23T23:34:22","date_gmt":"2022-08-23T15:34:22","guid":{"rendered":"http:\/\/www.garden-kit.com\/product\/bonsai-tree-seed-starter-kit\/"},"modified":"2024-03-07T10:17:55","modified_gmt":"2024-03-07T02:17:55","slug":"bonsai-tree-seed-starter-kit","status":"publish","type":"product","link":"https:\/\/www.garden-kit.com\/pt\/product\/bonsai-tree-seed-starter-kit\/","title":{"rendered":"Kit inicial de sementes de bonsai"},"content":{"rendered":"<h3 style=\"line-height: 1.5;font-size: 19px\"><span style=\"color: #000000;font-family: 'PingFang SC', 'Microsoft YaHei', sans-serif\"><strong><strong>Vis\u00e3o geral<\/strong><\/strong><\/span><\/h3>\n<table style=\"border-collapse: collapse;width: 100%;height: 168px\">\n<tbody>\n<tr style=\"height: 21px\">\n<td width=\"298\" style=\"height: 21px\"><span style=\"color: #000000;font-family: 'PingFang SC', 'Microsoft YaHei', sans-serif\">Instru\u00e7\u00f5es de cuidados com o produto<\/span><\/td>\n<td width=\"298\" style=\"height: 21px\"><span style=\"color: #000000;font-family: 'PingFang SC', 'Microsoft YaHei', sans-serif\">Dispon\u00edvel<\/span><\/td>\n<\/tr>\n<tr style=\"height: 21px\">\n<td width=\"298\" style=\"height: 21px\"><span style=\"color: #000000;font-family: 'PingFang SC', 'Microsoft YaHei', sans-serif\">Tipo de produto vegetal<\/span><\/td>\n<td width=\"298\" style=\"height: 21px\"><span style=\"color: #000000;font-family: 'PingFang SC', 'Microsoft YaHei', sans-serif\">\u00c1rvore bonsai<\/span><\/td>\n<\/tr>\n<tr style=\"height: 21px\">\n<td width=\"298\" style=\"height: 21px\"><span style=\"color: #000000;font-family: 'PingFang SC', 'Microsoft YaHei', sans-serif\">Caracter\u00edstica especial<\/span><\/td>\n<td width=\"298\" style=\"height: 21px\"><span style=\"color: #000000;font-family: 'PingFang SC', 'Microsoft YaHei', sans-serif\">Cultivo interno-externo<\/span><\/td>\n<\/tr>\n<tr style=\"height: 21px\">\n<td width=\"298\" style=\"height: 21px\"><span style=\"color: #000000;font-family: 'PingFang SC', 'Microsoft YaHei', sans-serif\">Marca<\/span><\/td>\n<td width=\"298\" style=\"height: 21px\"><span style=\"color: #000000;font-family: 'PingFang SC', 'Microsoft YaHei', sans-serif\">kit jardim<\/span><\/td>\n<\/tr>\n<tr style=\"height: 21px\">\n<td width=\"298\" style=\"height: 21px\"><span style=\"color: #000000;font-family: 'PingFang SC', 'Microsoft YaHei', sans-serif\">Lugar de origem<\/span><\/td>\n<td width=\"298\" style=\"height: 21px\"><span style=\"color: #000000;font-family: 'PingFang SC', 'Microsoft YaHei', sans-serif\">Fujian, China<\/span><\/td>\n<\/tr>\n<tr style=\"height: 21px\">\n<td width=\"298\" style=\"height: 21px\"><span style=\"color: #000000;font-family: 'PingFang SC', 'Microsoft YaHei', sans-serif\">ODM\/OEM<\/span><\/td>\n<td width=\"298\" style=\"height: 21px\"><span style=\"color: #000000;font-family: 'PingFang SC', 'Microsoft YaHei', sans-serif\">Dispon\u00edvel<\/span><\/td>\n<\/tr>\n<tr style=\"height: 21px\">\n<td width=\"298\" style=\"height: 21px\"><span style=\"color: #000000;font-family: 'PingFang SC', 'Microsoft YaHei', sans-serif\">MOQ para pedido personalizado<\/span><\/td>\n<td width=\"298\" style=\"height: 21px\"><span style=\"color: #000000;font-family: 'PingFang SC', 'Microsoft YaHei', sans-serif\">3000 unidades<\/span><\/td>\n<\/tr>\n<tr style=\"height: 21px\">\n<td width=\"298\" style=\"height: 21px\"><span style=\"color: #000000;font-family: 'PingFang SC', 'Microsoft YaHei', sans-serif\">Custo da amostra<\/span><\/td>\n<td width=\"298\" style=\"height: 21px\"><span style=\"color: #000000;font-family: 'PingFang SC', 'Microsoft YaHei', sans-serif\">US$400\/Sample, retorno completo ap\u00f3s o pedido de n\u00f3s<\/span><\/td>\n<\/tr>\n<\/tbody>\n<\/table>\n<p style=\"line-height: 1.5\">\n<p style=\"line-height: 1.5\"><span style=\"color: #000000;font-family: 'PingFang SC', 'Microsoft YaHei', sans-serif\">Kit de cultivo de bonsai preparado com 18 pe\u00e7as: \u00c9 f\u00e1cil - n\u00f3s eliminamos as d\u00favidas sobre o cultivo de uma \u00e1rvore bonsai a partir de sementes, guiando-o em cada passo do caminho. Tudo o que precisa para trazer a alegria do bonsai para a sua vida ou para a vida do seu ente querido est\u00e1 numa bonita caixa de oferta. Plante-o!<\/span><\/p>\n<p style=\"line-height: 1.5\"><span style=\"font-family: 'PingFang SC', 'Microsoft YaHei', sans-serif\">&nbsp;<\/span><\/p>\n<h3 style=\"line-height: 1.5;font-size: 19px\"><span style=\"color: #000000;font-family: 'PingFang SC', 'Microsoft YaHei', sans-serif\"><strong><strong>O kit inclui os seguintes elementos<\/strong><\/strong><\/span><\/h3>\n<p style=\"line-height: 1.5\"><span style=\"color: #000000;font-family: 'PingFang SC', 'Microsoft YaHei', sans-serif\">4 potes de cer\u00e2mica<\/span><\/p>\n<p style=\"line-height: 1.5\"><span style=\"color: #000000;font-family: 'PingFang SC', 'Microsoft YaHei', sans-serif\">4 bandejas de \u00e1gua de bambu<\/span><\/p>\n<p style=\"line-height: 1.5\"><span style=\"color: #000000;font-family: 'PingFang SC', 'Microsoft YaHei', sans-serif\">4 discos de solo pr\u00e9-fertilizados<\/span><\/p>\n<p style=\"line-height: 1.5\"><span style=\"color: #000000;font-family: 'PingFang SC', 'Microsoft YaHei', sans-serif\">4 pacotes de sementes frescas<\/span><\/p>\n<p style=\"line-height: 1.5\"><span style=\"color: #000000;font-family: 'PingFang SC', 'Microsoft YaHei', sans-serif\">4 marcadores de plantas de bambu<\/span><\/p>\n<p style=\"line-height: 1.5\"><span style=\"color: #000000;font-family: 'PingFang SC', 'Microsoft YaHei', sans-serif\">1 pacote de nutri\u00e7\u00e3o<\/span><\/p>\n<p style=\"line-height: 1.5\"><span style=\"color: #000000;font-family: 'PingFang SC', 'Microsoft YaHei', sans-serif\">instru\u00e7\u00f5es passo a passo<\/span><\/p>\n<p style=\"line-height: 1.5\"><span style=\"color: #000000;font-family: 'PingFang SC', 'Microsoft YaHei', sans-serif\">Bonsai bonitos e f\u00e1ceis de cultivar: Ao escolher um bonsai, faz sentido escolher a \u00e1rvore mais bonita, n\u00e3o \u00e9? \u00c9 por isso que s\u00f3 escolhemos as \u00e1rvores mais coloridas para os nossos kits de cultivo de sementes de bonsai. Desfrute e acarinhe estes vermelhos ardentes, roxos deliciosos e verdes arom\u00e1ticos em sua casa.<\/span><\/p>\n<p style=\"line-height: 1.5\"><span style=\"font-family: 'PingFang SC', 'Microsoft YaHei', sans-serif;font-size: 16px\"><span style=\"color: #000000\">N\u00e3o \u00e9 necess\u00e1rio um polegar verde. O seu Bonsai Starter Kit \u00e9 fornecido com quatro variedades de sementes:<\/span><\/span><\/p>\n<p style=\"line-height: 1.5\"><span style=\"font-family: 'PingFang SC', 'Microsoft YaHei', sans-serif;font-size: 16px\"><span style=\"color: #000000\">&nbsp; &nbsp; &nbsp; Cotoneaster de pulveriza\u00e7\u00e3o de rocha (Cotoneaster Horizontalis): O Cotoneaster horizontalis \u00e9 uma esp\u00e9cie de planta com flor do g\u00e9nero Cotoneaster da fam\u00edlia Rosaceae.<\/span><\/span><\/p>\n<p style=\"line-height: 1.5\"><span style=\"font-family: 'PingFang SC', 'Microsoft YaHei', sans-serif;font-size: 16px\"><span style=\"color: #000000\">Figo Sagrado (Ficus Religiosa): Ficus religiosa, ou figo sagrado, \u00e9 uma esp\u00e9cie de figo nativo do subcontinente indiano e da Indochina que pertence \u00e0 Moraceae, a fam\u00edlia dos figos ou das amoreiras. Tamb\u00e9m \u00e9 conhecida como \u00e1rvore bodhi, \u00e1rvore pippala, \u00e1rvore peepul, \u00e1rvore peepal, \u00e1rvore pipal ou \u00e1rvore ashvattha (na \u00cdndia e no Nepal). <\/span><\/span><\/p>\n<p style=\"line-height: 1.5\"><span style=\"font-family: 'PingFang SC', 'Microsoft YaHei', sans-serif;font-size: 16px\"><span style=\"color: #000000\">&nbsp; &nbsp; &nbsp; Bordo Japon\u00eas (Acer Palmatum) \u2013 Acer palmatum, comumente conhecido como bordo japon\u00eas, bordo palmado ou bordo japon\u00eas liso (japon\u00eas: irohamomiji, \u30a4\u30ed\u30cf\u30e2\u30df\u30b8, ou Momiji, (\u6834), \u00e9 uma esp\u00e9cie de planta lenhosa nativa do Jap\u00e3o, Cor\u00e9ia, China , leste da Mong\u00f3lia e sudeste da R\u00fassia. <\/span><\/span><\/p>\n<p style=\"line-height: 1.5\"><span style=\"font-family: 'PingFang SC', 'Microsoft YaHei', sans-serif;font-size: 16px\"><span style=\"color: #000000\">&nbsp; &nbsp; &nbsp; Privet Japon\u00eas (Ligustrum Japonicum) - Ligustrum japonicum, conhecido como ligustro de folha de cera ou alfeneiro japon\u00eas (japon\u00eas: \u30cd\u30ba\u30df\u30e2\u30c1) \u00e9 uma esp\u00e9cie de Ligustrum (privet) nativa do centro e sul do Jap\u00e3o (Honsh\u016b, Shikoku, Ky\u016bsh\u016b, Okinawa) e Cor\u00e9ia. . Cada semente est\u00e1 fresca e pronta para germinar. Como voc\u00ea sabe, \u00e0s vezes as mudas t\u00eam um dia ruim, ent\u00e3o inclu\u00edmos extras!&nbsp;<\/span><\/span><\/p>\n<p style=\"line-height: 1.5\"><span style=\"font-family: 'PingFang SC', 'Microsoft YaHei', sans-serif\">&nbsp;<\/span><\/p>\n<p style=\"line-height: 1.5\"><span style=\"color: #000000;font-family: 'PingFang SC', 'Microsoft YaHei', sans-serif\">Tudo em um, incluindo acess\u00f3rios: O seu kit de crescimento de plantas para bonsai inclui: (4) Plantador dur\u00e1vel; (5) Bandeja de gotejamento; (4) Marcadores de madeira para plantas; (3) Solo de turfa; (1) Pacote de fertilizante para bonsai; e (1) Instru\u00e7\u00f5es. Tamb\u00e9m lhe oferecemos o nosso guia digital, para que n\u00e3o tenha de procurar na Internet por dicas e cuidados profissionais.<\/span><\/p>\n<p style=\"line-height: 1.5\"><span style=\"color: #000000;font-family: 'PingFang SC', 'Microsoft YaHei', sans-serif\">Sementes americanas: Os kits de jardim interior Homegrown s\u00e3o fabricados nos Estados Unidos, com sementes e turfa n\u00e3o geneticamente modificadas, e acabados com vasos duradouros. Este \u00e9 um presente bonito, mas tamb\u00e9m \u00e9 o presente perfeito para os amantes de plantas que se preocupam com o planeta e para ensinar \u00e0s crian\u00e7as a beleza crua da natureza!<\/span><\/p>\n<p style=\"line-height: 1.5\"><span style=\"color: #000000;font-family: 'PingFang SC', 'Microsoft YaHei', sans-serif\">Um presente atencioso: adore o conjunto de plantas de mini bonsai cultivadas em casa com a sua beleza espantosa, a decora\u00e7\u00e3o colorida das plantas e a facilidade de utiliza\u00e7\u00e3o, ou substituiremos todo o seu kit de plantas ou reembolsaremos cada c\u00eantimo. Plante \u00e1rvores bonsai no interior ou no exterior (siga o nosso guia) e vai adorar os resultados. Experimente agora!<\/span><\/p>\n<p style=\"line-height: 1.5\"><span style=\"color: #000000;font-family: 'PingFang SC', 'Microsoft YaHei', sans-serif\"><\/span><\/p>\n<p style=\"line-height: 1.5\"><span style=\"color: #000000;font-family: 'PingFang SC', 'Microsoft YaHei', sans-serif\">Est\u00e1 cansado das suas plantas velhas e aborrecidas? Quer mudar as coisas e acrescentar um pouco de zen \u00e0 sua vida? N\u00e3o procure mais do que a <strong><a href=\"https:\/\/www.garden-kit.com\/pt\/product\/bonsai-tree-seed-starter-kit\/\">kit inicial de sementes de bonsai<\/a><\/strong>! \u00c9 isso mesmo, tamb\u00e9m pode ter uma pequena \u00e1rvore que requer horas de cuidados e aten\u00e7\u00e3o. Mas n\u00e3o se preocupe, com o kit inicial de sementes para \u00e1rvores bonsai, \u00e9 muito f\u00e1cil! Basta seguir as instru\u00e7\u00f5es e ter\u00e1 uma mini obra-prima num instante. E se se sentir realmente aventureiro, tente moldar o seu bonsai num design \u00fanico, como uma girafa em miniatura ou uma pequena Torre Eiffel. N\u00e3o s\u00f3 a sua nova \u00e1rvore bonsai trar\u00e1 alguma vegeta\u00e7\u00e3o muito necess\u00e1ria para o seu espa\u00e7o, como tamb\u00e9m ser\u00e1 um in\u00edcio de conversa. Imagine a cara dos seus convidados quando virem a sua \u00e1rvore em miniatura e perguntarem: \"Isso \u00e9 uma \u00e1rvore verdadeira?\" Pode ent\u00e3o responder com orgulho: \"Sim, \u00e9. E eu pr\u00f3prio a cultivei com o meu kit de sementes de bonsai\". E n\u00e3o nos esque\u00e7amos dos benef\u00edcios adicionais de ter uma \u00e1rvore de bonsai. Precisa de desestressar depois de um longo dia? Basta sentar-se ao lado da sua pequena \u00e1rvore e respirar as vibra\u00e7\u00f5es calmantes. Al\u00e9m disso, cuidar do seu bonsai pode ser uma \u00f3ptima maneira de praticar a aten\u00e7\u00e3o plena e viver o momento presente. Ent\u00e3o, de que est\u00e1 \u00e0 espera? Compre um kit inicial de sementes de bonsai e comece a sua viagem ao mundo das \u00e1rvores em miniatura. Quem sabe, talvez um dia se torne um mestre bonsai e tenha uma floresta inteira de pequenas \u00e1rvores em sua casa. As possibilidades s\u00e3o infinitas com o kit inicial de sementes de \u00e1rvore bonsai!<\/span><\/p>\n<h3 style=\"font-size: 19px\">Precau\u00e7\u00f5es para usar o kit inicial de sementes de bonsai<\/h3>\n<p>Aqui est\u00e3o algumas precau\u00e7\u00f5es a ter em mente ao usar um kit inicial de sementes de bonsai:<\/p>\n<ol style=\"list-style-type: decimal\">\n<li>\n<p>Leia atentamente as instru\u00e7\u00f5es antes de come\u00e7ar: certifique-se de entender todas as etapas e materiais necess\u00e1rios antes de come\u00e7ar a plantar.<\/p>\n<\/li>\n<li>\n<p>Use o solo e o recipiente certos: as \u00e1rvores de bonsai requerem requisitos espec\u00edficos de solo e recipiente para prosperar. Certifique-se de usar o tipo certo de solo e recipiente recomendado para o seu tipo espec\u00edfico de bonsai.<\/p>\n<\/li>\n<li>\n<p>Evite o excesso de \u00e1gua: o excesso de \u00e1gua pode causar podrid\u00e3o nas ra\u00edzes, o que pode matar seu bonsai. Certifique-se de seguir as instru\u00e7\u00f5es sobre a frequ\u00eancia de rega e n\u00e3o regue sua \u00e1rvore com muita frequ\u00eancia.<\/p>\n<\/li>\n<li>\n<p>Forne\u00e7a luz solar adequada: as \u00e1rvores de bonsai requerem luz solar suficiente para crescer e prosperar. Certifique-se de colocar sua \u00e1rvore em uma \u00e1rea que receba a quantidade recomendada de luz solar com base no tipo espec\u00edfico de bonsai.<\/p>\n<\/li>\n<li>\n<p>Seja paciente: Cultivar um bonsai a partir de sementes leva tempo e paci\u00eancia. N\u00e3o fique frustrado se n\u00e3o vir resultados imediatamente. Siga as instru\u00e7\u00f5es e seja paciente com o processo.<\/p>\n<\/li>\n<\/ol>\n<h3 style=\"font-size: 19px\">Quem \u00e9 adequado para o kit inicial de sementes de bonsai<\/h3>\n<p>Qualquer pessoa que tenha interesse em cultivar plantas e queira tentar cultivar uma \u00e1rvore de bonsai pode ser adequada para um kit de sementes de bonsai. Esses kits geralmente s\u00e3o projetados para iniciantes e podem ser uma \u00f3tima maneira de come\u00e7ar a aprender sobre bonsai e seus requisitos exclusivos de cultivo.<\/p>\n<p>No entanto, \u00e9 importante ter em mente que o cultivo de bonsai requer paci\u00eancia, aten\u00e7\u00e3o aos detalhes e vontade de aprender. Se voc\u00ea n\u00e3o est\u00e1 disposto a dedicar o tempo e o esfor\u00e7o necess\u00e1rios para cuidar do seu bonsai, um kit inicial de sementes de bonsai pode n\u00e3o ser a melhor op\u00e7\u00e3o para voc\u00ea.<\/p>\n<p>Al\u00e9m disso, cultivar \u00e1rvores de bonsai pode n\u00e3o ser adequado para pessoas com alergias ou problemas respirat\u00f3rios, pois algumas pessoas podem ser sens\u00edveis a certos tipos de solo, plantas ou fertilizantes usados no processo.<\/p>\n<p>No geral, qualquer pessoa que esteja disposta a aprender, paciente e comprometida em cuidar de sua \u00e1rvore de bonsai pode se beneficiar do uso de um kit inicial de sementes de bonsai.<\/p>\n<h3 style=\"font-size: 19px\">Caracter\u00edsticas do kit de sementes de bonsai<\/h3>\n<p>Um kit inicial de sementes de bonsai geralmente inclui os seguintes recursos:<\/p>\n<ol>\n<li>Sementes: O kit inclui sementes de um determinado tipo de esp\u00e9cie de bonsai.<\/li>\n<li>Solo: O kit inclui solo de alta qualidade especialmente formulado para fornecer os nutrientes necess\u00e1rios e suporte para o crescimento do bonsai.<\/li>\n<li>Recipiente: O kit inclui um pequeno recipiente ou vaso adequado para o cultivo do bonsai.<\/li>\n<li>Instru\u00e7\u00f5es: O kit vem com instru\u00e7\u00f5es detalhadas que o orientam no processo de plantio e cultivo do bonsai.<\/li>\n<li>Ferramentas: Alguns kits podem incluir ferramentas como tesouras de poda, um pequeno ancinho e um regador.<\/li>\n<li>Fertilizante: Alguns kits tamb\u00e9m podem incluir uma pequena quantidade de fertilizante para ajudar o bonsai a crescer forte e saud\u00e1vel.<\/li>\n<li>Suporte: Alguns kits podem vir com suporte cont\u00ednuo e conselhos do fabricante ou vendedor para ajud\u00e1-lo a cuidar do seu bonsai \u00e0 medida que ele cresce.<\/li>\n<\/ol>\n<h3 style=\"font-size: 19px\">O kit inicial de sementes de bonsai pode ser cultivado em ambientes internos ou externos?<\/h3>\n<p>Se um&nbsp;<a>\u00e1rvore bonsai<\/a>&nbsp;cultivado a partir de um kit inicial de sementes pode ser mantido em ambientes fechados ou ao ar livre depender\u00e1 do tipo espec\u00edfico de bonsai e das condi\u00e7\u00f5es de crescimento que ele requer.<\/p>\n<p>Alguns&nbsp;<a>kit inicial de sementes de bonsai<\/a>&nbsp;preferem ser cultivadas ao ar livre em pleno sol, enquanto outras podem ser mantidas em ambientes fechados com luz moderada a forte. \u00c1rvores bonsai de interior podem exigir&nbsp;<a>fontes de luz<\/a>, como crescer luzes, para prosperar.<\/p>\n<p>\u00c9 importante pesquisar o tipo espec\u00edfico de bonsai que voc\u00ea est\u00e1 cultivando e suas condi\u00e7\u00f5es de cultivo preferidas. Algumas \u00e1rvores de bonsai podem exigir um per\u00edodo de tempo ao ar livre para prosperar, enquanto outras podem ser mantidas dentro de casa o ano todo.<\/p>\n<p>Al\u00e9m disso, \u00e9 importante considerar o clima e&nbsp;<a>condi\u00e7\u00f5es do tempo<\/a>&nbsp;Na sua \u00e1rea. Os bonsais externos devem ser capazes de suportar as condi\u00e7\u00f5es clim\u00e1ticas locais, incluindo flutua\u00e7\u00f5es de temperatura e umidade, enquanto os bonsais internos podem exigir cuidados adicionais para manter os n\u00edveis de umidade adequados.<\/p>\n<p>No geral, se uma \u00e1rvore de bonsai cultivada a partir de um kit inicial de sementes pode ser mantida em ambientes fechados ou ao ar livre, depender\u00e1 do tipo espec\u00edfico de \u00e1rvore e das condi\u00e7\u00f5es de cultivo que ela requer. \u00c9 importante pesquisar e entender as necessidades espec\u00edficas do seu bonsai para garantir sua sa\u00fade e crescimento.<\/p>\n<h3 style=\"font-size: 19px\">Quanto tempo leva para um kit inicial de sementes de bonsai crescer a partir de uma semente?<\/h3>\n<p>O tempo que leva para um&nbsp;<a>\u00e1rvore bonsai<\/a> kit inicial de sementes para crescer a partir de uma semente pode variar dependendo do tipo espec\u00edfico de bonsai e das condi\u00e7\u00f5es de cultivo. Geralmente, pode levar v\u00e1rios anos para um bonsai atingir a maturidade e desenvolver as caracter\u00edsticas desejadas.<\/p>\n<p>\u00c9 importante observar que cultivar um bonsai a partir de sementes pode ser um processo lento e paciente e requer cuidado e aten\u00e7\u00e3o consistentes.&nbsp;<a>\u00c1rvores de bonsai<\/a>&nbsp;requerem poda, modelagem e treinamento regulares para alcan\u00e7ar a est\u00e9tica desejada.<\/p>\n<p>Alguns&nbsp;<a>esp\u00e9cie de bonsai<\/a>&nbsp;pode levar mais tempo para crescer do que outros. Por exemplo, um&nbsp;<a>Pinheiro preto japon\u00eas bonsai<\/a>&nbsp;pode levar at\u00e9 5-7 anos para crescer a partir da semente, enquanto um&nbsp;<a>Olmo chin\u00eas bonsai<\/a>&nbsp;pode levar de 2 a 3 anos.<\/p>\n<p>\u00c9 importante pesquisar o tipo espec\u00edfico de bonsai que voc\u00ea est\u00e1 cultivando e sua taxa de crescimento esperada para entender quanto tempo pode levar para atingir a maturidade. Al\u00e9m disso, \u00e9 importante fornecer as condi\u00e7\u00f5es de crescimento adequadas, como solo, luz e \u00e1gua apropriados, para garantir que o bonsai cres\u00e7a e prospere.<\/p>\n<h3 style=\"font-size: 19px\">Como voc\u00ea cuida de um kit inicial de sementes de bonsai?<\/h3>\n<p>Cuidar de um&nbsp;<a>\u00e1rvore bonsai<\/a>&nbsp;cultivada com um kit inicial de sementes \u00e9 importante para garantir sua sa\u00fade e crescimento. Aqui est\u00e3o algumas dicas para cuidar de um bonsai cultivado com um kit inicial de sementes:<\/p>\n<ol style=\"list-style-type: decimal\">\n<li>\n<p>Rega:&nbsp;<a>Kit inicial de sementes de bonsai<\/a>&nbsp;requerem rega regular, mas tome cuidado para n\u00e3o regar demais ou submergir a \u00e1rvore. Verifique o solo com frequ\u00eancia e regue conforme necess\u00e1rio.<\/p>\n<\/li>\n<li>\n<p>Solo: As \u00e1rvores de bonsai requerem uma mistura de solo bem drenada que permita a circula\u00e7\u00e3o adequada de \u00e1gua e ar. Use uma mistura de solo apropriada para o tipo espec\u00edfico de bonsai que voc\u00ea est\u00e1 cultivando.<\/p>\n<\/li>\n<li>\n<p>Luz: A maioria das \u00e1rvores de bonsai requer luz solar adequada para crescer, ent\u00e3o coloque a \u00e1rvore em um local que receba luz solar apropriada para o tipo espec\u00edfico de \u00e1rvore. No entanto, tome cuidado para n\u00e3o expor a \u00e1rvore \u00e0 luz direta do sol, pois isso pode causar queimaduras solares ou ressecamento da folhagem.<\/p>\n<\/li>\n<li>\n<p>Temperatura: Mantenha o bonsai em um local com temperatura consistente. Evite colocar a \u00e1rvore em \u00e1reas com temperaturas extremas ou flutua\u00e7\u00f5es de temperatura.<\/p>\n<\/li>\n<li>\n<p>Fertilizante: O kit inicial de sementes de bonsai requer fertiliza\u00e7\u00e3o regular para fornecer os nutrientes necess\u00e1rios para o crescimento. Use um fertilizante apropriado para o tipo espec\u00edfico de bonsai que voc\u00ea est\u00e1 cultivando.<\/p>\n<\/li>\n<li>\n<p>Poda: \u00c0 medida que o bonsai cresce, requer poda regular para manter sua forma e promover um crescimento saud\u00e1vel. Podar a \u00e1rvore regularmente para remover qualquer morto ou&nbsp;<a>ramos doentes<\/a>, e para moldar a \u00e1rvore conforme desejado.<\/p>\n<\/li>\n<li>\n<p>Repotting: As \u00e1rvores de bonsai requerem repotting peri\u00f3dico para manter o crescimento saud\u00e1vel das ra\u00edzes. Replante a \u00e1rvore a cada 1-2 anos, ou conforme necess\u00e1rio, usando uma mistura de solo apropriada para o tipo espec\u00edfico de bonsai.<\/p>\n<\/li>\n<\/ol>\n<p>Seguindo essas dicas, voc\u00ea pode cuidar de um bonsai cultivado com um kit inicial de sementes e garantir sua sa\u00fade e crescimento. \u00c9 importante pesquisar o tipo espec\u00edfico de bonsai que voc\u00ea est\u00e1 cultivando para obter dicas adicionais de cuidados e seguir as instru\u00e7\u00f5es inclu\u00eddas no kit inicial de sementes.<\/p>\n<div>\n<div>\n<div>\n<div>\n<div>\n<h3 style=\"font-size: 19px\">O kit inicial de sementes de bonsai \u00e9 adequado para crian\u00e7as<\/h3>\n<\/div>\n<\/div>\n<\/div>\n<\/div>\n<\/div>\n<p>A semente da \u00e1rvore de bonsai pode ser adequada para crian\u00e7as, mas \u00e9 importante escolher um kit apropriado para sua idade e n\u00edvel de habilidade. Alguns kits de sementes de bonsai podem ser mais complexos e exigir mais cuidado e aten\u00e7\u00e3o do que outros, o que pode n\u00e3o ser adequado para crian\u00e7as menores.<\/p>\n<p>No entanto, existem muitos kits iniciais de sementes de bonsai dispon\u00edveis que s\u00e3o projetados especificamente para crian\u00e7as e s\u00e3o f\u00e1ceis de usar. Esses kits podem incluir instru\u00e7\u00f5es mais simples, \u00e1rvores ou mudas menores e podem ser mais tolerantes com erros. Eles podem ser uma \u00f3tima maneira de apresentar \u00e0s crian\u00e7as as alegrias da jardinagem e ensin\u00e1-las sobre a import\u00e2ncia de cuidar dos seres vivos.<\/p>\n<p>Ao escolher um&nbsp;<a>semente de bonsai<\/a>&nbsp;para as crian\u00e7as, \u00e9 importante considerar sua idade, n\u00edvel de habilidade e interesse em jardinagem. Tamb\u00e9m \u00e9 importante supervisionar as crian\u00e7as durante o processo de plantio e cuidado para garantir sua seguran\u00e7a e a sa\u00fade do&nbsp;<a>\u00e1rvore bonsai<\/a>. Geral,&nbsp;<a>kits iniciais de sementes de bonsai<\/a>&nbsp;pode ser uma atividade divertida e educativa para as crian\u00e7as, mas \u00e9 importante escolher um kit adequado \u00e0 sua idade e n\u00edvel de habilidade.<\/p>","protected":false},"excerpt":{"rendered":"<p>Kit inicial de \u00e1rvore bonsai Premium: 4 variedades de sementes: Bordo Japon\u00eas, Figueira Sagrada, Alfeneiro Japon\u00eas e Cotoneaster; cultive as suas pr\u00f3prias \u00e1rvores de bonsai<\/p>\n<p>Um kit inicial de sementes de \u00e1rvore bonsai cont\u00e9m normalmente todos os materiais necess\u00e1rios para cultivar \u00e1rvores bonsai a partir de sementes. Estes kits incluem normalmente um pequeno recipiente ou vaso para plantar, terra, sementes e, por vezes, fertilizante, bem como instru\u00e7\u00f5es de cuidados. Os kits de sementes de bonsai s\u00e3o muitas vezes concebidos para principiantes e podem ser uma \u00f3ptima maneira de come\u00e7ar a cultivar as suas pr\u00f3prias \u00e1rvores de bonsai. O kit fornecer\u00e1 normalmente um tipo espec\u00edfico de sementes de bonsai, como o \u00e1cer japon\u00eas, o pinheiro ou o zimbro, para que possa escolher a \u00e1rvore que melhor se adapta \u00e0s suas prefer\u00eancias.<\/p><\/p>","protected":false},"featured_media":17928,"comment_status":"closed","ping_status":"closed","template":"","meta":[],"product_cat":[40],"product_tag":[48,42,102,103,46,725,721,722,724,723],"acf":[],"_links":{"self":[{"href":"https:\/\/www.garden-kit.com\/pt\/wp-json\/wp\/v2\/product\/1444"}],"collection":[{"href":"https:\/\/www.garden-kit.com\/pt\/wp-json\/wp\/v2\/product"}],"about":[{"href":"https:\/\/www.garden-kit.com\/pt\/wp-json\/wp\/v2\/types\/product"}],"replies":[{"embeddable":true,"href":"https:\/\/www.garden-kit.com\/pt\/wp-json\/wp\/v2\/comments?post=1444"}],"wp:featuredmedia":[{"embeddable":true,"href":"https:\/\/www.garden-kit.com\/pt\/wp-json\/wp\/v2\/media\/17928"}],"wp:attachment":[{"href":"https:\/\/www.garden-kit.com\/pt\/wp-json\/wp\/v2\/media?parent=1444"}],"wp:term":[{"taxonomy":"product_cat","embeddable":true,"href":"https:\/\/www.garden-kit.com\/pt\/wp-json\/wp\/v2\/product_cat?post=1444"},{"taxonomy":"product_tag","embeddable":true,"href":"https:\/\/www.garden-kit.com\/pt\/wp-json\/wp\/v2\/product_tag?post=1444"}],"curies":[{"name":"wp","href":"https:\/\/api.w.org\/{rel}","templated":true}]}}