{"id":1467,"date":"2022-08-23T23:36:38","date_gmt":"2022-08-23T15:36:38","guid":{"rendered":"http:\/\/www.garden-kit.com\/product\/easy-bonsai-starter-kit\/"},"modified":"2023-04-11T17:04:01","modified_gmt":"2023-04-11T09:04:01","slug":"easy-bonsai-starter-kit-2-2","status":"publish","type":"product","link":"https:\/\/www.garden-kit.com\/pt\/product\/easy-bonsai-starter-kit-2-2\/","title":{"rendered":"Kit inicial de bonsai f\u00e1cil"},"content":{"rendered":"<h3 style=\"font-size: 19px\"><span style=\"color: #000000;font-family: arial, helvetica, sans-serif\"><strong><strong>Vis\u00e3o geral<\/strong><\/strong><\/span><\/h3>\n<table style=\"border-collapse: collapse;width: 100%\">\n<tbody>\n<tr>\n<td width=\"298\"><span style=\"color: #000000;font-family: arial, helvetica, sans-serif\">Instru\u00e7\u00f5es de cuidados com o produto<\/span><\/td>\n<td width=\"298\"><span style=\"color: #000000;font-family: arial, helvetica, sans-serif\">Dispon\u00edvel<\/span><\/td>\n<\/tr>\n<tr>\n<td width=\"298\"><span style=\"color: #000000;font-family: arial, helvetica, sans-serif\">Tipo de produto vegetal<\/span><\/td>\n<td width=\"298\"><span style=\"color: #000000;font-family: arial, helvetica, sans-serif\">\u00c1rvore bonsai<\/span><\/td>\n<\/tr>\n<tr>\n<td width=\"298\"><span style=\"color: #000000;font-family: arial, helvetica, sans-serif\">Caracter\u00edstica especial<\/span><\/td>\n<td width=\"298\"><span style=\"color: #000000;font-family: arial, helvetica, sans-serif\">Cultivo interno-externo<\/span><\/td>\n<\/tr>\n<tr>\n<td width=\"298\"><span style=\"color: #000000;font-family: arial, helvetica, sans-serif\">Marca<\/span><\/td>\n<td width=\"298\"><span style=\"color: #000000;font-family: arial, helvetica, sans-serif\">kit jardim<\/span><\/td>\n<\/tr>\n<tr>\n<td width=\"298\"><span style=\"color: #000000;font-family: arial, helvetica, sans-serif\">Lugar de origem<\/span><\/td>\n<td width=\"298\"><span style=\"color: #000000;font-family: arial, helvetica, sans-serif\">Fujian, China<\/span><\/td>\n<\/tr>\n<tr>\n<td width=\"298\"><span style=\"color: #000000;font-family: arial, helvetica, sans-serif\">ODM\/OEM<\/span><\/td>\n<td width=\"298\"><span style=\"color: #000000;font-family: arial, helvetica, sans-serif\">Dispon\u00edvel<\/span><\/td>\n<\/tr>\n<tr>\n<td width=\"298\"><span style=\"color: #000000;font-family: arial, helvetica, sans-serif\">MOQ para pedido personalizado<\/span><\/td>\n<td width=\"298\"><span style=\"color: #000000;font-family: arial, helvetica, sans-serif\">3000 unidades<\/span><\/td>\n<\/tr>\n<tr>\n<td width=\"298\"><span style=\"color: #000000;font-family: arial, helvetica, sans-serif\">Custo da amostra<\/span><\/td>\n<td width=\"298\"><span style=\"color: #000000;font-family: arial, helvetica, sans-serif\">US$400\/Sample, retorno total ap\u00f3s um pedido nosso<\/span><\/td>\n<\/tr>\n<\/tbody>\n<\/table>\n<p>&nbsp;<\/p>\n<p><span style=\"color: #000000;font-family: arial, helvetica, sans-serif\">Kit de cultivo de bonsai de 32 pe\u00e7as preparado: \u00e9 f\u00e1cil - eliminamos as suposi\u00e7\u00f5es de cultivar uma \u00e1rvore de bonsai a partir de sementes, guiando voc\u00ea a cada passo do caminho. Tudo o que voc\u00ea precisa para trazer a alegria do bonsai para sua vida ou para a vida de seu ente querido em uma linda caixa de presente de madeira. Plante!<\/span><\/p>\n<p>&nbsp;<\/p>\n<h3 style=\"font-size: 19px\"><span style=\"color: #000000;font-family: arial, helvetica, sans-serif\"><strong><strong>Os seguintes itens est\u00e3o inclu\u00eddos no kit.<\/strong><\/strong><\/span><\/h3>\n<p><span style=\"color: #000000;font-family: arial, helvetica, sans-serif\">5 vasos de serapilheira \u2013 vasos quase naturais feitos \u00e0 m\u00e3o de algod\u00e3o e juta<\/span><\/p>\n<p><span style=\"color: #000000;font-family: arial, helvetica, sans-serif\">5 gr\u00e2nulos de solo pr\u00e9-fertilizado \u2013 Utilizados como solo para vasos, principalmente para fins de jardinagem caseira, e dispon\u00edveis em diferentes pesos e dimens\u00f5es. Mergulhe ou adicione um pouco de \u00e1gua at\u00e9 que o disco pressionado se expanda para o volume necess\u00e1rio&nbsp;<\/span><\/p>\n<p><span style=\"color: #000000;font-family: arial, helvetica, sans-serif\">5 pacotes de sementes frescas - \u00c9 embalado a v\u00e1cuo e pode garantir uma barreira de ar 100%, o que pode aumentar muito a vida \u00fatil e a taxa de germina\u00e7\u00e3o das sementes.&nbsp;<\/span><\/p>\n<p><span style=\"color: #000000;font-family: arial, helvetica, sans-serif\">5 marcadores de plantas \u2013 \u00c9 feito de materiais ecol\u00f3gicos 100%.<\/span><\/p>\n<p><span style=\"color: #000000;font-family: arial, helvetica, sans-serif\">3 ferramentas de jardinagem \u2013 Est\u00e3o prontas para voc\u00ea quando precisar plantar o bonsai a partir das sementes. E tamb\u00e9m transplantar as mudas de bonsai de plantadores maiores.<\/span><\/p>\n<p><span style=\"color: #000000;font-family: arial, helvetica, sans-serif\">1 pin\u00e7a \u2013 Est\u00e1 pronta para voc\u00ea quando precisar pegar as sementes dos pacotes de sementes.<\/span><\/p>\n<p><span style=\"color: #000000;font-family: arial, helvetica, sans-serif\">1 tesoura de aparar \u2013 Est\u00e1 pronta para aparar uma boa forma para o seu lindo bonsai.<\/span><\/p>\n<p><span style=\"color: #000000;font-family: arial, helvetica, sans-serif\">1 instru\u00e7\u00e3o passo a passo \u2013 Voc\u00ea encontrar\u00e1 respostas sobre como cultivar seu belo bonsai usando este livro de instru\u00e7\u00f5es.<\/span><\/p>\n<p>&nbsp;<\/p>\n<p><span style=\"color: #000000;font-family: arial, helvetica, sans-serif\">Um Bonsai Starter Kit Completo - O Kit de \u00c1rvore de Bonsai DIY do Kit de Jardim cont\u00e9m tudo o que voc\u00ea precisa para cultivar sua pr\u00f3pria mini-\u00e1rvore especial<\/span><\/p>\n<p><span style=\"color: #000000;font-family: arial, helvetica, sans-serif\">5 tipos de sementes de Bonsai \u2013 Samambaia (Jacarand\u00e1), Jacarand\u00e1 (Jacaranda Mimosifolia), Colorado Blue Spruce (Picea Pungens Glauca San Juan), Black Spruce (Picea Mariana), Flame Tree (Delonix Regia)<\/span><\/p>\n<p><span style=\"font-family: arial, helvetica, sans-serif\"><img decoding=\"async\" src=\"https:\/\/data.adwebcloud.com\/public\/material\/2206293ihquj\/product\/imageFile_1663664041276.jpg\" alt=\"mesa\" width=\"100%\" title=\"\"><\/span><\/p>\n<p><span style=\"font-family: arial, helvetica, sans-serif\">Como um presente incomum \u2013 crescer dentro de casa \u00e9 simplesmente um prazer! Os kits Bonsai s\u00e3o um \u00f3timo presente para qualquer ocasi\u00e3o \u2013 anivers\u00e1rios, Dia das M\u00e3es, Natal e muito mais. Adequado para mulheres e homens<\/span><\/p>\n<p><span style=\"font-family: arial, helvetica, sans-serif\">F\u00e1cil de cultivar \u2013 a germina\u00e7\u00e3o de \u00e1rvores bonsai pode ser um desafio. Embora nossas sementes tenham uma alta taxa de germina\u00e7\u00e3o, adicionamos sementes extras para aumentar suas chances de sucesso<\/span><\/p>\n<h3 style=\"font-size: 19px\"><span style=\"font-family: arial, helvetica, sans-serif\"><strong><span style=\"font-size: 24px\"><span style=\"font-size: 18px\">Aten\u00e7\u00e3o<\/span> \u2013 oferecemos trabalho personalizado profissional para voc\u00ea, atendemos centenas de varejistas<\/span><\/strong><\/span><\/h3>\n<h3 style=\"font-size: 19px\"><span style=\"color: #000000;font-family: arial, helvetica, sans-serif\"><strong>TUDO QUE VOC\u00ca PRECISA EM UM KIT INICIANTE<\/strong><\/span><\/h3>\n<h3 style=\"font-size: 19px\"><span style=\"font-family: arial, helvetica, sans-serif\">O KIT DE FERRAMENTAS BONSAI<\/span><\/h3>\n<p><span style=\"font-family: arial, helvetica, sans-serif\">As ferramentas de jardinagem Bonsai especiais e de alta qualidade incluem:<\/span><\/p>\n<ul>\n<li style=\"list-style-type: disc\"><span style=\"font-family: arial, helvetica, sans-serif\">P\u00e1<\/span><\/li>\n<li style=\"list-style-type: disc\"><span style=\"font-family: arial, helvetica, sans-serif\">P\u00e1 de Plantio<\/span><\/li>\n<li style=\"list-style-type: disc\"><span style=\"font-family: arial, helvetica, sans-serif\">Garfo<\/span><\/li>\n<li style=\"list-style-type: disc\"><span style=\"font-family: arial, helvetica, sans-serif\">tesoura de poda<\/span><\/li>\n<li style=\"list-style-type: disc\"><span style=\"font-family: arial, helvetica, sans-serif\">pin\u00e7as<\/span><\/li>\n<\/ul>\n<h3 style=\"font-size: 19px\"><span style=\"font-family: arial, helvetica, sans-serif\">SEMENTES<\/span><\/h3>\n<p><span style=\"font-family: arial, helvetica, sans-serif\">5 variedades de sementes de bonsai para cultivar 5 plantas diferentes. As sementes chegam at\u00e9 voc\u00ea em frascos de sementes \u00e0 prova de umidade para garantir a germina\u00e7\u00e3o m\u00e1xima.<\/span><\/p>\n<h3 style=\"font-size: 19px\"><span style=\"font-family: arial, helvetica, sans-serif\">PLANTADORES DE SERAPILHEIRA<\/span><\/h3>\n<p><span style=\"font-family: arial, helvetica, sans-serif\">5 Plantadores de serapilheira facilitam o plantio de suas sementes e o replantio em vasos.<\/span><\/p>\n<p><span style=\"font-family: arial, helvetica, sans-serif\">Depois que as sementes germinarem e atingirem alguns cent\u00edmetros de altura, voc\u00ea pode simplesmente plant\u00e1-las junto com os vasos de estopa em seus vasos permanentes.<\/span><\/p>\n<h3 style=\"font-size: 19px\"><span style=\"font-family: arial, helvetica, sans-serif\">DISCOS DE SOLO INICIADOR DE SEMENTES EXPANS\u00cdVEIS<\/span><\/h3>\n<p><span style=\"font-family: arial, helvetica, sans-serif\">A maneira mais f\u00e1cil e eficiente de cultivar bonsai \u00e9 a partir de sementes.<\/span><\/p>\n<p><span style=\"font-family: arial, helvetica, sans-serif\">Siga as instru\u00e7\u00f5es simples e aproveite os resultados \u00e0 medida que surgirem.<\/span><\/p>\n<p><span style=\"font-family: arial, helvetica, sans-serif\">Este sistema, juntamente com os plantadores de serapilheira, fornece transplante sem choque em seu recipiente ou vaso.<\/span><\/p>\n<h3 style=\"font-size: 19px\"><span style=\"font-family: arial, helvetica, sans-serif\">MARCADORES DE PLANTAS<\/span><\/h3>\n<p><span style=\"font-family: arial, helvetica, sans-serif\">5 R\u00f3tulos de plantas atraentes e f\u00e1ceis de ler para que voc\u00ea sempre saiba quais sementes foram plantadas onde.<\/span><\/p>\n<p><span style=\"font-family: arial, helvetica, sans-serif\">Eles t\u00eam o tamanho perfeito para suas plantas e n\u00e3o ocupam muito espa\u00e7o no vaso, deixando muito espa\u00e7o para as sementes germinarem.<\/span><\/p>\n<p><span style=\"font-family: arial, helvetica, sans-serif\">Quando a etiqueta de design em forma de T \u00e9 inserida no solo, ela n\u00e3o prejudica as ra\u00edzes da planta.<\/span><\/p>\n<h3 style=\"font-size: 19px\"><span style=\"font-family: arial, helvetica, sans-serif\">A CAIXA DE MADEIRA<\/span><\/h3>\n<p><span style=\"font-family: arial, helvetica, sans-serif\">Esta caixa \u00fatil e muito est\u00e9tica transforma todo o kit no presente perfeito. N\u00e3o \u00e9 apenas bonito, \u00e9 \u00fatil tamb\u00e9m. Ele \u00e9 projetado para segurar seus plantadores de serapilheira quando voc\u00ea est\u00e1 germinando as sementes e mais tarde quando voc\u00ea os transfere para sua casa permanente, voc\u00ea pode usar a caixa para todos os tipos de prop\u00f3sitos em sua casa.<\/span><\/p><\/p>","protected":false},"excerpt":{"rendered":"<p>\u00c1rvores Bonsai Japonesas \u00danicas, Kit Iniciante Completo para Plantas com Sementes, Ferramentas e Plantadores de Bonsai - Presentes de Jardinagem para Mulheres e Homens<\/p>","protected":false},"featured_media":13946,"comment_status":"closed","ping_status":"closed","template":"","meta":[],"product_cat":[40],"product_tag":[104,41,49,105,169,106],"acf":[],"_links":{"self":[{"href":"https:\/\/www.garden-kit.com\/pt\/wp-json\/wp\/v2\/product\/1467"}],"collection":[{"href":"https:\/\/www.garden-kit.com\/pt\/wp-json\/wp\/v2\/product"}],"about":[{"href":"https:\/\/www.garden-kit.com\/pt\/wp-json\/wp\/v2\/types\/product"}],"replies":[{"embeddable":true,"href":"https:\/\/www.garden-kit.com\/pt\/wp-json\/wp\/v2\/comments?post=1467"}],"wp:featuredmedia":[{"embeddable":true,"href":"https:\/\/www.garden-kit.com\/pt\/wp-json\/wp\/v2\/media\/13946"}],"wp:attachment":[{"href":"https:\/\/www.garden-kit.com\/pt\/wp-json\/wp\/v2\/media?parent=1467"}],"wp:term":[{"taxonomy":"product_cat","embeddable":true,"href":"https:\/\/www.garden-kit.com\/pt\/wp-json\/wp\/v2\/product_cat?post=1467"},{"taxonomy":"product_tag","embeddable":true,"href":"https:\/\/www.garden-kit.com\/pt\/wp-json\/wp\/v2\/product_tag?post=1467"}],"curies":[{"name":"wp","href":"https:\/\/api.w.org\/{rel}","templated":true}]}}