{"id":14885,"date":"2023-05-09T11:24:59","date_gmt":"2023-05-09T03:24:59","guid":{"rendered":"https:\/\/www.garden-kit.com\/product\/paper-pen-with-seed\/"},"modified":"2024-03-07T10:17:20","modified_gmt":"2024-03-07T02:17:20","slug":"paper-pen-with-seed","status":"publish","type":"product","link":"https:\/\/www.garden-kit.com\/pt\/product\/paper-pen-with-seed\/","title":{"rendered":"Caneta De Papel Com Semente"},"content":{"rendered":"<p>Caneta de papel com semente \u00e9 um produto criativo ecologicamente correto, seu corpo \u00e9 feito de papel especial, este papel \u00e9 plantado com sementes dentro, que podem ser enterradas no solo para se transformarem em plantas. Essas canetas s\u00e3o comumente usadas em atividades criativas, como escrever, desenhar, rabiscar, etc. Elas n\u00e3o apenas permitem que voc\u00ea use sua criatividade e imagina\u00e7\u00e3o, mas tamb\u00e9m tornam seu trabalho ecol\u00f3gico e sustent\u00e1vel.<\/p>\n<h3 style=\"font-size: 19px\">As vantagens da caneta de papel com sementes s\u00e3o:<\/h3>\n<ol>\n<li>Ambientalmente amig\u00e1vel: como o corpo da caneta de papel de semente \u00e9 feito de papel biodegrad\u00e1vel, esta caneta pode ser usada enterrando-a no solo ap\u00f3s o uso, permitindo que as sementes plantadas no interior cres\u00e7am em plantas nas condi\u00e7\u00f5es certas. Sua natureza ambiental n\u00e3o \u00e9 apenas um ato ecologicamente correto, mas tamb\u00e9m uma boa maneira de promover quest\u00f5es de prote\u00e7\u00e3o ambiental para mais pessoas.<\/li>\n<li>Criatividade: O material exclusivo da caneta de papel semente permite que voc\u00ea seja mais criativo em sua cria\u00e7\u00e3o, por exemplo, voc\u00ea pode escrever as palavras que deseja que a planta cres\u00e7a ou desenhar alguns padr\u00f5es de plantas no corpo da caneta, e tamb\u00e9m \u00e9 uma boa maneira de promover.<\/li>\n<li>Sustentabilidade: A caneta de papel semente n\u00e3o \u00e9 apenas ecol\u00f3gica, mas tamb\u00e9m sustent\u00e1vel, pois pode ser uma forma de cultivar plantas. Ao enterr\u00e1-lo no solo e deixar que as sementes plantadas no interior se transformem em plantas nas condi\u00e7\u00f5es certas, n\u00e3o s\u00f3 reduz a polui\u00e7\u00e3o ambiental, mas tamb\u00e9m ajuda a proteger e aumentar os recursos vegetais.<\/li>\n<\/ol>\n<h3 style=\"font-size: 19px\">Precau\u00e7\u00f5es para caneta de papel com semente<\/h3>\n<ol>\n<li>Pode ser menos dur\u00e1vel: Como o corpo da caneta de papel semente \u00e9 fr\u00e1gil, se ela cair acidentalmente ou sofrer press\u00e3o, pode causar deforma\u00e7\u00f5es ou danos ao seu corpo, afetando a efic\u00e1cia de seu uso.<\/li>\n<li>A taxa de sobreviv\u00eancia das sementes \u00e9 incerta: Embora as sementes sejam plantadas dentro da caneta de papel de sementes, a taxa de sobreviv\u00eancia das sementes nem sempre \u00e9 garantida. O resultado de seu crescimento tamb\u00e9m est\u00e1 relacionado a muitos fatores, como solo, umidade, luz, etc.<\/li>\n<li>Armazenamento: Como as sementes s\u00e3o plantadas no corpo de um viveiro de sementes, \u00e9 necess\u00e1rio ter cuidado para mant\u00ea-lo seco e longe da umidade ao armazen\u00e1-lo.<\/li>\n<\/ol>\n<h3 style=\"font-size: 19px\">Como cultivar corretamente uma caneta de papel com sementes<\/h3>\n<p>A caneta de papel de sementes \u00e9 um produto criativo ecol\u00f3gico que pode ser enterrado no solo ap\u00f3s o uso, permitindo que as sementes plantadas no interior se transformem em plantas nas condi\u00e7\u00f5es certas. Aqui est\u00e3o alguns passos para plantar corretamente um l\u00e1pis de semente:<\/p>\n<ol>\n<li>Escolhendo o solo e o recipiente certos: antes de plantar as canetas de papel de semente, voc\u00ea precisa preparar o solo e o recipiente certos para o crescimento. De um modo geral, as canetas de papel de sementes s\u00e3o adequadas para crescer em solo \u00famido, bem drenado e rico em nutrientes. Os recipientes podem ser escolhidos entre vasos ou outros recipientes de plantio, mas deve-se tomar cuidado para que o tamanho seja apropriado e n\u00e3o muito grande ou muito pequeno.<\/li>\n<li>Preparando o solo e regando: Despeje o solo preparado no recipiente e despeje a quantidade certa de \u00e1gua para umedecer o solo. \u00c9 importante observar que o solo n\u00e3o deve ficar muito \u00famido para evitar que as sementes apodre\u00e7am.<\/li>\n<li>Enterrar a caneta de papel com sementes no solo: Introduzir a caneta de papel com sementes usada no solo, sem a introduzir demasiado fundo, apenas enterr\u00e1-la na superf\u00edcie do solo.<\/li>\n<li>Luz solar e cuidados: Coloque o recipiente de plantio em pleno sol, mantenha o solo \u00famido e regue na hora certa. Dependendo da esp\u00e9cie da planta, pode ser necess\u00e1rio ficar atento a detalhes como temperatura, luz e aduba\u00e7\u00e3o.<\/li>\n<li>Aguarde a germina\u00e7\u00e3o: aguarde um per\u00edodo de tempo, geralmente de alguns dias a algumas semanas, para que as sementes germinem e cres\u00e7am.<\/li>\n<\/ol>\n<p>\u00c9 importante observar que diferentes tipos de plantas t\u00eam requisitos de crescimento diferentes; portanto, se voc\u00ea n\u00e3o tiver certeza de como cultiv\u00e1-las, informe-se sobre as condi\u00e7\u00f5es de cultivo e as necessidades das plantas escolhidas para garantir o sucesso do plantio. Al\u00e9m disso, a viabilidade das sementes nem sempre \u00e9 garantida com canetas de papel de sementes e, \u00e0s vezes, as sementes podem n\u00e3o germinar e crescer com sucesso, portanto, n\u00e3o h\u00e1 garantia de que todas as canetas de papel de sementes ser\u00e3o plantadas com sucesso.<\/p>\n<h3 style=\"font-size: 19px\">Como cuidar de uma caneta de papel com sementes<\/h3>\n<p>Uma caneta de papel semeada \u00e9 na verdade uma semente que pode ser enterrada diretamente no solo e se transformar em uma planta. Portanto, cuidar de uma caneta de papel semeada \u00e9 o mesmo que cuidar de outras plantas, o que inclui principalmente os seguintes pontos:<\/p>\n<ol>\n<li>Ambiente: Diferentes tipos de plantas t\u00eam requisitos diferentes para seu ambiente, alguns precisam de luz solar total, enquanto outros precisam de meia-sombra. Portanto, ao escolher uma caneta de papel com semente para o plantio, \u00e9 preciso conhecer o ambiente de cultivo e os h\u00e1bitos de crescimento da esp\u00e9cie para proporcionar condi\u00e7\u00f5es adequadas de cultivo.<\/li>\n<li>Temperatura e umidade: A maioria das plantas precisa de um ambiente quente e \u00famido, mas existem algumas plantas que s\u00e3o adequadas para crescer em um ambiente seco. Por isso, \u00e9 preciso ficar atento \u00e0 temperatura e umidade do ambiente durante o plantio. Voc\u00ea pode manter a umidade necess\u00e1ria para o crescimento das plantas regando e pulverizando regularmente.<\/li>\n<li>Solo e fertilizante: O solo \u00e9 uma base importante para o crescimento das plantas, e um solo adequado pode fornecer nutrientes suficientes para ajudar as plantas a crescer. Ao plantar papel caneta com semente, voc\u00ea precisa escolher um solo adequado para o crescimento e tomar cuidado para n\u00e3o deixar o solo muito \u00famido ou muito seco. Quando apropriado, uma quantidade moderada de fertilizante pode ser aplicada para ajudar a planta a crescer.<\/li>\n<li>Luz: A luz \u00e9 vital para o crescimento das plantas porque fornece a energia necess\u00e1ria para o crescimento das plantas e ajuda as plantas a realizar a fotoss\u00edntese. Ao cultivar canetas de papel de sementes, voc\u00ea precisa escolher o ambiente de luz certo para a planta crescer. Algumas plantas precisam de luz solar total, enquanto outras precisam de meia-sombra.<\/li>\n<\/ol>\n<p>Resumindo, uma caneta de papel para sementes \u00e9 apenas uma semente que precisa do ambiente certo e da quantidade certa de \u00e1gua, nutrientes, luz e temperatura para se transformar em uma planta. Ao cuidar de canetas de papel semeadas, \u00e9 preciso ter os devidos cuidados de acordo com as necessidades de diferentes plantas para ajud\u00e1-las a crescer.<\/p>\n<h3 style=\"font-size: 19px\">Que idade tem uma caneta de papel com sementes adequada para<\/h3>\n<p>As canetas de papel semeado s\u00e3o adequadas para pessoas de qualquer idade. Crian\u00e7as e adultos podem usar canetas de papel de sementes para aprender e experimentar o processo de crescimento das plantas e aumentar sua conscientiza\u00e7\u00e3o sobre a prote\u00e7\u00e3o ambiental.<\/p>\n<p>Para as crian\u00e7as, as canetas de papel de sementes s\u00e3o uma ferramenta de aprendizagem muito interessante que lhes permite compreender o processo b\u00e1sico de crescimento das plantas e desenvolver um sentimento de cuidado com a natureza. Ao mesmo tempo, a natureza ecol\u00f3gica da caneta de papel com sementes tamb\u00e9m pode educar as crian\u00e7as sobre a import\u00e2ncia da prote\u00e7\u00e3o ambiental e do desenvolvimento sustent\u00e1vel.<\/p>\n<p>Para os adultos, as canetas de papel de sementes tamb\u00e9m s\u00e3o um presente criativo e ecol\u00f3gico que pode ser dado como presente de Natal ou presente de neg\u00f3cios para amigos, familiares ou clientes. Ao usar canetas de papel de sementes, as pessoas podem sentir o processo de cultivo de plantas e se preocupar mais com a prote\u00e7\u00e3o ambiental e a sustentabilidade.<\/p>\n<p>Em conclus\u00e3o, a caneta de papel semente \u00e9 um produto muito divertido e ecol\u00f3gico para pessoas de qualquer idade. Crian\u00e7as e adultos podem se divertir e aprender algo \u00fatil com isso.<\/p>\n<h3 style=\"font-size: 19px\">Perguntas frequentes<\/h3>\n<p>P: Caneta de papel com semente pode ser usada para escrever?<\/p>\n<p>R: Sim, a caneta de papel semente pode ser usada para escrever, mas \u00e9 preciso ter cuidado para n\u00e3o aplicar muita for\u00e7a ou as sementes ser\u00e3o facilmente danificadas.<\/p>\n<p>P: quantas vezes as sementes da caneta de papel semente podem ser plantadas?<\/p>\n<p>R: Depende do tipo de semente e das condi\u00e7\u00f5es de cultivo. Algumas sementes s\u00f3 podem ser plantadas uma vez, enquanto outras podem ser plantadas v\u00e1rias vezes.<\/p>\n<p>P: Em quais aplica\u00e7\u00f5es as canetas de papel semente podem ser usadas?<\/p>\n<p>R: As canetas de papel semente podem ser usadas em uma variedade de configura\u00e7\u00f5es, como escrita di\u00e1ria, desenho e presentes. Tamb\u00e9m pode ser usado em escolas, empresas e outros ambientes como uma ferramenta promocional e de prote\u00e7\u00e3o ambiental.<\/p>\n<p>Q: Qual \u00e9 a vida \u00fatil da caneta de papel semente?<\/p>\n<p>R: O prazo de validade da caneta de papel com sementes \u00e9 geralmente de cerca de um ano, mas o prazo de validade real pode variar devido a diferentes variedades de sementes e condi\u00e7\u00f5es de armazenamento.<\/p>","protected":false},"excerpt":{"rendered":"<p>Apresentamos nossa inovadora caneta de papel com semente - a ferramenta de escrita perfeita para indiv\u00edduos com consci\u00eancia ecol\u00f3gica! Esta caneta n\u00e3o \u00e9 apenas feita de papel reciclado, mas tamb\u00e9m inclui uma c\u00e1psula de sementes no final da caneta que pode ser plantada ap\u00f3s o uso. Simplesmente retire a c\u00e1psula, plante-a no solo e observe-a crescer e se tornar uma linda planta. Com uma experi\u00eancia de escrita suave e um toque ecol\u00f3gico, esta caneta de papel com sementes \u00e9 essencial para quem deseja causar um impacto positivo no planeta.<\/p><\/p>","protected":false},"featured_media":17894,"comment_status":"open","ping_status":"closed","template":"","meta":[],"product_cat":[67],"product_tag":[752,753,749,750,647,754,747,746,751,748],"acf":[],"_links":{"self":[{"href":"https:\/\/www.garden-kit.com\/pt\/wp-json\/wp\/v2\/product\/14885"}],"collection":[{"href":"https:\/\/www.garden-kit.com\/pt\/wp-json\/wp\/v2\/product"}],"about":[{"href":"https:\/\/www.garden-kit.com\/pt\/wp-json\/wp\/v2\/types\/product"}],"replies":[{"embeddable":true,"href":"https:\/\/www.garden-kit.com\/pt\/wp-json\/wp\/v2\/comments?post=14885"}],"wp:featuredmedia":[{"embeddable":true,"href":"https:\/\/www.garden-kit.com\/pt\/wp-json\/wp\/v2\/media\/17894"}],"wp:attachment":[{"href":"https:\/\/www.garden-kit.com\/pt\/wp-json\/wp\/v2\/media?parent=14885"}],"wp:term":[{"taxonomy":"product_cat","embeddable":true,"href":"https:\/\/www.garden-kit.com\/pt\/wp-json\/wp\/v2\/product_cat?post=14885"},{"taxonomy":"product_tag","embeddable":true,"href":"https:\/\/www.garden-kit.com\/pt\/wp-json\/wp\/v2\/product_tag?post=14885"}],"curies":[{"name":"wp","href":"https:\/\/api.w.org\/{rel}","templated":true}]}}