{"id":1495,"date":"2022-08-23T23:39:01","date_gmt":"2022-08-23T15:39:01","guid":{"rendered":"http:\/\/www.garden-kit.com\/product\/herbs-grow-kit\/"},"modified":"2023-03-31T16:32:40","modified_gmt":"2023-03-31T08:32:40","slug":"herbs-grow-kit","status":"publish","type":"product","link":"https:\/\/www.garden-kit.com\/pt\/product\/herbs-grow-kit\/","title":{"rendered":"Kit de cultivo de ervas"},"content":{"rendered":"<h3 style=\"line-height: 1.5;font-size: 19px\"><span style=\"font-family: arial, helvetica, sans-serif;font-size: 16px\">Vis\u00e3o geral<\/span><\/h3>\n<table style=\"border-collapse: collapse;width: 100%;height: 262px\">\n<tbody>\n<tr style=\"height: 30.6875px\">\n<td style=\"width: 49.4196%;height: 30.6875px\" width=\"298\"><span style=\"font-family: arial, helvetica, sans-serif;font-size: 16px\">Instru\u00e7\u00f5es de cuidados com o produto<\/span><\/td>\n<td style=\"width: 49.4196%;height: 30.6875px\" width=\"298\"><span style=\"font-family: arial, helvetica, sans-serif;font-size: 16px\">Dispon\u00edvel<\/span><\/td>\n<\/tr>\n<tr style=\"height: 30.6875px\">\n<td style=\"width: 49.4196%;height: 30.6875px\" width=\"298\"><span style=\"font-family: arial, helvetica, sans-serif;font-size: 16px\">Tipo de produto vegetal<\/span><\/td>\n<td style=\"width: 49.4196%;height: 30.6875px\" width=\"298\"><span style=\"font-family: arial, helvetica, sans-serif;font-size: 16px\">Ervas<\/span><\/td>\n<\/tr>\n<tr style=\"height: 30.6875px\">\n<td style=\"width: 49.4196%;height: 30.6875px\" width=\"298\"><span style=\"font-family: arial, helvetica, sans-serif;font-size: 16px\">Caracter\u00edstica especial<\/span><\/td>\n<td style=\"width: 49.4196%;height: 30.6875px\" width=\"298\"><span style=\"font-family: arial, helvetica, sans-serif;font-size: 16px\">Cultivo interno-externo<\/span><\/td>\n<\/tr>\n<tr style=\"height: 30.6875px\">\n<td style=\"width: 49.4196%;height: 30.6875px\" width=\"298\"><span style=\"font-family: arial, helvetica, sans-serif;font-size: 16px\">Marca<\/span><\/td>\n<td style=\"width: 49.4196%;height: 30.6875px\" width=\"298\"><span style=\"font-family: arial, helvetica, sans-serif;font-size: 16px\">kit jardim<\/span><\/td>\n<\/tr>\n<tr style=\"height: 30.6875px\">\n<td style=\"width: 49.4196%;height: 30.6875px\" width=\"298\"><span style=\"font-family: arial, helvetica, sans-serif;font-size: 16px\">Lugar de origem<\/span><\/td>\n<td style=\"width: 49.4196%;height: 30.6875px\" width=\"298\"><span style=\"font-family: arial, helvetica, sans-serif;font-size: 16px\">Fujian, China<\/span><\/td>\n<\/tr>\n<tr style=\"height: 30.6875px\">\n<td style=\"width: 49.4196%;height: 30.6875px\" width=\"298\"><span style=\"font-family: arial, helvetica, sans-serif;font-size: 16px\">ODM\/OEM<\/span><\/td>\n<td style=\"width: 49.4196%;height: 30.6875px\" width=\"298\"><span style=\"font-family: arial, helvetica, sans-serif;font-size: 16px\">Dispon\u00edvel<\/span><\/td>\n<\/tr>\n<tr style=\"height: 35.6875px\">\n<td style=\"width: 49.4196%;height: 35.6875px\" width=\"298\"><span style=\"font-family: arial, helvetica, sans-serif;font-size: 16px\">MOQ para pedido personalizado<\/span><\/td>\n<td style=\"width: 49.4196%;height: 35.6875px\" width=\"298\"><span style=\"font-family: arial, helvetica, sans-serif;font-size: 16px\">3000 unidades<\/span><\/td>\n<\/tr>\n<tr style=\"height: 42.1875px\">\n<td style=\"width: 49.4196%;height: 42.1875px\" width=\"298\"><span style=\"font-family: arial, helvetica, sans-serif;font-size: 16px\">Custo da amostra<\/span><\/td>\n<td style=\"width: 49.4196%;height: 42.1875px\" width=\"298\"><span style=\"font-family: arial, helvetica, sans-serif;font-size: 16px\">US$400\/Sample, retorno completo ap\u00f3s o pedido de n\u00f3s<\/span><\/td>\n<\/tr>\n<\/tbody>\n<\/table>\n<p style=\"line-height: 1.5\">&nbsp;<\/p>\n<p style=\"line-height: 1.5\"><span style=\"font-family: arial, helvetica, sans-serif;font-size: 16px\">Tudo inclu\u00eddo - comece com tudo o que voc\u00ea precisa para cultivar seu kit de jardim interno de ervas com ele. Seu kit completo com 8 tipos de sementes de ervas, vasos, pires, marcadores de plantas, turfa, pacotes de nutri\u00e7\u00e3o e um guia de cultivo detalhado.<\/span><\/p>\n<p style=\"line-height: 1.5\"><span style=\"font-family: arial, helvetica, sans-serif;font-size: 16px\">Kit inicial de ervas para ambientes internos de 42 pe\u00e7as preparado: tudo o que voc\u00ea precisa para trazer a alegria do cultivo de ervas saborosas para a sua vida ou a de um ente querido. \u00c9 simples \u2013 nossas suposi\u00e7\u00f5es sobre o cultivo de ervas a partir de sementes guiam voc\u00ea em cada passo do caminho. Planta isso!<\/span><\/p>\n<p style=\"line-height: 1.5\">&nbsp;<\/p>\n<p style=\"line-height: 1.5\"><span style=\"font-family: arial, helvetica, sans-serif;font-size: 16px\">Os seguintes itens est\u00e3o inclu\u00eddos no kit.<\/span><\/p>\n<p style=\"line-height: 1.5\"><span style=\"font-family: arial, helvetica, sans-serif;font-size: 16px\">4 potes de fibra de bambu<\/span><\/p>\n<p style=\"line-height: 1.5\"><span style=\"font-family: arial, helvetica, sans-serif;font-size: 16px\">4 solos pr\u00e9-fertilizados<\/span><\/p>\n<p style=\"line-height: 1.5\"><span style=\"font-family: arial, helvetica, sans-serif;font-size: 16px\">4 pacotes de sementes frescas<\/span><\/p>\n<p style=\"line-height: 1.5\"><span style=\"font-family: arial, helvetica, sans-serif;font-size: 16px\">4 marcadores de plantas de bambu<\/span><\/p>\n<p style=\"line-height: 1.5\"><span style=\"font-family: arial, helvetica, sans-serif;font-size: 16px\">1 metro \u00famido<\/span><\/p>\n<p style=\"line-height: 1.5\"><span style=\"font-family: arial, helvetica, sans-serif;font-size: 16px\">1 Guia de plantio passo a passo<\/span><\/p>\n<p style=\"line-height: 1.5\"><span style=\"font-family: arial, helvetica, sans-serif;font-size: 16px\">1 caixa de presente personalizada<\/span><\/p>\n<p style=\"line-height: 1.5\">&nbsp;<\/p>\n<p style=\"line-height: 1.5\"><span style=\"font-family: arial, helvetica, sans-serif;font-size: 16px\">Cres\u00e7a at\u00e9 a jardinagem \u2013 Cultive plantas caseiras deliciosas com facilidade com seu kit para iniciantes. Na sua varanda, no parapeito da janela ou na estante, suas sementes de ervas de origem americana brotam em um lindo minijardim<\/span><\/p>\n<p style=\"line-height: 1.5\">&nbsp;<\/p>\n<p style=\"line-height: 1.5\"><span style=\"font-family: arial, helvetica, sans-serif;font-size: 16px\">Deliciosa Variedade \u2013 Desfrute de um jardim interior que real\u00e7a a sua comida caseira com sabores frescos e arom\u00e1ticos. Or\u00e9gano vegetal, tomilho, erva-cidreira, salsa, manjeric\u00e3o, ceref\u00f3lio encaracolado, coentro e alecrim.<\/span><\/p>\n<p style=\"line-height: 1.5\">&nbsp;<\/p>\n<p style=\"line-height: 1.5\"><span style=\"font-family: arial, helvetica, sans-serif;font-size: 16px\">Orienta\u00e7\u00e3o de especialistas - D\u00ea aten\u00e7\u00e3o especial a cada planta do seu jardim de ervas interno, ela precisa crescer alta e forte. Use seu guia de plantio para realizar ilumina\u00e7\u00e3o, irriga\u00e7\u00e3o, plantio e colheita perfeitos.<\/span><\/p>\n<p style=\"line-height: 1.5\">&nbsp;<\/p>\n<p style=\"line-height: 1.5\"><span style=\"font-family: arial, helvetica, sans-serif;font-size: 16px\">Grow with Joy \u2013 Feel Your Seed Starter Kit, capacitado para novatos e especialistas. Seu kit de cultivo de ervas torna tudo mais f\u00e1cil e estamos aqui para ajud\u00e1-lo a tornar seu jardim um sucesso no cultivo dom\u00e9stico.<\/span><\/p>\n<p style=\"line-height: 1.5\">&nbsp;<\/p><\/p>","protected":false},"excerpt":{"rendered":"<p>Kit de jardim de ervas de 8 variedades interno e externo \u2013 Cultive com vasos, solo para vasos e guia detalhado de jardinagem para jardim de ervas de janela \u2013 kit de jardinagem fa\u00e7a voc\u00ea mesmo presentes para mulheres e homens<\/p>","protected":false},"featured_media":12992,"comment_status":"open","ping_status":"closed","template":"","meta":[],"product_cat":[50],"product_tag":[352,176,181,53,56,182],"acf":[],"_links":{"self":[{"href":"https:\/\/www.garden-kit.com\/pt\/wp-json\/wp\/v2\/product\/1495"}],"collection":[{"href":"https:\/\/www.garden-kit.com\/pt\/wp-json\/wp\/v2\/product"}],"about":[{"href":"https:\/\/www.garden-kit.com\/pt\/wp-json\/wp\/v2\/types\/product"}],"replies":[{"embeddable":true,"href":"https:\/\/www.garden-kit.com\/pt\/wp-json\/wp\/v2\/comments?post=1495"}],"wp:featuredmedia":[{"embeddable":true,"href":"https:\/\/www.garden-kit.com\/pt\/wp-json\/wp\/v2\/media\/12992"}],"wp:attachment":[{"href":"https:\/\/www.garden-kit.com\/pt\/wp-json\/wp\/v2\/media?parent=1495"}],"wp:term":[{"taxonomy":"product_cat","embeddable":true,"href":"https:\/\/www.garden-kit.com\/pt\/wp-json\/wp\/v2\/product_cat?post=1495"},{"taxonomy":"product_tag","embeddable":true,"href":"https:\/\/www.garden-kit.com\/pt\/wp-json\/wp\/v2\/product_tag?post=1495"}],"curies":[{"name":"wp","href":"https:\/\/api.w.org\/{rel}","templated":true}]}}