{"id":1507,"date":"2022-08-23T23:41:02","date_gmt":"2022-08-23T15:41:02","guid":{"rendered":"http:\/\/www.garden-kit.com\/product\/indoor-herb-garden-starter-kit\/"},"modified":"2023-04-03T11:35:52","modified_gmt":"2023-04-03T03:35:52","slug":"indoor-herb-garden-starter-kit-2","status":"publish","type":"product","link":"https:\/\/www.garden-kit.com\/pt\/product\/indoor-herb-garden-starter-kit-2\/","title":{"rendered":"Kit inicial de jardim de ervas para interior"},"content":{"rendered":"<h3 style=\"line-height: 1.5;font-size: 19px\"><span style=\"font-family: arial, helvetica, sans-serif;font-size: 16px\">Vis\u00e3o geral<\/span><\/h3>\n<table style=\"border-collapse: collapse;width: 100%;height: 248px\">\n<tbody>\n<tr style=\"height: 30.8438px\">\n<td style=\"width: 49.4196%;height: 30.8438px\" width=\"298\"><span style=\"font-family: arial, helvetica, sans-serif;font-size: 16px\">Instru\u00e7\u00f5es de cuidados com o produto<\/span><\/td>\n<td style=\"width: 49.4196%;height: 30.8438px\" width=\"298\"><span style=\"font-family: arial, helvetica, sans-serif;font-size: 16px\">Dispon\u00edvel<\/span><\/td>\n<\/tr>\n<tr style=\"height: 30.8438px\">\n<td style=\"width: 49.4196%;height: 30.8438px\" width=\"298\"><span style=\"font-family: arial, helvetica, sans-serif;font-size: 16px\">Tipo de produto vegetal<\/span><\/td>\n<td style=\"width: 49.4196%;height: 30.8438px\" width=\"298\"><span style=\"font-family: arial, helvetica, sans-serif;font-size: 16px\">Ervas<\/span><\/td>\n<\/tr>\n<tr style=\"height: 30.8438px\">\n<td style=\"width: 49.4196%;height: 30.8438px\" width=\"298\"><span style=\"font-family: arial, helvetica, sans-serif;font-size: 16px\">Caracter\u00edstica especial<\/span><\/td>\n<td style=\"width: 49.4196%;height: 30.8438px\" width=\"298\"><span style=\"font-family: arial, helvetica, sans-serif;font-size: 16px\">Cultivo interno-externo<\/span><\/td>\n<\/tr>\n<tr style=\"height: 30.8438px\">\n<td style=\"width: 49.4196%;height: 30.8438px\" width=\"298\"><span style=\"font-family: arial, helvetica, sans-serif;font-size: 16px\">Marca<\/span><\/td>\n<td style=\"width: 49.4196%;height: 30.8438px\" width=\"298\"><span style=\"font-family: arial, helvetica, sans-serif;font-size: 16px\">kit jardim<\/span><\/td>\n<\/tr>\n<tr style=\"height: 30.8438px\">\n<td style=\"width: 49.4196%;height: 30.8438px\" width=\"298\"><span style=\"font-family: arial, helvetica, sans-serif;font-size: 16px\">Lugar de origem<\/span><\/td>\n<td style=\"width: 49.4196%;height: 30.8438px\" width=\"298\"><span style=\"font-family: arial, helvetica, sans-serif;font-size: 16px\">Fujian, China<\/span><\/td>\n<\/tr>\n<tr style=\"height: 30.8438px\">\n<td style=\"width: 49.4196%;height: 30.8438px\" width=\"298\"><span style=\"font-family: arial, helvetica, sans-serif;font-size: 16px\">ODM\/OEM<\/span><\/td>\n<td style=\"width: 49.4196%;height: 30.8438px\" width=\"298\"><span style=\"font-family: arial, helvetica, sans-serif;font-size: 16px\">Dispon\u00edvel<\/span><\/td>\n<\/tr>\n<tr style=\"height: 30.8438px\">\n<td style=\"width: 49.4196%;height: 30.8438px\" width=\"298\"><span style=\"font-family: arial, helvetica, sans-serif;font-size: 16px\">MOQ para pedido personalizado<\/span><\/td>\n<td style=\"width: 49.4196%;height: 30.8438px\" width=\"298\"><span style=\"font-family: arial, helvetica, sans-serif;font-size: 16px\">3000 unidades<\/span><\/td>\n<\/tr>\n<tr style=\"height: 32.0938px\">\n<td style=\"width: 49.4196%;height: 32.0938px\" width=\"298\"><span style=\"font-family: arial, helvetica, sans-serif;font-size: 16px\">Custo da amostra<\/span><\/td>\n<td style=\"width: 49.4196%;height: 32.0938px\" width=\"298\"><span style=\"font-family: arial, helvetica, sans-serif;font-size: 16px\">US$400\/Sample, retorno completo ap\u00f3s o pedido de n\u00f3s<\/span><\/td>\n<\/tr>\n<\/tbody>\n<\/table>\n<p style=\"line-height: 1.5\">&nbsp;<\/p>\n<p style=\"line-height: 1.5\"><span style=\"font-family: arial, helvetica, sans-serif;font-size: 16px\">Kit inicial de ervas para interior preparado de 18 pe\u00e7as: tudo o que voc\u00ea precisa para trazer a alegria de cultivar ervas salgadas para a sua vida ou para a vida de um ente querido. \u00c9 simples - nossas suposi\u00e7\u00f5es sobre o cultivo de ervas a partir de sementes, guiando voc\u00ea a cada passo do caminho. Planta isso!<\/span><\/p>\n<p style=\"line-height: 1.5\">&nbsp;<\/p>\n<p style=\"line-height: 1.5\"><span style=\"font-family: arial, helvetica, sans-serif;font-size: 16px\">Os seguintes itens est\u00e3o inclu\u00eddos no kit.<\/span><\/p>\n<p style=\"line-height: 1.5\"><span style=\"font-family: arial, helvetica, sans-serif;font-size: 16px\">4 pacotes de sementes para plantas de interior,<\/span><\/p>\n<p style=\"line-height: 1.5\"><span style=\"font-family: arial, helvetica, sans-serif;font-size: 16px\">1 tesoura de jardinagem,<\/span><\/p>\n<p style=\"line-height: 1.5\"><span style=\"font-family: arial, helvetica, sans-serif;font-size: 16px\">4 sacos de estopa para cultivo,<\/span><\/p>\n<p style=\"line-height: 1.5\"><span style=\"font-family: arial, helvetica, sans-serif;font-size: 16px\">4 discos de terra para vasos,<\/span><\/p>\n<p style=\"line-height: 1.5\"><span style=\"font-family: arial, helvetica, sans-serif;font-size: 16px\">4 marcadores de plantas de bambu,<\/span><\/p>\n<p style=\"line-height: 1.5\"><span style=\"font-family: arial, helvetica, sans-serif;font-size: 16px\">1 caixa de madeira para plantador<\/span><\/p>\n<p style=\"line-height: 1.5\">&nbsp;<\/p>\n<p style=\"line-height: 1.5\"><span style=\"font-family: arial, helvetica, sans-serif;font-size: 16px\">Cultive seu pr\u00f3prio jardim de ervas: desfrute dos sabores frescos do coentro caseiro, da salsa italiana de folhas grandes, do tomilho ingl\u00eas e do manjeric\u00e3o genov\u00eas, direto da horta da sua cozinha para o seu prato! Quer voc\u00ea tenha acabado de plantar sua primeira planta de hortel\u00e3 ou j\u00e1 seja um especialista em jardinagem interna, nossos kits de jardim de ervas apresentam sementes rec\u00e9m-colhidas e de alta qualidade para prosperar em seu jardim de ervas interno.<\/span><\/p>\n<p style=\"line-height: 1.5\">&nbsp;<\/p>\n<p style=\"line-height: 1.5\"><span style=\"font-family: arial, helvetica, sans-serif;font-size: 16px\">Tudo o que voc\u00ea precisa para o seu jardim de ervas no peitoril da janela: nosso kit inicial para jardim de ervas interno j\u00e1 cont\u00e9m todos os suprimentos que voc\u00ea precisa para come\u00e7ar, incluindo instru\u00e7\u00f5es detalhadas, 4 pacotes de sementes de plantas dom\u00e9sticas, tesouras de jardim, 4 sacos de serapilheira para cultivo, 4 bandejas de solo para vasos, 4 marcadores de plantas de bambu e uma caixa de madeira que funciona como plantador. Nenhuma viagem extra para o ber\u00e7\u00e1rio!<\/span><\/p>\n<p style=\"line-height: 1.5\">&nbsp;<\/p>\n<p style=\"line-height: 1.5\"><span style=\"font-family: arial, helvetica, sans-serif;font-size: 16px\">Suporte especializado ao crescimento: Fomos al\u00e9m quando se trata de suporte. Nosso Herb Garden Starter Kit vem com uma equipe de especialistas em jardinagem e jardineiros para responder perguntas, um produtor ajuda o bot trabalhando atrav\u00e9s do FB Messenger, uma comunidade privada de produtores do FB para ajuda extra de outros clientes, e sugest\u00f5es de nossos jardineiros, instru\u00e7\u00f5es detalhadas e v\u00eddeos instrutivos . Voc\u00ea n\u00e3o est\u00e1 apenas comprando um kit de ervas para uso interno \u2013 voc\u00ea est\u00e1 recebendo orienta\u00e7\u00e3o em sua jornada de jardinagem!<\/span><\/p>\n<p style=\"line-height: 1.5\">&nbsp;<\/p>\n<p style=\"line-height: 1.5\"><span style=\"font-family: arial, helvetica, sans-serif;font-size: 16px\">Presentes exclusivos para polegares verdes e jardineiros novatos: nossos kits de ervas s\u00e3o perfeitos como presentes de inaugura\u00e7\u00e3o, kits de crescimento de plantas infantis, presentes para cozinheiros e aqueles que gostam de cozinhar, presentes para mulheres, presentes de jardinagem ou qualquer pessoa que queira cultivar ervas para jardinagem interna. presente para os amantes de plantas! Seja qual for a ocasi\u00e3o, este conjunto de ervas \u00e9 um \u00f3timo complemento para qualquer cozinha, parapeito de janela ou p\u00e1tio. Voc\u00ea pode at\u00e9 transferir plantas estabelecidas de um kit de horta interna para uma horta externa!<\/span><\/p>\n<p style=\"line-height: 1.5\">&nbsp;<\/p>\n<p style=\"line-height: 1.5\"><span style=\"font-family: arial, helvetica, sans-serif;font-size: 16px\">Sempre cultivado na China: No kit de jardim, nosso objetivo \u00e9 tornar a arte de cultivar plantas simples e f\u00e1cil. acess\u00edvel a todos. Desejamos que sua jornada de jardinagem interna seja um sucesso! Nossa heran\u00e7a, sementes de ervas n\u00e3o transg\u00eanicas, s\u00e3o sempre cultivadas e testadas na China<\/span><\/p><\/p>","protected":false},"excerpt":{"rendered":"<p>Heran\u00e7a, sementes de ervas n\u00e3o transg\u00eanicas \u2013 manjeric\u00e3o, tomilho, salsa, sementes de coentro, terra para vasos, vasos, tesouras \u2013 kits de cultivo DIY para cultivo de ervas em ambientes internos, cozinha, varanda, peitoril da janela<\/p>","protected":false},"featured_media":13342,"comment_status":"open","ping_status":"closed","template":"","meta":[],"product_cat":[50],"product_tag":[183,179,181,55,178],"acf":[],"_links":{"self":[{"href":"https:\/\/www.garden-kit.com\/pt\/wp-json\/wp\/v2\/product\/1507"}],"collection":[{"href":"https:\/\/www.garden-kit.com\/pt\/wp-json\/wp\/v2\/product"}],"about":[{"href":"https:\/\/www.garden-kit.com\/pt\/wp-json\/wp\/v2\/types\/product"}],"replies":[{"embeddable":true,"href":"https:\/\/www.garden-kit.com\/pt\/wp-json\/wp\/v2\/comments?post=1507"}],"wp:featuredmedia":[{"embeddable":true,"href":"https:\/\/www.garden-kit.com\/pt\/wp-json\/wp\/v2\/media\/13342"}],"wp:attachment":[{"href":"https:\/\/www.garden-kit.com\/pt\/wp-json\/wp\/v2\/media?parent=1507"}],"wp:term":[{"taxonomy":"product_cat","embeddable":true,"href":"https:\/\/www.garden-kit.com\/pt\/wp-json\/wp\/v2\/product_cat?post=1507"},{"taxonomy":"product_tag","embeddable":true,"href":"https:\/\/www.garden-kit.com\/pt\/wp-json\/wp\/v2\/product_tag?post=1507"}],"curies":[{"name":"wp","href":"https:\/\/api.w.org\/{rel}","templated":true}]}}