{"id":1526,"date":"2022-08-23T23:42:28","date_gmt":"2022-08-23T15:42:28","guid":{"rendered":"http:\/\/www.garden-kit.com\/product\/indoor-herb-gardening-kit\/"},"modified":"2023-11-04T22:25:51","modified_gmt":"2023-11-04T14:25:51","slug":"indoor-herb-gardening-kit","status":"publish","type":"product","link":"https:\/\/www.garden-kit.com\/pt\/product\/indoor-herb-gardening-kit\/","title":{"rendered":"Kit de jardinagem de ervas para interior"},"content":{"rendered":"<h2>Kit de jardinagem de ervas para interior<\/h2>\n<p style=\"font-size: 16px; line-height: 1.5;\">As plantas de ervas arom\u00e1ticas podem dar um sabor \u00fanico, como o manjeric\u00e3o, a hortel\u00e3, a alfazema, etc. Os nossos kits de cultivo de ervas cont\u00eam uma grande variedade de sementes de ervas, e pode plant\u00e1-las dentro de casa a qualquer momento, isto n\u00e3o requer que tenha um polegar verde porque, dentro do kit, contamos com a planta\u00e7\u00e3o necess\u00e1ria, cada vez mais pessoas gostam de cultivar plantas de ervas em casa, n\u00e3o s\u00f3 pode purificar o ar interior, mas tamb\u00e9m tem o efeito de refrescar e revitalizar o c\u00e9rebro, o que \u00e9 muito ben\u00e9fico para a sa\u00fade da fam\u00edlia. Ao mesmo tempo, a maioria das plantas herb\u00e1ceas tem um pequeno efeito de frescura, que pode vestir a sua casa em minutos. Algumas ervas podem ser utilizadas como parte da sua cozinha para dar sabor aos seus cozinhados!<\/p>\n<h3 style=\"font-size: 19px; line-height: 1.5;\"><span style=\"font-family: arial, helvetica, sans-serif; font-size: 16px;\">Vis\u00e3o geral<\/span><\/h3>\n<table style=\"border-collapse: collapse; width: 100%;\">\n<tbody>\n<tr>\n<td style=\"width: 50%; line-height: 1.5;\" width=\"224\"><span style=\"font-family: arial, helvetica, sans-serif; font-size: 16px;\">Instru\u00e7\u00f5es de cuidados com o produto<\/span><\/td>\n<td style=\"width: 50%; line-height: 1.5;\" width=\"224\"><span style=\"font-family: arial, helvetica, sans-serif; font-size: 16px;\">Dispon\u00edvel<\/span><\/td>\n<\/tr>\n<tr>\n<td style=\"width: 50%; line-height: 1.5;\" width=\"224\"><span style=\"font-family: arial, helvetica, sans-serif; font-size: 16px;\">Tipo de produto vegetal<\/span><\/td>\n<td style=\"width: 50%; line-height: 1.5;\" width=\"224\"><span style=\"font-family: arial, helvetica, sans-serif; font-size: 16px;\">Ervas<\/span><\/td>\n<\/tr>\n<tr>\n<td style=\"width: 50%; line-height: 1.5;\" width=\"224\"><span style=\"font-family: arial, helvetica, sans-serif; font-size: 16px;\">Caracter\u00edstica especial<\/span><\/td>\n<td style=\"width: 50%; line-height: 1.5;\" width=\"224\"><span style=\"font-family: arial, helvetica, sans-serif; font-size: 16px;\">Cultivo interno-externo<\/span><\/td>\n<\/tr>\n<tr>\n<td style=\"width: 50%; line-height: 1.5;\" width=\"224\"><span style=\"font-family: arial, helvetica, sans-serif; font-size: 16px;\">Marca<\/span><\/td>\n<td style=\"width: 50%; line-height: 1.5;\" width=\"224\"><span style=\"font-family: arial, helvetica, sans-serif; font-size: 16px;\">kit jardim<\/span><\/td>\n<\/tr>\n<tr>\n<td style=\"width: 50%; line-height: 1.5;\" width=\"224\"><span style=\"font-family: arial, helvetica, sans-serif; font-size: 16px;\">Lugar de origem<\/span><\/td>\n<td style=\"width: 50%; line-height: 1.5;\" width=\"224\"><span style=\"font-family: arial, helvetica, sans-serif; font-size: 16px;\">Fujian, China<\/span><\/td>\n<\/tr>\n<tr>\n<td style=\"width: 50%; line-height: 1.5;\" width=\"224\"><span style=\"font-family: arial, helvetica, sans-serif; font-size: 16px;\">ODM\/OEM<\/span><\/td>\n<td style=\"width: 50%; line-height: 1.5;\" width=\"224\"><span style=\"font-family: arial, helvetica, sans-serif; font-size: 16px;\">Dispon\u00edvel<\/span><\/td>\n<\/tr>\n<tr>\n<td style=\"width: 50%; line-height: 1.5;\" width=\"224\"><span style=\"font-family: arial, helvetica, sans-serif; font-size: 16px;\">MOQ para pedido personalizado<\/span><\/td>\n<td style=\"width: 50%; line-height: 1.5;\" width=\"224\"><span style=\"font-family: arial, helvetica, sans-serif; font-size: 16px;\">3000 unidades<\/span><\/td>\n<\/tr>\n<tr>\n<td style=\"width: 50%; line-height: 1.5;\" width=\"224\"><span style=\"font-family: arial, helvetica, sans-serif; font-size: 16px;\">Custo da amostra<\/span><\/td>\n<td style=\"width: 50%; line-height: 1.5;\" width=\"224\"><span style=\"font-family: arial, helvetica, sans-serif; font-size: 16px;\">US$400\/Sample, retorno completo ap\u00f3s o pedido de n\u00f3s<\/span><\/td>\n<\/tr>\n<\/tbody>\n<\/table>\n<h2 style=\"line-height: 1.5;\">Sobre a encomenda de kits de jardinagem de ervas arom\u00e1ticas<\/h2>\n<p style=\"line-height: 1.5;\"><strong><span style=\"font-family: arial, helvetica, sans-serif; font-size: 16px;\">Caixa de oferta personalizada<\/span><\/strong><\/p>\n<p>A embalagem externa dos kits pode ser personalizada de acordo com suas id\u00e9ias, se voc\u00ea n\u00e3o tiver um design, tamb\u00e9m podemos fornecer o design da embalagem externa, n\u00f3s tamb\u00e9m projetamos a embalagem externa de muitas marcas, tornando seus neg\u00f3cios muito bem-sucedidos. Ent\u00e3o, se voc\u00ea quiser come\u00e7ar seu pr\u00f3prio neg\u00f3cio de kit de jardinagem de ervas, entre em contato conosco\uff01<\/p>\n<p><strong>Kit inicial de ervas ecol\u00f3gico<\/strong><\/p>\n<p>Cada kit de jardinagem de ervas arom\u00e1ticas de interior cont\u00e9m sementes org\u00e2nicas certificadas e n\u00e3o OGM. As ervas para envasamento interior tamb\u00e9m incluem manjeric\u00e3o italiano de folha grande, coentros, salsa, salva de folha larga e tomilho, 5 vasos de turfa compost\u00e1vel, 5 solos f\u00e9rteis para envasamento certificados pela OMRI, 5 marcadores de plantas em madeira personalizados e um belo guia de planta\u00e7\u00e3o.<\/p>\n<p>Todo o kit \u00e9 certificado como org\u00e2nico, a maioria dos Kitchen Herb Garden Starter Kits cont\u00e9m sementes org\u00e2nicas, e o solo e os vasos s\u00e3o tratados com produtos qu\u00edmicos e pesticidas nocivos. Por isso, s\u00e3o amigos do ambiente e n\u00f3s acreditamos firmemente que os sistemas sustent\u00e1veis, amigos do ambiente e totalmente org\u00e2nicos s\u00e3o seguros para as nossas fam\u00edlias, mulheres, homens, crian\u00e7as e todos os produtores.<\/p>\n<p><strong>Prenda especial perfeita\u00a0<\/strong><\/p>\n<p>Nossos kits de jardinagem de ervas internas s\u00e3o perfeitos para qualquer pessoa, homem ou mulher, vegetariano ou vegano, m\u00e3e, pai, melhor presente de cozinha e jardinagem ou presente de inaugura\u00e7\u00e3o de casa. Nossos kits de jardim de ervas internas s\u00e3o perfeitos para o cultivo em peitoris de janelas, apartamentos, exteriores pessoais, varandas de cozinha e at\u00e9 bancadas.<\/p>\n<p><strong>D\u00ea vida \u00e0 sua cozinha<\/strong><\/p>\n<p>Plantar sementes para jardinagem de interior porque todas as cozinhas ficam melhor com ervas e plantas frescas na sua bancada. Os nossos kits de ervas de interior com sementes de heran\u00e7a s\u00e3o uma forma \u00fanica de adicionar alimentos \u00e0 sua planta\u00e7\u00e3o e apimentar as suas refei\u00e7\u00f5es com um pouco de sabor gourmet do seu pr\u00f3prio kit de cultivo caseiro!<\/p>\n<p style=\"line-height: 1.5;\"><strong><span style=\"font-family: arial, helvetica, sans-serif; font-size: 16px;\">Prepared 23 Piece Indoor Herb Starter Kit (kit inicial de ervas de interior)<\/span><\/strong><\/p>\n<p>Inclui tudo o que \u00e9 necess\u00e1rio para cultivar ervas deliciosas. Comece a cultivar as suas ervas a partir de sementes e n\u00f3s gui\u00e1-lo-emos em cada passo do processo com facilidade. Os seguintes itens est\u00e3o inclu\u00eddos no Kit de Jardinagem de Ervas de Interior.<\/p>\n<p>5 pacotes de sementes personalizados<br \/>\n5 marcadores de madeira para plantas<br \/>\n5 discos de terra para vasos com certifica\u00e7\u00e3o OMRI<br \/>\n4 potes de turfa compost\u00e1veis com certifica\u00e7\u00e3o OMRI<\/p>\n<p style=\"line-height: 1.5;\"><strong>Coisas a ter em conta antes de come\u00e7ar a plantar o seu kit de planta\u00e7\u00e3o de ervas arom\u00e1ticas de interior<\/strong><\/p>\n<p style=\"line-height: 1.5;\">\n1. Escolhe um recipiente de envasamento adequado:<\/p>\n<p style=\"line-height: 1.5;\">As ervas arom\u00e1ticas s\u00e3o plantas com ra\u00edzes pouco profundas, pelo que \u00e9 melhor escolher um vaso pouco profundo para a planta\u00e7\u00e3o. Os vasos de fibra vegetal e os vasos de barro s\u00e3o mais adequados, uma vez que s\u00e3o mais respir\u00e1veis. Coloque pedras granulares no fundo do vaso para melhorar a drenagem e evitar entupimentos.<\/p>\n<p style=\"line-height: 1.5;\">\n2. Coloca\u00e7\u00e3o de plantas em vaso:<\/p>\n<p style=\"line-height: 1.5;\">As ervas arom\u00e1ticas podem crescer em \u00e1reas com luz difusa, mas prosperam se lhes forem garantidas 5-6 horas de luz refractada por dia. No ver\u00e3o, coloque-as numa varanda virada para sul. Para evitar o murchamento e a descolora\u00e7\u00e3o das folhas, n\u00e3o as exponha a uma luz solar forte.<\/p>\n<p style=\"line-height: 1.5;\">\n3. Solo:<\/p>\n<p style=\"line-height: 1.5;\">As ervas arom\u00e1ticas crescem bem em solos bem drenados, bem arejados, soltos e f\u00e9rteis. Por isso, mantenha o solo em boas condi\u00e7\u00f5es, n\u00e3o aglomerado e seco.<\/p>\n<p style=\"line-height: 1.5;\">\n4. Semeadura:<\/p>\n<p style=\"line-height: 1.5;\">Para melhorar a germina\u00e7\u00e3o, deixar as sementes de molho durante 24 horas antes de as semear.<\/p>\n<p style=\"line-height: 1.5;\">\n5. Fertiliza\u00e7\u00e3o:<\/p>\n<p style=\"line-height: 1.5;\">Tenha o cuidado de regar as suas ervas e n\u00e3o regue em excesso nem passe longos per\u00edodos de tempo sem regar.<\/p>","protected":false},"excerpt":{"rendered":"<p>Certificado USDA org\u00e2nico n\u00e3o-OGM - 5 sementes de ervas arom\u00e1ticas Manjeric\u00e3o, coentro, salsa, s\u00e1lvia, tomilho, terra para vasos, kit de plantas - Kit de jardinagem de ervas arom\u00e1ticas de interior para cozinha DIY<\/p>","protected":false},"featured_media":13325,"comment_status":"open","ping_status":"closed","template":"","meta":[],"product_cat":[50],"product_tag":[180,183,179,176,181,177,56,57,178,182],"acf":[],"_links":{"self":[{"href":"https:\/\/www.garden-kit.com\/pt\/wp-json\/wp\/v2\/product\/1526"}],"collection":[{"href":"https:\/\/www.garden-kit.com\/pt\/wp-json\/wp\/v2\/product"}],"about":[{"href":"https:\/\/www.garden-kit.com\/pt\/wp-json\/wp\/v2\/types\/product"}],"replies":[{"embeddable":true,"href":"https:\/\/www.garden-kit.com\/pt\/wp-json\/wp\/v2\/comments?post=1526"}],"wp:featuredmedia":[{"embeddable":true,"href":"https:\/\/www.garden-kit.com\/pt\/wp-json\/wp\/v2\/media\/13325"}],"wp:attachment":[{"href":"https:\/\/www.garden-kit.com\/pt\/wp-json\/wp\/v2\/media?parent=1526"}],"wp:term":[{"taxonomy":"product_cat","embeddable":true,"href":"https:\/\/www.garden-kit.com\/pt\/wp-json\/wp\/v2\/product_cat?post=1526"},{"taxonomy":"product_tag","embeddable":true,"href":"https:\/\/www.garden-kit.com\/pt\/wp-json\/wp\/v2\/product_tag?post=1526"}],"curies":[{"name":"wp","href":"https:\/\/api.w.org\/{rel}","templated":true}]}}