{"id":1536,"date":"2022-08-23T23:44:47","date_gmt":"2022-08-23T15:44:47","guid":{"rendered":"http:\/\/www.garden-kit.com\/product\/kitchen-herbs-grow-kit\/"},"modified":"2023-08-14T19:57:40","modified_gmt":"2023-08-14T11:57:40","slug":"kitchen-herbs-grow-kit","status":"publish","type":"product","link":"https:\/\/www.garden-kit.com\/pt\/product\/kitchen-herbs-grow-kit\/","title":{"rendered":"Kit de jardim de ervas para cozinha"},"content":{"rendered":"<p style=\"line-height: 1.5\"><span style=\"font-family: arial, helvetica, sans-serif;font-size: 16px\">Mantenha algumas flores em casa, como endro, planta de aranha, hera, etc., para adicionar vegeta\u00e7\u00e3o e ar fresco e se tornar uma bela paisagem. No entanto, diferentes flores e plantas s\u00e3o adequadas para coloca\u00e7\u00e3o em locais diferentes. Por exemplo, na cozinha, \u00e9 adequado colocar algumas plantas de baunilha. Al\u00e9m de fresca e atraente, voc\u00ea tamb\u00e9m pode escolher uma folha como tempero, deixando a comida mais perfumada!<\/span><br \/><span style=\"font-family: arial, helvetica, sans-serif;font-size: 16px\">Cultivar ervas para cozinhar \u00e9 a melhor maneira de chegar \u201cdo solo \u00e0 mesa\u201d em sua pr\u00f3pria cozinha. Eles exigem uma pequena \u00e1rea de plantio e tamb\u00e9m podem ser vistos, colhidos e usados diretamente para cozinhar, que \u00e9 uma habilidade di\u00e1ria com um \u201climite muito baixo\u201d<\/span><\/p>\n<p style=\"line-height: 1.5\"><span style=\"font-family: arial, helvetica, sans-serif;font-size: 18px\"><\/span><\/p>\n<h3 style=\"line-height: 1.5;font-size: 19px\"><span style=\"font-family: arial, helvetica, sans-serif;font-size: 18px\">Vis\u00e3o geral<\/span><\/h3>\n<table>\n<tbody>\n<tr>\n<td width=\"298\">\n<pre><span style=\"font-family: arial, helvetica, sans-serif;font-size: 16px\">Instru\u00e7\u00f5es de cuidados com o produto<\/span><\/pre>\n<\/td>\n<td width=\"298\">\n<pre><span style=\"font-family: arial, helvetica, sans-serif;font-size: 16px\">Dispon\u00edvel<\/span><\/pre>\n<\/td>\n<\/tr>\n<tr>\n<td width=\"298\">\n<pre><span style=\"font-family: arial, helvetica, sans-serif;font-size: 16px\">Tipo de produto vegetal<\/span><\/pre>\n<\/td>\n<td width=\"298\">\n<pre><span style=\"font-family: arial, helvetica, sans-serif;font-size: 16px\">Ervas<\/span><\/pre>\n<\/td>\n<\/tr>\n<tr>\n<td width=\"298\">\n<pre><span style=\"font-family: arial, helvetica, sans-serif;font-size: 16px\">Caracter\u00edstica especial<\/span><\/pre>\n<\/td>\n<td width=\"298\">\n<pre><span style=\"font-family: arial, helvetica, sans-serif;font-size: 16px\">Cultivo interno-externo<\/span><\/pre>\n<\/td>\n<\/tr>\n<tr>\n<td width=\"298\">\n<pre><span style=\"font-family: arial, helvetica, sans-serif;font-size: 16px\">Marca<\/span><\/pre>\n<\/td>\n<td width=\"298\">\n<pre><span style=\"font-family: arial, helvetica, sans-serif;font-size: 16px\">kit jardim<\/span><\/pre>\n<\/td>\n<\/tr>\n<tr>\n<td width=\"298\">\n<pre><span style=\"font-family: arial, helvetica, sans-serif;font-size: 16px\">Lugar de origem<\/span><\/pre>\n<\/td>\n<td width=\"298\">\n<pre><span style=\"font-family: arial, helvetica, sans-serif;font-size: 16px\">Fujian, China<\/span><\/pre>\n<\/td>\n<\/tr>\n<tr>\n<td width=\"298\">\n<pre><span style=\"font-family: arial, helvetica, sans-serif;font-size: 16px\">ODM\/OEM<\/span><\/pre>\n<\/td>\n<td width=\"298\">\n<pre><span style=\"font-family: arial, helvetica, sans-serif;font-size: 16px\">Dispon\u00edvel<\/span><\/pre>\n<\/td>\n<\/tr>\n<tr>\n<td width=\"298\">\n<pre><span style=\"font-family: arial, helvetica, sans-serif;font-size: 16px\">MOQ para pedido personalizado<\/span><\/pre>\n<\/td>\n<td width=\"298\">\n<pre><span style=\"font-family: arial, helvetica, sans-serif;font-size: 16px\">3000 unidades<\/span><\/pre>\n<\/td>\n<\/tr>\n<tr>\n<td width=\"298\">\n<pre><span style=\"font-family: arial, helvetica, sans-serif;font-size: 16px\">Custo da amostra<\/span><\/pre>\n<\/td>\n<td width=\"298\">\n<pre><span style=\"font-family: arial, helvetica, sans-serif;font-size: 16px\">US$400\/Sample, retorno completo ap\u00f3s o pedido de n\u00f3s<\/span><\/pre>\n<\/td>\n<\/tr>\n<\/tbody>\n<\/table>\n<p style=\"line-height: 1.5\"><span style=\"font-family: arial, helvetica, sans-serif;font-size: 16px\">Ervas diferentes t\u00eam frequ\u00eancias de colheita diferentes, algumas ervas precisam ser colhidas uma vez por esta\u00e7\u00e3o; alguns precisam ser colhidos todos os dias, e outros podem levar v\u00e1rios anos para colher seus rem\u00e9dios.<\/span><\/p>\n<p style=\"line-height: 1.5\"><span style=\"font-family: arial, helvetica, sans-serif;font-size: 16px\">Kit inicial de ervas para interior preparado de 21 pe\u00e7as: tudo o que voc\u00ea precisa para trazer a alegria de cultivar ervas salgadas para a sua vida ou para a vida de um ente querido. \u00c9 simples - nossas suposi\u00e7\u00f5es sobre o cultivo de ervas a partir de sementes, guiando voc\u00ea a cada passo do caminho. Planta isso!<\/span><\/p>\n<ul>\n<li><span style=\"font-family: arial, helvetica, sans-serif;font-size: 16px\">Os seguintes itens est\u00e3o inclu\u00eddos no kit.<\/span><br \/><span style=\"font-family: arial, helvetica, sans-serif;font-size: 16px\">9 potes de fibra de bambu<\/span><br \/><span style=\"font-family: arial, helvetica, sans-serif;font-size: 16px\">3 discos de solo pr\u00e9-fertilizado<\/span><br \/><span style=\"font-family: arial, helvetica, sans-serif;font-size: 16px\">9 pacotes de sementes frescas<\/span><br \/><span style=\"font-family: arial, helvetica, sans-serif;font-size: 16px\">9 marcadores de plantas de bambu<\/span><br \/><span style=\"font-family: arial, helvetica, sans-serif;font-size: 16px\">1 Guia de plantio passo a passo<\/span><br \/><span style=\"font-family: arial, helvetica, sans-serif;font-size: 16px\">1 caixa de presente personalizada<\/span><\/li>\n<\/ul>\n<h2 style=\"font-size: 20px\">Sabor individualizado na palma da sua m\u00e3o \u2013 o kit Kitchen Herb Garden personalizado<\/h2>\n<p>Nesta vida moderna agitada, muitas vezes ansiamos por uma sensa\u00e7\u00e3o de proximidade com a natureza, uma experi\u00eancia de encontrar paz na agita\u00e7\u00e3o da cidade, e assim nasceu o Kit Kitchen Herb Garden, n\u00e3o s\u00f3 como um produto, mas tamb\u00e9m como um s\u00edmbolo de um modo de vida. Como fabricante profissional, elaboramos um kit lindo, pr\u00e1tico e personalizado para voc\u00ea, seja para voc\u00ea ou como um precioso presente para seus amigos e familiares, que trar\u00e1 alegria e del\u00edcias sem fim.<\/p>\n<h2 style=\"font-size: 20px\">Luxo personalizado, criando exclusividade<\/h2>\n<p>Entendemos que as prefer\u00eancias de cada um s\u00e3o \u00fanicas, por isso oferecemos-lhe uma gama completa de servi\u00e7os de personaliza\u00e7\u00e3o, desde as ferramentas exteriores \u00e0s interiores at\u00e9 \u00e0s sementes. Voc\u00ea pode escolher um design exterior exclusivo e personalizar seu conjunto de ferramentas de acordo com suas prefer\u00eancias individuais. Quer voc\u00ea seja um f\u00e3 da simplicidade moderna ou da eleg\u00e2ncia vintage, garantiremos que voc\u00ea obtenha um Kit de jardim de ervas para cozinha exclusivamente seu.<\/p>\n<h2 style=\"font-size: 20px\">Aproveite as sementes, experimente a natureza<\/h2>\n<p>Cada semente do Kit Kitchen Herb Garden \u00e9 um presente para a natureza. Da hortel\u00e3 fresca ao perfumado manjeric\u00e3o, temos uma grande variedade de sementes para voc\u00ea cultivar em casa. N\u00e3o \u00e9 necess\u00e1ria nenhuma experi\u00eancia em jardinagem, basta seguir o guia f\u00e1cil de seguir fornecido por n\u00f3s e voc\u00ea poder\u00e1 testemunhar uma folhagem verde exuberante e resultados perfumados em um piscar de olhos.<\/p>\n<h2 style=\"font-size: 20px\">Garantia de qualidade e fornecimento est\u00e1vel<\/h2>\n<p>Temos uma linha de produ\u00e7\u00e3o madura, bem como capacidade de fornecimento para garantir que o Kitchen Herb Garden Kit atenda aos seus altos padr\u00f5es tanto em apar\u00eancia quanto em funcionalidade. Materiais selecionados e artesanato garantem durabilidade e beleza, para que voc\u00ea possa desfrutar por muito tempo dos frutos do seu jardim de ervas.<\/p>\n<h2 style=\"font-size: 20px\">Um favorito, um \u00f3timo presente<\/h2>\n<p>O kit Kitchen Herb Garden \u00e9 h\u00e1 muito tempo um item procurado por uma ampla gama de consumidores. Seja como um presente para anivers\u00e1rios ou feriados ou como um presente precioso para diversas ocasi\u00f5es, ele pode transmitir seu carinho e b\u00ean\u00e7\u00e3os aos seus amigos e familiares. Deixe-os sentir a alegria de plantar e saborear as del\u00edcias das ervas frescas.<\/p>\n<p>Deixe o seu paladar dan\u00e7ar com o seu cora\u00e7\u00e3o, personalize o seu Kit Kitchen Herb Garden e sinta o encanto da natureza. Contate-nos para iniciar sua jornada de jardinagem personalizada!<\/p>","protected":false},"excerpt":{"rendered":"<p>Sementes de jardinagem de ervas culin\u00e1rias para plantio interno em casa com caixa de presente de madeira \u2013 Presente de cozinha perfeito para jardineiro feminino ou masculino. Presentes incomuns para cultivo de plantas adultas<\/p>","protected":false},"featured_media":16018,"comment_status":"open","ping_status":"closed","template":"","meta":[],"product_cat":[50],"product_tag":[179,501,176,177,56,178,58],"acf":[],"_links":{"self":[{"href":"https:\/\/www.garden-kit.com\/pt\/wp-json\/wp\/v2\/product\/1536"}],"collection":[{"href":"https:\/\/www.garden-kit.com\/pt\/wp-json\/wp\/v2\/product"}],"about":[{"href":"https:\/\/www.garden-kit.com\/pt\/wp-json\/wp\/v2\/types\/product"}],"replies":[{"embeddable":true,"href":"https:\/\/www.garden-kit.com\/pt\/wp-json\/wp\/v2\/comments?post=1536"}],"wp:featuredmedia":[{"embeddable":true,"href":"https:\/\/www.garden-kit.com\/pt\/wp-json\/wp\/v2\/media\/16018"}],"wp:attachment":[{"href":"https:\/\/www.garden-kit.com\/pt\/wp-json\/wp\/v2\/media?parent=1536"}],"wp:term":[{"taxonomy":"product_cat","embeddable":true,"href":"https:\/\/www.garden-kit.com\/pt\/wp-json\/wp\/v2\/product_cat?post=1536"},{"taxonomy":"product_tag","embeddable":true,"href":"https:\/\/www.garden-kit.com\/pt\/wp-json\/wp\/v2\/product_tag?post=1536"}],"curies":[{"name":"wp","href":"https:\/\/api.w.org\/{rel}","templated":true}]}}