{"id":1579,"date":"2022-08-24T00:25:20","date_gmt":"2022-08-23T16:25:20","guid":{"rendered":"http:\/\/www.garden-kit.com\/product\/perfect-slice-gift-kit\/"},"modified":"2023-03-31T16:34:21","modified_gmt":"2023-03-31T08:34:21","slug":"seed-ball-kit","status":"publish","type":"product","link":"https:\/\/www.garden-kit.com\/pt\/product\/seed-ball-kit\/","title":{"rendered":"Kit de bolas de sementes"},"content":{"rendered":"<p><span style=\"font-family: arial, helvetica, sans-serif\">Cultivamos hortali\u00e7as na varanda, \u00e0s vezes por falta de luz, pouca ventila\u00e7\u00e3o e outros motivos, as hortali\u00e7as s\u00e3o mais propensas a vermes. Ervas e vegetais s\u00e3o plantas simbi\u00f3ticas muito boas. Plantar vegetais com eles pode n\u00e3o apenas repelir insetos, mas tamb\u00e9m crescer melhor ~<\/span><span style=\"font-family: arial, helvetica, sans-serif\"><\/span><\/p>\n<h3 style=\"line-height: 1.5;font-size: 19px\"><span style=\"font-family: arial, helvetica, sans-serif;font-size: 18px\">Vis\u00e3o geral<\/span><\/h3>\n<table width=\"100%\">\n<tbody>\n<tr>\n<td width=\"299\">\n<pre><span style=\"font-family: arial, helvetica, sans-serif;font-size: 16px\">Instru\u00e7\u00f5es de cuidados com o produto<\/span><\/pre>\n<\/td>\n<td width=\"299\">\n<pre><span style=\"font-family: arial, helvetica, sans-serif;font-size: 16px\">Dispon\u00edvel<\/span><\/pre>\n<\/td>\n<\/tr>\n<tr>\n<td width=\"299\">\n<pre><span style=\"font-family: arial, helvetica, sans-serif;font-size: 16px\">Tipo de produto vegetal<\/span><\/pre>\n<\/td>\n<td width=\"299\">\n<pre><span style=\"font-family: arial, helvetica, sans-serif;font-size: 16px\">tomate e ervas<\/span><\/pre>\n<\/td>\n<\/tr>\n<tr>\n<td width=\"299\">\n<pre><span style=\"font-family: arial, helvetica, sans-serif;font-size: 16px\">Caracter\u00edstica especial<\/span><\/pre>\n<\/td>\n<td width=\"299\">\n<pre><span style=\"font-family: arial, helvetica, sans-serif;font-size: 16px\">Cultivo interno-externo<\/span><\/pre>\n<\/td>\n<\/tr>\n<tr>\n<td width=\"299\">\n<pre><span style=\"font-family: arial, helvetica, sans-serif;font-size: 16px\">Marca<\/span><\/pre>\n<\/td>\n<td width=\"299\">\n<pre><span style=\"font-family: arial, helvetica, sans-serif;font-size: 16px\">kit jardim<\/span><\/pre>\n<\/td>\n<\/tr>\n<tr>\n<td width=\"299\">\n<pre><span style=\"font-family: arial, helvetica, sans-serif;font-size: 16px\">Lugar de origem<\/span><\/pre>\n<\/td>\n<td width=\"299\">\n<pre><span style=\"font-family: arial, helvetica, sans-serif;font-size: 16px\">Fujian, China<\/span><\/pre>\n<\/td>\n<\/tr>\n<tr>\n<td width=\"299\">\n<pre><span style=\"font-family: arial, helvetica, sans-serif;font-size: 16px\">ODM\/OEM<\/span><\/pre>\n<\/td>\n<td width=\"299\">\n<pre><span style=\"font-family: arial, helvetica, sans-serif;font-size: 16px\">Dispon\u00edvel<\/span><\/pre>\n<\/td>\n<\/tr>\n<tr>\n<td width=\"299\">\n<pre><span style=\"font-family: arial, helvetica, sans-serif;font-size: 16px\">MOQ para pedido personalizado<\/span><\/pre>\n<\/td>\n<td width=\"299\">\n<pre><span style=\"font-family: arial, helvetica, sans-serif;font-size: 16px\">3000 unidades<\/span><\/pre>\n<\/td>\n<\/tr>\n<tr>\n<td width=\"299\">\n<pre><span style=\"font-family: arial, helvetica, sans-serif;font-size: 16px\">Custo da amostra<\/span><\/pre>\n<\/td>\n<td width=\"299\">\n<pre><span style=\"font-family: arial, helvetica, sans-serif;font-size: 16px\">US$400\/Sample, retorno completo ap\u00f3s o pedido de n\u00f3s<\/span><\/pre>\n<\/td>\n<\/tr>\n<\/tbody>\n<\/table>\n<p style=\"font-size: 16px\"><span style=\"font-family: arial, helvetica, sans-serif;font-size: 16px\">Pizza Garden Seed Ball Kit: O essencial que voc\u00ea precisa para fazer 20 bolas de sementes densas em nutrientes, al\u00e9m de instru\u00e7\u00f5es de plantio para iniciar um lindo jardim. Inclui manjeric\u00e3o org\u00e2nico, r\u00facula, tomate cereja e sementes de or\u00e9gano. Cortador de Pizza: Utens\u00edlio de cozinha ergon\u00f4mico com al\u00e7a f\u00e1cil de usar para cortar pizza e p\u00e3o achatado com facilidade. <\/span><\/p>\n<p style=\"font-size: 16px\"><span style=\"font-family: arial, helvetica, sans-serif;font-size: 16px\">Marcadores de Jardim: Quatro marcadores de plantas de bambu para o seu jardim italiano. <\/span><\/p>\n<p style=\"font-size: 16px\"><span style=\"font-family: arial, helvetica, sans-serif;font-size: 16px\">Kit de caixa: 12,125&quot; L x 9,25&quot; A x 6&quot; P <\/span><\/p>\n<p style=\"font-size: 16px\"><span style=\"font-family: arial, helvetica, sans-serif;font-size: 16px\">Kit de bolas de sementes de jardim de pizza: 6&quot; L x 4&quot; A x 8&quot; P <\/span><\/p>\n<p style=\"font-size: 16px\"><span style=\"font-family: arial, helvetica, sans-serif;font-size: 16px\">Cortador de pizza: 4&quot; x 3,7&quot; <\/span><\/p>\n<p style=\"font-size: 16px\"><span style=\"font-family: arial, helvetica, sans-serif;font-size: 16px\">Marcador de jardim: 2,3&quot; x 4&quot;<\/span><\/p>\n<p><span style=\"font-family: arial, helvetica, sans-serif;font-size: 16px\">O tomate \u00e9 uma planta herb\u00e1cea anual pertencente ao g\u00eanero Tomato na fam\u00edlia Solanaceae. Tem forte adaptabilidade, boa resist\u00eancia, gosta de aduba\u00e7\u00e3o pot\u00e1ssica e leve, e requer mais \u00e1gua. Pode ser cultivada o ano todo.<\/span><br \/><span style=\"font-family: arial, helvetica, sans-serif;font-size: 16px\">O tomate pequeno gosta de calor e \u00e9 resistente ao calor. A temperatura \u00f3tima para crescimento \u00e9 de 20-30\u00b0C, e ainda pode florescer e frutificar normalmente a 35-36\u00b0C.<\/span><br \/><span style=\"font-family: arial, helvetica, sans-serif;font-size: 16px\">No ver\u00e3o, se voc\u00ea proteg\u00ea-la do sol quente na varanda, ela ainda pode florescer e dar frutos.<\/span><br \/><span style=\"font-family: arial, helvetica, sans-serif;font-size: 16px\">\u3010ilumina\u00e7\u00e3o\u3011<\/span><br \/><span style=\"font-family: arial, helvetica, sans-serif;font-size: 16px\">O tomate pequeno gosta de luz, por isso precisa ser plantado na varanda com bastante luz solar, o que \u00e9 mais prop\u00edcio ao seu crescimento e desenvolvimento.<\/span><br \/><span style=\"font-family: arial, helvetica, sans-serif;font-size: 16px\">\u3010Tempo de cultivo\u3011<\/span><br \/><span style=\"font-family: arial, helvetica, sans-serif;font-size: 16px\">Embora seja uma planta que pode ser cultivada em todas as esta\u00e7\u00f5es, \u00e9 melhor optar por cultiv\u00e1-la na primavera e no outono.<\/span><br \/><span style=\"font-family: arial, helvetica, sans-serif;font-size: 16px\">\u3010Ciclo de colheita\u3011<\/span><br \/><span style=\"font-family: arial, helvetica, sans-serif;font-size: 16px\">dois meses.<br \/><\/span><span style=\"font-family: arial, helvetica, sans-serif\"><\/span><\/p>\n<p style=\"font-size: 16px\"><span style=\"font-family: arial, helvetica, sans-serif;font-size: 16px\">gerenciar<br \/>Durante o crescimento do tomate, aten\u00e7\u00e3o especial deve ser dada ao uso de fertilizantes. Os fertilizantes nitrogenados n\u00e3o devem ser usados \u00e0s cegas, o que facilmente causar\u00e1 crescimento excessivo sem frutifica\u00e7\u00e3o. Cerca de 10 dias ap\u00f3s o plantio, as mudas de tomate precisam ser podadas e emolduradas, e devem ser constru\u00eddos ramos laterais para favorecer o crescimento dos ramos principais.<br \/>pragas<br \/>Pragas e doen\u00e7as comuns dos tomates incluem bolor foliar, doen\u00e7as virais e mosca-branca. Pulg\u00f5es, etc., essas doen\u00e7as e pragas de insetos afetar\u00e3o o crescimento das mudas de tomate e at\u00e9 causar\u00e3o redu\u00e7\u00e3o no rendimento. Quando as sementes criam ra\u00edzes, alguns produtos de enraizamento podem ser adicionados adequadamente, como os produtos Genduowang, que podem tornar as ra\u00edzes mais fortes. Ao expandir a fruta, use uma quantidade adequada de peptidase de peixe para tornar a fruta uniforme em tamanho, bonita em cor, aumentar o teor de a\u00e7\u00facar da fruta e rapidamente Boa cor e brilho, melhorar a qualidade da fruta.<\/span><\/p>\n<p style=\"font-size: 16px\"><span style=\"font-family: arial, helvetica, sans-serif;font-size: 16px\"><\/span><\/p>\n<p style=\"font-size: 16px\"><span style=\"font-family: arial, helvetica, sans-serif;font-size: 16px\">Quando diferentes tipos de plantas s\u00e3o plantadas juntas, elas ter\u00e3o uma boa influ\u00eancia umas sobre as outras. Chamamos essa combina\u00e7\u00e3o de plantas de planta companheira. Por meio da intera\u00e7\u00e3o entre os parceiros, o objetivo de promover o crescimento das plantas e prevenir pragas e doen\u00e7as \u00e9 alcan\u00e7ado.<\/span><\/p>\n<p style=\"font-size: 16px\"><span style=\"font-family: arial, helvetica, sans-serif;font-size: 16px\">As ervas podem ser usadas n\u00e3o apenas como vegetais, mas tamb\u00e9m como companheiras de outras plantas - pois o poderoso aroma do \u00f3leo essencial que elas produzem faz maravilhas ao repelir pragas indesejadas do jardim; ervas tamb\u00e9m ajudam a elevar a sa\u00fade de muitas de suas plantas favoritas no jardim. Rendimento e Sabor; As ervas tamb\u00e9m s\u00e3o mais saborosas ao cozinhar alimentos.<\/span><\/p>\n<p style=\"font-size: 16px\"><span style=\"font-family: arial, helvetica, sans-serif;font-size: 18px\">Tomate Cereja + Manjeric\u00e3o<\/span><br \/><span style=\"font-family: arial, helvetica, sans-serif\">Eles n\u00e3o s\u00e3o apenas bons parceiros de cozinha, mas tamb\u00e9m um bom parceiro simbi\u00f3tico. Plantar algumas \u00e1rvores de manjeric\u00e3o perto dos pequenos tomates pode n\u00e3o apenas aumentar o sabor um do outro, mas tamb\u00e9m repelir insetos. O cheiro do manjeric\u00e3o pode repelir algumas pragas e tamb\u00e9m pode tornar o sabor do tomate mais delicioso. As folhas do tomate liberam o cheiro desagrad\u00e1vel da borboleta do repolho e da lagarta do repolho e tamb\u00e9m podem ajudar o manjeric\u00e3o a repelir insetos.<\/span><span style=\"font-family: arial, helvetica, sans-serif\"><\/span><\/p>\n<h3 style=\"font-size: 19px\"><span style=\"font-family: arial, helvetica, sans-serif;font-size: 18px\">Condi\u00e7\u00f5es necess\u00e1rias para a combina\u00e7\u00e3o de vegetais:<\/span><\/h3>\n<p><span style=\"font-family: arial, helvetica, sans-serif\">Condi\u00e7\u00e3o um:<\/span><br \/><span style=\"font-family: arial, helvetica, sans-serif\">Os dois tipos de plantas podem viver juntos no mesmo peda\u00e7o de solo e n\u00e3o formar\u00e3o uma rela\u00e7\u00e3o competitiva e causar\u00e3o efeitos adversos.<\/span><\/p>\n<p><span style=\"font-family: arial, helvetica, sans-serif\">Condi\u00e7\u00e3o dois:<\/span><br \/><span style=\"font-family: arial, helvetica, sans-serif\">As condi\u00e7\u00f5es de crescimento exigidas pelas duas plantas s\u00e3o as mesmas, ou seja, suas exig\u00eancias de qualidade do solo e de suprimento de \u00e1gua s\u00e3o as mesmas.<\/span><\/p>\n<p><span style=\"font-family: arial, helvetica, sans-serif\">Por exemplo, tomate e manjeric\u00e3o, que precisam de nutrientes abundantes e \u00e1gua adequada.<\/span><\/p>\n<p><span style=\"font-family: arial, helvetica, sans-serif\">Condi\u00e7\u00e3o tr\u00eas:<\/span><br \/><span style=\"font-family: arial, helvetica, sans-serif\">Plantar 2 tipos de plantas juntas pode fazer melhor uso do espa\u00e7o de plantio.<\/span><br \/><span style=\"font-family: arial, helvetica, sans-serif\">Algumas plantas mais altas, como vegetais de folhas verdes (espinafre, alface\u2026) e plantas de crescimento descendente, como vegetais de raiz (cenoura, rabanete branco, rabanete vermelho\u2026) podem ser plantadas cruzadas para reduzir a \u00e1rea de plantio ou mais vegetais podem ser cultivada por unidade de \u00e1rea.<\/span><\/p><\/p>","protected":false},"excerpt":{"rendered":"<p><span style=\"font-family: arial, helvetica, sans-serif\">Perfect Slice \u2013 Gift Kit: \u00c9 f\u00e1cil \u2013 eliminamos as suposi\u00e7\u00f5es no cultivo de sementes de tomate e ervas, orientando voc\u00ea em cada etapa do caminho. Tudo o que voc\u00ea precisa para trazer a alegria do Tomate e ervas para a sua vida ou para a de quem voc\u00ea ama em uma linda caixa de presente. Planta isso! Os seguintes itens est\u00e3o inclu\u00eddos no k<\/span><\/p>","protected":false},"featured_media":13089,"comment_status":"open","ping_status":"closed","template":"","meta":[],"product_cat":[67],"product_tag":[592,590,589,591,588,511,512],"acf":[],"_links":{"self":[{"href":"https:\/\/www.garden-kit.com\/pt\/wp-json\/wp\/v2\/product\/1579"}],"collection":[{"href":"https:\/\/www.garden-kit.com\/pt\/wp-json\/wp\/v2\/product"}],"about":[{"href":"https:\/\/www.garden-kit.com\/pt\/wp-json\/wp\/v2\/types\/product"}],"replies":[{"embeddable":true,"href":"https:\/\/www.garden-kit.com\/pt\/wp-json\/wp\/v2\/comments?post=1579"}],"wp:featuredmedia":[{"embeddable":true,"href":"https:\/\/www.garden-kit.com\/pt\/wp-json\/wp\/v2\/media\/13089"}],"wp:attachment":[{"href":"https:\/\/www.garden-kit.com\/pt\/wp-json\/wp\/v2\/media?parent=1579"}],"wp:term":[{"taxonomy":"product_cat","embeddable":true,"href":"https:\/\/www.garden-kit.com\/pt\/wp-json\/wp\/v2\/product_cat?post=1579"},{"taxonomy":"product_tag","embeddable":true,"href":"https:\/\/www.garden-kit.com\/pt\/wp-json\/wp\/v2\/product_tag?post=1579"}],"curies":[{"name":"wp","href":"https:\/\/api.w.org\/{rel}","templated":true}]}}