{"id":1591,"date":"2022-08-24T00:26:22","date_gmt":"2022-08-23T16:26:22","guid":{"rendered":"http:\/\/www.garden-kit.com\/product\/heirloom-lettuce-leafy-vegetable-seeds\/"},"modified":"2023-03-31T16:38:43","modified_gmt":"2023-03-31T08:38:43","slug":"heirloom-lettuce-leafy-vegetable-seeds","status":"publish","type":"product","link":"https:\/\/www.garden-kit.com\/pt\/product\/heirloom-lettuce-leafy-vegetable-seeds\/","title":{"rendered":"Sementes de vegetais folhosos de alface tradicional"},"content":{"rendered":"<pre><span style=\"font-family: arial, helvetica, sans-serif;font-size: 16px\">Embalagens de 10 variedades de sementes de alface e folhas verdes. Podemos fornecer pacotes personalizados porque somos uma f\u00e1brica e estamos posicionados de forma \u00fanica para obter nossas sementes e focar no cultivo de sementes. Nossos produtos s\u00e3o exclusivamente para comerciantes de com\u00e9rcio eletr\u00f4nico, atendemos centenas de vendedores de varejo e nosso servi\u00e7o \u00e9 fundamental no fornecimento de sementes de vegetais tradicionais de alta qualidade<br \/><br \/><\/span><\/pre>\n<table style=\"border-collapse: collapse;width: 100%;height: 300px\">\n<tbody>\n<tr>\n<td width=\"224\">\n<pre><span style=\"font-family: arial, helvetica, sans-serif;font-size: 16px\">Instru\u00e7\u00f5es de cuidados com o produto<\/span><\/pre>\n<\/td>\n<td width=\"224\">\n<pre><span style=\"font-family: arial, helvetica, sans-serif;font-size: 16px\">Dispon\u00edvel<\/span><\/pre>\n<\/td>\n<\/tr>\n<tr>\n<td width=\"224\">\n<pre><span style=\"font-family: arial, helvetica, sans-serif;font-size: 16px\">Tipo de produto vegetal<\/span><\/pre>\n<\/td>\n<td width=\"224\">\n<pre><span style=\"font-family: arial, helvetica, sans-serif;font-size: 16px\">Sementes de alface e folhas verdes<\/span><\/pre>\n<\/td>\n<\/tr>\n<tr>\n<td width=\"224\">\n<pre><span style=\"font-family: arial, helvetica, sans-serif;font-size: 16px\">Caracter\u00edstica especial<\/span><\/pre>\n<\/td>\n<td width=\"224\">\n<pre><span style=\"font-family: arial, helvetica, sans-serif;font-size: 16px\">Cultivo interno-externo<\/span><\/pre>\n<\/td>\n<\/tr>\n<tr>\n<td width=\"224\">\n<pre><span style=\"font-family: arial, helvetica, sans-serif;font-size: 16px\">Marca<\/span><\/pre>\n<\/td>\n<td width=\"224\">\n<pre><span style=\"font-family: arial, helvetica, sans-serif;font-size: 16px\">kit jardim<\/span><\/pre>\n<\/td>\n<\/tr>\n<tr>\n<td width=\"224\">\n<pre><span style=\"font-family: arial, helvetica, sans-serif;font-size: 16px\">Lugar de origem<\/span><\/pre>\n<\/td>\n<td width=\"224\">\n<pre><span style=\"font-family: arial, helvetica, sans-serif;font-size: 16px\">Fujian, China<\/span><\/pre>\n<\/td>\n<\/tr>\n<tr>\n<td width=\"224\">\n<pre><span style=\"font-family: arial, helvetica, sans-serif;font-size: 16px\">ODM\/OEM<\/span><\/pre>\n<\/td>\n<td width=\"224\">\n<pre><span style=\"font-family: arial, helvetica, sans-serif;font-size: 16px\">Dispon\u00edvel<\/span><\/pre>\n<\/td>\n<\/tr>\n<tr>\n<td width=\"224\">\n<pre><span style=\"font-family: arial, helvetica, sans-serif;font-size: 16px\">MOQ para pedido personalizado<\/span><\/pre>\n<\/td>\n<td width=\"224\">\n<pre><span style=\"font-family: arial, helvetica, sans-serif;font-size: 16px\">3000 unidades<\/span><\/pre>\n<\/td>\n<\/tr>\n<tr>\n<td width=\"224\">\n<pre><span style=\"font-family: arial, helvetica, sans-serif;font-size: 16px\">Custo da amostra<\/span><\/pre>\n<\/td>\n<td width=\"224\">\n<pre><span style=\"font-family: arial, helvetica, sans-serif;font-size: 16px\">US$400\/Sample, retorno completo ap\u00f3s o pedido de n\u00f3s<\/span><\/pre>\n<\/td>\n<\/tr>\n<\/tbody>\n<\/table>\n<p><span style=\"font-family: arial, helvetica, sans-serif;font-size: 16px\"> Os seguintes itens est\u00e3o inclu\u00eddos no kit. 10 variedades de alface e folhas verdes, como roquet de r\u00facula, espinafre Bloomsdale, couve enrolada azul, repolho Bok choi, alface Buttercruch, alface romana vermelha Cimmaron e muito mais. 1 Guia de plantio passo a passo 1 saco de pacote personalizado 10 alfaces favoritas e cofres folhosos mais etiqueta de planta extra \u2013 Comece a cultivar seu pr\u00f3prio jardim e coma alface ou folhas verdes totalmente naturais e saud\u00e1veis diretamente do seu quintal ou jardim interno . <br \/>Prepara\u00e7\u00e3o de legumes para outono e inverno \u2013 Plante suas sementes dentro de casa o ano todo, construa seu pr\u00f3prio jardim de folhas verdes e desfrute de deliciosos vegetais e saladas o ano todo. Estes podem ser usados como jardins internos, kits de jardinagem ou como canteiros de jardim ao ar livre. Plante mais para usar como bicos ou microgreens. Reabaste\u00e7a seu kit de sobreviv\u00eancia de saco de bugout com sementes de sobreviv\u00eancia de heran\u00e7a preparadas. 1600 SEMENTES TOTAL E DIRETRIZES DE CRESCIMENTO DETALHADAS \u2013 Nossa variedade de pacotes de sementes tradicionais oferece uma ampla variedade de sementes com altas taxas de germina\u00e7\u00e3o. Estas s\u00e3o \u00f3timas sementes de alface para crescer dentro de casa, ao ar livre ou em sistemas hidrop\u00f4nicos, como jardins suspensos. Um guia crescente tamb\u00e9m est\u00e1 inclu\u00eddo em cada pacote. Um grande presente para o jardineiro - chef sobrevivente - o que poderia ser melhor do que dar ao jardineiro uma farta horta com uma enorme cole\u00e7\u00e3o de sementes. As sementes est\u00e3o contidas em sacos de mylar \u00e0 prova d&#039;\u00e1gua que podem ser fechados novamente para manter o frescor e a qualidade das sementes. Nossa cole\u00e7\u00e3o de alface e sementes verdes acrescenta uma fortuna ao seu equipamento e suprimentos preparat\u00f3rios. <br \/><\/span><\/p><\/p>","protected":false},"excerpt":{"rendered":"<p>Sementes de alface e vegetais folhosos | Sementes de Alface em Massa N\u00e3o OGM para Plantar \u2013 Alface Romana Iceberg Manteiga, Couve Espinafre R\u00facula | 1600 Sementes Hidrop\u00f4nicas para Horta - Interior ou Exterior<\/p>","protected":false},"featured_media":13219,"comment_status":"open","ping_status":"closed","template":"","meta":[],"product_cat":[59],"product_tag":[565,76,302,290,282,81],"acf":[],"_links":{"self":[{"href":"https:\/\/www.garden-kit.com\/pt\/wp-json\/wp\/v2\/product\/1591"}],"collection":[{"href":"https:\/\/www.garden-kit.com\/pt\/wp-json\/wp\/v2\/product"}],"about":[{"href":"https:\/\/www.garden-kit.com\/pt\/wp-json\/wp\/v2\/types\/product"}],"replies":[{"embeddable":true,"href":"https:\/\/www.garden-kit.com\/pt\/wp-json\/wp\/v2\/comments?post=1591"}],"wp:featuredmedia":[{"embeddable":true,"href":"https:\/\/www.garden-kit.com\/pt\/wp-json\/wp\/v2\/media\/13219"}],"wp:attachment":[{"href":"https:\/\/www.garden-kit.com\/pt\/wp-json\/wp\/v2\/media?parent=1591"}],"wp:term":[{"taxonomy":"product_cat","embeddable":true,"href":"https:\/\/www.garden-kit.com\/pt\/wp-json\/wp\/v2\/product_cat?post=1591"},{"taxonomy":"product_tag","embeddable":true,"href":"https:\/\/www.garden-kit.com\/pt\/wp-json\/wp\/v2\/product_tag?post=1591"}],"curies":[{"name":"wp","href":"https:\/\/api.w.org\/{rel}","templated":true}]}}