{"id":1618,"date":"2022-08-24T00:28:36","date_gmt":"2022-08-23T16:28:36","guid":{"rendered":"http:\/\/www.garden-kit.com\/product\/paint-and-plant-herb-growing-kit\/"},"modified":"2023-03-31T16:37:22","modified_gmt":"2023-03-31T08:37:22","slug":"paint-and-plant-herb-growing-kit","status":"publish","type":"product","link":"https:\/\/www.garden-kit.com\/pt\/product\/paint-and-plant-herb-growing-kit\/","title":{"rendered":"Kit de cultivo de ervas para pintar e plantar"},"content":{"rendered":"<h3 style=\"line-height: 1.5;font-size: 19px\"><strong><span style=\"font-family: arial, helvetica, sans-serif;font-size: 18px\">Kit de cultivo de ervas para pintar e plantar<\/span><\/strong><\/h3>\n<p style=\"line-height: 1.5\">A baunilha \u00e9 uma esp\u00e9cie de planta que pode cheirar a fragr\u00e2ncia. Parece comum e n\u00e3o tem flores brilhantes. \u00c9 mais discreto do que as ervas daninhas, mas sua fragr\u00e2ncia e valor comest\u00edvel as tornam plantas muito populares. , tamb\u00e9m deve ser perfumado.<\/p>\n<h3 style=\"font-size: 19px\"><strong><span style=\"font-family: arial, helvetica, sans-serif;font-size: 18px\">Os benef\u00edcios do cultivo de plantas de baunilha para crian\u00e7as<\/span><\/strong><\/h3>\n<p><span style=\"font-family: arial, helvetica, sans-serif\">Plantar estimula os sentidos e a imagina\u00e7\u00e3o da crian\u00e7a.<\/span><br \/><span style=\"font-family: arial, helvetica, sans-serif\">Ao observar o crescimento das plantas, as crian\u00e7as podem experimentar a alegria do crescimento. Nele, os sentidos das crian\u00e7as, incluindo a vis\u00e3o e o olfato, podem ser estimulados, e a imagina\u00e7\u00e3o das crian\u00e7as tamb\u00e9m pode ser estimulada.<\/span><br \/><span style=\"font-family: arial, helvetica, sans-serif\">Plantar permite que as crian\u00e7as experimentem uma atitude de crescimento otimista.<\/span><br \/><span style=\"font-family: arial, helvetica, sans-serif\">Quando a muda brotar, as crian\u00e7as sentir\u00e3o o poder da vida. Em compara\u00e7\u00e3o com outros organismos, flores e plantas s\u00e3o mais f\u00e1ceis de cultivar, por isso tamb\u00e9m podem fazer as crian\u00e7as sentirem a for\u00e7a vital otimista em pouco tempo.<\/span><\/p>\n<p><span style=\"font-family: arial, helvetica, sans-serif\"><\/span><\/p>\n<h3 style=\"font-size: 19px\"><span style=\"font-family: arial, helvetica, sans-serif;font-size: 16px\"><strong><b><span style=\"font-size: 18px\">Vis\u00e3o geral<\/span><\/b><\/strong><\/span><\/h3>\n<table style=\"border-collapse: collapse;width: 100%;height: 305px\">\n<tbody>\n<tr style=\"height: 35px\">\n<td width=\"298\" style=\"line-height: 1.5;height: 35px\">\n<p><span style=\"font-family: arial, helvetica, sans-serif;font-size: 16px\">Instru\u00e7\u00f5es de cuidados com o produto<\/span><\/p>\n<\/td>\n<td width=\"298\" style=\"line-height: 1.5;height: 35px\">\n<p><span style=\"font-family: arial, helvetica, sans-serif;font-size: 16px\">Dispon\u00edvel<\/span><\/p>\n<\/td>\n<\/tr>\n<tr style=\"height: 35px\">\n<td width=\"298\" style=\"line-height: 1.5;height: 35px\">\n<p><span style=\"font-family: arial, helvetica, sans-serif;font-size: 16px\">Tipo de produto vegetal<\/span><\/p>\n<\/td>\n<td width=\"298\" style=\"line-height: 1.5;height: 35px\">\n<p><span style=\"font-family: arial, helvetica, sans-serif;font-size: 16px\">Erva<\/span><\/p>\n<\/td>\n<\/tr>\n<tr style=\"height: 35px\">\n<td width=\"298\" style=\"line-height: 1.5;height: 35px\">\n<p><span style=\"font-family: arial, helvetica, sans-serif;font-size: 16px\">Caracter\u00edstica especial<\/span><\/p>\n<\/td>\n<td width=\"298\" style=\"line-height: 1.5;height: 35px\">\n<p><span style=\"font-family: arial, helvetica, sans-serif;font-size: 16px\">Cultivo interno-externo<\/span><\/p>\n<\/td>\n<\/tr>\n<tr style=\"height: 35px\">\n<td width=\"298\" style=\"line-height: 1.5;height: 35px\">\n<p><span style=\"font-family: arial, helvetica, sans-serif;font-size: 16px\">Marca<\/span><\/p>\n<\/td>\n<td width=\"298\" style=\"line-height: 1.5;height: 35px\">\n<p><span style=\"font-family: arial, helvetica, sans-serif;font-size: 16px\">kit jardim<\/span><\/p>\n<\/td>\n<\/tr>\n<tr style=\"height: 35px\">\n<td width=\"298\" style=\"line-height: 1.5;height: 35px\">\n<p><span style=\"font-family: arial, helvetica, sans-serif;font-size: 16px\">Lugar de origem<\/span><\/p>\n<\/td>\n<td width=\"298\" style=\"line-height: 1.5;height: 35px\">\n<p><span style=\"font-family: arial, helvetica, sans-serif;font-size: 16px\">Fujian, China<\/span><\/p>\n<\/td>\n<\/tr>\n<tr style=\"height: 35px\">\n<td width=\"298\" style=\"line-height: 1.5;height: 35px\">\n<p><span style=\"font-family: arial, helvetica, sans-serif;font-size: 16px\">ODM\/OEM<\/span><\/p>\n<\/td>\n<td width=\"298\" style=\"line-height: 1.5;height: 35px\">\n<p><span style=\"font-family: arial, helvetica, sans-serif;font-size: 16px\">Dispon\u00edvel<\/span><\/p>\n<\/td>\n<\/tr>\n<tr style=\"height: 35px\">\n<td width=\"298\" style=\"line-height: 1.5;height: 35px\">\n<p><span style=\"font-family: arial, helvetica, sans-serif;font-size: 16px\">MOQ para pedido personalizado<\/span><\/p>\n<\/td>\n<td width=\"298\" style=\"line-height: 1.5;height: 35px\">\n<p><span style=\"font-family: arial, helvetica, sans-serif;font-size: 16px\">3000 unidades<\/span><\/p>\n<\/td>\n<\/tr>\n<tr style=\"height: 60px\">\n<td width=\"298\" style=\"line-height: 1.5;height: 60px\">\n<p><span style=\"font-family: arial, helvetica, sans-serif;font-size: 16px\">Custo da amostra<\/span><\/p>\n<\/td>\n<td width=\"298\" style=\"line-height: 1.5;height: 60px\">\n<p><span style=\"font-family: arial, helvetica, sans-serif;font-size: 16px\">US$400\/Sample, retorno total ap\u00f3s um pedido nosso<\/span><\/p>\n<\/td>\n<\/tr>\n<\/tbody>\n<\/table>\n<p style=\"line-height: 1.5\">\n<p style=\"line-height: 1.5\"><span style=\"font-family: arial, helvetica, sans-serif;font-size: 16px\">Kit de cultivo de ervas de pizza de pintura e planta de 25 pe\u00e7as preparado: tudo o que seus filhos precisam para trazer a alegria de cultivar ervas de pizza de pintura e planta em sua vida ou na vida de um ente querido. \u00c9 simples - nossas suposi\u00e7\u00f5es sobre como cultivar o Paint &amp; Plant Pizza Herb a partir de sementes, orientando voc\u00ea em cada etapa do caminho. Planta isso!<\/span><\/p>\n<p style=\"line-height: 1.5\"><span style=\"font-family: arial, helvetica, sans-serif;font-size: 16px\"><\/span><\/p>\n<h3 style=\"line-height: 1.5;font-size: 19px\"><span style=\"font-family: arial, helvetica, sans-serif;font-size: 18px\"><strong><b>Os seguintes itens est\u00e3o inclu\u00eddos no kit.<\/b><\/strong><\/span><\/h3>\n<p style=\"line-height: 1.5\"><span style=\"font-family: arial, helvetica, sans-serif;font-size: 16px\">1 plantador de estanho pint\u00e1vel (12*4,5*4\u2033) <\/span><\/p>\n<p style=\"line-height: 1.5\"><span style=\"font-family: arial, helvetica, sans-serif;font-size: 16px\">1 forro de pl\u00e1stico<\/span><\/p>\n<p style=\"line-height: 1.5\"><span style=\"font-family: arial, helvetica, sans-serif;font-size: 16px\">3 discos grandes de terra <\/span><\/p>\n<p style=\"line-height: 1.5\"><span style=\"font-family: arial, helvetica, sans-serif;font-size: 16px\">3 pacotes de sementes frescas <\/span><\/p>\n<p style=\"line-height: 1.5\"><span style=\"font-family: arial, helvetica, sans-serif;font-size: 16px\">tira de tinta de 6 cores <\/span><\/p>\n<p style=\"line-height: 1.5\"><span style=\"font-family: arial, helvetica, sans-serif;font-size: 16px\">2 pinc\u00e9is <\/span><\/p>\n<p style=\"line-height: 1.5\"><span style=\"font-family: arial, helvetica, sans-serif;font-size: 16px\">1 paleta de pintura <\/span><\/p>\n<p style=\"line-height: 1.5\"><span style=\"font-family: arial, helvetica, sans-serif;font-size: 16px\">3 marcadores de plantas de madeira <\/span><\/p>\n<p style=\"line-height: 1.5\"><span style=\"font-family: arial, helvetica, sans-serif;font-size: 16px\">1 p\u00e1 1 garrafa de rega <\/span><\/p>\n<p style=\"line-height: 1.5\"><span style=\"font-family: arial, helvetica, sans-serif;font-size: 16px\">1 Guia de plantio passo a passo <\/span><\/p>\n<p style=\"line-height: 1.5\"><span style=\"font-family: arial, helvetica, sans-serif;font-size: 16px\">1 caixa de presente personalizada<\/span><\/p>\n<p style=\"line-height: 1.5\"><span style=\"font-family: arial, helvetica, sans-serif;font-size: 18px\">Tr\u00eas raz\u00f5es para amar o cultivo de ervas<\/span><\/p>\n<p style=\"line-height: 1.5\"><span style=\"font-family: arial, helvetica, sans-serif;font-size: 16px\">Primeiro: a maioria das ervas \u00e9 muito f\u00e1cil de cuidar.<\/span><br \/><span style=\"font-family: arial, helvetica, sans-serif;font-size: 16px\">Desde que voc\u00ea tome cuidado ao plantar e regar bem nos pr\u00f3ximos dias, voc\u00ea j\u00e1 fez a maior parte do trabalho.<\/span><br \/><span style=\"font-family: arial, helvetica, sans-serif;font-size: 16px\">Segundo: Muitas ervas ainda s\u00e3o verdadeiros \u201creis da greve de fome\u201d.<\/span><br \/><span style=\"font-family: arial, helvetica, sans-serif;font-size: 16px\">Ou seja, eles precisam apenas de uma pequena quantidade de nutrientes para serem satisfeitos.<\/span><br \/><span style=\"font-family: arial, helvetica, sans-serif;font-size: 16px\">Sim, a baunilha pode expressar plenamente suas caracter\u00edsticas em solo pobre. Seu maior requisito para o meio ambiente \u00e9 o m\u00e1ximo poss\u00edvel de luz solar e calor.<\/span><\/p>\n<p style=\"line-height: 1.5\"><span style=\"font-family: arial, helvetica, sans-serif;font-size: 16px\">Terceiro: Derivar novas plantas de suas pr\u00f3prias ervas.<\/span><br \/><span style=\"font-family: arial, helvetica, sans-serif;font-size: 16px\"><\/span><\/p>\n<p style=\"line-height: 1.5\"><span style=\"font-family: arial, helvetica, sans-serif;font-size: 16px\">Se voc\u00ea encontrar um local ensolarado para suas ervas e elas crescerem vigorosamente, voc\u00ea pode obter a pr\u00f3xima gera\u00e7\u00e3o de ervas de suas pr\u00f3prias plantas ou criar uma cobertura de ervas arom\u00e1ticas para seus vegetais.<\/span><br \/>Cultivar novas plantas com suas pr\u00f3prias ervas n\u00e3o \u00e9 apenas pr\u00e1tico e barato, mas divertido!<\/p>\n<p style=\"line-height: 1.5\"><span style=\"font-family: arial, helvetica, sans-serif;font-size: 16px\">Pinte e plante seu pr\u00f3prio jardim de ervas para pizza, desenhe vasos e marcadores de plantas, depois semeie ervas como manjeric\u00e3o, or\u00e9gano e r\u00facula - em cores vivas e sabores deliciosos. Siga as instru\u00e7\u00f5es passo a passo inclu\u00eddas. Torne-o \u00fanico. Quando se trata de design, o c\u00e9u \u00e9 o limite! Sinta-se \u00e0 vontade para expressar sua criatividade nos vasos e marcadores de plantas.<\/span><\/p>\n<p style=\"line-height: 1.5\">\n<p style=\"line-height: 1.5\"><span style=\"font-family: arial, helvetica, sans-serif;font-size: 16px\">O conjunto inclui um vaso de flor de lata, forro de pl\u00e1stico, terra, 3 pacotes de sementes, 6 tiras de tinta colorida, 2 pinc\u00e9is, paleta de cores, 3 marcadores de plantas de madeira, esp\u00e1tula, garrafa de \u00e1gua e lindas instru\u00e7\u00f5es.<\/span><\/p>\n<p style=\"line-height: 1.5\"><span style=\"font-family: arial, helvetica, sans-serif;font-size: 16px\"><\/span><\/p>\n<p style=\"line-height: 1.5\"><span style=\"font-family: arial, helvetica, sans-serif;font-size: 16px\">Aponte seus acess\u00f3rios Divirta-se com sua pintura! Voc\u00ea pode fazer desenhos, escrever seu nome.<br \/>desenhe cenas - ou todas as op\u00e7\u00f5es acima - em sua plantadeira e na plantadeira e nos marcadores de plantadeira. Os fabricantes de plantas ser\u00e3o usados para identificar onde est\u00e1 cada uma de suas sementes de ervas. portanto, certifique-se de incluir o nome da erva em seus designs de marcador. E n\u00e3o se preocupe - se voc\u00ea cometer um erro, use uma toalha de papel molhada para limp\u00e1-la antes que a tinta seque e, em seguida, rasgue.<\/span><\/p>\n<p style=\"line-height: 1.5\"><span style=\"font-family: arial, helvetica, sans-serif;font-size: 16px\"><br \/>Deixe a tinta secar completamente \u00c9 importante deixar a tinta da floreira e dos marcadores de plantas secarem o suficiente para que fiquem completamente secas. Voc\u00ea n\u00e3o quer que seu trabalho duro seja arruinado!<\/span><\/p>\n<p style=\"line-height: 1.5\"><span style=\"font-family: arial, helvetica, sans-serif;font-size: 16px\">Um presente divertido e educativo para todas as idades. Um projeto divertido geralmente n\u00e3o \u00e9 educacional, mas este kit de plantio de grama para pizza faz as duas coisas. Assim que as crian\u00e7as o tirarem da caixa, ele os envolver\u00e1 e os ensinar\u00e1 sobre o ciclo de vida das plantas e da bot\u00e2nica. Com a capacidade de desenhar, pintar e plantar como quiserem, toda crian\u00e7a tem a garantia de se divertir muito.<\/span><\/p>\n<p style=\"line-height: 1.5\"><span style=\"font-family: arial, helvetica, sans-serif;font-size: 16px\">O kit de cultivo de ervas para pintar e plantar permite que as crian\u00e7as pratiquem, aprendam a plantar, se apaixonem pelo plantio, participem ativamente do plantio e cultivo, experimentem, sintam, pensem e inspirem!<\/span><\/p>\n<p style=\"line-height: 1.5\"><span style=\"font-family: arial, helvetica, sans-serif;font-size: 16px\"><\/span><\/p>\n<p><span style=\"font-family: arial, helvetica, sans-serif;font-size: 16px\">A opera\u00e7\u00e3o \u00e9 muito simples de jogar, e cada passo \u00e9 uma boa oportunidade para pais e filhos se comunicarem e se comunicarem! O primeiro passo: Mergulhe o solo da cultura do cabelo. O conjunto \u00e9 equipado com solo nutriente de turfa de coco, que \u00e9 f\u00e1cil de encharcar, o solo \u00e9 limpo e f\u00e1cil de operar, basta polvilhar as sementes e semear.<br \/>N\u00e3o se preocupe com as etapas complicadas e a opera\u00e7\u00e3o dif\u00edcil. Cada conjunto vem com um manual de instru\u00e7\u00f5es escrito por uma equipe cient\u00edfica profissional. \u00c9 interessante e cheio de nutrientes cient\u00edficos, e \u00e9 super simples de operar. Al\u00e9m disso, tamb\u00e9m \u00e9 anexado um di\u00e1rio de crescimento de sementes, que pode registrar o crescimento e as mudan\u00e7as de plantio e exercitar as habilidades de observa\u00e7\u00e3o das crian\u00e7as.<br \/>Um brinquedo de plantio t\u00e3o atencioso e interessante tamb\u00e9m \u00e9 o primeiro passo para que nossos filhos se apaixonem pela ci\u00eancia, se apaixonem pela explora\u00e7\u00e3o e respeitem a vida. Quando nosso filho aprender a explorar os mist\u00e9rios do crescimento das plantas, ele definitivamente sentir\u00e1 a vitalidade da vida e, ao mesmo tempo, descobrir\u00e1 que a porta para o mundo da ci\u00eancia est\u00e1 bem ao nosso redor.<\/p>\n<p><\/span><\/p><\/p>","protected":false},"excerpt":{"rendered":"<p><span style=\"font-family: arial, helvetica, sans-serif\">Kit de cultivo de ervas para pizza Paint &amp; Plant para crian\u00e7as \u2013 Atividades STEM Presente para crian\u00e7as, meninos e meninas de 6 a 12 anos Presentes e brinquedos \u2013 Artesanato para meninas de 6, 7, 8, 10 a 12 anos \u2013 Manjeric\u00e3o, Or\u00e9gano, R\u00facula<\/span><\/p>","protected":false},"featured_media":13152,"comment_status":"open","ping_status":"closed","template":"","meta":[],"product_cat":[61],"product_tag":[337,336,335,333,340,339,334,338,332],"acf":[],"_links":{"self":[{"href":"https:\/\/www.garden-kit.com\/pt\/wp-json\/wp\/v2\/product\/1618"}],"collection":[{"href":"https:\/\/www.garden-kit.com\/pt\/wp-json\/wp\/v2\/product"}],"about":[{"href":"https:\/\/www.garden-kit.com\/pt\/wp-json\/wp\/v2\/types\/product"}],"replies":[{"embeddable":true,"href":"https:\/\/www.garden-kit.com\/pt\/wp-json\/wp\/v2\/comments?post=1618"}],"wp:featuredmedia":[{"embeddable":true,"href":"https:\/\/www.garden-kit.com\/pt\/wp-json\/wp\/v2\/media\/13152"}],"wp:attachment":[{"href":"https:\/\/www.garden-kit.com\/pt\/wp-json\/wp\/v2\/media?parent=1618"}],"wp:term":[{"taxonomy":"product_cat","embeddable":true,"href":"https:\/\/www.garden-kit.com\/pt\/wp-json\/wp\/v2\/product_cat?post=1618"},{"taxonomy":"product_tag","embeddable":true,"href":"https:\/\/www.garden-kit.com\/pt\/wp-json\/wp\/v2\/product_tag?post=1618"}],"curies":[{"name":"wp","href":"https:\/\/api.w.org\/{rel}","templated":true}]}}