{"id":1640,"date":"2022-08-24T00:31:07","date_gmt":"2022-08-23T16:31:07","guid":{"rendered":"http:\/\/www.garden-kit.com\/product\/plantable-seed-paper-notebook\/"},"modified":"2024-02-04T16:30:07","modified_gmt":"2024-02-04T08:30:07","slug":"seed-paper-notebook","status":"publish","type":"product","link":"https:\/\/www.garden-kit.com\/pt\/product\/seed-paper-notebook\/","title":{"rendered":"Caderno Papel Semente A4"},"content":{"rendered":"<h3 style=\"font-size: 19px\">Mini Caderno de Papel Semente Plant\u00e1vel:<\/h3>\n<p style=\"font-size: 16px;line-height: 1.5\"><span style=\"font-family: 'PingFang SC', 'Microsoft YaHei', sans-serif;font-size: 16px\">\u00c9 f\u00e1cil - eliminamos as d\u00favidas sobre o cultivo de sementes de flores silvestres e de pl\u00e1tanos, guiando-o em cada passo do processo. Tudo o que precisa para trazer a alegria das flores silvestres e dos pl\u00e1tanos para a sua vida ou para a vida do seu ente querido est\u00e1 numa bonita caixa de madeira para oferta. Plantar!<\/span><\/p>\n<p style=\"font-size: 16px;line-height: 1.5\"><span style=\"font-family: 'PingFang SC', 'Microsoft YaHei', sans-serif;font-size: 16px\"><\/span><\/p>\n<h3 style=\"font-size: 19px\">Vis\u00e3o geral<\/h3>\n<table style=\"border-collapse: collapse;width: 100%;height: 284px\">\n<tbody>\n<tr style=\"height: 35.5px\">\n<td width=\"298\" style=\"height: 35.5px\">\n<p style=\"font-size: 16px\"><span style=\"font-family: 'PingFang SC', 'Microsoft YaHei', sans-serif;font-size: 16px\">Instru\u00e7\u00f5es de cuidados com o produto<\/span><\/p>\n<\/td>\n<td width=\"298\" style=\"height: 35.5px\">\n<p style=\"font-size: 16px\"><span style=\"font-family: 'PingFang SC', 'Microsoft YaHei', sans-serif;font-size: 16px\">Dispon\u00edvel<\/span><\/p>\n<\/td>\n<\/tr>\n<tr style=\"height: 35.5px\">\n<td width=\"298\" style=\"height: 35.5px\">\n<p style=\"font-size: 16px\"><span style=\"font-family: 'PingFang SC', 'Microsoft YaHei', sans-serif;font-size: 16px\">Tipo de produto vegetal<\/span><\/p>\n<\/td>\n<td width=\"298\" style=\"height: 35.5px\">\n<p style=\"font-size: 16px\"><span style=\"font-family: 'PingFang SC', 'Microsoft YaHei', sans-serif;font-size: 16px\">flores silvestres e sic\u00f4moro<\/span><\/p>\n<\/td>\n<\/tr>\n<tr style=\"height: 35.5px\">\n<td width=\"298\" style=\"height: 35.5px\">\n<p style=\"font-size: 16px\"><span style=\"font-family: 'PingFang SC', 'Microsoft YaHei', sans-serif;font-size: 16px\">Caracter\u00edstica especial<\/span><\/p>\n<\/td>\n<td width=\"298\" style=\"height: 35.5px\">\n<p style=\"font-size: 16px\"><span style=\"font-family: 'PingFang SC', 'Microsoft YaHei', sans-serif;font-size: 16px\">Cultivo interno-externo<\/span><\/p>\n<\/td>\n<\/tr>\n<tr style=\"height: 35.5px\">\n<td width=\"298\" style=\"height: 35.5px\">\n<p style=\"font-size: 16px\"><span style=\"font-family: 'PingFang SC', 'Microsoft YaHei', sans-serif;font-size: 16px\">Marca<\/span><\/p>\n<\/td>\n<td width=\"298\" style=\"height: 35.5px\">\n<p style=\"font-size: 16px\"><span style=\"font-family: 'PingFang SC', 'Microsoft YaHei', sans-serif;font-size: 16px\">kit jardim<\/span><\/p>\n<\/td>\n<\/tr>\n<tr style=\"height: 35.5px\">\n<td width=\"298\" style=\"height: 35.5px\">\n<p style=\"font-size: 16px\"><span style=\"font-family: 'PingFang SC', 'Microsoft YaHei', sans-serif;font-size: 16px\">Lugar de origem<\/span><\/p>\n<\/td>\n<td width=\"298\" style=\"height: 35.5px\">\n<p style=\"font-size: 16px\"><span style=\"font-family: 'PingFang SC', 'Microsoft YaHei', sans-serif;font-size: 16px\">Fujian, China<\/span><\/p>\n<\/td>\n<\/tr>\n<tr style=\"height: 35.5px\">\n<td width=\"298\" style=\"height: 35.5px\">\n<p style=\"font-size: 16px\"><span style=\"font-family: 'PingFang SC', 'Microsoft YaHei', sans-serif;font-size: 16px\">ODM\/OEM<\/span><\/p>\n<\/td>\n<td width=\"298\" style=\"height: 35.5px\">\n<p style=\"font-size: 16px\"><span style=\"font-family: 'PingFang SC', 'Microsoft YaHei', sans-serif;font-size: 16px\">Dispon\u00edvel<\/span><\/p>\n<\/td>\n<\/tr>\n<tr style=\"height: 35.5px\">\n<td width=\"298\" style=\"height: 35.5px\">\n<p style=\"font-size: 16px\"><span style=\"font-family: 'PingFang SC', 'Microsoft YaHei', sans-serif;font-size: 16px\">MOQ para pedido personalizado<\/span><\/p>\n<\/td>\n<td width=\"298\" style=\"height: 35.5px\">\n<p style=\"font-size: 16px\"><span style=\"font-family: 'PingFang SC', 'Microsoft YaHei', sans-serif;font-size: 16px\">3000 unidades<\/span><\/p>\n<\/td>\n<\/tr>\n<tr style=\"height: 35.5px\">\n<td width=\"298\" style=\"height: 35.5px\">\n<p style=\"font-size: 16px\"><span style=\"font-family: 'PingFang SC', 'Microsoft YaHei', sans-serif;font-size: 16px\">Custo da amostra<\/span><\/p>\n<\/td>\n<td width=\"298\" style=\"height: 35.5px\">\n<p style=\"font-size: 16px\"><span style=\"font-family: 'PingFang SC', 'Microsoft YaHei', sans-serif;font-size: 16px\">US$400\/Sample, retorno total ap\u00f3s um pedido nosso<\/span><\/p>\n<\/td>\n<\/tr>\n<\/tbody>\n<\/table>\n<p style=\"font-size: 16px;line-height: 1.5\">\n<p style=\"text-align: center;line-height: 1.5\"><span style=\"font-size: 16px;font-family: 'PingFang SC', 'Microsoft YaHei', sans-serif\"><img decoding=\"async\" src=\"https:\/\/data.adwebcloud.com\/public\/material\/2206293ihquj\/product\/aqraujzv39_1661253406817.jpg\" alt=\"exemplo\" width=\"50%\" title=\"\"><img decoding=\"async\" src=\"https:\/\/data.adwebcloud.com\/public\/material\/2206293ihquj\/product\/ulill9rqog_1661253337582.jpg\" alt=\"exemplo\" width=\"50%\" title=\"\"> &nbsp;<\/span><\/p>\n<h3 style=\"font-size: 19px\">Os seguintes itens est\u00e3o inclu\u00eddos no kit Seed Paper Notebook:<\/h3>\n<p style=\"line-height: 1.5\"><span style=\"font-family: 'PingFang SC', 'Microsoft YaHei', sans-serif;font-size: 16px\">1 caderno com capa de papel semente plant\u00e1vel<\/span><\/p>\n<p style=\"line-height: 1.5\"><span style=\"font-family: 'PingFang SC', 'Microsoft YaHei', sans-serif;font-size: 16px\">1 Guia de plantio passo a passo<\/span><\/p>\n<p style=\"line-height: 1.5\"><span style=\"font-family: 'PingFang SC', 'Microsoft YaHei', sans-serif;font-size: 16px\">1 caixa artesanal personalizada<\/span><\/p>\n<p style=\"line-height: 1.5\"><span style=\"font-family: 'PingFang SC', 'Microsoft YaHei', sans-serif;font-size: 16px\">Microcadernos de papel semente plant\u00e1vel<\/span><\/p>\n<p style=\"line-height: 1.5\"><span style=\"font-family: 'PingFang SC', 'Microsoft YaHei', sans-serif;font-size: 16px\">Mini cadernos plant\u00e1veis feitos de papel semente!<\/span><\/p>\n<p style=\"line-height: 1.5\"><span style=\"font-family: 'PingFang SC', 'Microsoft YaHei', sans-serif;font-size: 16px\">100% Papel ecol\u00f3gico artesanal, recicl\u00e1vel e biodegrad\u00e1vel com flores silvestres e sementes de pl\u00e1tano.<\/span><\/p>\n<p style=\"line-height: 1.5\"><span style=\"font-family: 'PingFang SC', 'Microsoft YaHei', sans-serif;font-size: 16px\">Este caderno plant\u00e1vel \u00e9 100% feito de papel usado e uma mistura de sic\u00f4moro e sementes de flores silvestres.<\/span><\/p>\n<p style=\"line-height: 1.5\"><span style=\"font-family: 'PingFang SC', 'Microsoft YaHei', sans-serif;font-size: 16px\">\u2013 Mergulhe o papel semente em \u00e1gua durante a noite.<\/span><\/p>\n<p style=\"line-height: 1.5\"><span style=\"font-family: 'PingFang SC', 'Microsoft YaHei', sans-serif;font-size: 16px\">\u2013 Plante o papel semente \u00famido no solo preparado a uma profundidade de cerca de 1\/4 de polegada.<\/span><\/p>\n<p style=\"line-height: 1.5\"><span style=\"font-family: 'PingFang SC', 'Microsoft YaHei', sans-serif;font-size: 16px\">- Regar o po\u00e7o, especialmente durante as primeiras quatro a seis semanas.<\/span><\/p>\n<p style=\"line-height: 1.5\"><span style=\"font-family: 'PingFang SC', 'Microsoft YaHei', sans-serif;font-size: 16px\">Plante papel ao ar livre nos meses frios at\u00e9 o in\u00edcio da primavera. O plantio no outono aproveitar\u00e1 as chuvas de inverno para trazer flores no in\u00edcio da primavera. Plante dentro de casa a qualquer momento e depois transplante para um local mais permanente no in\u00edcio da primavera.<\/span><\/p>\n<p style=\"line-height: 1.5\"><span style=\"font-family: 'PingFang SC', 'Microsoft YaHei', sans-serif;font-size: 16px\">4,72 x 3,15 polegadas (8 \u00d7 12 cm)<\/span><\/p>\n<p style=\"line-height: 1.5\"><span style=\"font-family: 'PingFang SC', 'Microsoft YaHei', sans-serif;font-size: 16px\">8\/16 papel de sementes, incluindo a capa<\/span><\/p>\n<p style=\"line-height: 1.5\"><span style=\"font-family: 'PingFang SC', 'Microsoft YaHei', sans-serif;font-size: 16px\">\u00c9 f\u00e1cil de escrever com qualquer caneta.<\/span><\/p>\n<p style=\"line-height: 1.5\"><span style=\"font-family: 'PingFang SC', 'Microsoft YaHei', sans-serif;font-size: 16px\">A parte de tr\u00e1s cont\u00e9m instru\u00e7\u00f5es crescentes.<\/span><\/p>\n<p style=\"font-size: 16px;line-height: 1.5\">\n<h3 style=\"font-size: 19px\">Caracter\u00edsticas do caderno de papel semente:<\/h3>\n<p style=\"line-height: 1.5\"><span style=\"font-family: 'PingFang SC', 'Microsoft YaHei', sans-serif;font-size: 16px\">O papel semente tamb\u00e9m pode ser chamado de papel vital\u00edcio. No processo de fabrica\u00e7\u00e3o do papel, as sementes das plantas s\u00e3o adicionadas \u00e0 polpa da madeira, que \u00e9 usada para ventilar e secar.<\/span><br \/><span style=\"font-family: 'PingFang SC', 'Microsoft YaHei', sans-serif;font-size: 16px\">Desta forma, as sementes vigorosas do papel podem desenvolver rebentos e dar in\u00edcio a uma nova vida \u00e0 temperatura e humidade adequadas.<\/span><br \/><span style=\"font-family: 'PingFang SC', 'Microsoft YaHei', sans-serif;font-size: 16px\">Gra\u00e7as \u00e0 criatividade \u00fanica e \u00e0 prote\u00e7\u00e3o ambiental do papel semente, combinada com a impress\u00e3o tipogr\u00e1fica, voc\u00ea pode fazer cart\u00f5es postais, cart\u00f5es comemorativos, etiquetas penduradas, envelopes, etc.<\/span><\/p>\n<p style=\"line-height: 1.5\"><span style=\"font-family: 'PingFang SC', 'Microsoft YaHei', sans-serif;font-size: 16px\">Use um convite de casamento feito de sementes de dente-de-le\u00e3o para convidar familiares e amigos a partilhar a alegria e a enterrar a esperan\u00e7a; use um par de sementes de girassol de alperce para mergulhar no mundo do ritmo; e o que fica para tr\u00e1s n\u00e3o \u00e9 lixo. \u00c9 uma semente cheia de vitalidade; um postal feito de uma semente de girassol amarelo serve para escrever uma mensagem e plantar um desejo.<\/span><\/p>\n<p style=\"line-height: 1.5\"><span style=\"font-family: 'PingFang SC', 'Microsoft YaHei', sans-serif;font-size: 18px\"><\/span><\/p>\n<h3 style=\"font-size: 19px\">Exorta\u00e7\u00e3o \u00edntima<\/h3>\n<ol>\n<li style=\"line-height: 1.5\"><span style=\"font-family: 'PingFang SC', 'Microsoft YaHei', sans-serif;font-size: 16px\">Depois que o papel semente for plantado, n\u00e3o o exponha diretamente \u00e0 luz solar.<\/span><\/li>\n<li style=\"line-height: 1.5\"><span style=\"font-family: 'PingFang SC', 'Microsoft YaHei', sans-serif;font-size: 16px\">O tempo est\u00e1 quente e a \u00e1gua evapora-se demasiado depressa. N\u00e3o se esque\u00e7a de adicionar \u00e1gua aos vasos de papel de sementes, de os manter h\u00famidos e de os colocar num local ventilado para evitar que fiquem demasiado h\u00famidos e herm\u00e9ticos.<\/span><\/li>\n<li style=\"line-height: 1.5\"><span style=\"font-family: 'PingFang SC', 'Microsoft YaHei', sans-serif;font-size: 16px\">Quando chove, as \u00e1reas interiores e exteriores podem ficar demasiado h\u00famidas. Lembre-se de n\u00e3o regar em excesso e certifique-se de que o coloca num local ventilado.<\/span><\/li>\n<li style=\"line-height: 1.5\"><span style=\"font-family: 'PingFang SC', 'Microsoft YaHei', sans-serif;font-size: 16px\">Devido a diferentes m\u00e9todos de planta\u00e7\u00e3o ou a diferen\u00e7as nas condi\u00e7\u00f5es ambientais (temperatura do solo, luz e humidade), a velocidade e os resultados da germina\u00e7\u00e3o e do crescimento tamb\u00e9m ser\u00e3o diferentes. O cultivo de plantas requer tempo para se preparar, bem como cuidados e espera.<\/span><\/li>\n<li style=\"line-height: 1.5\"><span style=\"font-family: 'PingFang SC', 'Microsoft YaHei', sans-serif;font-size: 16px\">Se as sementes n\u00e3o germinarem, a raz\u00e3o mais prov\u00e1vel \u00e9 que n\u00e3o haja \u00e1gua suficiente ou que a \u00e1gua tenha sido cortada. Geralmente, as sementes das plantas despertam e iniciam o mecanismo de germina\u00e7\u00e3o depois de absorverem \u00e1gua suficiente!<\/span><\/li>\n<\/ol>\n<h3 style=\"font-size: 19px\"><strong>O que \u00e9 o papel-semente A4?<\/strong><\/h3>\n<p>O papel de sementes A4 \u00e9 um tipo de papel artesanal com pequenas sementes. \u00c9 uma alternativa ecol\u00f3gica e sustent\u00e1vel ao papel convencional, que \u00e9 frequentemente feito de \u00e1rvores e contribui para a desfloresta\u00e7\u00e3o. As sementes incorporadas no papel de sementes s\u00e3o normalmente de flores, ervas ou vegetais, dependendo do produto espec\u00edfico. Depois de utilizar o seu papel de sementes A4 para escrever ou imprimir, pode plant\u00e1-lo no solo e, com os devidos cuidados, ele brotar\u00e1 e transformar-se-\u00e1 em belas plantas. O Seed Paper combina efetivamente a arte da escrita com a alegria de cultivar a vida, transformando os artigos de papelaria num meio de impacto ambiental positivo.<\/p>\n<h3 style=\"font-size: 19px\"><strong>Como \u00e9 feito o papel-semente A4?<\/strong><\/h3>\n<p>O processo de cria\u00e7\u00e3o de papel de sementes \u00e9 um testemunho do engenho humano e de um compromisso com uma vida sustent\u00e1vel. Aqui est\u00e3o as principais etapas envolvidas no fabrico de papel de sementes A4:<\/p>\n<ul>\n<li>\n<p><strong>Recolha de papel reciclado:<\/strong> A produ\u00e7\u00e3o de papel de semente come\u00e7a com a recolha de papel reciclado. Este papel pode ser proveniente de v\u00e1rias fontes, como jornais fora de uso, documentos de escrit\u00f3rio antigos ou embalagens de cart\u00e3o usadas. A utiliza\u00e7\u00e3o de papel reciclado \u00e9 uma parte essencial do aspeto de sustentabilidade do papel de semente.<\/p>\n<\/li>\n<li>\n<p><strong>Polpa e tritura\u00e7\u00e3o:<\/strong> O papel reciclado recolhido \u00e9 depois despolpado e triturado numa pasta fina. O objetivo \u00e9 decompor o papel em pequenas fibras que podem ser transformadas em novas folhas.<\/p>\n<\/li>\n<li>\n<p><strong>Adi\u00e7\u00e3o de sementes:<\/strong> Quando a pasta de papel est\u00e1 pronta, s\u00e3o-lhe adicionadas sementes. A escolha das sementes pode variar, mas as op\u00e7\u00f5es mais populares incluem flores silvestres, ervas arom\u00e1ticas como o manjeric\u00e3o ou o tomilho, e at\u00e9 vegetais como a cenoura ou a alface. As sementes s\u00e3o misturadas uniformemente na polpa.<\/p>\n<\/li>\n<li>\n<p><strong>Forma\u00e7\u00e3o de folhas:<\/strong> A polpa infundida com sementes \u00e9 vertida em grandes moldes planos, onde \u00e9 distribu\u00edda uniformemente para formar folhas finas de papel de sementes A4. Estas folhas s\u00e3o deixadas a secar naturalmente.<\/p>\n<\/li>\n<li>\n<p><strong>Corte e acondicionamento:<\/strong> Quando as folhas de papel de sementes est\u00e3o completamente secas, s\u00e3o cortadas no tamanho familiar A4. Em seguida, s\u00e3o embaladas e preparadas para serem utilizadas.<\/p>\n<\/li>\n<\/ul>\n<h3 style=\"font-size: 19px\"><strong>Os benef\u00edcios ambientais do papel-semente A4<\/strong><\/h3>\n<p>A utiliza\u00e7\u00e3o de papel de semente oferece uma s\u00e9rie de benef\u00edcios ambientais, tornando-o uma escolha atractiva para quem procura reduzir a sua pegada ecol\u00f3gica:<\/p>\n<ul>\n<li>\n<p><strong>Reduz a desfloresta\u00e7\u00e3o:<\/strong> O papel de semente \u00e9 uma alternativa sustent\u00e1vel ao papel tradicional, que depende das \u00e1rvores como mat\u00e9ria-prima principal. Ao escolher o papel de sementes A4, est\u00e1 a contribuir para a preserva\u00e7\u00e3o das florestas e para a prote\u00e7\u00e3o dos pulm\u00f5es verdes do nosso planeta.<\/p>\n<\/li>\n<li>\n<p><strong>Zero Res\u00edduos:<\/strong> A utiliza\u00e7\u00e3o de papel reciclado na produ\u00e7\u00e3o de papel-semente ajuda a reduzir os res\u00edduos e apoia as iniciativas de reciclagem. Esta abordagem de desperd\u00edcio zero minimiza o impacto ambiental do processo de fabrico de papel.<\/p>\n<\/li>\n<li>\n<p><strong>Promove a Biodiversidade:<\/strong> A planta\u00e7\u00e3o de papel-semente n\u00e3o s\u00f3 evita o desperd\u00edcio como tamb\u00e9m promove a biodiversidade. As sementes incorporadas d\u00e3o origem a uma variedade de plantas, atraindo polinizadores e enriquecendo os ecossistemas.<\/p>\n<\/li>\n<li>\n<p><strong>Redu\u00e7\u00e3o da pegada de carbono:<\/strong> O cultivo de plantas a partir de papel de semente A4 pode absorver di\u00f3xido de carbono da atmosfera, ajudando a combater as altera\u00e7\u00f5es clim\u00e1ticas. A pegada de carbono associada \u00e0 produ\u00e7\u00e3o e utiliza\u00e7\u00e3o de papel de semente \u00e9 significativamente inferior \u00e0 do papel convencional.<\/p>\n<\/li>\n<li>\n<p><strong>Valor educativo:<\/strong> O papel de semente tem a vantagem adicional de aumentar a sensibiliza\u00e7\u00e3o para as quest\u00f5es ambientais. Proporciona uma forma tang\u00edvel de as pessoas compreenderem a import\u00e2ncia da sustentabilidade e o papel que podem desempenhar na preserva\u00e7\u00e3o do nosso planeta.<\/p>\n<\/li>\n<\/ul>\n<p><strong>Aplica\u00e7\u00f5es do papel de semente A4<\/strong><\/p>\n<p>O papel de sementes \u00e9 incrivelmente vers\u00e1til e pode ser utilizado de v\u00e1rias formas. Eis algumas das suas aplica\u00e7\u00f5es mais populares:<\/p>\n<ul>\n<li>\n<p><strong>Cart\u00f5es de felicita\u00e7\u00f5es:<\/strong> O papel de sementes \u00e9 normalmente utilizado para criar cart\u00f5es de felicita\u00e7\u00f5es. Quer seja para anivers\u00e1rios, casamentos ou outras ocasi\u00f5es especiais, estes cart\u00f5es podem ser plantados pelo destinat\u00e1rio, dando um toque \u00fanico e sustent\u00e1vel aos seus cumprimentos.<\/p>\n<\/li>\n<li>\n<p><strong>Convites:<\/strong> Os convites de casamento, convites para festas e an\u00fancios de eventos em papel de sementes A4 n\u00e3o s\u00f3 s\u00e3o bonitos, como tamb\u00e9m oferecem aos destinat\u00e1rios a oportunidade de cultivar flores ou ervas arom\u00e1ticas como uma recorda\u00e7\u00e3o duradoura do evento.<\/p>\n<\/li>\n<li>\n<p><strong>Cart\u00f5es de visita:<\/strong> As empresas com consci\u00eancia ecol\u00f3gica utilizam frequentemente papel de sementes para os seus cart\u00f5es de visita. Este facto n\u00e3o s\u00f3 demonstra o seu empenho na sustentabilidade, como tamb\u00e9m deixa uma impress\u00e3o duradoura nos clientes e parceiros.<\/p>\n<\/li>\n<li>\n<p><strong>Materiais promocionais:<\/strong> Muitas empresas utilizam papel de semente para materiais promocionais, tais como brochuras, folhetos e cat\u00e1logos. Os destinat\u00e1rios podem plantar estes materiais, criando uma liga\u00e7\u00e3o tang\u00edvel entre a marca e a consci\u00eancia ambiental.<\/p>\n<\/li>\n<li>\n<p><strong>Papelaria:<\/strong> O papel A4 Seed pode ser utilizado para escrever cartas, criar di\u00e1rios e at\u00e9 imprimir documentos. A sua textura \u00fanica e o seu apelo ecol\u00f3gico conferem uma dimens\u00e3o extra ao ato de escrever.<\/p>\n<\/li>\n<li>\n<p><strong>Artes e of\u00edcios:<\/strong> Os artistas e artes\u00e3os tamb\u00e9m consideram o papel de sementes um meio vers\u00e1til para criar obras de arte e projectos de artesanato \u00fanicos. As sementes incorporadas acrescentam um elemento de surpresa e criatividade \u00e0s suas pe\u00e7as.<\/p>\n<\/li>\n<li>\n<p><strong>Ferramentas educativas:<\/strong> O papel de semente pode ser utilizado em contextos educativos para ensinar os alunos sobre o ambiente e a sustentabilidade. Permite uma aprendizagem pr\u00e1tica, uma vez que os alunos plantam e cuidam do papel para o ver crescer.<\/p>\n<\/li>\n<\/ul>\n<p><strong>Como plantar papel de semente A4<\/strong><\/p>\n<p>Plantar papel de semente \u00e9 um processo simples que qualquer pessoa pode realizar. Eis como o fazer:<\/p>\n<ul>\n<li>\n<p><strong>Preparar um vaso ou canteiro de jardim:<\/strong> Escolhe um vaso ou um canteiro adequado ao tipo de sementes que o papel cont\u00e9m. Certifica-te de que recebe luz solar e \u00e1gua adequadas.<\/p>\n<\/li>\n<li>\n<p><strong>Mergulhar o papel:<\/strong> Antes de plantar, mergulhar o papel de sementes A4 em \u00e1gua durante algumas horas ou durante a noite. Isto ajuda a amolecer o papel e a ativar as sementes.<\/p>\n<\/li>\n<li>\n<p><strong>Plantar o papel:<\/strong> Quando o papel estiver suficientemente ensopado, coloque-o sobre a terra do seu vaso ou canteiro. Cubra-o com uma camada fina de terra ou de composto e regue-o suavemente.<\/p>\n<\/li>\n<li>\n<p><strong>Prestar cuidados:<\/strong> Regar regularmente o papel plantado para manter o solo h\u00famido mas n\u00e3o encharcado. Assegura-te tamb\u00e9m de que recebe luz solar adequada.<\/p>\n<\/li>\n<li>\n<p><strong>Ver crescer:<\/strong> Com o tempo, ver\u00e1 o papel a desfazer-se e as sementes a germinar. Com os devidos cuidados, as sementes incorporadas brotar\u00e3o e transformar-se-\u00e3o em plantas vibrantes.<\/p>\n<\/li>\n<\/ul>\n<h3 style=\"font-size: 19px\"><strong>Escolher o papel de sementes A4 correto<\/strong><\/h3>\n<p>Ao selecionar o papel de sementes A4, \u00e9 importante ter em conta o tipo de sementes incorporadas no papel. Est\u00e3o dispon\u00edveis diferentes pap\u00e9is de sementes com v\u00e1rias op\u00e7\u00f5es de sementes, tais como flores silvestres, ervas e vegetais. A sua escolha deve estar de acordo com a utiliza\u00e7\u00e3o pretendida e as plantas que gostaria de cultivar.<\/p>\n<p>Al\u00e9m disso, tenha em considera\u00e7\u00e3o a espessura e a textura do papel, uma vez que estas podem ter impacto na qualidade de impress\u00e3o e no aspeto geral do seu projeto. O papel-semente A4 est\u00e1 dispon\u00edvel em v\u00e1rias espessuras, desde fino e delicado a robusto e texturado, permitindo-lhe encontrar a solu\u00e7\u00e3o perfeita para as suas necessidades.<\/p>\n<p>O papel semente \u00e9 mais do que um simples produto de papelaria; \u00e9 um s\u00edmbolo poderoso do nosso empenhamento na conserva\u00e7\u00e3o do ambiente. \u00c9 uma ponte entre a palavra escrita e o mundo natural, oferecendo uma forma tang\u00edvel de contribuir positivamente para o planeta. Ao escolher o papel-semente A4 para as suas necessidades pessoais ou empresariais, est\u00e1 a tomar uma decis\u00e3o consciente de reduzir os res\u00edduos, promover a sustentabilidade e causar um impacto duradouro.<\/p>","protected":false},"excerpt":{"rendered":"<p>Mini caderno de papel de sementes plant\u00e1veis: \u00e9 f\u00e1cil - eliminamos as suposi\u00e7\u00f5es ao cultivar sementes de flores silvestres e pl\u00e1tanos, guiando voc\u00ea a cada passo do caminho. Tudo o que voc\u00ea precisa para trazer a alegria das flores silvestres e pl\u00e1tanos para a sua vida ou para a vida de seu ente querido em uma linda caixa de presente de madeira. Planta isso!<\/p><\/p>","protected":false},"featured_media":17743,"comment_status":"closed","ping_status":"closed","template":"","meta":[],"product_cat":[67],"product_tag":[663,668,665,610,454,456,582,82,609,667],"acf":[],"_links":{"self":[{"href":"https:\/\/www.garden-kit.com\/pt\/wp-json\/wp\/v2\/product\/1640"}],"collection":[{"href":"https:\/\/www.garden-kit.com\/pt\/wp-json\/wp\/v2\/product"}],"about":[{"href":"https:\/\/www.garden-kit.com\/pt\/wp-json\/wp\/v2\/types\/product"}],"replies":[{"embeddable":true,"href":"https:\/\/www.garden-kit.com\/pt\/wp-json\/wp\/v2\/comments?post=1640"}],"wp:featuredmedia":[{"embeddable":true,"href":"https:\/\/www.garden-kit.com\/pt\/wp-json\/wp\/v2\/media\/17743"}],"wp:attachment":[{"href":"https:\/\/www.garden-kit.com\/pt\/wp-json\/wp\/v2\/media?parent=1640"}],"wp:term":[{"taxonomy":"product_cat","embeddable":true,"href":"https:\/\/www.garden-kit.com\/pt\/wp-json\/wp\/v2\/product_cat?post=1640"},{"taxonomy":"product_tag","embeddable":true,"href":"https:\/\/www.garden-kit.com\/pt\/wp-json\/wp\/v2\/product_tag?post=1640"}],"curies":[{"name":"wp","href":"https:\/\/api.w.org\/{rel}","templated":true}]}}