{"id":1646,"date":"2022-08-24T00:31:47","date_gmt":"2022-08-23T16:31:47","guid":{"rendered":"http:\/\/www.garden-kit.com\/product\/forever-garden-tool-set\/"},"modified":"2023-03-31T16:31:53","modified_gmt":"2023-03-31T08:31:53","slug":"garden-tool-set","status":"publish","type":"product","link":"https:\/\/www.garden-kit.com\/pt\/product\/garden-tool-set\/","title":{"rendered":"Conjunto de ferramentas de jardim"},"content":{"rendered":"<h3 style=\"font-size: 19px\"><span style=\"font-family: arial, helvetica, sans-serif\">Vis\u00e3o geral<\/span><\/h3>\n<table style=\"border-collapse: collapse;width: 100%\">\n<tbody>\n<tr>\n<td width=\"224\">\n<pre><span style=\"font-family: arial, helvetica, sans-serif\">Instru\u00e7\u00f5es de cuidados com o produto<\/span><\/pre>\n<\/td>\n<td width=\"224\">\n<pre><span style=\"font-family: arial, helvetica, sans-serif\">Dispon\u00edvel<\/span><\/pre>\n<\/td>\n<\/tr>\n<tr>\n<td width=\"224\">\n<pre><span style=\"font-family: arial, helvetica, sans-serif\">Tipo de Produto<\/span><\/pre>\n<\/td>\n<td width=\"224\">\n<pre><span style=\"font-family: arial, helvetica, sans-serif\">Conjunto de ferramentas de jardim FOREVER\n<\/span><\/pre>\n<\/td>\n<\/tr>\n<tr>\n<td width=\"224\">\n<pre><span style=\"font-family: arial, helvetica, sans-serif\">Caracter\u00edstica especial<\/span><\/pre>\n<\/td>\n<td width=\"224\">\n<pre><span style=\"font-family: arial, helvetica, sans-serif\">Cultivo interno-externo<\/span><\/pre>\n<\/td>\n<\/tr>\n<tr>\n<td width=\"224\">\n<pre><span style=\"font-family: arial, helvetica, sans-serif\">Marca<\/span><\/pre>\n<\/td>\n<td width=\"224\">\n<pre><span style=\"font-family: arial, helvetica, sans-serif\">kit jardim<\/span><\/pre>\n<\/td>\n<\/tr>\n<tr>\n<td width=\"224\">\n<pre><span style=\"font-family: arial, helvetica, sans-serif\">Lugar de origem<\/span><\/pre>\n<\/td>\n<td width=\"224\">\n<pre><span style=\"font-family: arial, helvetica, sans-serif\">Fujian, China<\/span><\/pre>\n<\/td>\n<\/tr>\n<tr>\n<td width=\"224\">\n<pre><span style=\"font-family: arial, helvetica, sans-serif\">ODM\/OEM<\/span><\/pre>\n<\/td>\n<td width=\"224\">\n<pre><span style=\"font-family: arial, helvetica, sans-serif\">Dispon\u00edvel<\/span><\/pre>\n<\/td>\n<\/tr>\n<tr>\n<td width=\"224\">\n<pre><span style=\"font-family: arial, helvetica, sans-serif\">MOQ para pedido personalizado<\/span><\/pre>\n<\/td>\n<td width=\"224\">\n<pre><span style=\"font-family: arial, helvetica, sans-serif\">3000 unidades<\/span><\/pre>\n<\/td>\n<\/tr>\n<tr>\n<td width=\"224\">\n<pre><span style=\"font-family: arial, helvetica, sans-serif\">Custo da amostra<\/span><\/pre>\n<\/td>\n<td width=\"224\">\n<pre><span style=\"font-family: arial, helvetica, sans-serif\">US$400\/Sample, retorno completo ap\u00f3s o pedido de n\u00f3s<\/span><\/pre>\n<\/td>\n<\/tr>\n<\/tbody>\n<\/table>\n<h3 style=\"font-size: 19px\"><span style=\"font-family: arial, helvetica, sans-serif\">Descri\u00e7\u00e3o<\/span><\/h3>\n<p><span style=\"font-family: arial, helvetica, sans-serif\">O kit de ferramentas de jardim para sempre \u00e9 duradouro. A robusta constru\u00e7\u00e3o em alum\u00ednio escovado e a al\u00e7a projetada ergonomicamente tornam este conjunto o novo amigo de um jardineiro.<\/span><\/p>\n<p><span style=\"font-family: arial, helvetica, sans-serif\">esp\u00e1tula de jardim<\/span><\/p>\n<p><span style=\"font-family: arial, helvetica, sans-serif\">As esp\u00e1tulas de jardim s\u00e3o ideais para cavar, espalhar o solo, fazer canteiros e plantar mudas.<\/span><\/p>\n<p><span style=\"font-family: arial, helvetica, sans-serif\">cultivador de jardim<\/span><\/p>\n<p><span style=\"font-family: arial, helvetica, sans-serif\">Os cultivadores de jardim s\u00e3o ideais para abrir terreno e capinar.<\/span><\/p>\n<p><span style=\"font-family: arial, helvetica, sans-serif\">Este kit de qualidade est\u00e1 dispon\u00edvel para toda a vida.<\/span><\/p>\n<pre><span style=\"font-family: arial, helvetica, sans-serif\">Os seguintes itens est\u00e3o inclu\u00eddos no kit.<\/span><\/pre>\n<p><span style=\"font-family: arial, helvetica, sans-serif\">1 esp\u00e1tula de jardim<\/span><\/p>\n<p><span style=\"font-family: arial, helvetica, sans-serif\">1 cultivador de jardim<\/span><\/p>\n<p><span style=\"font-family: arial, helvetica, sans-serif\">1 caixa de presente personalizada<\/span><\/p>\n<p><span style=\"font-family: arial, helvetica, sans-serif\">Ferramentas de alum\u00ednio escovado s\u00f3lido, al\u00e7a de couro para pendurar. 100% embalagem sem pl\u00e1stico.<\/span><\/p>\n<pre><span style=\"font-family: arial, helvetica, sans-serif\">Como usar<\/span><\/pre>\n<p><span style=\"font-family: arial, helvetica, sans-serif\">Remova as ferramentas de jardinagem das embalagens sem pl\u00e1stico. Por favor, recicle.<\/span><\/p><\/p>","protected":false},"excerpt":{"rendered":"<p>Conjunto de ferramentas de jardim<\/p>","protected":false},"featured_media":12980,"comment_status":"open","ping_status":"closed","template":"","meta":[],"product_cat":[63],"product_tag":[549,550,547,64,548],"acf":[],"_links":{"self":[{"href":"https:\/\/www.garden-kit.com\/pt\/wp-json\/wp\/v2\/product\/1646"}],"collection":[{"href":"https:\/\/www.garden-kit.com\/pt\/wp-json\/wp\/v2\/product"}],"about":[{"href":"https:\/\/www.garden-kit.com\/pt\/wp-json\/wp\/v2\/types\/product"}],"replies":[{"embeddable":true,"href":"https:\/\/www.garden-kit.com\/pt\/wp-json\/wp\/v2\/comments?post=1646"}],"wp:featuredmedia":[{"embeddable":true,"href":"https:\/\/www.garden-kit.com\/pt\/wp-json\/wp\/v2\/media\/12980"}],"wp:attachment":[{"href":"https:\/\/www.garden-kit.com\/pt\/wp-json\/wp\/v2\/media?parent=1646"}],"wp:term":[{"taxonomy":"product_cat","embeddable":true,"href":"https:\/\/www.garden-kit.com\/pt\/wp-json\/wp\/v2\/product_cat?post=1646"},{"taxonomy":"product_tag","embeddable":true,"href":"https:\/\/www.garden-kit.com\/pt\/wp-json\/wp\/v2\/product_tag?post=1646"}],"curies":[{"name":"wp","href":"https:\/\/api.w.org\/{rel}","templated":true}]}}