{"id":1652,"date":"2022-08-24T00:32:12","date_gmt":"2022-08-23T16:32:12","guid":{"rendered":"http:\/\/www.garden-kit.com\/product\/wildflower-seed-drops\/"},"modified":"2023-03-31T16:34:44","modified_gmt":"2023-03-31T08:34:44","slug":"wildflower-seed-drops","status":"publish","type":"product","link":"https:\/\/www.garden-kit.com\/pt\/product\/wildflower-seed-drops\/","title":{"rendered":"Gotas de sementes de flores silvestres"},"content":{"rendered":"<h3 style=\"font-size: 19px\"><span style=\"font-family: 'PingFang SC', 'Microsoft YaHei', sans-serif;font-size: 16px\">Vis\u00e3o geral<\/span><\/h3>\n<table style=\"border-collapse: collapse;width: 100%;height: 300px\">\n<tbody>\n<tr>\n<td width=\"298\">\n<pre><span style=\"font-family: 'PingFang SC', 'Microsoft YaHei', sans-serif;font-size: 16px\">Instru\u00e7\u00f5es de cuidados com o produto<\/span><\/pre>\n<\/td>\n<td width=\"298\">\n<pre><span style=\"font-family: 'PingFang SC', 'Microsoft YaHei', sans-serif;font-size: 16px\">Dispon\u00edvel<\/span><\/pre>\n<\/td>\n<\/tr>\n<tr>\n<td width=\"298\">\n<pre><span style=\"font-family: 'PingFang SC', 'Microsoft YaHei', sans-serif;font-size: 16px\">Tipo de produto vegetal<\/span><\/pre>\n<\/td>\n<td width=\"298\">\n<pre><span style=\"font-family: 'PingFang SC', 'Microsoft YaHei', sans-serif;font-size: 16px\">Flores silvestres<\/span><\/pre>\n<\/td>\n<\/tr>\n<tr>\n<td width=\"298\">\n<pre><span style=\"font-family: 'PingFang SC', 'Microsoft YaHei', sans-serif;font-size: 16px\">Caracter\u00edstica especial<\/span><\/pre>\n<\/td>\n<td width=\"298\">\n<pre><span style=\"font-family: 'PingFang SC', 'Microsoft YaHei', sans-serif;font-size: 16px\">Cultivo interno-externo<\/span><\/pre>\n<\/td>\n<\/tr>\n<tr>\n<td width=\"298\">\n<pre><span style=\"font-family: 'PingFang SC', 'Microsoft YaHei', sans-serif;font-size: 16px\">Marca<\/span><\/pre>\n<\/td>\n<td width=\"298\">\n<pre><span style=\"font-family: 'PingFang SC', 'Microsoft YaHei', sans-serif;font-size: 16px\">kit jardim<\/span><\/pre>\n<\/td>\n<\/tr>\n<tr>\n<td width=\"298\">\n<pre><span style=\"font-family: 'PingFang SC', 'Microsoft YaHei', sans-serif;font-size: 16px\">Lugar de origem<\/span><\/pre>\n<\/td>\n<td width=\"298\">\n<pre><span style=\"font-family: 'PingFang SC', 'Microsoft YaHei', sans-serif;font-size: 16px\">Fujian, China<\/span><\/pre>\n<\/td>\n<\/tr>\n<tr>\n<td width=\"298\">\n<pre><span style=\"font-family: 'PingFang SC', 'Microsoft YaHei', sans-serif;font-size: 16px\">ODM\/OEM<\/span><\/pre>\n<\/td>\n<td width=\"298\">\n<pre><span style=\"font-family: 'PingFang SC', 'Microsoft YaHei', sans-serif;font-size: 16px\">Dispon\u00edvel<\/span><\/pre>\n<\/td>\n<\/tr>\n<tr>\n<td width=\"298\">\n<pre><span style=\"font-family: 'PingFang SC', 'Microsoft YaHei', sans-serif;font-size: 16px\">MOQ para pedido personalizado<\/span><\/pre>\n<\/td>\n<td width=\"298\">\n<pre><span style=\"font-family: 'PingFang SC', 'Microsoft YaHei', sans-serif;font-size: 16px\">3000 unidades<\/span><\/pre>\n<\/td>\n<\/tr>\n<tr>\n<td width=\"298\">\n<pre><span style=\"font-family: 'PingFang SC', 'Microsoft YaHei', sans-serif;font-size: 16px\">Custo da amostra<\/span><\/pre>\n<\/td>\n<td width=\"298\">\n<pre><span style=\"font-family: 'PingFang SC', 'Microsoft YaHei', sans-serif;font-size: 16px\">US$400\/Sample, retorno completo ap\u00f3s o pedido de n\u00f3s<\/span><\/pre>\n<\/td>\n<\/tr>\n<\/tbody>\n<\/table>\n<pre><span style=\"font-family: 'PingFang SC', 'Microsoft YaHei', sans-serif;font-size: 16px\">\n\nKits de gotas de sementes de flores silvestres: \u00e9 f\u00e1cil - eliminamos as suposi\u00e7\u00f5es do cultivo de sementes de flores silvestres, orientando voc\u00ea a cada passo do caminho. Tudo o que voc\u00ea precisa para trazer a alegria das flores silvestres para sua vida ou para a vida de seu ente querido em uma linda caixa de presente. Planta isso! Os seguintes itens est\u00e3o inclu\u00eddos no kit. 11 gotas de sementes de arco-\u00edris 1 hangtag personalizado 1 saco de embalagem personalizado Imagine seu jardim cheio de lindas e coloridas flores silvestres que atraem abelhas e borboletas locais. Cada gota de sementes de flores silvestres \u00e9 100% biodegrad\u00e1vel e cont\u00e9m sementes de flores silvestres anuais e perenes naturais n\u00e3o invasivas. Estas sementes s\u00e3o um presente perfeito ou lembrancinha de festa. Cada buqu\u00ea tem 11 gotas de sementes de arco-\u00edris que voc\u00ea pode compartilhar ou espalhar pelo jardim. Respire livremente sabendo que suas compras est\u00e3o tendo um impacto positivo no meio ambiente! - Tamanho da gota: 0,5&quot; x 0,75&quot; redonda - 100% biodegrad\u00e1vel e plant\u00e1vel - Incorporado na mistura de sementes de flores silvestres - As gotas s\u00e3o extra\u00eddas de res\u00edduos p\u00f3s-consumo, n\u00e3o de \u00e1rvores - Todas as sementes n\u00e3o s\u00e3o transg\u00eanicas - As gotas podem ser plantadas em ambientes internos ou externos - Flores silvestres s\u00e3o todas flores nativas seguras aprovadas pela Food and Drug Administration e USDA para crescer nos EUA, Canad\u00e1, UE, Reino Unido, Nova Zel\u00e2ndia e Austr\u00e1lia - Plante uma \u00e1rvore atrav\u00e9s de uma \u00e1rvore por pedido - Todos os produtos s\u00e3o feitos sob encomenda Plante seu gotas de sementes: -Coloque gotas sob uma camada de solo de 1\/8&quot; - d\u00ea um bom molho \u00e0s suas sementes de flores silvestres - As sementes s\u00e3o mantidas \u00famidas durante os primeiros 10 dias do processo de germina\u00e7\u00e3o -Assim que os brotos aparecerem, mantenha-os \u00famidos at\u00e9 ficarem altos e forte mistura de sementes de flores silvestres: - Bird&#039;s Eye - Anual - Krakia - Anual - Black Eyed Susan - Perene - Venus flytrap - anual - Snapdragon - Anual - Margarida inglesa - perene -doce sobremesa-anual\n<\/span><\/pre><\/p>","protected":false},"excerpt":{"rendered":"<p>Imagine seu jardim cheio de flores silvestres maravilhosas e coloridas que atraem abelhas e borboletas nativas. Cada gota de semente de flores silvestres \u00e9 100% biodegrad\u00e1vel e cont\u00e9m uma mistura de sementes de flores silvestres n\u00e3o invasivas, nativas anuais e perenes. Estas gotas de sementes s\u00e3o um presente perfeito ou lembrancinha de festa. <\/p>","protected":false},"featured_media":13087,"comment_status":"open","ping_status":"closed","template":"","meta":[],"product_cat":[67],"product_tag":[380,617,84,616,615],"acf":[],"_links":{"self":[{"href":"https:\/\/www.garden-kit.com\/pt\/wp-json\/wp\/v2\/product\/1652"}],"collection":[{"href":"https:\/\/www.garden-kit.com\/pt\/wp-json\/wp\/v2\/product"}],"about":[{"href":"https:\/\/www.garden-kit.com\/pt\/wp-json\/wp\/v2\/types\/product"}],"replies":[{"embeddable":true,"href":"https:\/\/www.garden-kit.com\/pt\/wp-json\/wp\/v2\/comments?post=1652"}],"wp:featuredmedia":[{"embeddable":true,"href":"https:\/\/www.garden-kit.com\/pt\/wp-json\/wp\/v2\/media\/13087"}],"wp:attachment":[{"href":"https:\/\/www.garden-kit.com\/pt\/wp-json\/wp\/v2\/media?parent=1652"}],"wp:term":[{"taxonomy":"product_cat","embeddable":true,"href":"https:\/\/www.garden-kit.com\/pt\/wp-json\/wp\/v2\/product_cat?post=1652"},{"taxonomy":"product_tag","embeddable":true,"href":"https:\/\/www.garden-kit.com\/pt\/wp-json\/wp\/v2\/product_tag?post=1652"}],"curies":[{"name":"wp","href":"https:\/\/api.w.org\/{rel}","templated":true}]}}