{"id":1658,"date":"2022-08-24T00:32:37","date_gmt":"2022-08-23T16:32:37","guid":{"rendered":"http:\/\/www.garden-kit.com\/product\/organic-all-purpose-fertilizer\/"},"modified":"2023-03-31T16:37:02","modified_gmt":"2023-03-31T08:37:02","slug":"organic-all-purpose-fertilizer","status":"publish","type":"product","link":"https:\/\/www.garden-kit.com\/pt\/product\/organic-all-purpose-fertilizer\/","title":{"rendered":"Fertilizante org\u00e2nico multiuso"},"content":{"rendered":"<p>A sa\u00fade das plantas n\u00e3o acontece por acaso. Seus canteiros de flores, horta, paisagismo e plantas de interior exigem as condi\u00e7\u00f5es adequadas para crescer bem. Comece com nutrientes que enriquecem o solo de sua casa e jardim. Alimente suas plantas desde as ra\u00edzes com superalimentos org\u00e2nicos para que elas possam crescer em seu maior potencial.<\/p>\n<p>Visite nossa loja para ver nossa variedade de fertilizantes org\u00e2nicos para jardinagem interna e externa. Nossos produtos s\u00e3o melhores para o meio ambiente e seguros para uso em crian\u00e7as e animais de estima\u00e7\u00e3o. Comprometemo-nos a melhorar o seu solo sem usar produtos qu\u00edmicos nocivos. Nossos fertilizantes para casa e jardim refrescam o solo e fornecem nutri\u00e7\u00e3o \u00e0s suas plantas para uma ecologia saud\u00e1vel.<\/p>\n<table style=\"font-family: sans-serif\">\n<tbody>\n<tr>\n<td width=\"224\">\n<pre><strong><b>Instru\u00e7\u00f5es de cuidados com o produto<\/b><\/strong><\/pre>\n<\/td>\n<td width=\"224\">\n<pre>Dispon\u00edvel<\/pre>\n<\/td>\n<\/tr>\n<tr>\n<td width=\"224\">\n<pre><strong><b>Tipo de Produto<\/b><\/strong><\/pre>\n<\/td>\n<td width=\"224\">\n<pre>Fertilizante org\u00e2nico multiuso\n\n\n<\/pre>\n<\/td>\n<\/tr>\n<tr>\n<td width=\"224\">\n<pre><strong><b>Caracter\u00edstica especial<\/b><\/strong><\/pre>\n<\/td>\n<td width=\"224\">\n<pre>Cultivo interno-externo<\/pre>\n<\/td>\n<\/tr>\n<tr>\n<td width=\"224\">\n<pre><strong><b>Marca<\/b><\/strong><\/pre>\n<\/td>\n<td width=\"224\">\n<pre>kit jardim<\/pre>\n<\/td>\n<\/tr>\n<tr>\n<td width=\"224\">\n<pre><strong><b>Lugar de origem<\/b><\/strong><\/pre>\n<\/td>\n<td width=\"224\">\n<pre>Fujian, China<\/pre>\n<\/td>\n<\/tr>\n<tr>\n<td width=\"224\">\n<pre><strong><b>ODM\/OEM<\/b><\/strong><\/pre>\n<\/td>\n<td width=\"224\">\n<pre>Dispon\u00edvel<\/pre>\n<\/td>\n<\/tr>\n<tr>\n<td width=\"224\">\n<pre><strong><b>MOQ para pedido personalizado<\/b><\/strong><\/pre>\n<\/td>\n<td width=\"224\">\n<pre>3000 unidades<\/pre>\n<\/td>\n<\/tr>\n<tr>\n<td width=\"224\">\n<pre><strong><b>Custo da amostra<\/b><\/strong><\/pre>\n<\/td>\n<td width=\"224\">\n<pre>US$400\/Sample, retorno completo ap\u00f3s o pedido de n\u00f3s<\/pre>\n<\/td>\n<\/tr>\n<\/tbody>\n<\/table>\n<pre><strong>Descri\u00e7\u00e3o<\/strong><\/pre>\n<p>O fertilizante org\u00e2nico multiuso Garden Kit \u00e9 orgulhosamente produzido em fazendas familiares. Ao contr\u00e1rio dos fertilizantes sint\u00e9ticos que prejudicam a sa\u00fade do solo, os fertilizantes Garden Kit trabalham com micr\u00f3bios ben\u00e9ficos, fungos e mat\u00e9ria org\u00e2nica no solo. Essas f\u00f3rmulas s\u00e3o misturadas a partir das fontes de nutrientes org\u00e2nicos da mais alta qualidade.<\/p>\n<p>A rega regular de suas plantas pode at\u00e9 mover os nutrientes nesses compostos para longe o suficiente das ra\u00edzes das plantas, afetando negativamente o crescimento das ra\u00edzes. Al\u00e9m disso, os fertilizantes sint\u00e9ticos geralmente s\u00e3o feitos de recursos n\u00e3o renov\u00e1veis, em vez de mat\u00e9ria org\u00e2nica. O fertilizante org\u00e2nico para o bem-estar das plantas \u00e9 mais eficaz.<\/p>\n<p>Qual a melhor forma de usar essa mistura de adubo org\u00e2nico?<\/p>\n<p>Esta receita \u00e9 especialmente projetada para o cultivo de tomates, vegetais e ervas saborosos e ricos em nutrientes. Ele fornece todos os nutrientes que suas planta\u00e7\u00f5es precisam para prosperar enquanto aumenta naturalmente a fertilidade do solo e a atividade microbiana.<\/p>\n<p>O Garden Kit Fertilizer est\u00e1 listado no OMRI e sua qualidade atende ou excede os requisitos estabelecidos pelo USDA National Organic Program Institute.<\/p>\n<pre><strong>Os seguintes itens est\u00e3o inclu\u00eddos no kit.<\/strong><\/pre>\n<p>10 on\u00e7as de fertilizante org\u00e2nico, panfleto instrutivo detalhado<\/p>\n<pre><strong>Como usar<\/strong><\/pre>\n<p>Para novas plantas, misture no solo circundante ou na mistura para vasos. Para plantas plantadas, cubra o solo todos os meses durante a esta\u00e7\u00e3o de crescimento. As taxas de aplica\u00e7\u00e3o variam de acordo com o tamanho da planta e o volume do solo. Siga as instru\u00e7\u00f5es detalhadas na caixa do fertilizante para obter melhores resultados.<\/p>\n<p><strong>Introdu\u00e7\u00e3o<\/strong>:Fertilizante perfeito para todas as esta\u00e7\u00f5es e uso geral, especialmente concebido para campos de golfe, relvados, relvados e assim por diante. A mistura equilibrada de nutrientes (incluindo N, P, K e oligoelementos quelatados como Mg, Ca, S, Fe, Mn, Cu, B, Zn, etc.) promove o esverdeamento e o crescimento das plantas; a concentra\u00e7\u00e3o de MU pode ser ajustada para garantir o suplemento de um fluxo lento e constante de nutrientes por 30-120 dias; produto ecologicamente correto com o m\u00ednimo de lixivia\u00e7\u00e3o.<\/p>\n<p><img decoding=\"async\" src=\"https:\/\/data.adwebcloud.com\/public\/material\/2206293ihquj\/product\/imageFile_1666532355466.jpg\" alt=\"1 6\" title=\"\"><\/p>\n<p>Nosso objetivo \u00e9 tornar a jardinagem simples e acess\u00edvel a qualquer pessoa, em qualquer lugar. H\u00e1 um grande valor em cultivar sua pr\u00f3pria comida e queremos tornar isso poss\u00edvel para todos.<br \/><img decoding=\"async\" src=\"https:\/\/data.adwebcloud.com\/public\/material\/2206293ihquj\/product\/imageFile_1666532452635.jpg\" alt=\"2 6\" title=\"\"><br \/><img decoding=\"async\" src=\"https:\/\/data.adwebcloud.com\/public\/material\/2206293ihquj\/product\/imageFile_1666532523115.jpg\" alt=\"3 6\" title=\"\"><br \/><img decoding=\"async\" src=\"https:\/\/data.adwebcloud.com\/public\/material\/2206293ihquj\/product\/imageFile_1666532527005.jpg\" alt=\"4 2\" title=\"\"><\/p>\n<p>As plantas do seu jardim podem estar morrendo devido a um desequil\u00edbrio na estrutura do solo. Nessas situa\u00e7\u00f5es, aumentar a riqueza de seu solo tamb\u00e9m pode aumentar suas chances de ter uma horta produtiva. No entanto, \u00e9 sempre uma boa ideia avaliar a acidez do solo e os n\u00edveis de pH em seu jardim antes de iniciar a aplica\u00e7\u00e3o de fertilizantes. Uma estrat\u00e9gia de n\u00e3o interven\u00e7\u00e3o pode facilmente ser t\u00e3o prejudicial quanto uma coisa boa demais.<\/p>\n<p>Por exemplo, o f\u00f3sforo, um ingrediente chave na maioria dos fertilizantes, s\u00f3 \u00e9 eficaz dentro de uma estreita faixa de pH. Como essas subst\u00e2ncias s\u00e3o frequentemente arrastadas por chuvas intensas e podem acabar contaminando os rios adjacentes, adicionar nutrientes ou mat\u00e9ria org\u00e2nica em excesso tamb\u00e9m pode ter um impacto negativo no ecossistema.<\/p>\n<p>As plantas requerem uma variedade de nutrientes para crescer corretamente, assim como a maioria dos outros seres vivos. Normalmente, essas bact\u00e9rias do solo podem ser encontradas em solo saud\u00e1vel. As plantas sofrem quando n\u00e3o o s\u00e3o. Para compensar quaisquer inadequa\u00e7\u00f5es do solo e permitir o crescimento das plantas em condi\u00e7\u00f5es abaixo das ideais, os fertilizantes foram desenvolvidos. No entanto, nitrog\u00eanio (N), f\u00f3sforo (P) e pot\u00e1ssio s\u00e3o os tr\u00eas principais nutrientes inclu\u00eddos no fertilizante (K). Normalmente, eles tamb\u00e9m s\u00e3o listados nessa sequ\u00eancia nos r\u00f3tulos.<\/p>\n<p>Claro, h\u00e1 uma distin\u00e7\u00e3o entre fertilizantes sint\u00e9ticos e org\u00e2nicos, mas voc\u00ea notar\u00e1 isso, especialmente com o tempo. \u00c9 bem reconhecido que, ao longo do tempo, os fertilizantes sint\u00e9ticos diminuem a qualidade do solo, prejudicando a sa\u00fade humana no processo. Para tornar seu jardim melhor, voc\u00ea precisa continuamente de fertilizantes sint\u00e9ticos adicionais. Tamb\u00e9m inclu\u00eddos nos fertilizantes sint\u00e9ticos est\u00e3o os sais. Essas subst\u00e2ncias n\u00e3o apenas aumentam a acidez do solo, mas tamb\u00e9m det\u00eam as \u00fateis minhocas.<\/p>\n<p>A natureza lenta dos fertilizantes org\u00e2nicos \u00e9 ben\u00e9fica se voc\u00ea deseja melhorar o solo do seu jardim ao longo do tempo. No entanto, esse aspecto pode ser uma desvantagem se voc\u00ea estiver procurando por resultados instant\u00e2neos. Um bom compromisso org\u00e2nico quando suas plantas precisam de um aumento repentino de energia s\u00e3o fertilizantes l\u00edquidos ou sprays foliares. Os jardineiros tamb\u00e9m devem estar cientes de que os fertilizantes org\u00e2nicos s\u00e3o biologicamente ativos, ao contr\u00e1rio dos fertilizantes inorg\u00e2nicos inativos, que tamb\u00e9m podem vir de fontes naturais.&nbsp;<\/p>\n<p>Compre nossa sele\u00e7\u00e3o de fertilizantes naturais para o seu cultivo interno e externo. Nossos produtos s\u00e3o seguros para uso em crian\u00e7as e animais de estima\u00e7\u00e3o e s\u00e3o melhores para o planeta. Estamos empenhados em melhorar o seu solo sem produtos qu\u00edmicos agressivos. Nossos nutrientes para casa e jardim fornecem nutrientes para suas plantas e reabastecem o solo para um ecossistema equilibrado.<\/p>\n<p>FERTILIZANTE para todos os fins. Cont\u00e9m uma mistura de ingredientes naturais, incluindo farinha de algas marinhas e farinha de alfafa, projetada para fornecer nutri\u00e7\u00e3o balanceada para uma ampla variedade de flores e plantas. Tamb\u00e9m pode ser usado para fertilizar frutas e legumes, naturalmente.<\/p>\n<p>No entanto, os fertilizantes org\u00e2nicos oferecem benef\u00edcios. Eles ocasionalmente n\u00e3o fazem com que o solo forme uma crosta como os fertilizantes inorg\u00e2nicos. Eles facilitam a penetra\u00e7\u00e3o da \u00e1gua no solo e, eventualmente, d\u00e3o-lhe estrutura. Microrganismos ben\u00e9ficos s\u00e3o alimentados por mat\u00e9ria org\u00e2nica, o que facilita o trabalho do solo.<\/p>\n<p>praticamente use fertilizantes org\u00e2nicos em jardinagem org\u00e2nica da mesma forma que voc\u00ea usaria fertilizantes qu\u00edmicos regulares. Se voc\u00ea estiver comprando fertilizantes org\u00e2nicos pr\u00e9-fabricados, o processo \u00e9 bastante simples. Leia as instru\u00e7\u00f5es na caixa e seja cauteloso ao decidir quanto aplicar. (Dica: \u00e9 sempre uma boa ideia evitar o uso de produtos com cheiro forte, como fertilizante de emuls\u00e3o de peixe, dentro de casa.)<\/p>\n<p>Isso implica que suas partes constituintes est\u00e3o sujeitas ao envelhecimento e talvez a pequenas varia\u00e7\u00f5es de lote para lote. Fertilizantes org\u00e2nicos de alta qualidade est\u00e3o mais prontamente dispon\u00edveis para suas plantas do que fertilizantes qu\u00edmicos, mas n\u00e3o s\u00e3o t\u00e3o constantes. Eles s\u00e3o ideais para a agricultura org\u00e2nica por causa disso.<\/p>\n<p>Esta linha de produtos de ponta \u00e9 feita para satisfazer as necessidades nutricionais do seu gramado e transferir esses nutrientes para o sistema radicular com a maior efici\u00eancia de absor\u00e7\u00e3o. Esta potente mistura de produtos qu\u00edmicos estimula uma s\u00e9rie de rea\u00e7\u00f5es biol\u00f3gicas e ambientais vantajosas no solo e na planta, levando a um sistema radicular mais profundo e robusto e a um denso e exuberante tapete de vegeta\u00e7\u00e3o.<\/p><\/p>","protected":false},"excerpt":{"rendered":"<p>O fertilizante org\u00e2nico multiuso Garden Kit \u00e9 orgulhosamente produzido em fazendas familiares. Ao contr\u00e1rio dos fertilizantes sint\u00e9ticos que prejudicam a sa\u00fade do solo, os fertilizantes Garden Kit trabalham com micr\u00f3bios ben\u00e9ficos, fungos e mat\u00e9ria org\u00e2nica no solo para alimentar as plantas, estimular o crescimento e melhorar a fertilidade do solo.<\/p>","protected":false},"featured_media":13129,"comment_status":"open","ping_status":"closed","template":"","meta":[],"product_cat":[63],"product_tag":[85],"acf":[],"_links":{"self":[{"href":"https:\/\/www.garden-kit.com\/pt\/wp-json\/wp\/v2\/product\/1658"}],"collection":[{"href":"https:\/\/www.garden-kit.com\/pt\/wp-json\/wp\/v2\/product"}],"about":[{"href":"https:\/\/www.garden-kit.com\/pt\/wp-json\/wp\/v2\/types\/product"}],"replies":[{"embeddable":true,"href":"https:\/\/www.garden-kit.com\/pt\/wp-json\/wp\/v2\/comments?post=1658"}],"wp:featuredmedia":[{"embeddable":true,"href":"https:\/\/www.garden-kit.com\/pt\/wp-json\/wp\/v2\/media\/13129"}],"wp:attachment":[{"href":"https:\/\/www.garden-kit.com\/pt\/wp-json\/wp\/v2\/media?parent=1658"}],"wp:term":[{"taxonomy":"product_cat","embeddable":true,"href":"https:\/\/www.garden-kit.com\/pt\/wp-json\/wp\/v2\/product_cat?post=1658"},{"taxonomy":"product_tag","embeddable":true,"href":"https:\/\/www.garden-kit.com\/pt\/wp-json\/wp\/v2\/product_tag?post=1658"}],"curies":[{"name":"wp","href":"https:\/\/api.w.org\/{rel}","templated":true}]}}