{"id":1663,"date":"2022-08-24T00:32:59","date_gmt":"2022-08-23T16:32:59","guid":{"rendered":"http:\/\/www.garden-kit.com\/product\/at-home-date-night-box\/"},"modified":"2023-03-31T15:01:01","modified_gmt":"2023-03-31T07:01:01","slug":"at-home-date-night-box","status":"publish","type":"product","link":"https:\/\/www.garden-kit.com\/pt\/product\/at-home-date-night-box\/","title":{"rendered":"At Home Date Night Box"},"content":{"rendered":"<h3 style=\"line-height: 1.5;font-size: 19px\"><span style=\"font-family: arial, helvetica, sans-serif;font-size: 16px\">Vis\u00e3o geral<\/span><\/h3>\n<table style=\"border-collapse: collapse;width: 100%;height: 225.812px\" width=\"100%\">\n<tbody>\n<tr style=\"height: 27.625px\">\n<td style=\"height: 27.625px\" width=\"299\"><span style=\"font-family: arial, helvetica, sans-serif;font-size: 16px\">Instru\u00e7\u00f5es de cuidados com o produto<\/span><\/td>\n<td style=\"height: 27.625px\" width=\"299\"><span style=\"font-family: arial, helvetica, sans-serif;font-size: 16px\">Dispon\u00edvel<\/span><\/td>\n<\/tr>\n<tr style=\"height: 27.625px\">\n<td style=\"height: 27.625px\" width=\"299\"><span style=\"font-family: arial, helvetica, sans-serif;font-size: 16px\">Tipo de Produto<\/span><\/td>\n<td style=\"height: 27.625px\" width=\"299\"><span style=\"font-family: arial, helvetica, sans-serif;font-size: 16px\">KIT PARA FAZER GIN<\/span><\/td>\n<\/tr>\n<tr style=\"height: 29.5px\">\n<td style=\"height: 29.5px\" width=\"299\"><span style=\"font-family: arial, helvetica, sans-serif;font-size: 16px\">Caracter\u00edstica especial<\/span><\/td>\n<td style=\"height: 29.5px\" width=\"299\"><span style=\"font-family: arial, helvetica, sans-serif;font-size: 16px\">Aproveite a noite perfeita com este delicioso kit noturno.<\/span><\/td>\n<\/tr>\n<tr style=\"height: 27.625px\">\n<td style=\"height: 27.625px\" width=\"299\"><span style=\"font-family: arial, helvetica, sans-serif;font-size: 16px\">Marca<\/span><\/td>\n<td style=\"height: 27.625px\" width=\"299\"><span style=\"font-family: arial, helvetica, sans-serif;font-size: 16px\">kit jardim<\/span><\/td>\n<\/tr>\n<tr style=\"height: 27.625px\">\n<td style=\"height: 27.625px\" width=\"299\"><span style=\"font-family: arial, helvetica, sans-serif;font-size: 16px\">Lugar de origem<\/span><\/td>\n<td style=\"height: 27.625px\" width=\"299\"><span style=\"font-family: arial, helvetica, sans-serif;font-size: 16px\">Fujian, China<\/span><\/td>\n<\/tr>\n<tr style=\"height: 27.625px\">\n<td style=\"height: 27.625px\" width=\"299\"><span style=\"font-family: arial, helvetica, sans-serif;font-size: 16px\">ODM\/OEM<\/span><\/td>\n<td style=\"height: 27.625px\" width=\"299\"><span style=\"font-family: arial, helvetica, sans-serif;font-size: 16px\">Dispon\u00edvel<\/span><\/td>\n<\/tr>\n<tr style=\"height: 27.625px\">\n<td style=\"height: 27.625px\" width=\"299\"><span style=\"font-family: arial, helvetica, sans-serif;font-size: 16px\">MOQ para pedido personalizado<\/span><\/td>\n<td style=\"height: 27.625px\" width=\"299\"><span style=\"font-family: arial, helvetica, sans-serif;font-size: 16px\">3000 unidades<\/span><\/td>\n<\/tr>\n<tr style=\"height: 30.5625px\">\n<td style=\"height: 30.5625px\" width=\"299\"><span style=\"font-family: arial, helvetica, sans-serif;font-size: 16px\">Custo da amostra<\/span><\/td>\n<td style=\"height: 30.5625px\" width=\"299\"><span style=\"font-family: arial, helvetica, sans-serif;font-size: 16px\">US$400\/Sample, retorno total ap\u00f3s um pedido nosso<\/span><\/td>\n<\/tr>\n<\/tbody>\n<\/table>\n<p style=\"line-height: 1.5\">&nbsp;<\/p>\n<p style=\"line-height: 1.5\"><span style=\"font-family: arial, helvetica, sans-serif;font-size: 16px\">Mantenha o romance vivo e crie a noite perfeita para a fam\u00edlia com a melhor caixa noturna de Nelson e Pops. Com nossas caixas de presente para encontros noturnos, voc\u00ea pode desfrutar da companhia um do outro enquanto saboreia deliciosos marshmallows tostados e uma ta\u00e7a de prosecco. Para romance adicionado, temos um conjunto de cart\u00f5es de encontro noturno do Garden Kit que incluem 15 perguntas diferentes para o seu parceiro adivinhar. Tenha a noite perfeita com este delicioso kit de noite.<\/span><\/p>\n<p style=\"line-height: 1.5\"><span style=\"font-family: arial, helvetica, sans-serif;font-size: 16px\">Os seguintes itens est\u00e3o inclu\u00eddos no kit.<\/span><\/p>\n<ul>\n<li style=\"line-height: 1.5\"><span style=\"font-family: arial, helvetica, sans-serif;font-size: 16px\">Torradeira Marshmallow (queima por at\u00e9 tr\u00eas horas)<\/span><\/li>\n<li style=\"line-height: 1.5\"><span style=\"font-family: arial, helvetica, sans-serif;font-size: 16px\">Marshmallows gourmet sabor framboesa e chocolate branco<\/span><\/li>\n<li style=\"line-height: 1.5\"><span style=\"font-family: arial, helvetica, sans-serif;font-size: 16px\">espetos de bambu<\/span><\/li>\n<li style=\"line-height: 1.5\"><span style=\"font-family: arial, helvetica, sans-serif;font-size: 16px\">garrafa de prosecco<\/span><\/li>\n<li style=\"line-height: 1.5\"><span style=\"font-family: arial, helvetica, sans-serif;font-size: 16px\">Cart\u00f5es de encontros noturnos com 15 perguntas diferentes para fazer um ao outro<\/span><\/li>\n<\/ul>\n<p>N\u00e3o \u00e9 nenhum segredo que encontros noturnos regulares podem fortalecer seu relacionamento - dito isso, nem todos os encontros s\u00e3o iguais. Embora n\u00e3o haja nada de errado com um jantar e um filme, a pesquisa mostra que, a longo prazo, participar de atividades novas e emocionantes com seu parceiro pode aproxim\u00e1-los. \u00c9 claro que constantemente ter novas ideias para encontros rom\u00e2nticos \u00e9 mais f\u00e1cil dizer do que fazer, especialmente se voc\u00ea est\u00e1 tentando economizar algum dinheiro (uma t\u00edpica noite de encontro nos EUA custar\u00e1 mais de $116 em m\u00e9dia!).<\/p>\n<p>Entre no Date Night Box, que pode oferecer novas maneiras divertidas para voc\u00ea e seu parceiro passarem tempo juntos sem precisar sair de casa - uma op\u00e7\u00e3o particularmente boa se o tempo der vontade de se enrolar ou voc\u00ea n\u00e3o quiser arrume uma bab\u00e1 para as crian\u00e7as. Depois de algumas pesquisas, criamos uma lista das melhores caixas para encontros noturnos para todos os tipos de casais. Aqui voc\u00ea encontrar\u00e1 op\u00e7\u00f5es para casais que gostam de cozinhar ou fazer artesanato juntos, bem como alguns jogos e atividades divertidas projetadas para fazer voc\u00ea conversar, rir e talvez at\u00e9 aprender algo novo um sobre o outro ao longo do caminho.<\/p>\n<p>Embora algumas de nossas sugest\u00f5es sejam caixas de assinatura para encontros noturnos, o que significa que voc\u00ea receber\u00e1 uma nova entrega noturna todos os meses (\u00f3timo se voc\u00ea gosta de configur\u00e1-lo e esquec\u00ea-lo!) ), outros s\u00e3o kits \u00fanicos que n\u00e3o exigem um compromisso de subscri\u00e7\u00e3o. Mas todos eles promover\u00e3o um n\u00edvel de intimidade e conex\u00e3o que perdurar\u00e1 por muito tempo na grande noite. Portanto, quando a ideia de percorrer sua fila do Netflix e pedir comida para viagem come\u00e7ar a parecer um pouco obsoleta, pe\u00e7a uma ou mais dessas caixas e kits noturnos internos para uma noite perfeita.<\/p><\/p>","protected":false},"excerpt":{"rendered":"<p>Tenha a noite perfeita com este delicioso kit de encontro noturno. Escolha o melhor encontro para voc\u00ea ou at\u00e9 mesmo entregue mensalmente. Aproveite no seu pijama, n\u00e3o contaremos a ningu\u00e9m!<\/p>","protected":false},"featured_media":12426,"comment_status":"open","ping_status":"closed","template":"","meta":[],"product_cat":[86],"product_tag":[87,518,519,521,520],"acf":[],"_links":{"self":[{"href":"https:\/\/www.garden-kit.com\/pt\/wp-json\/wp\/v2\/product\/1663"}],"collection":[{"href":"https:\/\/www.garden-kit.com\/pt\/wp-json\/wp\/v2\/product"}],"about":[{"href":"https:\/\/www.garden-kit.com\/pt\/wp-json\/wp\/v2\/types\/product"}],"replies":[{"embeddable":true,"href":"https:\/\/www.garden-kit.com\/pt\/wp-json\/wp\/v2\/comments?post=1663"}],"wp:featuredmedia":[{"embeddable":true,"href":"https:\/\/www.garden-kit.com\/pt\/wp-json\/wp\/v2\/media\/12426"}],"wp:attachment":[{"href":"https:\/\/www.garden-kit.com\/pt\/wp-json\/wp\/v2\/media?parent=1663"}],"wp:term":[{"taxonomy":"product_cat","embeddable":true,"href":"https:\/\/www.garden-kit.com\/pt\/wp-json\/wp\/v2\/product_cat?post=1663"},{"taxonomy":"product_tag","embeddable":true,"href":"https:\/\/www.garden-kit.com\/pt\/wp-json\/wp\/v2\/product_tag?post=1663"}],"curies":[{"name":"wp","href":"https:\/\/api.w.org\/{rel}","templated":true}]}}