{"id":1668,"date":"2022-08-24T00:33:23","date_gmt":"2022-08-23T16:33:23","guid":{"rendered":"http:\/\/www.garden-kit.com\/product\/organic-compressed-potting-soil\/"},"modified":"2023-04-03T11:23:37","modified_gmt":"2023-04-03T03:23:37","slug":"organic-compressed-potting-soil","status":"publish","type":"product","link":"https:\/\/www.garden-kit.com\/pt\/product\/organic-compressed-potting-soil\/","title":{"rendered":"Solo para vasos org\u00e2nico comprimido"},"content":{"rendered":"<p><span style=\"font-family: 'PingFang SC', 'Microsoft YaHei', sans-serif\">Como Organic Plant Magic define \u201corg\u00e2nico\u201d? Para n\u00f3s, org\u00e2nico significa que usamos zero produtos qu\u00edmicos, zero ingredientes t\u00f3xicos e zero ingredientes sint\u00e9ticos, e n\u00e3o fazemos mal a todos e a tudo! Para n\u00f3s, org\u00e2nico significa o mais pr\u00f3ximo poss\u00edvel da natureza!<\/span><br \/><span style=\"font-family: 'PingFang SC', 'Microsoft YaHei', sans-serif\">O saco pequeno, leve e conveniente da Organic Plant aumenta milagrosamente as part\u00edculas do solo em at\u00e9 4 vezes quando misturado com \u00e1gua. Para garantir que todas as suas plantas alcancem todo o seu potencial imediatamente, este vaso ultra-premium e o solo crescente v\u00eam pr\u00e9-carregados com alimentos vegetais org\u00e2nicos, minhocas e outros ingredientes. Adultos e crian\u00e7as podem ser autossuficientes. Tudo porque utilizamos materiais mais seguros e amigos do ambiente.<\/span><\/p>\n<table width=\"597\" style=\"font-family: sans-serif\">\n<tbody>\n<tr>\n<td width=\"299\">\n<pre><span style=\"font-family: 'PingFang SC', 'Microsoft YaHei', sans-serif\"><strong>Instru\u00e7\u00f5es de cuidados com o produto<\/strong><\/span><\/pre>\n<\/td>\n<td width=\"299\">\n<pre><span style=\"font-family: 'PingFang SC', 'Microsoft YaHei', sans-serif\">Dispon\u00edvel<\/span><\/pre>\n<\/td>\n<\/tr>\n<tr>\n<td width=\"299\">\n<pre><span style=\"font-family: 'PingFang SC', 'Microsoft YaHei', sans-serif\"><strong>Tipo de Produto<\/strong><\/span><\/pre>\n<\/td>\n<td width=\"299\">\n<pre><span style=\"font-family: 'PingFang SC', 'Microsoft YaHei', sans-serif\">Solo para vasos compactado org\u00e2nico (expande para 5 gal\u00f5es)\n\n\n<\/span><\/pre>\n<\/td>\n<\/tr>\n<tr>\n<td width=\"299\">\n<pre><span style=\"font-family: 'PingFang SC', 'Microsoft YaHei', sans-serif\"><strong>Caracter\u00edstica especial<\/strong><\/span><\/pre>\n<\/td>\n<td width=\"299\">\n<pre><span style=\"font-family: 'PingFang SC', 'Microsoft YaHei', sans-serif\">Cultivo interno-externo<\/span><\/pre>\n<\/td>\n<\/tr>\n<tr>\n<td width=\"299\">\n<pre><span style=\"font-family: 'PingFang SC', 'Microsoft YaHei', sans-serif\"><strong>Marca<\/strong><\/span><\/pre>\n<\/td>\n<td width=\"299\">\n<pre><span style=\"font-family: 'PingFang SC', 'Microsoft YaHei', sans-serif\">kit jardim<\/span><\/pre>\n<\/td>\n<\/tr>\n<tr>\n<td width=\"299\">\n<pre><span style=\"font-family: 'PingFang SC', 'Microsoft YaHei', sans-serif\"><strong>Lugar de origem<\/strong><\/span><\/pre>\n<\/td>\n<td width=\"299\">\n<pre><span style=\"font-family: 'PingFang SC', 'Microsoft YaHei', sans-serif\">Fujian, China<\/span><\/pre>\n<\/td>\n<\/tr>\n<tr>\n<td width=\"299\">\n<pre><span style=\"font-family: 'PingFang SC', 'Microsoft YaHei', sans-serif\"><strong>ODM\/OEM<\/strong><\/span><\/pre>\n<\/td>\n<td width=\"299\">\n<pre><span style=\"font-family: 'PingFang SC', 'Microsoft YaHei', sans-serif\">Dispon\u00edvel<\/span><\/pre>\n<\/td>\n<\/tr>\n<tr>\n<td width=\"299\">\n<pre><span style=\"font-family: 'PingFang SC', 'Microsoft YaHei', sans-serif\"><strong>MOQ para pedido personalizado<\/strong><\/span><\/pre>\n<\/td>\n<td width=\"299\">\n<pre><span style=\"font-family: 'PingFang SC', 'Microsoft YaHei', sans-serif\">3000 unidades<\/span><\/pre>\n<\/td>\n<\/tr>\n<tr>\n<td width=\"299\">\n<pre><span style=\"font-family: 'PingFang SC', 'Microsoft YaHei', sans-serif\"><strong>Custo da amostra<\/strong><\/span><\/pre>\n<\/td>\n<td width=\"299\">\n<pre><span style=\"font-family: 'PingFang SC', 'Microsoft YaHei', sans-serif\">US$400\/Sample, retorno completo ap\u00f3s o pedido de n\u00f3s<\/span><\/pre>\n<\/td>\n<\/tr>\n<\/tbody>\n<\/table>\n<pre><span style=\"font-family: 'PingFang SC', 'Microsoft YaHei', sans-serif\"><strong>Descri\u00e7\u00e3o<\/strong><\/span><\/pre>\n<p><span style=\"font-family: 'PingFang SC', 'Microsoft YaHei', sans-serif\">Envasamento compactado do kit de jardim. O solo \u00e9 desidratado e compactado para f\u00e1cil transporte e armazenamento. \u00d3timo para plantas dom\u00e9sticas, canteiros de jardim, iniciantes de sementes e iniciantes de plantas! Envasamento compactado do kit de jardim. O solo \u00e9 desidratado e compactado para f\u00e1cil transporte e armazenamento.<\/span><\/p>\n<h3 style=\"font-size: 19px\"><span style=\"font-family: 'PingFang SC', 'Microsoft YaHei', sans-serif\"><strong>Vis\u00e3o geral<\/strong><\/span><\/h3>\n<p><span style=\"font-family: 'PingFang SC', 'Microsoft YaHei', sans-serif\">Nossos solos para vasos e plantio s\u00e3o compactados, n\u00e3o t\u00f3xicos e adapt\u00e1veis. Voc\u00ea pode cultivar coisas incr\u00edveis com confian\u00e7a sabendo que \u00e9 seguro para crian\u00e7as, animais de estima\u00e7\u00e3o e meio ambiente. Nossos produtos na Organic Plant s\u00e3o projetados para dar \u00e0s suas plantas o melhor come\u00e7o de vida poss\u00edvel.<\/span><\/p>\n<p><span style=\"font-family: 'PingFang SC', 'Microsoft YaHei', sans-serif\">\u00d3timo para plantas dom\u00e9sticas, canteiros de jardim, iniciantes de sementes e iniciantes de plantas.&nbsp;<\/span><\/p>\n<h3 style=\"font-size: 19px\"><span style=\"font-family: 'PingFang SC', 'Microsoft YaHei', sans-serif\"><strong>Como usar<\/strong><\/span><\/h3>\n<p><span style=\"font-family: 'PingFang SC', 'Microsoft YaHei', sans-serif\">Obviamente, adicionar terra compactada para vasos ao solo do jardim pode mudar o jogo da jardinagem. Quando adicionado ao solo do jardim existente, o solo comprimido para vasos aumenta a mat\u00e9ria org\u00e2nica, ajuda a manter os n\u00edveis adequados de umidade na zona da raiz, ajuda a reter nutrientes que podem ser perdidos e geralmente ajuda a melhorar a estrutura do solo.<\/span><\/p>\n<p><span style=\"font-family: 'PingFang SC', 'Microsoft YaHei', sans-serif\">Se o seu solo for pesado e propenso a inunda\u00e7\u00f5es, adicionar um bom solo compactado com uma base de coco pode ajudar a melhorar a estrutura do solo e aumentar a aera\u00e7\u00e3o do solo. Por outro lado, adicionar casca de coco ao solo arenoso que n\u00e3o cont\u00e9m \u00e1gua ajudar\u00e1 a manter a reten\u00e7\u00e3o adequada de \u00e1gua e agir\u00e1 como uma esponja para reter a \u00e1gua nas ra\u00edzes, dando bastante \u00e1gua \u00e0s plantas.<\/span><\/p>\n<p><span style=\"font-family: 'PingFang SC', 'Microsoft YaHei', sans-serif\">Voc\u00ea pode misturar terra compactada para vasos com terra de jardim\u2026<\/span><\/p>\n<p><span style=\"font-family: 'PingFang SC', 'Microsoft YaHei', sans-serif\">Misture uma pequena quantidade de solo compactado seco ou aquoso no buraco de plantio.<\/span><br \/><span style=\"font-family: 'PingFang SC', 'Microsoft YaHei', sans-serif\">Cave um espa\u00e7o de plantio em seu jardim, encha-o com solo aquoso comprimido e plante diretamente em solo fresco comprimido.<\/span><br \/><span style=\"font-family: 'PingFang SC', 'Microsoft YaHei', sans-serif\">Cubra as plantas existentes com v\u00e1rios punhados de solo comprimido seco ou aquoso para ajudar a melhorar a estrutura do solo.<\/span><br \/><span style=\"font-family: 'PingFang SC', 'Microsoft YaHei', sans-serif\">Na verdade, sempre oferecemos uma solu\u00e7\u00e3o total, nosso solo compactado para vasos cobriu o mundo, tanto em \u00e1reas de clima severo quanto em \u00e1reas chuvosas. Ap\u00f3s o feedback do mercado e do cliente, a qualidade do produto foi continuamente atualizada. Ent\u00e3o merece o favor!<\/span><\/p>\n<p><span style=\"font-family: 'PingFang SC', 'Microsoft YaHei', sans-serif\">Para suas planta\u00e7\u00f5es, voc\u00ea pode definitivamente usar terra compactada para vasos! Na verdade, \u00e9 a abordagem mais eficaz para semear e transplantar frutas, vegetais, flores e ervas. Para quase todos os vegetais, um solo compactado premium \u00e9 ideal desde a semente at\u00e9 a colheita.<\/span><\/p>\n<p><span style=\"font-family: 'PingFang SC', 'Microsoft YaHei', sans-serif\">Come\u00e7ar as sementes em solo compactado permite o crescimento adequado das ra\u00edzes, resultando em transplantes mais bem-sucedidos e resultados gerais fant\u00e1sticos.<\/span><\/p>\n<p><span style=\"font-family: 'PingFang SC', 'Microsoft YaHei', sans-serif\">Mesmo as menores sementes podem crescer com sucesso em solo compactado para vasos devido \u00e0 sua textura e porosidade ideais. Para garantir que suas mudas recebam os nutrientes de que precisam quando necess\u00e1rio, o solo compactado para vasos ajuda a manter os n\u00edveis corretos de umidade ao redor das ra\u00edzes e mant\u00e9m o revestimento da semente \u00famido e protegido at\u00e9 que esteja pronto para brotar.<\/span><\/p>\n<p><span style=\"font-family: 'PingFang SC', 'Microsoft YaHei', sans-serif\"><img decoding=\"async\" src=\"https:\/\/data.adwebcloud.com\/public\/material\/2206293ihquj\/product\/imageFile_1666536123164.jpg\" alt=\"1 16\" title=\"\"><\/span><br \/><span style=\"font-family: 'PingFang SC', 'Microsoft YaHei', sans-serif\"><img decoding=\"async\" src=\"https:\/\/data.adwebcloud.com\/public\/material\/2206293ihquj\/product\/imageFile_1666536126130.jpg\" alt=\"HoldingLgBox 2048x 1\" title=\"\"><\/span><br \/><span style=\"font-family: 'PingFang SC', 'Microsoft YaHei', sans-serif\"><img decoding=\"async\" src=\"https:\/\/data.adwebcloud.com\/public\/material\/2206293ihquj\/product\/imageFile_1666536130569.jpg\" alt=\"LgBoxInterior 2048x 1\" title=\"\"><\/span><br \/><span style=\"font-family: 'PingFang SC', 'Microsoft YaHei', sans-serif\"><img decoding=\"async\" src=\"https:\/\/data.adwebcloud.com\/public\/material\/2206293ihquj\/product\/imageFile_1666536134879.jpg\" alt=\"LgSoilMainListing 2048x 1\" title=\"\"><\/span><\/p>\n<p><span style=\"font-family: 'PingFang SC', 'Microsoft YaHei', sans-serif\">Com nosso solo org\u00e2nico compactado para vasos, voc\u00ea pode realizar muito mais! Este rico solo para vasos cont\u00e9m uma base de musgo de turfa leve e macio, rico em fitonutrientes org\u00e2nicos essenciais para manter suas plantas vivas, saud\u00e1veis e ativas. Perfeito para uso interno ou externo. Excelente para canteiros, mudas e plantas de casa!<\/span><\/p>\n<p><span style=\"font-family: 'PingFang SC', 'Microsoft YaHei', sans-serif\">muitos microorganismos ben\u00e9ficos<\/span><br \/><span style=\"font-family: 'PingFang SC', 'Microsoft YaHei', sans-serif\">Nossos fertilizantes org\u00e2nicos populares s\u00e3o feitos para trabalhar com fungos ben\u00e9ficos, bact\u00e9rias e mat\u00e9ria org\u00e2nica para melhorar seu solo. Sua mistura de solo fornecer\u00e1 nutri\u00e7\u00e3o \u00e0s plantas, estimular\u00e1 o crescimento e aumentar\u00e1 a fertilidade do solo. O melhor solo para as plantas crescerem.<\/span><\/p>\n<pre><\/pre>","protected":false},"excerpt":{"rendered":"<p>Envasamento compactado do kit de jardim. O solo \u00e9 rico em nutrientes vegetais org\u00e2nicos essenciais para trazer vitalidade, sa\u00fade e vitalidade \u00e0s plantas. O solo compactado \u00e9 desidratado e compactado para f\u00e1cil transporte e armazenamento. Os fertilizantes org\u00e2nicos incluem farinha de alfafa, farinha de espinha de peixe, casca de ostra, basalto, farinha de penas e \u00e1cido h\u00famico extra\u00eddo da magnesita. Pennsylvania Certified Organic \u00e9 o certificado org\u00e2nico certificado pelo USDA.<\/p>\n<p>O solo para vasos compactado Comp \u00e9 rico em fitonutrientes org\u00e2nicos vitais para plantas de interior, canteiros de jardim, mudas e plantas jovens. A mistura do solo fornecer\u00e1 nutri\u00e7\u00e3o \u00e0s plantas, promover\u00e1 o crescimento e aumentar\u00e1 a fertilidade do solo.<\/p>","protected":false},"featured_media":13274,"comment_status":"open","ping_status":"closed","template":"","meta":[],"product_cat":[63],"product_tag":[88],"acf":[],"_links":{"self":[{"href":"https:\/\/www.garden-kit.com\/pt\/wp-json\/wp\/v2\/product\/1668"}],"collection":[{"href":"https:\/\/www.garden-kit.com\/pt\/wp-json\/wp\/v2\/product"}],"about":[{"href":"https:\/\/www.garden-kit.com\/pt\/wp-json\/wp\/v2\/types\/product"}],"replies":[{"embeddable":true,"href":"https:\/\/www.garden-kit.com\/pt\/wp-json\/wp\/v2\/comments?post=1668"}],"wp:featuredmedia":[{"embeddable":true,"href":"https:\/\/www.garden-kit.com\/pt\/wp-json\/wp\/v2\/media\/13274"}],"wp:attachment":[{"href":"https:\/\/www.garden-kit.com\/pt\/wp-json\/wp\/v2\/media?parent=1668"}],"wp:term":[{"taxonomy":"product_cat","embeddable":true,"href":"https:\/\/www.garden-kit.com\/pt\/wp-json\/wp\/v2\/product_cat?post=1668"},{"taxonomy":"product_tag","embeddable":true,"href":"https:\/\/www.garden-kit.com\/pt\/wp-json\/wp\/v2\/product_tag?post=1668"}],"curies":[{"name":"wp","href":"https:\/\/api.w.org\/{rel}","templated":true}]}}