{"id":1681,"date":"2022-08-24T00:34:17","date_gmt":"2022-08-23T16:34:17","guid":{"rendered":"http:\/\/www.garden-kit.com\/product\/seed-bomb-3-pack\/"},"modified":"2023-03-31T16:31:50","modified_gmt":"2023-03-31T08:31:50","slug":"seed-bomb","status":"publish","type":"product","link":"https:\/\/www.garden-kit.com\/pt\/product\/seed-bomb\/","title":{"rendered":"bomba de sementes"},"content":{"rendered":"<p style=\"font-size: 16px\"><span style=\"font-family: arial, helvetica, sans-serif;font-size: 16px\"><span style=\"font-family: arial, helvetica, sans-serif\">Bomba de sementes preparadas \u2013 Kit com 3 unidades: \u00c9 f\u00e1cil \u2013 eliminamos as suposi\u00e7\u00f5es do cultivo de flores silvestres e sementes de ervas, orientando voc\u00ea a cada passo do caminho. Tudo o que voc\u00ea precisa para trazer a alegria das flores silvestres e ervas para sua vida ou para a vida de seu ente querido em uma linda caixa de presente de madeira. Planta isso!<\/span> <\/span><span style=\"font-family: arial, helvetica, sans-serif;font-size: 16px\"><\/span><\/p>\n<h3 style=\"font-size: 19px\"><span style=\"font-size: 18px\"><strong><span style=\"font-family: arial, helvetica, sans-serif\">Vis\u00e3o geral<\/span><\/strong><\/span><\/h3>\n<table style=\"border-collapse: collapse;width: 100%;height: 352px\">\n<tbody>\n<tr style=\"height: 44px\">\n<td style=\"width: 47.5279%;height: 44px\" width=\"298\">\n<p style=\"font-size: 16px\"><span style=\"font-family: arial, helvetica, sans-serif;font-size: 16px\">Instru\u00e7\u00f5es de cuidados com o produto<\/span><\/p>\n<\/td>\n<td style=\"width: 47.5279%;height: 44px\" width=\"298\">\n<p style=\"font-size: 16px\"><span style=\"font-family: arial, helvetica, sans-serif;font-size: 16px\">Dispon\u00edvel<\/span><\/p>\n<\/td>\n<\/tr>\n<tr style=\"height: 44px\">\n<td style=\"width: 47.5279%;height: 44px\" width=\"298\">\n<p style=\"font-size: 16px\"><span style=\"font-family: arial, helvetica, sans-serif;font-size: 16px\">Tipo de produto vegetal<\/span><\/p>\n<\/td>\n<td style=\"width: 47.5279%;height: 44px\" width=\"298\">\n<p style=\"font-size: 16px\"><span style=\"font-family: arial, helvetica, sans-serif;font-size: 16px\">flores silvestres e ervas<\/span><\/p>\n<\/td>\n<\/tr>\n<tr style=\"height: 44px\">\n<td style=\"width: 47.5279%;height: 44px\" width=\"298\">\n<p style=\"font-size: 16px\"><span style=\"font-family: arial, helvetica, sans-serif;font-size: 16px\">Caracter\u00edstica especial<\/span><\/p>\n<\/td>\n<td style=\"width: 47.5279%;height: 44px\" width=\"298\">\n<p style=\"font-size: 16px\"><span style=\"font-family: arial, helvetica, sans-serif;font-size: 16px\">Cultivo interno-externo<\/span><\/p>\n<\/td>\n<\/tr>\n<tr style=\"height: 44px\">\n<td style=\"width: 47.5279%;height: 44px\" width=\"298\">\n<p style=\"font-size: 16px\"><span style=\"font-family: arial, helvetica, sans-serif;font-size: 16px\">Marca<\/span><\/p>\n<\/td>\n<td style=\"width: 47.5279%;height: 44px\" width=\"298\">\n<p style=\"font-size: 16px\"><span style=\"font-family: arial, helvetica, sans-serif;font-size: 16px\">kit jardim<\/span><\/p>\n<\/td>\n<\/tr>\n<tr style=\"height: 44px\">\n<td style=\"width: 47.5279%;height: 44px\" width=\"298\">\n<p style=\"font-size: 16px\"><span style=\"font-family: arial, helvetica, sans-serif;font-size: 16px\">Lugar de origem<\/span><\/p>\n<\/td>\n<td style=\"width: 47.5279%;height: 44px\" width=\"298\">\n<p style=\"font-size: 16px\"><span style=\"font-family: arial, helvetica, sans-serif;font-size: 16px\">Fujian, China<\/span><\/p>\n<\/td>\n<\/tr>\n<tr style=\"height: 44px\">\n<td style=\"width: 47.5279%;height: 44px\" width=\"298\">\n<p style=\"font-size: 16px\"><span style=\"font-family: arial, helvetica, sans-serif;font-size: 16px\">ODM\/OEM<\/span><\/p>\n<\/td>\n<td style=\"width: 47.5279%;height: 44px\" width=\"298\">\n<p style=\"font-size: 16px\"><span style=\"font-family: arial, helvetica, sans-serif;font-size: 16px\">Dispon\u00edvel<\/span><\/p>\n<\/td>\n<\/tr>\n<tr style=\"height: 44px\">\n<td style=\"width: 47.5279%;height: 44px\" width=\"298\">\n<p style=\"font-size: 16px\"><span style=\"font-family: arial, helvetica, sans-serif;font-size: 16px\">MOQ para pedido personalizado<\/span><\/p>\n<\/td>\n<td style=\"width: 47.5279%;height: 44px\" width=\"298\">\n<p style=\"font-size: 16px\"><span style=\"font-family: arial, helvetica, sans-serif;font-size: 16px\">3000 unidades<\/span><\/p>\n<\/td>\n<\/tr>\n<tr style=\"height: 44px\">\n<td style=\"width: 47.5279%;height: 44px\" width=\"298\">\n<p style=\"font-size: 16px\"><span style=\"font-family: arial, helvetica, sans-serif;font-size: 16px\">Custo da amostra<\/span><\/p>\n<\/td>\n<td style=\"width: 47.5279%;height: 44px\" width=\"298\">\n<p style=\"font-size: 16px\"><span style=\"font-family: arial, helvetica, sans-serif;font-size: 16px\">US$400\/Sample, retorno completo ap\u00f3s o pedido de n\u00f3s<\/span><\/p>\n<\/td>\n<\/tr>\n<\/tbody>\n<\/table>\n<h3 style=\"font-size: 19px\"><span style=\"font-family: arial, helvetica, sans-serif\">Os seguintes itens est\u00e3o inclu\u00eddos no kit Seed Bomb.<\/span><\/h3>\n<p><span style=\"font-family: arial, helvetica, sans-serif\">Uma bola de sementes org\u00e2nicas e\/ou n\u00e3o transg\u00eanicas enroladas \u00e0 m\u00e3o de ~1,25\u2033<\/span><\/p>\n<p><span style=\"font-family: arial, helvetica, sans-serif\">Instru\u00e7\u00f5es de plantio<\/span><\/p>\n<p><span style=\"font-family: arial, helvetica, sans-serif\">caixa de presente de doces personalizada<\/span><\/p>\n<p><span style=\"font-family: arial, helvetica, sans-serif\"><\/span><\/p>\n<p><span style=\"font-family: arial, helvetica, sans-serif\">As bombas de sementes s\u00e3o um presente comemorativo! Basta abrir, plantar e crescer! Apresenta uma bomba de sementes enroladas \u00e0 m\u00e3o de aproximadamente 1,25 \u2033 contendo sementes org\u00e2nicas e\/ou n\u00e3o transg\u00eanicas. Sua bomba de sementes de flores silvestres e ervas inclui uma variedade de sementes de flores silvestres n\u00e3o invasiva que produz lindas flores enquanto fornece um habitat vital para os polinizadores. Well Being Boost seed Bomber inclui sementes selecionadas para plantas herb\u00e1ceas conhecidas por suas propriedades curativas. A semente Grow Good Times Bobb inclui uma cole\u00e7\u00e3o de ervas que manter\u00e3o seu corpo saud\u00e1vel. Pelo menos, \u00e9 emocionante e perfeito para infundir seu vinho favorito.<\/span><\/p>\n<p><span style=\"font-family: arial, helvetica, sans-serif\"><\/span><\/p>\n<p><span style=\"font-family: arial, helvetica, sans-serif\">Revista de sementes: 1,5&quot; L x 4&quot; A x 1,5&quot; P<\/span><\/p>\n<p><span style=\"font-family: arial, helvetica, sans-serif\">Wildflower Seed Ball Blend: Forget Me Not, Wild Bergamot, Lavender Hyssop, Black Eyed Susan, Aster, Corey Oppland<\/span><\/p>\n<p><span style=\"font-family: arial, helvetica, sans-serif\">Mistura de sementes de promo\u00e7\u00e3o da sa\u00fade: s\u00e1lvia, erva-cidreira, anchova, camomila<\/span><\/p>\n<p><span style=\"font-family: arial, helvetica, sans-serif\">Cres\u00e7a em um bom tempo mix de bolas de sementes: hortel\u00e3, manjeric\u00e3o lim\u00e3o, tomilho, lavanda made in China<\/span><\/p>\n<pre><span style=\"font-family: arial, helvetica, sans-serif;font-size: 16px\"> <br \/><\/span><\/pre>\n<p><span style=\"font-family: arial, helvetica, sans-serif\">Voc\u00ea anseia pelo mar infinito de flores silvestres? Quando as flores silvestres que voc\u00ea plantou est\u00e3o em plena flora\u00e7\u00e3o, voc\u00ea n\u00e3o pode ver a borda \u00e0 dist\u00e2ncia, t\u00e3o vasta quanto o oceano; quando o vento sopra, as ondas das flores sobem e descem, assim como as ondas do mar. N\u00e3o \u00e9 isso que voc\u00ea quer?<\/span><\/p>\n<p><span style=\"font-family: arial, helvetica, sans-serif\"><\/span><\/p>\n<p><span style=\"font-family: arial, helvetica, sans-serif\">Todos os tipos de flores silvestres coloridas e ervas est\u00e3o em plena flora\u00e7\u00e3o na brisa, e a fragr\u00e2ncia das flores est\u00e1 transbordando. O belo e perfumado mar de flores silvestres d\u00e1 \u00e0s pessoas um devaneio infinito, simbolizando romance, calor, sonhos, beleza e esperan\u00e7a. Em alguns poemas, can\u00e7\u00f5es, dan\u00e7as e filmes, as palavras e cenas do mar de flores s\u00e3o frequentemente usadas.<\/span><\/p><\/p>","protected":false},"excerpt":{"rendered":"<p>Bomba de sementes preparadas \u2013 Kit com 3 unidades: \u00c9 f\u00e1cil \u2013 eliminamos as suposi\u00e7\u00f5es no cultivo de sementes de flores silvestres e ervas, orientando voc\u00ea em cada etapa do caminho. Tudo o que voc\u00ea precisa para trazer a alegria das flores silvestres e ervas para sua vida ou para a vida de seu ente querido em uma linda caixa de presente de madeira. Planta isso!<\/p>","protected":false},"featured_media":12981,"comment_status":"open","ping_status":"closed","template":"","meta":[],"product_cat":[67],"product_tag":[599,603,601,602,597,600],"acf":[],"_links":{"self":[{"href":"https:\/\/www.garden-kit.com\/pt\/wp-json\/wp\/v2\/product\/1681"}],"collection":[{"href":"https:\/\/www.garden-kit.com\/pt\/wp-json\/wp\/v2\/product"}],"about":[{"href":"https:\/\/www.garden-kit.com\/pt\/wp-json\/wp\/v2\/types\/product"}],"replies":[{"embeddable":true,"href":"https:\/\/www.garden-kit.com\/pt\/wp-json\/wp\/v2\/comments?post=1681"}],"wp:featuredmedia":[{"embeddable":true,"href":"https:\/\/www.garden-kit.com\/pt\/wp-json\/wp\/v2\/media\/12981"}],"wp:attachment":[{"href":"https:\/\/www.garden-kit.com\/pt\/wp-json\/wp\/v2\/media?parent=1681"}],"wp:term":[{"taxonomy":"product_cat","embeddable":true,"href":"https:\/\/www.garden-kit.com\/pt\/wp-json\/wp\/v2\/product_cat?post=1681"},{"taxonomy":"product_tag","embeddable":true,"href":"https:\/\/www.garden-kit.com\/pt\/wp-json\/wp\/v2\/product_tag?post=1681"}],"curies":[{"name":"wp","href":"https:\/\/api.w.org\/{rel}","templated":true}]}}