{"id":1695,"date":"2022-08-24T00:36:13","date_gmt":"2022-08-23T16:36:13","guid":{"rendered":"http:\/\/www.garden-kit.com\/product\/diy-kit-for-homemade-whisky\/"},"modified":"2023-03-31T15:04:56","modified_gmt":"2023-03-31T07:04:56","slug":"diy-kit-for-homemade-whisky","status":"publish","type":"product","link":"https:\/\/www.garden-kit.com\/pt\/product\/diy-kit-for-homemade-whisky\/","title":{"rendered":"Kit DIY para u\u00edsque caseiro"},"content":{"rendered":"<h3 style=\"font-size: 19px\"><span style=\"font-family: arial, helvetica, sans-serif;font-size: 16px\">Vis\u00e3o geral<\/span><\/h3>\n<table style=\"border-collapse: collapse;width: 100%;height: 230.812px\" width=\"100%\">\n<tbody>\n<tr style=\"height: 27.625px\">\n<td style=\"height: 27.625px\" width=\"299\"><span style=\"font-family: arial, helvetica, sans-serif;font-size: 16px\">Instru\u00e7\u00f5es de cuidados com o produto<\/span><\/td>\n<td style=\"height: 27.625px\" width=\"299\"><span style=\"font-family: arial, helvetica, sans-serif;font-size: 16px\">Dispon\u00edvel<\/span><\/td>\n<\/tr>\n<tr style=\"height: 27.625px\">\n<td style=\"height: 27.625px\" width=\"299\"><span style=\"font-family: arial, helvetica, sans-serif;font-size: 16px\">Tipo de Produto<\/span><\/td>\n<td style=\"height: 27.625px\" width=\"299\"><span style=\"font-family: arial, helvetica, sans-serif;font-size: 16px\">Kit fa\u00e7a voc\u00ea mesmo para u\u00edsque caseiro<\/span><\/td>\n<\/tr>\n<tr style=\"height: 32.5px\">\n<td style=\"height: 32.5px\" width=\"299\"><span style=\"font-family: arial, helvetica, sans-serif;font-size: 16px\">Caracter\u00edstica especial<\/span><\/td>\n<td style=\"height: 32.5px\" width=\"299\"><span style=\"font-family: arial, helvetica, sans-serif;font-size: 16px\">Fa\u00e7a 4 gal\u00f5es de u\u00edsque com 3 misturas de cavacos de madeira<\/span><\/td>\n<\/tr>\n<tr style=\"height: 27.625px\">\n<td style=\"height: 27.625px\" width=\"299\"><span style=\"font-family: arial, helvetica, sans-serif;font-size: 16px\">Marca<\/span><\/td>\n<td style=\"height: 27.625px\" width=\"299\"><span style=\"font-family: arial, helvetica, sans-serif;font-size: 16px\">kit jardim<\/span><\/td>\n<\/tr>\n<tr style=\"height: 27.625px\">\n<td style=\"height: 27.625px\" width=\"299\"><span style=\"font-family: arial, helvetica, sans-serif;font-size: 16px\">Lugar de origem<\/span><\/td>\n<td style=\"height: 27.625px\" width=\"299\"><span style=\"font-family: arial, helvetica, sans-serif;font-size: 16px\">Fujian, China<\/span><\/td>\n<\/tr>\n<tr style=\"height: 27.625px\">\n<td style=\"height: 27.625px\" width=\"299\"><span style=\"font-family: arial, helvetica, sans-serif;font-size: 16px\">ODM\/OEM<\/span><\/td>\n<td style=\"height: 27.625px\" width=\"299\"><span style=\"font-family: arial, helvetica, sans-serif;font-size: 16px\">Dispon\u00edvel<\/span><\/td>\n<\/tr>\n<tr style=\"height: 27.625px\">\n<td style=\"height: 27.625px\" width=\"299\"><span style=\"font-family: arial, helvetica, sans-serif;font-size: 16px\">MOQ para pedido personalizado<\/span><\/td>\n<td style=\"height: 27.625px\" width=\"299\"><span style=\"font-family: arial, helvetica, sans-serif;font-size: 16px\">3000 unidades<\/span><\/td>\n<\/tr>\n<tr style=\"height: 32.5625px\">\n<td style=\"height: 32.5625px\" width=\"299\"><span style=\"font-family: arial, helvetica, sans-serif;font-size: 16px\">Custo da amostra<\/span><\/td>\n<td style=\"height: 32.5625px\" width=\"299\"><span style=\"font-family: arial, helvetica, sans-serif;font-size: 16px\">US$400\/Sample, retorno completo ap\u00f3s o pedido de n\u00f3s<\/span><\/td>\n<\/tr>\n<\/tbody>\n<\/table>\n<pre>&nbsp;<\/pre>\n<p style=\"line-height: 1.5\"><span style=\"font-family: arial, helvetica, sans-serif;font-size: 16px\">FA\u00c7A SUA PR\u00d3PRIA COISA \u2013 troque barris por garrafas e crie um u\u00edsque aut\u00eantico com nossa mistura exclusiva de cavacos de madeira. A \u00fanica coisa que voc\u00ea precisa \u00e9 de uma garrafa de \u00e1lcool neutro como base.<\/span><\/p>\n<pre><span style=\"font-family: arial, helvetica, sans-serif;font-size: 16px\"><br \/>Os seguintes itens est\u00e3o inclu\u00eddos no kit.<\/span><\/pre>\n<p style=\"line-height: 1.5\"><span style=\"font-family: arial, helvetica, sans-serif;font-size: 16px\">Nossos 12 bot\u00e2nicos v\u00eam de todo o mundo, alguns dos quais s\u00e3o realmente dif\u00edceis de encontrar. No entanto, aceitamos o desafio de encontr\u00e1-los para sua melhor experi\u00eancia de fabrica\u00e7\u00e3o de gin!<\/span><\/p>\n<p style=\"line-height: 1.5\"><span style=\"font-family: arial, helvetica, sans-serif;font-size: 16px\">N\u00f3s fornecemos os bot\u00e2nicos de gin da mais alta qualidade de todo o mundo: cardamomo verde \u00b7 flores de hibisco \u00b7 sementes de coentro \u00b7 pimenta cubeba \u00b7 flores de lavanda \u00b7 louro \u00b7 casca de laranja \u00b7 pimenta rosa \u00b7 alca\u00e7uz \u00b7 zimbro<\/span><\/p>\n<p style=\"line-height: 1.5\"><span style=\"font-family: arial, helvetica, sans-serif;font-size: 16px\">1 cart\u00e3o de instru\u00e7\u00f5es passo a passo<\/span><\/p>\n<p style=\"line-height: 1.5\"><span style=\"font-family: arial, helvetica, sans-serif;font-size: 16px\">1 caixa artesanal personalizada<\/span><\/p>\n<pre><span style=\"font-family: arial, helvetica, sans-serif;font-size: 16px\"><br \/>CADA KIT PRODUZ 3 GARRAFAS DE GIN<\/span><\/pre>\n<p style=\"line-height: 1.5\"><span style=\"font-family: arial, helvetica, sans-serif;font-size: 16px\">Seja criativo com a natureza - experimente tr\u00eas tipos de carvalho para tornar sua experi\u00eancia de mistura verdadeiramente pessoal. Todas as nossas lascas de madeira s\u00e3o 100% naturais, frescas e embaladas em embalagens recicl\u00e1veis. Um brinde ao meio ambiente!<\/span><\/p>\n<p style=\"line-height: 1.5\"><span style=\"font-family: arial, helvetica, sans-serif;font-size: 16px\">Mime seus olhos e paladar \u2013 Al\u00e9m de ingredientes premium, nosso kit inclui uma linda garrafa de vidro para preparo e um livro de receitas com informa\u00e7\u00f5es sobre u\u00edsque e sugest\u00f5es de receitas. Personalize sua cria\u00e7\u00e3o com as tags inclu\u00eddas e torne-a sua!<\/span><\/p>\n<p style=\"line-height: 1.5\">&nbsp;<\/p>\n<p style=\"line-height: 1.5\"><span style=\"font-family: arial, helvetica, sans-serif;font-size: 16px\">Torne-se um profissional no bar - de single malt escoc\u00eas e misturas irlandesas a bourbons americanos premium... Um gloss\u00e1rio conciso e tr\u00eas receitas b\u00e1sicas incr\u00edveis fornecer\u00e3o o que voc\u00ea precisa para se destacar em seu primeiro u\u00edsque profissional degustando tudo!<\/span><\/p>\n<p style=\"line-height: 1.5\">&nbsp;<\/p>\n<p>whisky puro malte<br \/><span style=\"font-family: arial, helvetica, sans-serif\">Bebidas destiladas feitas apenas de cevada s\u00e3o chamadas de u\u00edsque puro de malte. O u\u00edsque de malte puro \u00e9 feito de malte de cevada cozido em turfa ao ar livre. \u00c9 destilado com um alambique, geralmente ap\u00f3s duas destila\u00e7\u00f5es. Ap\u00f3s a destila\u00e7\u00e3o, o teor alco\u00f3lico do licor \u00e9 de 63,4 graus. Envelhecido em barricas de carvalho e dilu\u00eddo com \u00e1gua antes do engarrafamento. O vinho tem um aroma rico produzido pela turfa.<\/span><\/p>\n<p><span style=\"font-family: arial, helvetica, sans-serif\"><\/span><\/p>\n<p><span style=\"font-family: arial, helvetica, sans-serif\">U\u00edsque irland\u00eas misturado<\/span><br \/><span style=\"font-family: arial, helvetica, sans-serif\">Este u\u00edsque usa cevada maltada e n\u00e3o maltada como mat\u00e9ria-prima e \u00e9 100% feito em alambiques. Comparado com o u\u00edsque puro malte escoc\u00eas, o uso de cevada n\u00e3o maltada como mat\u00e9ria-prima confere ao u\u00edsque irland\u00eas um sabor mais verde e picante. Gosto.<\/span><\/p>\n<p><span style=\"font-family: arial, helvetica, sans-serif\"><\/span><\/p>\n<p>U\u00edsque Bourbon<br \/><span style=\"font-family: arial, helvetica, sans-serif\">Cor: marrom avermelhado forte<\/span><br \/><span style=\"font-family: arial, helvetica, sans-serif\">Aroma: Aromas de figos secos e passas, aroma tostado de barricas de madeira<\/span><br \/><span style=\"font-family: arial, helvetica, sans-serif\">Sabor: A do\u00e7ura semelhante ao a\u00e7\u00facar do leite se espalha na boca por fim, a rica do\u00e7ura das passas \u00e9 levemente amarga com am\u00eandoas e o sabor el\u00e1stico leve e azedo.<\/span><\/p>\n<\/p>\n<p style=\"line-height: 1.5\"><span style=\"font-family: arial, helvetica, sans-serif;font-size: 16px\">UM PRESENTE DE PURO PRAZER - Nosso conjunto \u00e9 o presente ideal para amantes de u\u00edsque e amantes de ambos os sexos: uma surpresa espiritual (ed) para amigos e familiares. Em uma festa de anivers\u00e1rio, sob a \u00e1rvore de Natal ou em uma recep\u00e7\u00e3o de casamento: fa\u00e7a o que quiser \u2013 beba seu u\u00edsque!<\/span><\/p><\/p>","protected":false},"excerpt":{"rendered":"<p><span style=\"font-family: arial, helvetica, sans-serif\">FA\u00c7A SUA PR\u00d3PRIA COISA \u2013 troque barris por garrafas e crie um u\u00edsque aut\u00eantico com nossa mistura exclusiva de cavacos de madeira. A \u00fanica coisa que voc\u00ea precisa \u00e9 de uma garrafa de \u00e1lcool neutro como base.<\/span><\/p>","protected":false},"featured_media":12529,"comment_status":"open","ping_status":"closed","template":"","meta":[],"product_cat":[86],"product_tag":[95,529,527,528,531],"acf":[],"_links":{"self":[{"href":"https:\/\/www.garden-kit.com\/pt\/wp-json\/wp\/v2\/product\/1695"}],"collection":[{"href":"https:\/\/www.garden-kit.com\/pt\/wp-json\/wp\/v2\/product"}],"about":[{"href":"https:\/\/www.garden-kit.com\/pt\/wp-json\/wp\/v2\/types\/product"}],"replies":[{"embeddable":true,"href":"https:\/\/www.garden-kit.com\/pt\/wp-json\/wp\/v2\/comments?post=1695"}],"wp:featuredmedia":[{"embeddable":true,"href":"https:\/\/www.garden-kit.com\/pt\/wp-json\/wp\/v2\/media\/12529"}],"wp:attachment":[{"href":"https:\/\/www.garden-kit.com\/pt\/wp-json\/wp\/v2\/media?parent=1695"}],"wp:term":[{"taxonomy":"product_cat","embeddable":true,"href":"https:\/\/www.garden-kit.com\/pt\/wp-json\/wp\/v2\/product_cat?post=1695"},{"taxonomy":"product_tag","embeddable":true,"href":"https:\/\/www.garden-kit.com\/pt\/wp-json\/wp\/v2\/product_tag?post=1695"}],"curies":[{"name":"wp","href":"https:\/\/api.w.org\/{rel}","templated":true}]}}