{"id":1718,"date":"2022-08-24T00:38:09","date_gmt":"2022-08-23T16:38:09","guid":{"rendered":"http:\/\/www.garden-kit.com\/product\/do-your-tonic\/"},"modified":"2023-04-03T11:22:14","modified_gmt":"2023-04-03T03:22:14","slug":"do-your-tonic","status":"publish","type":"product","link":"https:\/\/www.garden-kit.com\/pt\/product\/do-your-tonic\/","title":{"rendered":"Fa\u00e7a seu t\u00f4nico"},"content":{"rendered":"<h3 style=\"font-size: 19px\"><span style=\"font-family: arial, helvetica, sans-serif;font-size: 16px\">Vis\u00e3o geral<\/span><\/h3>\n<table style=\"border-collapse: collapse;width: 100%;height: 300px\" width=\"100%\">\n<tbody>\n<tr>\n<td width=\"299\"><span style=\"font-family: arial, helvetica, sans-serif;font-size: 16px\">Instru\u00e7\u00f5es de cuidados com o produto<\/span><\/td>\n<td width=\"299\"><span style=\"font-family: arial, helvetica, sans-serif;font-size: 16px\">Dispon\u00edvel<\/span><\/td>\n<\/tr>\n<tr>\n<td width=\"299\"><span style=\"font-family: arial, helvetica, sans-serif;font-size: 16px\">Tipo de Produto<\/span><\/td>\n<td width=\"299\"><span style=\"font-family: arial, helvetica, sans-serif;font-size: 16px\">FA\u00c7A SEU T\u00d4NICO<\/span><\/td>\n<\/tr>\n<tr>\n<td width=\"299\"><span style=\"font-family: arial, helvetica, sans-serif;font-size: 16px\">Caracter\u00edstica especial<\/span><\/td>\n<td width=\"299\"><span style=\"font-family: arial, helvetica, sans-serif;font-size: 16px\">Fa\u00e7a sua pr\u00f3pria \u00e1gua t\u00f4nica com vegetais<\/span><\/td>\n<\/tr>\n<tr>\n<td width=\"299\"><span style=\"font-family: arial, helvetica, sans-serif;font-size: 16px\">Marca<\/span><\/td>\n<td width=\"299\"><span style=\"font-family: arial, helvetica, sans-serif;font-size: 16px\">kit jardim<\/span><\/td>\n<\/tr>\n<tr>\n<td width=\"299\"><span style=\"font-family: arial, helvetica, sans-serif;font-size: 16px\">Lugar de origem<\/span><\/td>\n<td width=\"299\"><span style=\"font-family: arial, helvetica, sans-serif;font-size: 16px\">Fujian, China<\/span><\/td>\n<\/tr>\n<tr>\n<td width=\"299\"><span style=\"font-family: arial, helvetica, sans-serif;font-size: 16px\">ODM\/OEM<\/span><\/td>\n<td width=\"299\"><span style=\"font-family: arial, helvetica, sans-serif;font-size: 16px\">Dispon\u00edvel<\/span><\/td>\n<\/tr>\n<tr>\n<td width=\"299\"><span style=\"font-family: arial, helvetica, sans-serif;font-size: 16px\">MOQ para pedido personalizado<\/span><\/td>\n<td width=\"299\"><span style=\"font-family: arial, helvetica, sans-serif;font-size: 16px\">3000 unidades<\/span><\/td>\n<\/tr>\n<tr>\n<td width=\"299\"><span style=\"font-family: arial, helvetica, sans-serif;font-size: 16px\">Custo da amostra<\/span><\/td>\n<td width=\"299\"><span style=\"font-family: arial, helvetica, sans-serif;font-size: 16px\">US$400\/Sample, retorno completo ap\u00f3s o pedido de n\u00f3s<\/span><\/td>\n<\/tr>\n<\/tbody>\n<\/table>\n<pre>&nbsp;<\/pre>\n<p style=\"line-height: 1.5\"><span style=\"font-family: arial, helvetica, sans-serif;font-size: 16px\">Fa\u00e7a seu pr\u00f3prio t\u00f4nico \u2013 Fa\u00e7a seu pr\u00f3prio xarope t\u00f4nico com nosso kit. D\u00ea um toque pessoal ao seu gin favorito com sua pr\u00f3pria \u00e1gua t\u00f4nica!<\/span><\/p>\n<pre><span style=\"font-family: arial, helvetica, sans-serif;font-size: 16px\"><br \/>Os seguintes itens est\u00e3o inclu\u00eddos no kit.<\/span><\/pre>\n<p style=\"line-height: 1.5\"><span style=\"font-family: arial, helvetica, sans-serif;font-size: 16px\">12 copos de bot\u00e2nicos:<\/span><\/p>\n<p style=\"line-height: 1.5\"><span style=\"font-family: arial, helvetica, sans-serif;font-size: 16px\">Casca de chinchona<\/span><\/p>\n<p style=\"line-height: 1.5\"><span style=\"font-family: arial, helvetica, sans-serif;font-size: 16px\">\u00c1cido C\u00edtrico<\/span><\/p>\n<p style=\"line-height: 1.5\"><span style=\"font-family: arial, helvetica, sans-serif;font-size: 16px\">cardamomo verde<\/span><\/p>\n<p style=\"line-height: 1.5\"><span style=\"font-family: arial, helvetica, sans-serif;font-size: 16px\">capim-lim\u00e3o<\/span><\/p>\n<p style=\"line-height: 1.5\"><span style=\"font-family: arial, helvetica, sans-serif;font-size: 16px\">ch\u00e1 oolong<\/span><\/p>\n<p style=\"line-height: 1.5\"><span style=\"font-family: arial, helvetica, sans-serif;font-size: 16px\">P\u00e9talas de rosa<\/span><\/p>\n<p style=\"line-height: 1.5\"><span style=\"font-family: arial, helvetica, sans-serif;font-size: 16px\">Alecrim<\/span><\/p>\n<p style=\"line-height: 1.5\"><span style=\"font-family: arial, helvetica, sans-serif;font-size: 16px\">Tomilho<\/span><\/p>\n<p style=\"line-height: 1.5\"><span style=\"font-family: arial, helvetica, sans-serif;font-size: 16px\">1 peneira de cobre e medidor de bebidas correspondente<\/span><\/p>\n<p style=\"line-height: 1.5\"><span style=\"font-family: arial, helvetica, sans-serif;font-size: 16px\">1 cart\u00e3o de instru\u00e7\u00f5es passo a passo<\/span><\/p>\n<p style=\"line-height: 1.5\"><span style=\"font-family: arial, helvetica, sans-serif;font-size: 16px\">1 caixa artesanal personalizada<\/span><\/p>\n<p style=\"line-height: 1.5\"><span style=\"font-family: arial, helvetica, sans-serif;font-size: 16px\">Seja criativo na natureza - brinque com as plantas sem hesitar. Este \u00e9 o seu suplemento. Voc\u00ea decide! Do jeito que voc\u00ea gosta do Mediterr\u00e2neo \u2013 adicione alecrim. Voc\u00ea prefere flores? \u2013 V\u00e1 em frente e adicione algumas p\u00e9talas de rosa. N\u00e3o h\u00e1 absolutamente nenhum limite para a sua criatividade!<\/span><\/p>\n<p style=\"line-height: 1.5\">&nbsp;<\/p>\n<p><span style=\"font-family: arial, helvetica, sans-serif\">O alecrim \u00e9 uma preciosa planta natural de especiarias. Emite uma fragr\u00e2ncia durante a esta\u00e7\u00e3o de crescimento, que tem o efeito de refrescar o cora\u00e7\u00e3o. Seus caules, folhas e flores t\u00eam uma fragr\u00e2ncia agrad\u00e1vel. O \u00f3leo arom\u00e1tico extra\u00eddo de flores e galhos pode ser usado para preparar purificadores de ar, perfumes, sabonetes e outras mat\u00e9rias-primas cosm\u00e9ticas. A lo\u00e7\u00e3o mais famosa \u00e9 feita de alecrim. Usado em bebidas, \u00f3leos para cuidados com a pele, t\u00f4nicos capilares e detergentes para a roupa.<\/span><\/p>\n<p><span style=\"font-family: arial, helvetica, sans-serif\"><\/span><\/p>\n<p><span style=\"font-family: arial, helvetica, sans-serif\">O alecrim tem efeitos calmantes, refrescantes e refrescantes e tem um certo efeito na indigest\u00e3o e nas dores de est\u00f4mago. Depois de esmagado, mergulhe-o em \u00e1gua fervente e beba, 2-3 vezes ao dia, o que pode desempenhar um papel na seda\u00e7\u00e3o e na diurese. Tamb\u00e9m pode ser usado para tratar ins\u00f4nia, palpita\u00e7\u00f5es, dores de cabe\u00e7a, indigest\u00e3o e outras doen\u00e7as. O uso externo pode tratar trauma e artrite. Tamb\u00e9m tem o efeito de fortalecer o cora\u00e7\u00e3o, promover o metabolismo e promover a circula\u00e7\u00e3o sangu\u00ednea dos vasos sangu\u00edneos perif\u00e9ricos.<\/span><\/p>\n<\/p>\n<p style=\"line-height: 1.5\"><span style=\"font-family: arial, helvetica, sans-serif;font-size: 16px\">Mime seus olhos e paladar - Al\u00e9m de ingredientes premium, nosso kit cont\u00e9m duas lindas garrafas de vidro italianas e um shaker premium feito de a\u00e7o inoxid\u00e1vel. Personalize a sua cria\u00e7\u00e3o com a etiqueta inclu\u00edda: este ser\u00e1 o seu rum de assinatura!<\/span><\/p>\n<p style=\"line-height: 1.5\"><span style=\"font-family: arial, helvetica, sans-serif;font-size: 16px\">Torne-se um profissional no bar - uma instru\u00e7\u00e3o clara, tr\u00eas \u00f3timas receitas e um gloss\u00e1rio elegante fornecer\u00e3o todas as informa\u00e7\u00f5es para deixar todos empolgados!<\/span><\/p>\n<p style=\"line-height: 1.5\">&nbsp;<\/p>\n<p style=\"line-height: 1.5\"><span style=\"font-family: arial, helvetica, sans-serif;font-size: 16px\">Um presente de pura divers\u00e3o \u2013 o nosso conjunto \u00e9 definitivamente o presente ideal para todos os que querem beber um copo de gin. Em uma festa de anivers\u00e1rio, debaixo da \u00e1rvore de Natal ou em um casamento. o que voc\u00ea est\u00e1 esperando? Fa\u00e7a o que quiser \u2013 fa\u00e7a o seu T\u00d4NICO!<\/span><\/p><\/p>","protected":false},"excerpt":{"rendered":"<p>FA\u00c7A SEU T\u00d4NICO \u2013 Conjunto Completo de \u00c1gua T\u00f4nica \u2013 Fa\u00e7a sua pr\u00f3pria \u00e1gua t\u00f4nica com bot\u00e2nicos \u2013 Presente perfeito para homens e mulheres<\/p>","protected":false},"featured_media":13268,"comment_status":"open","ping_status":"closed","template":"","meta":[],"product_cat":[86],"product_tag":[100,541,538,542,539,540],"acf":[],"_links":{"self":[{"href":"https:\/\/www.garden-kit.com\/pt\/wp-json\/wp\/v2\/product\/1718"}],"collection":[{"href":"https:\/\/www.garden-kit.com\/pt\/wp-json\/wp\/v2\/product"}],"about":[{"href":"https:\/\/www.garden-kit.com\/pt\/wp-json\/wp\/v2\/types\/product"}],"replies":[{"embeddable":true,"href":"https:\/\/www.garden-kit.com\/pt\/wp-json\/wp\/v2\/comments?post=1718"}],"wp:featuredmedia":[{"embeddable":true,"href":"https:\/\/www.garden-kit.com\/pt\/wp-json\/wp\/v2\/media\/13268"}],"wp:attachment":[{"href":"https:\/\/www.garden-kit.com\/pt\/wp-json\/wp\/v2\/media?parent=1718"}],"wp:term":[{"taxonomy":"product_cat","embeddable":true,"href":"https:\/\/www.garden-kit.com\/pt\/wp-json\/wp\/v2\/product_cat?post=1718"},{"taxonomy":"product_tag","embeddable":true,"href":"https:\/\/www.garden-kit.com\/pt\/wp-json\/wp\/v2\/product_tag?post=1718"}],"curies":[{"name":"wp","href":"https:\/\/api.w.org\/{rel}","templated":true}]}}